{"id":981,"date":"2025-11-11T06:56:02","date_gmt":"2025-11-11T06:56:02","guid":{"rendered":"https:\/\/www.o3zone.ro\/?page_id=981"},"modified":"2025-11-11T07:31:26","modified_gmt":"2025-11-11T07:31:26","slug":"arckezelesek","status":"publish","type":"page","link":"https:\/\/www.o3zone.ro\/hu\/spa-wellness\/arckezelesek\/","title":{"rendered":"Arckezel\u00e9sek"},"content":{"rendered":"<p>Az\u00e9rt, hogy kiv\u00e9teles Spa kezel\u00e9seket k\u00edn\u00e1lhassunk, a Kurland term\u00e9keket v\u00e1lasztottuk, a neves Haslauer h\u00e1z m\u00e1rk\u00e1j\u00e1t. Ez a rangos brand t\u00f6bb mint 60 \u00e9ve k\u00e9sz\u00edt innovat\u00edv term\u00e9keket a Spa- \u00e9s wellnessipar sz\u00e1m\u00e1ra.<\/p>\n","protected":false},"excerpt":{"rendered":"<p>Az\u00e9rt, hogy kiv\u00e9teles Spa kezel\u00e9seket k\u00edn\u00e1lhassunk, a Kurland term\u00e9keket v\u00e1lasztottuk, a neves Haslauer h\u00e1z m\u00e1rk\u00e1j\u00e1t. Ez a rangos brand t\u00f6bb mint 60 \u00e9ve k\u00e9sz\u00edt innovat\u00edv term\u00e9keket a Spa- \u00e9s wellnessipar sz\u00e1m\u00e1ra.<\/p>\n","protected":false},"author":119,"featured_media":0,"parent":100,"menu_order":0,"comment_status":"closed","ping_status":"closed","template":"template-spa.php","meta":{"footnotes":""},"yoast_head":"<!-- This site is optimized with the Yoast SEO plugin v22.3 - https:\/\/yoast.com\/wordpress\/plugins\/seo\/ -->\n<title>Arckezel\u00e9sek - O3zone Hotel -<\/title>\n<meta name=\"description\" content=\"Az\u00e9rt, hogy kiv\u00e9teles Spa kezel\u00e9seket k\u00edn\u00e1lhassunk, a Kurland term\u00e9keket v\u00e1lasztottuk, a neves Haslauer h\u00e1z m\u00e1rk\u00e1j\u00e1t. Ez a rangos brand t\u00f6bb mint 60 \u00e9ve k\u00e9sz\u00edt innovat\u00edv term\u00e9keket a Spa- \u00e9s wellnessipar sz\u00e1m\u00e1ra.\" \/>\n<meta name=\"robots\" content=\"index, follow, max-snippet:-1, max-image-preview:large, max-video-preview:-1\" \/>\n<link rel=\"canonical\" href=\"https:\/\/www.o3zone.ro\/hu\/spa-wellness\/arckezelesek\/\" \/>\n<meta property=\"og:locale\" content=\"hu_HU\" \/>\n<meta property=\"og:type\" content=\"article\" \/>\n<meta property=\"og:title\" content=\"Arckezel\u00e9sek - O3zone Hotel -\" \/>\n<meta property=\"og:description\" content=\"Az\u00e9rt, hogy kiv\u00e9teles Spa kezel\u00e9seket k\u00edn\u00e1lhassunk, a Kurland term\u00e9keket v\u00e1lasztottuk, a neves Haslauer h\u00e1z m\u00e1rk\u00e1j\u00e1t. Ez a rangos brand t\u00f6bb mint 60 \u00e9ve k\u00e9sz\u00edt innovat\u00edv term\u00e9keket a Spa- \u00e9s wellnessipar sz\u00e1m\u00e1ra.\" \/>\n<meta property=\"og:url\" content=\"https:\/\/www.o3zone.ro\/hu\/spa-wellness\/arckezelesek\/\" \/>\n<meta property=\"og:site_name\" content=\"O3zone Hotel\" \/>\n<meta property=\"article:publisher\" content=\"https:\/\/www.facebook.com\/HotelO3zone\/\" \/>\n<meta property=\"article:modified_time\" content=\"2025-11-11T07:31:26+00:00\" \/>\n<meta property=\"og:image\" content=\"https:\/\/www.o3zone.ro\/wp-content\/uploads\/sites\/97\/2024\/03\/01-45-e1711368229192.jpg\" \/>\n\t<meta property=\"og:image:width\" content=\"1293\" \/>\n\t<meta property=\"og:image:height\" content=\"1200\" \/>\n\t<meta property=\"og:image:type\" content=\"image\/jpeg\" \/>\n<meta name=\"twitter:card\" content=\"summary_large_image\" \/>\n<meta name=\"twitter:label1\" content=\"Becs\u00fclt olvas\u00e1si id\u0151\" \/>\n\t<meta name=\"twitter:data1\" content=\"1 perc\" \/>\n<script type=\"application\/ld+json\" class=\"yoast-schema-graph\">{\"@context\":\"https:\/\/schema.org\",\"@graph\":[{\"@type\":\"WebPage\",\"@id\":\"https:\/\/www.o3zone.ro\/hu\/spa-wellness\/arckezelesek\/\",\"url\":\"https:\/\/www.o3zone.ro\/hu\/spa-wellness\/arckezelesek\/\",\"name\":\"Arckezel\u00e9sek - O3zone Hotel -\",\"isPartOf\":{\"@id\":\"https:\/\/www.o3zone.ro\/hu\/#website\"},\"datePublished\":\"2025-11-11T06:56:02+00:00\",\"dateModified\":\"2025-11-11T07:31:26+00:00\",\"description\":\"Az\u00e9rt, hogy kiv\u00e9teles Spa kezel\u00e9seket k\u00edn\u00e1lhassunk, a Kurland term\u00e9keket v\u00e1lasztottuk, a neves Haslauer h\u00e1z m\u00e1rk\u00e1j\u00e1t. Ez a rangos brand t\u00f6bb mint 60 \u00e9ve k\u00e9sz\u00edt innovat\u00edv term\u00e9keket a Spa- \u00e9s wellnessipar sz\u00e1m\u00e1ra.\",\"breadcrumb\":{\"@id\":\"https:\/\/www.o3zone.ro\/hu\/spa-wellness\/arckezelesek\/#breadcrumb\"},\"inLanguage\":\"hu\",\"potentialAction\":[{\"@type\":\"ReadAction\",\"target\":[\"https:\/\/www.o3zone.ro\/hu\/spa-wellness\/arckezelesek\/\"]}]},{\"@type\":\"BreadcrumbList\",\"@id\":\"https:\/\/www.o3zone.ro\/hu\/spa-wellness\/arckezelesek\/#breadcrumb\",\"itemListElement\":[{\"@type\":\"ListItem\",\"position\":1,\"name\":\"Home\",\"item\":\"https:\/\/www.o3zone.ro\/hu\/\"},{\"@type\":\"ListItem\",\"position\":2,\"name\":\"SPA &amp; Wellness\",\"item\":\"https:\/\/www.o3zone.ro\/hu\/spa-wellness\/\"},{\"@type\":\"ListItem\",\"position\":3,\"name\":\"Arckezel\u00e9sek\"}]},{\"@type\":\"WebSite\",\"@id\":\"https:\/\/www.o3zone.ro\/hu\/#website\",\"url\":\"https:\/\/www.o3zone.ro\/hu\/\",\"name\":\"O3zone Hotel\",\"description\":\"\",\"potentialAction\":[{\"@type\":\"SearchAction\",\"target\":{\"@type\":\"EntryPoint\",\"urlTemplate\":\"https:\/\/www.o3zone.ro\/hu\/?s={search_term_string}\"},\"query-input\":\"required name=search_term_string\"}],\"inLanguage\":\"hu\"}]}<\/script>\n<!-- \/ Yoast SEO plugin. -->","yoast_head_json":{"title":"Arckezel\u00e9sek - O3zone Hotel -","description":"Az\u00e9rt, hogy kiv\u00e9teles Spa kezel\u00e9seket k\u00edn\u00e1lhassunk, a Kurland term\u00e9keket v\u00e1lasztottuk, a neves Haslauer h\u00e1z m\u00e1rk\u00e1j\u00e1t. Ez a rangos brand t\u00f6bb mint 60 \u00e9ve k\u00e9sz\u00edt innovat\u00edv term\u00e9keket a Spa- \u00e9s wellnessipar sz\u00e1m\u00e1ra.","robots":{"index":"index","follow":"follow","max-snippet":"max-snippet:-1","max-image-preview":"max-image-preview:large","max-video-preview":"max-video-preview:-1"},"canonical":"https:\/\/www.o3zone.ro\/hu\/spa-wellness\/arckezelesek\/","og_locale":"hu_HU","og_type":"article","og_title":"Arckezel\u00e9sek - O3zone Hotel -","og_description":"Az\u00e9rt, hogy kiv\u00e9teles Spa kezel\u00e9seket k\u00edn\u00e1lhassunk, a Kurland term\u00e9keket v\u00e1lasztottuk, a neves Haslauer h\u00e1z m\u00e1rk\u00e1j\u00e1t. Ez a rangos brand t\u00f6bb mint 60 \u00e9ve k\u00e9sz\u00edt innovat\u00edv term\u00e9keket a Spa- \u00e9s wellnessipar sz\u00e1m\u00e1ra.","og_url":"https:\/\/www.o3zone.ro\/hu\/spa-wellness\/arckezelesek\/","og_site_name":"O3zone Hotel","article_publisher":"https:\/\/www.facebook.com\/HotelO3zone\/","article_modified_time":"2025-11-11T07:31:26+00:00","og_image":[{"width":1293,"height":1200,"url":"https:\/\/www.o3zone.ro\/wp-content\/uploads\/sites\/97\/2024\/03\/01-45-e1711368229192.jpg","type":"image\/jpeg"}],"twitter_card":"summary_large_image","twitter_misc":{"Becs\u00fclt olvas\u00e1si id\u0151":"1 perc"},"schema":{"@context":"https:\/\/schema.org","@graph":[{"@type":"WebPage","@id":"https:\/\/www.o3zone.ro\/hu\/spa-wellness\/arckezelesek\/","url":"https:\/\/www.o3zone.ro\/hu\/spa-wellness\/arckezelesek\/","name":"Arckezel\u00e9sek - O3zone Hotel -","isPartOf":{"@id":"https:\/\/www.o3zone.ro\/hu\/#website"},"datePublished":"2025-11-11T06:56:02+00:00","dateModified":"2025-11-11T07:31:26+00:00","description":"Az\u00e9rt, hogy kiv\u00e9teles Spa kezel\u00e9seket k\u00edn\u00e1lhassunk, a Kurland term\u00e9keket v\u00e1lasztottuk, a neves Haslauer h\u00e1z m\u00e1rk\u00e1j\u00e1t. Ez a rangos brand t\u00f6bb mint 60 \u00e9ve k\u00e9sz\u00edt innovat\u00edv term\u00e9keket a Spa- \u00e9s wellnessipar sz\u00e1m\u00e1ra.","breadcrumb":{"@id":"https:\/\/www.o3zone.ro\/hu\/spa-wellness\/arckezelesek\/#breadcrumb"},"inLanguage":"hu","potentialAction":[{"@type":"ReadAction","target":["https:\/\/www.o3zone.ro\/hu\/spa-wellness\/arckezelesek\/"]}]},{"@type":"BreadcrumbList","@id":"https:\/\/www.o3zone.ro\/hu\/spa-wellness\/arckezelesek\/#breadcrumb","itemListElement":[{"@type":"ListItem","position":1,"name":"Home","item":"https:\/\/www.o3zone.ro\/hu\/"},{"@type":"ListItem","position":2,"name":"SPA &amp; Wellness","item":"https:\/\/www.o3zone.ro\/hu\/spa-wellness\/"},{"@type":"ListItem","position":3,"name":"Arckezel\u00e9sek"}]},{"@type":"WebSite","@id":"https:\/\/www.o3zone.ro\/hu\/#website","url":"https:\/\/www.o3zone.ro\/hu\/","name":"O3zone Hotel","description":"","potentialAction":[{"@type":"SearchAction","target":{"@type":"EntryPoint","urlTemplate":"https:\/\/www.o3zone.ro\/hu\/?s={search_term_string}"},"query-input":"required name=search_term_string"}],"inLanguage":"hu"}]}},"acf":[],"_links":{"self":[{"href":"https:\/\/www.o3zone.ro\/hu\/wp-json\/wp\/v2\/pages\/981"}],"collection":[{"href":"https:\/\/www.o3zone.ro\/hu\/wp-json\/wp\/v2\/pages"}],"about":[{"href":"https:\/\/www.o3zone.ro\/hu\/wp-json\/wp\/v2\/types\/page"}],"author":[{"embeddable":true,"href":"https:\/\/www.o3zone.ro\/hu\/wp-json\/wp\/v2\/users\/119"}],"replies":[{"embeddable":true,"href":"https:\/\/www.o3zone.ro\/hu\/wp-json\/wp\/v2\/comments?post=981"}],"version-history":[{"count":0,"href":"https:\/\/www.o3zone.ro\/hu\/wp-json\/wp\/v2\/pages\/981\/revisions"}],"up":[{"embeddable":true,"href":"https:\/\/www.o3zone.ro\/hu\/wp-json\/wp\/v2\/pages\/100"}],"wp:attachment":[{"href":"https:\/\/www.o3zone.ro\/hu\/wp-json\/wp\/v2\/media?parent=981"}],"curies":[{"name":"wp","href":"https:\/\/api.w.org\/{rel}","templated":true}]}}