{"id":938,"date":"2025-06-23T10:58:16","date_gmt":"2025-06-23T10:58:16","guid":{"rendered":"https:\/\/www.o3zone.ro\/?page_id=938"},"modified":"2025-06-23T10:58:02","modified_gmt":"2025-06-23T10:58:02","slug":"urban-detox","status":"publish","type":"page","link":"https:\/\/www.o3zone.ro\/hu\/urban-detox\/","title":{"rendered":"Urban Detox"},"content":{"rendered":"<p><strong data-start=\"89\" data-end=\"104\">Urban Detox<\/strong><br data-start=\"104\" data-end=\"107\" \/>\ud83c\udf32 Urban Detox \u2013 Ny\u00e1ri felt\u00f6lt\u0151d\u00e9s a term\u00e9szet \u00f6lel\u00e9s\u00e9ben<br \/>\nSzabaduljon ki a v\u00e1ros ny\u00fczsg\u00e9s\u00e9b\u0151l, a k\u00e1nikul\u00e1b\u00f3l \u00e9s t\u00f6lt\u0151dj\u00f6n fel Tusn\u00e1df\u00fcrd\u0151n az O3zone sz\u00e1llod\u00e1ban, ahol a friss, h\u0171v\u00f6s hegyi leveg\u0151 \u00e9s a feny\u0151erd\u0151k csendje veszi k\u00f6r\u00fcl. N\u00e1lunk a l\u00e9gz\u00e9s is \u00e9lm\u00e9ny \u2013 tapasztalja meg a tiszta, \u00f3zond\u00fas leveg\u0151 j\u00f3t\u00e9kony hat\u00e1s\u00e1t!<br \/>\nA t\u00f6k\u00e9letes ellazul\u00e1sr\u00f3l sz\u00e1llod\u00e1nk hangulatos Spa k\u00f6zpontja gondoskodik, ahol vend\u00e9geink \u00e9lvezhetik a belt\u00e9ri medence friss\u00edt\u0151 viz\u00e9t, a pezsg\u0151f\u00fcrd\u0151 laz\u00edt\u00f3 hat\u00e1s\u00e1t, valamint a finn szauna \u00e9s a g\u0151zkabin m\u00e9regtelen\u00edt\u0151 \u00e9lm\u00e9ny\u00e9t. A pihen\u00e9st pedig k\u00fcl\u00f6nleges massz\u00e1zsok \u00e9s testkezel\u00e9sek teszik teljess\u00e9.<br \/>\nAj\u00e1nlatunk f\u00e9lpanzi\u00f3s ell\u00e1t\u00e1st is tartalmaz, \u00edgy \u00d6nnek csak a pihen\u00e9sre kell figyelnie \u2013 a t\u00f6bbit mi int\u00e9zz\u00fck.<\/p>\n","protected":false},"excerpt":{"rendered":"<p>Urban Detox\ud83c\udf32 Urban Detox \u2013 Ny\u00e1ri felt\u00f6lt\u0151d\u00e9s a term\u00e9szet \u00f6lel\u00e9s\u00e9ben Szabaduljon ki a v\u00e1ros ny\u00fczsg\u00e9s\u00e9b\u0151l, a k\u00e1nikul\u00e1b\u00f3l \u00e9s t\u00f6lt\u0151dj\u00f6n fel Tusn\u00e1df\u00fcrd\u0151n az O3zone sz\u00e1llod\u00e1ban, ahol a friss, h\u0171v\u00f6s hegyi leveg\u0151 \u00e9s a feny\u0151erd\u0151k csendje veszi k\u00f6r\u00fcl. N\u00e1lunk a l\u00e9gz\u00e9s is \u00e9lm\u00e9ny \u2013 tapasztalja meg a tiszta, \u00f3zond\u00fas leveg\u0151 j\u00f3t\u00e9kony hat\u00e1s\u00e1t! A t\u00f6k\u00e9letes ellazul\u00e1sr\u00f3l sz\u00e1llod\u00e1nk hangulatos [&hellip;]<\/p>\n","protected":false},"author":119,"featured_media":0,"parent":0,"menu_order":0,"comment_status":"closed","ping_status":"closed","template":"template-landing-page.php","meta":{"footnotes":""},"yoast_head":"<!-- This site is optimized with the Yoast SEO plugin v22.3 - https:\/\/yoast.com\/wordpress\/plugins\/seo\/ -->\n<title>Urban Detox - O3zone Hotel -<\/title>\n<meta name=\"description\" content=\"Urban Detox\ud83c\udf32 Urban Detox \u2013 Ny\u00e1ri felt\u00f6lt\u0151d\u00e9s a term\u00e9szet \u00f6lel\u00e9s\u00e9ben Szabaduljon ki a v\u00e1ros ny\u00fczsg\u00e9s\u00e9b\u0151l, a k\u00e1nikul\u00e1b\u00f3l \u00e9s t\u00f6lt\u0151dj\u00f6n fel Tusn\u00e1df\u00fcrd\u0151n az O3zone sz\u00e1llod\u00e1ban, ahol a friss, h\u0171v\u00f6s hegyi leveg\u0151 \u00e9s a feny\u0151erd\u0151k csendje veszi k\u00f6r\u00fcl. N\u00e1lunk a l\u00e9gz\u00e9s is \u00e9lm\u00e9ny \u2013 tapasztalja meg a tiszta, \u00f3zond\u00fas leveg\u0151 j\u00f3t\u00e9kony hat\u00e1s\u00e1t! A t\u00f6k\u00e9letes ellazul\u00e1sr\u00f3l sz\u00e1llod\u00e1nk hangulatos Spa k\u00f6zpontja gondoskodik, ahol vend\u00e9geink \u00e9lvezhetik a belt\u00e9ri medence friss\u00edt\u0151 viz\u00e9t, a pezsg\u0151f\u00fcrd\u0151 laz\u00edt\u00f3 hat\u00e1s\u00e1t, valamint a finn szauna \u00e9s a g\u0151zkabin m\u00e9regtelen\u00edt\u0151 \u00e9lm\u00e9ny\u00e9t\" \/>\n<meta name=\"robots\" content=\"index, follow, max-snippet:-1, max-image-preview:large, max-video-preview:-1\" \/>\n<link rel=\"canonical\" href=\"https:\/\/www.o3zone.ro\/hu\/urban-detox\/\" \/>\n<meta property=\"og:locale\" content=\"hu_HU\" \/>\n<meta property=\"og:type\" content=\"article\" \/>\n<meta property=\"og:title\" content=\"Urban Detox - O3zone Hotel -\" \/>\n<meta property=\"og:description\" content=\"Urban Detox\ud83c\udf32 Urban Detox \u2013 Ny\u00e1ri felt\u00f6lt\u0151d\u00e9s a term\u00e9szet \u00f6lel\u00e9s\u00e9ben Szabaduljon ki a v\u00e1ros ny\u00fczsg\u00e9s\u00e9b\u0151l, a k\u00e1nikul\u00e1b\u00f3l \u00e9s t\u00f6lt\u0151dj\u00f6n fel Tusn\u00e1df\u00fcrd\u0151n az O3zone sz\u00e1llod\u00e1ban, ahol a friss, h\u0171v\u00f6s hegyi leveg\u0151 \u00e9s a feny\u0151erd\u0151k csendje veszi k\u00f6r\u00fcl. N\u00e1lunk a l\u00e9gz\u00e9s is \u00e9lm\u00e9ny \u2013 tapasztalja meg a tiszta, \u00f3zond\u00fas leveg\u0151 j\u00f3t\u00e9kony hat\u00e1s\u00e1t! A t\u00f6k\u00e9letes ellazul\u00e1sr\u00f3l sz\u00e1llod\u00e1nk hangulatos Spa k\u00f6zpontja gondoskodik, ahol vend\u00e9geink \u00e9lvezhetik a belt\u00e9ri medence friss\u00edt\u0151 viz\u00e9t, a pezsg\u0151f\u00fcrd\u0151 laz\u00edt\u00f3 hat\u00e1s\u00e1t, valamint a finn szauna \u00e9s a g\u0151zkabin m\u00e9regtelen\u00edt\u0151 \u00e9lm\u00e9ny\u00e9t\" \/>\n<meta property=\"og:url\" content=\"https:\/\/www.o3zone.ro\/hu\/urban-detox\/\" \/>\n<meta property=\"og:site_name\" content=\"O3zone Hotel\" \/>\n<meta property=\"article:publisher\" content=\"https:\/\/www.facebook.com\/HotelO3zone\/\" \/>\n<meta property=\"article:modified_time\" content=\"2025-06-23T10:58:02+00:00\" \/>\n<meta property=\"og:image\" content=\"https:\/\/www.o3zone.ro\/wp-content\/uploads\/sites\/97\/2024\/03\/01-45-e1711368229192.jpg\" \/>\n\t<meta property=\"og:image:width\" content=\"1293\" \/>\n\t<meta property=\"og:image:height\" content=\"1200\" \/>\n\t<meta property=\"og:image:type\" content=\"image\/jpeg\" \/>\n<meta name=\"twitter:card\" content=\"summary_large_image\" \/>\n<meta name=\"twitter:label1\" content=\"Becs\u00fclt olvas\u00e1si id\u0151\" \/>\n\t<meta name=\"twitter:data1\" content=\"1 perc\" \/>\n<script type=\"application\/ld+json\" class=\"yoast-schema-graph\">{\"@context\":\"https:\/\/schema.org\",\"@graph\":[{\"@type\":\"WebPage\",\"@id\":\"https:\/\/www.o3zone.ro\/hu\/urban-detox\/\",\"url\":\"https:\/\/www.o3zone.ro\/hu\/urban-detox\/\",\"name\":\"Urban Detox - O3zone Hotel -\",\"isPartOf\":{\"@id\":\"https:\/\/www.o3zone.ro\/hu\/#website\"},\"datePublished\":\"2025-06-23T10:58:16+00:00\",\"dateModified\":\"2025-06-23T10:58:02+00:00\",\"description\":\"Urban Detox\ud83c\udf32 Urban Detox \u2013 Ny\u00e1ri felt\u00f6lt\u0151d\u00e9s a term\u00e9szet \u00f6lel\u00e9s\u00e9ben Szabaduljon ki a v\u00e1ros ny\u00fczsg\u00e9s\u00e9b\u0151l, a k\u00e1nikul\u00e1b\u00f3l \u00e9s t\u00f6lt\u0151dj\u00f6n fel Tusn\u00e1df\u00fcrd\u0151n az O3zone sz\u00e1llod\u00e1ban, ahol a friss, h\u0171v\u00f6s hegyi leveg\u0151 \u00e9s a feny\u0151erd\u0151k csendje veszi k\u00f6r\u00fcl. N\u00e1lunk a l\u00e9gz\u00e9s is \u00e9lm\u00e9ny \u2013 tapasztalja meg a tiszta, \u00f3zond\u00fas leveg\u0151 j\u00f3t\u00e9kony hat\u00e1s\u00e1t! A t\u00f6k\u00e9letes ellazul\u00e1sr\u00f3l sz\u00e1llod\u00e1nk hangulatos Spa k\u00f6zpontja gondoskodik, ahol vend\u00e9geink \u00e9lvezhetik a belt\u00e9ri medence friss\u00edt\u0151 viz\u00e9t, a pezsg\u0151f\u00fcrd\u0151 laz\u00edt\u00f3 hat\u00e1s\u00e1t, valamint a finn szauna \u00e9s a g\u0151zkabin m\u00e9regtelen\u00edt\u0151 \u00e9lm\u00e9ny\u00e9t\",\"breadcrumb\":{\"@id\":\"https:\/\/www.o3zone.ro\/hu\/urban-detox\/#breadcrumb\"},\"inLanguage\":\"hu\",\"potentialAction\":[{\"@type\":\"ReadAction\",\"target\":[\"https:\/\/www.o3zone.ro\/hu\/urban-detox\/\"]}]},{\"@type\":\"BreadcrumbList\",\"@id\":\"https:\/\/www.o3zone.ro\/hu\/urban-detox\/#breadcrumb\",\"itemListElement\":[{\"@type\":\"ListItem\",\"position\":1,\"name\":\"Home\",\"item\":\"https:\/\/www.o3zone.ro\/hu\/\"},{\"@type\":\"ListItem\",\"position\":2,\"name\":\"Urban Detox\"}]},{\"@type\":\"WebSite\",\"@id\":\"https:\/\/www.o3zone.ro\/hu\/#website\",\"url\":\"https:\/\/www.o3zone.ro\/hu\/\",\"name\":\"O3zone Hotel\",\"description\":\"\",\"potentialAction\":[{\"@type\":\"SearchAction\",\"target\":{\"@type\":\"EntryPoint\",\"urlTemplate\":\"https:\/\/www.o3zone.ro\/hu\/?s={search_term_string}\"},\"query-input\":\"required name=search_term_string\"}],\"inLanguage\":\"hu\"}]}<\/script>\n<!-- \/ Yoast SEO plugin. -->","yoast_head_json":{"title":"Urban Detox - O3zone Hotel -","description":"Urban Detox\ud83c\udf32 Urban Detox \u2013 Ny\u00e1ri felt\u00f6lt\u0151d\u00e9s a term\u00e9szet \u00f6lel\u00e9s\u00e9ben Szabaduljon ki a v\u00e1ros ny\u00fczsg\u00e9s\u00e9b\u0151l, a k\u00e1nikul\u00e1b\u00f3l \u00e9s t\u00f6lt\u0151dj\u00f6n fel Tusn\u00e1df\u00fcrd\u0151n az O3zone sz\u00e1llod\u00e1ban, ahol a friss, h\u0171v\u00f6s hegyi leveg\u0151 \u00e9s a feny\u0151erd\u0151k csendje veszi k\u00f6r\u00fcl. N\u00e1lunk a l\u00e9gz\u00e9s is \u00e9lm\u00e9ny \u2013 tapasztalja meg a tiszta, \u00f3zond\u00fas leveg\u0151 j\u00f3t\u00e9kony hat\u00e1s\u00e1t! A t\u00f6k\u00e9letes ellazul\u00e1sr\u00f3l sz\u00e1llod\u00e1nk hangulatos Spa k\u00f6zpontja gondoskodik, ahol vend\u00e9geink \u00e9lvezhetik a belt\u00e9ri medence friss\u00edt\u0151 viz\u00e9t, a pezsg\u0151f\u00fcrd\u0151 laz\u00edt\u00f3 hat\u00e1s\u00e1t, valamint a finn szauna \u00e9s a g\u0151zkabin m\u00e9regtelen\u00edt\u0151 \u00e9lm\u00e9ny\u00e9t","robots":{"index":"index","follow":"follow","max-snippet":"max-snippet:-1","max-image-preview":"max-image-preview:large","max-video-preview":"max-video-preview:-1"},"canonical":"https:\/\/www.o3zone.ro\/hu\/urban-detox\/","og_locale":"hu_HU","og_type":"article","og_title":"Urban Detox - O3zone Hotel -","og_description":"Urban Detox\ud83c\udf32 Urban Detox \u2013 Ny\u00e1ri felt\u00f6lt\u0151d\u00e9s a term\u00e9szet \u00f6lel\u00e9s\u00e9ben Szabaduljon ki a v\u00e1ros ny\u00fczsg\u00e9s\u00e9b\u0151l, a k\u00e1nikul\u00e1b\u00f3l \u00e9s t\u00f6lt\u0151dj\u00f6n fel Tusn\u00e1df\u00fcrd\u0151n az O3zone sz\u00e1llod\u00e1ban, ahol a friss, h\u0171v\u00f6s hegyi leveg\u0151 \u00e9s a feny\u0151erd\u0151k csendje veszi k\u00f6r\u00fcl. N\u00e1lunk a l\u00e9gz\u00e9s is \u00e9lm\u00e9ny \u2013 tapasztalja meg a tiszta, \u00f3zond\u00fas leveg\u0151 j\u00f3t\u00e9kony hat\u00e1s\u00e1t! A t\u00f6k\u00e9letes ellazul\u00e1sr\u00f3l sz\u00e1llod\u00e1nk hangulatos Spa k\u00f6zpontja gondoskodik, ahol vend\u00e9geink \u00e9lvezhetik a belt\u00e9ri medence friss\u00edt\u0151 viz\u00e9t, a pezsg\u0151f\u00fcrd\u0151 laz\u00edt\u00f3 hat\u00e1s\u00e1t, valamint a finn szauna \u00e9s a g\u0151zkabin m\u00e9regtelen\u00edt\u0151 \u00e9lm\u00e9ny\u00e9t","og_url":"https:\/\/www.o3zone.ro\/hu\/urban-detox\/","og_site_name":"O3zone Hotel","article_publisher":"https:\/\/www.facebook.com\/HotelO3zone\/","article_modified_time":"2025-06-23T10:58:02+00:00","og_image":[{"width":1293,"height":1200,"url":"https:\/\/www.o3zone.ro\/wp-content\/uploads\/sites\/97\/2024\/03\/01-45-e1711368229192.jpg","type":"image\/jpeg"}],"twitter_card":"summary_large_image","twitter_misc":{"Becs\u00fclt olvas\u00e1si id\u0151":"1 perc"},"schema":{"@context":"https:\/\/schema.org","@graph":[{"@type":"WebPage","@id":"https:\/\/www.o3zone.ro\/hu\/urban-detox\/","url":"https:\/\/www.o3zone.ro\/hu\/urban-detox\/","name":"Urban Detox - O3zone Hotel -","isPartOf":{"@id":"https:\/\/www.o3zone.ro\/hu\/#website"},"datePublished":"2025-06-23T10:58:16+00:00","dateModified":"2025-06-23T10:58:02+00:00","description":"Urban Detox\ud83c\udf32 Urban Detox \u2013 Ny\u00e1ri felt\u00f6lt\u0151d\u00e9s a term\u00e9szet \u00f6lel\u00e9s\u00e9ben Szabaduljon ki a v\u00e1ros ny\u00fczsg\u00e9s\u00e9b\u0151l, a k\u00e1nikul\u00e1b\u00f3l \u00e9s t\u00f6lt\u0151dj\u00f6n fel Tusn\u00e1df\u00fcrd\u0151n az O3zone sz\u00e1llod\u00e1ban, ahol a friss, h\u0171v\u00f6s hegyi leveg\u0151 \u00e9s a feny\u0151erd\u0151k csendje veszi k\u00f6r\u00fcl. N\u00e1lunk a l\u00e9gz\u00e9s is \u00e9lm\u00e9ny \u2013 tapasztalja meg a tiszta, \u00f3zond\u00fas leveg\u0151 j\u00f3t\u00e9kony hat\u00e1s\u00e1t! A t\u00f6k\u00e9letes ellazul\u00e1sr\u00f3l sz\u00e1llod\u00e1nk hangulatos Spa k\u00f6zpontja gondoskodik, ahol vend\u00e9geink \u00e9lvezhetik a belt\u00e9ri medence friss\u00edt\u0151 viz\u00e9t, a pezsg\u0151f\u00fcrd\u0151 laz\u00edt\u00f3 hat\u00e1s\u00e1t, valamint a finn szauna \u00e9s a g\u0151zkabin m\u00e9regtelen\u00edt\u0151 \u00e9lm\u00e9ny\u00e9t","breadcrumb":{"@id":"https:\/\/www.o3zone.ro\/hu\/urban-detox\/#breadcrumb"},"inLanguage":"hu","potentialAction":[{"@type":"ReadAction","target":["https:\/\/www.o3zone.ro\/hu\/urban-detox\/"]}]},{"@type":"BreadcrumbList","@id":"https:\/\/www.o3zone.ro\/hu\/urban-detox\/#breadcrumb","itemListElement":[{"@type":"ListItem","position":1,"name":"Home","item":"https:\/\/www.o3zone.ro\/hu\/"},{"@type":"ListItem","position":2,"name":"Urban Detox"}]},{"@type":"WebSite","@id":"https:\/\/www.o3zone.ro\/hu\/#website","url":"https:\/\/www.o3zone.ro\/hu\/","name":"O3zone Hotel","description":"","potentialAction":[{"@type":"SearchAction","target":{"@type":"EntryPoint","urlTemplate":"https:\/\/www.o3zone.ro\/hu\/?s={search_term_string}"},"query-input":"required name=search_term_string"}],"inLanguage":"hu"}]}},"acf":[],"_links":{"self":[{"href":"https:\/\/www.o3zone.ro\/hu\/wp-json\/wp\/v2\/pages\/938"}],"collection":[{"href":"https:\/\/www.o3zone.ro\/hu\/wp-json\/wp\/v2\/pages"}],"about":[{"href":"https:\/\/www.o3zone.ro\/hu\/wp-json\/wp\/v2\/types\/page"}],"author":[{"embeddable":true,"href":"https:\/\/www.o3zone.ro\/hu\/wp-json\/wp\/v2\/users\/119"}],"replies":[{"embeddable":true,"href":"https:\/\/www.o3zone.ro\/hu\/wp-json\/wp\/v2\/comments?post=938"}],"version-history":[{"count":0,"href":"https:\/\/www.o3zone.ro\/hu\/wp-json\/wp\/v2\/pages\/938\/revisions"}],"wp:attachment":[{"href":"https:\/\/www.o3zone.ro\/hu\/wp-json\/wp\/v2\/media?parent=938"}],"curies":[{"name":"wp","href":"https:\/\/api.w.org\/{rel}","templated":true}]}}