{"id":917,"date":"2025-06-20T10:13:11","date_gmt":"2025-06-20T10:13:11","guid":{"rendered":"https:\/\/www.o3zone.ro\/?page_id=917"},"modified":"2025-06-20T10:12:49","modified_gmt":"2025-06-20T10:12:49","slug":"mounutain-spa-days","status":"publish","type":"page","link":"https:\/\/www.o3zone.ro\/hu\/mounutain-spa-days\/","title":{"rendered":"Mounutain Spa Days"},"content":{"rendered":"<p><strong>\u00c9rv\u00e9nyess\u00e9g<\/strong>: 2025.06.29 &#8211; 2025.09.05 (kiz\u00e1r\u00f3lag vas\u00e1rnapi vagy h\u00e9tf\u0151i \u00e9rkez\u00e9ssel)<\/p>\n<p><strong>Az aj\u00e1nlat tartalma:<\/strong><\/p>\n<ul>\n<li>4 \u00e9jszaka sz\u00e1ll\u00e1s &#8211; elhelyez\u00e9s k\u00e9t\u00e1gyas szob\u00e1ban<\/li>\n<li>Sv\u00e9dasztalos reggeli \u00e9s vacsora (4 nap)<\/li>\n<li>1 v\u00e1laszthat\u00f3 welcome drink a Lobby B\u00e1rban<\/li>\n<li>Aj\u00e1nd\u00e9k: 2 \u00f3r\u00e1s bicikli b\u00e9rl\u00e9s<\/li>\n<li>Korl\u00e1tlan bel\u00e9p\u00e9s az O3zone Spa-ba (\u00fasz\u00f3medence, jacuzzi, szaun\u00e1k \u00e9s mini fitneszterem).<\/li>\n<\/ul>\n<p><strong>Az aj\u00e1nlat \u00e1ra: 1.440 lej\/ f\u0151\/ 4 \u00e9jszk\u00e1s \u00fcd\u00fcl\u00e9s<\/strong><\/p>\n<p>Az aj\u00e1nlat 6 \u00e9ven aluli gyermekek sz\u00e1m\u00e1ra <strong>INGYENES<\/strong>!<\/p>\n","protected":false},"excerpt":{"rendered":"<p>\u00c9rv\u00e9nyess\u00e9g: 2025.06.29 &#8211; 2025.09.05 (kiz\u00e1r\u00f3lag vas\u00e1rnapi vagy h\u00e9tf\u0151i \u00e9rkez\u00e9ssel) Az aj\u00e1nlat tartalma: 4 \u00e9jszaka sz\u00e1ll\u00e1s &#8211; elhelyez\u00e9s k\u00e9t\u00e1gyas szob\u00e1ban Sv\u00e9dasztalos reggeli \u00e9s vacsora (4 nap) 1 v\u00e1laszthat\u00f3 welcome drink a Lobby B\u00e1rban Aj\u00e1nd\u00e9k: 2 \u00f3r\u00e1s bicikli b\u00e9rl\u00e9s Korl\u00e1tlan bel\u00e9p\u00e9s az O3zone Spa-ba (\u00fasz\u00f3medence, jacuzzi, szaun\u00e1k \u00e9s mini fitneszterem). Az aj\u00e1nlat \u00e1ra: 1.440 lej\/ f\u0151\/ 4 [&hellip;]<\/p>\n","protected":false},"author":119,"featured_media":0,"parent":0,"menu_order":0,"comment_status":"closed","ping_status":"closed","template":"template-landing-page.php","meta":{"footnotes":""},"yoast_head":"<!-- This site is optimized with the Yoast SEO plugin v22.3 - https:\/\/yoast.com\/wordpress\/plugins\/seo\/ -->\n<title>Mounutain Spa Days - O3zone Hotel -<\/title>\n<meta name=\"description\" content=\"\u00c9rv\u00e9nyess\u00e9g: 2025.06.29 - 2025.09.05 (kiz\u00e1r\u00f3lag vas\u00e1rnapi vagy h\u00e9tf\u0151i \u00e9rkez\u00e9ssel)  Az aj\u00e1nlat tartalma:   4 \u00e9jszaka sz\u00e1ll\u00e1s - elhelyez\u00e9s k\u00e9t\u00e1gyas szob\u00e1ban  Sv\u00e9dasztalos reggeli \u00e9s vacsora (4 nap)  1 v\u00e1laszthat\u00f3 welcome drink a Lobby B\u00e1rban  Aj\u00e1nd\u00e9k: 2 \u00f3r\u00e1s bicikli b\u00e9rl\u00e9s  Korl\u00e1tlan bel\u00e9p\u00e9s az O3zone Spa-ba (\u00fasz\u00f3medence, jacuzzi, szaun\u00e1k \u00e9s mini fitneszterem).  Az aj\u00e1nlat \u00e1ra: 1.440 lej\/ f\u0151\/ 4 \u00e9jszk\u00e1s \u00fcd\u00fcl\u00e9s  Az aj\u00e1nlat 6 \u00e9ven aluli gyermekek sz\u00e1m\u00e1ra INGYENES!.\" \/>\n<meta name=\"robots\" content=\"index, follow, max-snippet:-1, max-image-preview:large, max-video-preview:-1\" \/>\n<link rel=\"canonical\" href=\"https:\/\/www.o3zone.ro\/hu\/mounutain-spa-days\/\" \/>\n<meta property=\"og:locale\" content=\"hu_HU\" \/>\n<meta property=\"og:type\" content=\"article\" \/>\n<meta property=\"og:title\" content=\"Mounutain Spa Days - O3zone Hotel -\" \/>\n<meta property=\"og:description\" content=\"\u00c9rv\u00e9nyess\u00e9g: 2025.06.29 - 2025.09.05 (kiz\u00e1r\u00f3lag vas\u00e1rnapi vagy h\u00e9tf\u0151i \u00e9rkez\u00e9ssel)  Az aj\u00e1nlat tartalma:   4 \u00e9jszaka sz\u00e1ll\u00e1s - elhelyez\u00e9s k\u00e9t\u00e1gyas szob\u00e1ban  Sv\u00e9dasztalos reggeli \u00e9s vacsora (4 nap)  1 v\u00e1laszthat\u00f3 welcome drink a Lobby B\u00e1rban  Aj\u00e1nd\u00e9k: 2 \u00f3r\u00e1s bicikli b\u00e9rl\u00e9s  Korl\u00e1tlan bel\u00e9p\u00e9s az O3zone Spa-ba (\u00fasz\u00f3medence, jacuzzi, szaun\u00e1k \u00e9s mini fitneszterem).  Az aj\u00e1nlat \u00e1ra: 1.440 lej\/ f\u0151\/ 4 \u00e9jszk\u00e1s \u00fcd\u00fcl\u00e9s  Az aj\u00e1nlat 6 \u00e9ven aluli gyermekek sz\u00e1m\u00e1ra INGYENES!.\" \/>\n<meta property=\"og:url\" content=\"https:\/\/www.o3zone.ro\/hu\/mounutain-spa-days\/\" \/>\n<meta property=\"og:site_name\" content=\"O3zone Hotel\" \/>\n<meta property=\"article:publisher\" content=\"https:\/\/www.facebook.com\/HotelO3zone\/\" \/>\n<meta property=\"article:modified_time\" content=\"2025-06-20T10:12:49+00:00\" \/>\n<meta property=\"og:image\" content=\"https:\/\/www.o3zone.ro\/wp-content\/uploads\/sites\/97\/2024\/03\/01-45-e1711368229192.jpg\" \/>\n\t<meta property=\"og:image:width\" content=\"1293\" \/>\n\t<meta property=\"og:image:height\" content=\"1200\" \/>\n\t<meta property=\"og:image:type\" content=\"image\/jpeg\" \/>\n<meta name=\"twitter:card\" content=\"summary_large_image\" \/>\n<meta name=\"twitter:label1\" content=\"Becs\u00fclt olvas\u00e1si id\u0151\" \/>\n\t<meta name=\"twitter:data1\" content=\"1 perc\" \/>\n<script type=\"application\/ld+json\" class=\"yoast-schema-graph\">{\"@context\":\"https:\/\/schema.org\",\"@graph\":[{\"@type\":\"WebPage\",\"@id\":\"https:\/\/www.o3zone.ro\/hu\/mounutain-spa-days\/\",\"url\":\"https:\/\/www.o3zone.ro\/hu\/mounutain-spa-days\/\",\"name\":\"Mounutain Spa Days - O3zone Hotel -\",\"isPartOf\":{\"@id\":\"https:\/\/www.o3zone.ro\/hu\/#website\"},\"datePublished\":\"2025-06-20T10:13:11+00:00\",\"dateModified\":\"2025-06-20T10:12:49+00:00\",\"description\":\"\u00c9rv\u00e9nyess\u00e9g: 2025.06.29 - 2025.09.05 (kiz\u00e1r\u00f3lag vas\u00e1rnapi vagy h\u00e9tf\u0151i \u00e9rkez\u00e9ssel) Az aj\u00e1nlat tartalma: \u2022 4 \u00e9jszaka sz\u00e1ll\u00e1s - elhelyez\u00e9s k\u00e9t\u00e1gyas szob\u00e1ban \u2022 Sv\u00e9dasztalos reggeli \u00e9s vacsora (4 nap) \u2022 1 v\u00e1laszthat\u00f3 welcome drink a Lobby B\u00e1rban \u2022 Aj\u00e1nd\u00e9k: 2 \u00f3r\u00e1s bicikli b\u00e9rl\u00e9s \u2022 Korl\u00e1tlan bel\u00e9p\u00e9s az O3zone Spa-ba (\u00fasz\u00f3medence, jacuzzi, szaun\u00e1k \u00e9s mini fitneszterem). Az aj\u00e1nlat \u00e1ra: 1.440 lej\/ f\u0151\/ 4 \u00e9jszk\u00e1s \u00fcd\u00fcl\u00e9s Az aj\u00e1nlat 6 \u00e9ven aluli gyermekek sz\u00e1m\u00e1ra INGYENES!.\",\"breadcrumb\":{\"@id\":\"https:\/\/www.o3zone.ro\/hu\/mounutain-spa-days\/#breadcrumb\"},\"inLanguage\":\"hu\",\"potentialAction\":[{\"@type\":\"ReadAction\",\"target\":[\"https:\/\/www.o3zone.ro\/hu\/mounutain-spa-days\/\"]}]},{\"@type\":\"BreadcrumbList\",\"@id\":\"https:\/\/www.o3zone.ro\/hu\/mounutain-spa-days\/#breadcrumb\",\"itemListElement\":[{\"@type\":\"ListItem\",\"position\":1,\"name\":\"Home\",\"item\":\"https:\/\/www.o3zone.ro\/hu\/\"},{\"@type\":\"ListItem\",\"position\":2,\"name\":\"Mounutain Spa Days\"}]},{\"@type\":\"WebSite\",\"@id\":\"https:\/\/www.o3zone.ro\/hu\/#website\",\"url\":\"https:\/\/www.o3zone.ro\/hu\/\",\"name\":\"O3zone Hotel\",\"description\":\"\",\"potentialAction\":[{\"@type\":\"SearchAction\",\"target\":{\"@type\":\"EntryPoint\",\"urlTemplate\":\"https:\/\/www.o3zone.ro\/hu\/?s={search_term_string}\"},\"query-input\":\"required name=search_term_string\"}],\"inLanguage\":\"hu\"}]}<\/script>\n<!-- \/ Yoast SEO plugin. -->","yoast_head_json":{"title":"Mounutain Spa Days - O3zone Hotel -","description":"\u00c9rv\u00e9nyess\u00e9g: 2025.06.29 - 2025.09.05 (kiz\u00e1r\u00f3lag vas\u00e1rnapi vagy h\u00e9tf\u0151i \u00e9rkez\u00e9ssel)  Az aj\u00e1nlat tartalma:   4 \u00e9jszaka sz\u00e1ll\u00e1s - elhelyez\u00e9s k\u00e9t\u00e1gyas szob\u00e1ban  Sv\u00e9dasztalos reggeli \u00e9s vacsora (4 nap)  1 v\u00e1laszthat\u00f3 welcome drink a Lobby B\u00e1rban  Aj\u00e1nd\u00e9k: 2 \u00f3r\u00e1s bicikli b\u00e9rl\u00e9s  Korl\u00e1tlan bel\u00e9p\u00e9s az O3zone Spa-ba (\u00fasz\u00f3medence, jacuzzi, szaun\u00e1k \u00e9s mini fitneszterem).  Az aj\u00e1nlat \u00e1ra: 1.440 lej\/ f\u0151\/ 4 \u00e9jszk\u00e1s \u00fcd\u00fcl\u00e9s  Az aj\u00e1nlat 6 \u00e9ven aluli gyermekek sz\u00e1m\u00e1ra INGYENES!.","robots":{"index":"index","follow":"follow","max-snippet":"max-snippet:-1","max-image-preview":"max-image-preview:large","max-video-preview":"max-video-preview:-1"},"canonical":"https:\/\/www.o3zone.ro\/hu\/mounutain-spa-days\/","og_locale":"hu_HU","og_type":"article","og_title":"Mounutain Spa Days - O3zone Hotel -","og_description":"\u00c9rv\u00e9nyess\u00e9g: 2025.06.29 - 2025.09.05 (kiz\u00e1r\u00f3lag vas\u00e1rnapi vagy h\u00e9tf\u0151i \u00e9rkez\u00e9ssel)  Az aj\u00e1nlat tartalma:   4 \u00e9jszaka sz\u00e1ll\u00e1s - elhelyez\u00e9s k\u00e9t\u00e1gyas szob\u00e1ban  Sv\u00e9dasztalos reggeli \u00e9s vacsora (4 nap)  1 v\u00e1laszthat\u00f3 welcome drink a Lobby B\u00e1rban  Aj\u00e1nd\u00e9k: 2 \u00f3r\u00e1s bicikli b\u00e9rl\u00e9s  Korl\u00e1tlan bel\u00e9p\u00e9s az O3zone Spa-ba (\u00fasz\u00f3medence, jacuzzi, szaun\u00e1k \u00e9s mini fitneszterem).  Az aj\u00e1nlat \u00e1ra: 1.440 lej\/ f\u0151\/ 4 \u00e9jszk\u00e1s \u00fcd\u00fcl\u00e9s  Az aj\u00e1nlat 6 \u00e9ven aluli gyermekek sz\u00e1m\u00e1ra INGYENES!.","og_url":"https:\/\/www.o3zone.ro\/hu\/mounutain-spa-days\/","og_site_name":"O3zone Hotel","article_publisher":"https:\/\/www.facebook.com\/HotelO3zone\/","article_modified_time":"2025-06-20T10:12:49+00:00","og_image":[{"width":1293,"height":1200,"url":"https:\/\/www.o3zone.ro\/wp-content\/uploads\/sites\/97\/2024\/03\/01-45-e1711368229192.jpg","type":"image\/jpeg"}],"twitter_card":"summary_large_image","twitter_misc":{"Becs\u00fclt olvas\u00e1si id\u0151":"1 perc"},"schema":{"@context":"https:\/\/schema.org","@graph":[{"@type":"WebPage","@id":"https:\/\/www.o3zone.ro\/hu\/mounutain-spa-days\/","url":"https:\/\/www.o3zone.ro\/hu\/mounutain-spa-days\/","name":"Mounutain Spa Days - O3zone Hotel -","isPartOf":{"@id":"https:\/\/www.o3zone.ro\/hu\/#website"},"datePublished":"2025-06-20T10:13:11+00:00","dateModified":"2025-06-20T10:12:49+00:00","description":"\u00c9rv\u00e9nyess\u00e9g: 2025.06.29 - 2025.09.05 (kiz\u00e1r\u00f3lag vas\u00e1rnapi vagy h\u00e9tf\u0151i \u00e9rkez\u00e9ssel) Az aj\u00e1nlat tartalma: \u2022 4 \u00e9jszaka sz\u00e1ll\u00e1s - elhelyez\u00e9s k\u00e9t\u00e1gyas szob\u00e1ban \u2022 Sv\u00e9dasztalos reggeli \u00e9s vacsora (4 nap) \u2022 1 v\u00e1laszthat\u00f3 welcome drink a Lobby B\u00e1rban \u2022 Aj\u00e1nd\u00e9k: 2 \u00f3r\u00e1s bicikli b\u00e9rl\u00e9s \u2022 Korl\u00e1tlan bel\u00e9p\u00e9s az O3zone Spa-ba (\u00fasz\u00f3medence, jacuzzi, szaun\u00e1k \u00e9s mini fitneszterem). Az aj\u00e1nlat \u00e1ra: 1.440 lej\/ f\u0151\/ 4 \u00e9jszk\u00e1s \u00fcd\u00fcl\u00e9s Az aj\u00e1nlat 6 \u00e9ven aluli gyermekek sz\u00e1m\u00e1ra INGYENES!.","breadcrumb":{"@id":"https:\/\/www.o3zone.ro\/hu\/mounutain-spa-days\/#breadcrumb"},"inLanguage":"hu","potentialAction":[{"@type":"ReadAction","target":["https:\/\/www.o3zone.ro\/hu\/mounutain-spa-days\/"]}]},{"@type":"BreadcrumbList","@id":"https:\/\/www.o3zone.ro\/hu\/mounutain-spa-days\/#breadcrumb","itemListElement":[{"@type":"ListItem","position":1,"name":"Home","item":"https:\/\/www.o3zone.ro\/hu\/"},{"@type":"ListItem","position":2,"name":"Mounutain Spa Days"}]},{"@type":"WebSite","@id":"https:\/\/www.o3zone.ro\/hu\/#website","url":"https:\/\/www.o3zone.ro\/hu\/","name":"O3zone Hotel","description":"","potentialAction":[{"@type":"SearchAction","target":{"@type":"EntryPoint","urlTemplate":"https:\/\/www.o3zone.ro\/hu\/?s={search_term_string}"},"query-input":"required name=search_term_string"}],"inLanguage":"hu"}]}},"acf":[],"_links":{"self":[{"href":"https:\/\/www.o3zone.ro\/hu\/wp-json\/wp\/v2\/pages\/917"}],"collection":[{"href":"https:\/\/www.o3zone.ro\/hu\/wp-json\/wp\/v2\/pages"}],"about":[{"href":"https:\/\/www.o3zone.ro\/hu\/wp-json\/wp\/v2\/types\/page"}],"author":[{"embeddable":true,"href":"https:\/\/www.o3zone.ro\/hu\/wp-json\/wp\/v2\/users\/119"}],"replies":[{"embeddable":true,"href":"https:\/\/www.o3zone.ro\/hu\/wp-json\/wp\/v2\/comments?post=917"}],"version-history":[{"count":0,"href":"https:\/\/www.o3zone.ro\/hu\/wp-json\/wp\/v2\/pages\/917\/revisions"}],"wp:attachment":[{"href":"https:\/\/www.o3zone.ro\/hu\/wp-json\/wp\/v2\/media?parent=917"}],"curies":[{"name":"wp","href":"https:\/\/api.w.org\/{rel}","templated":true}]}}