{"id":879,"date":"2025-04-28T10:15:14","date_gmt":"2025-04-28T10:15:14","guid":{"rendered":"https:\/\/www.o3zone.ro\/?page_id=879"},"modified":"2026-02-27T13:23:28","modified_gmt":"2026-02-27T13:23:28","slug":"romantic-escape","status":"publish","type":"page","link":"https:\/\/www.o3zone.ro\/hu\/romantic-escape\/","title":{"rendered":"Romantic Escape"},"content":{"rendered":"<p><strong>\u00c9rv\u00e9nyes: 2026.03.01-06.30, kiv\u00e9ve a k\u00fcl\u00f6nleges peri\u00f3dusokat (h\u00fasv\u00e9ti vak\u00e1ci\u00f3, M\u00e1jus 1, P\u00fcnk\u00f6sd)<\/strong><\/p>\n<p><strong>Az aj\u00e1nlat tartalma:<\/strong><\/p>\n<ul>\n<li>2 \u00e9jszaka sz\u00e1ll\u00e1s, k\u00e9t\u00e1gyas elhelyez\u00e9ssel,<\/li>\n<li>Sv\u00e9dasztalos reggeli \u00e9s vacsora,<\/li>\n<li>Romantikus szobabek\u00e9sz\u00edt\u00e9s, \u00e9rkez\u00e9skor,<\/li>\n<li>1 Aroma 30 perces massz\u00e1zs\/ f\u0151,<\/li>\n<li>Ingyenes Spa haszn\u00e1lat (medence, jakuzzi, szaun\u00e1k, mini fitneszterem)<\/li>\n<\/ul>\n<p><strong>Aj\u00e1nlat \u00e1ra: 1890 lej\/ 2 f\u0151<\/strong><\/p>\n","protected":false},"excerpt":{"rendered":"<p>\u00c9rv\u00e9nyes: 2026.03.01-06.30, kiv\u00e9ve a k\u00fcl\u00f6nleges peri\u00f3dusokat (h\u00fasv\u00e9ti vak\u00e1ci\u00f3, M\u00e1jus 1, P\u00fcnk\u00f6sd) Az aj\u00e1nlat tartalma: 2 \u00e9jszaka sz\u00e1ll\u00e1s, k\u00e9t\u00e1gyas elhelyez\u00e9ssel, Sv\u00e9dasztalos reggeli \u00e9s vacsora, Romantikus szobabek\u00e9sz\u00edt\u00e9s, \u00e9rkez\u00e9skor, 1 Aroma 30 perces massz\u00e1zs\/ f\u0151, Ingyenes Spa haszn\u00e1lat (medence, jakuzzi, szaun\u00e1k, mini fitneszterem) Aj\u00e1nlat \u00e1ra: 1890 lej\/ 2 f\u0151<\/p>\n","protected":false},"author":119,"featured_media":878,"parent":0,"menu_order":0,"comment_status":"closed","ping_status":"closed","template":"template-landing-page.php","meta":{"footnotes":""},"class_list":["post-879","page","type-page","status-publish","has-post-thumbnail","hentry"],"yoast_head":"<!-- This site is optimized with the Yoast SEO plugin v27.3 - https:\/\/yoast.com\/product\/yoast-seo-wordpress\/ -->\n<title>Romantic Escape - O3zone Hotel -<\/title>\n<meta name=\"description\" content=\"\u00c9rv\u00e9nyes: 2026.03.01-06.30, kiv\u00e9ve a k\u00fcl\u00f6nleges peri\u00f3dusokat (h\u00fasv\u00e9ti vak\u00e1ci\u00f3, M\u00e1jus 1, P\u00fcnk\u00f6sd)  Az aj\u00e1nlat tartalma:   2 \u00e9jszaka sz\u00e1ll\u00e1s, k\u00e9t\u00e1gyas elhelyez\u00e9ssel,  Sv\u00e9dasztalos reggeli \u00e9s vacsora,  Romantikus szobabek\u00e9sz\u00edt\u00e9s, \u00e9rkez\u00e9skor,  1 Aroma 30 perces massz\u00e1zs\/ f\u0151,  Ingyenes Spa haszn\u00e1lat (medence, jakuzzi, szaun\u00e1k, mini fitneszterem)  Aj\u00e1nlat \u00e1ra: 1890 lej\/ 2 f\u0151.\" \/>\n<meta name=\"robots\" content=\"index, follow, max-snippet:-1, max-image-preview:large, max-video-preview:-1\" \/>\n<link rel=\"canonical\" href=\"https:\/\/www.o3zone.ro\/hu\/romantic-escape\/\" \/>\n<meta property=\"og:locale\" content=\"hu_HU\" \/>\n<meta property=\"og:type\" content=\"article\" \/>\n<meta property=\"og:title\" content=\"Romantic Escape - O3zone Hotel -\" \/>\n<meta property=\"og:description\" content=\"\u00c9rv\u00e9nyes: 2026.03.01-06.30, kiv\u00e9ve a k\u00fcl\u00f6nleges peri\u00f3dusokat (h\u00fasv\u00e9ti vak\u00e1ci\u00f3, M\u00e1jus 1, P\u00fcnk\u00f6sd)  Az aj\u00e1nlat tartalma:   2 \u00e9jszaka sz\u00e1ll\u00e1s, k\u00e9t\u00e1gyas elhelyez\u00e9ssel,  Sv\u00e9dasztalos reggeli \u00e9s vacsora,  Romantikus szobabek\u00e9sz\u00edt\u00e9s, \u00e9rkez\u00e9skor,  1 Aroma 30 perces massz\u00e1zs\/ f\u0151,  Ingyenes Spa haszn\u00e1lat (medence, jakuzzi, szaun\u00e1k, mini fitneszterem)  Aj\u00e1nlat \u00e1ra: 1890 lej\/ 2 f\u0151.\" \/>\n<meta property=\"og:url\" content=\"https:\/\/www.o3zone.ro\/hu\/romantic-escape\/\" \/>\n<meta property=\"og:site_name\" content=\"O3zone Hotel\" \/>\n<meta property=\"article:publisher\" content=\"https:\/\/www.facebook.com\/HotelO3zone\/\" \/>\n<meta property=\"article:modified_time\" content=\"2026-02-27T13:23:28+00:00\" \/>\n<meta property=\"og:image\" content=\"https:\/\/www.o3zone.ro\/wp-content\/uploads\/sites\/97\/2025\/04\/Web-1.jpg\" \/>\n\t<meta property=\"og:image:width\" content=\"1200\" \/>\n\t<meta property=\"og:image:height\" content=\"800\" \/>\n\t<meta property=\"og:image:type\" content=\"image\/jpeg\" \/>\n<meta name=\"twitter:card\" content=\"summary_large_image\" \/>\n<meta name=\"twitter:label1\" content=\"Becs\u00fclt olvas\u00e1si id\u0151\" \/>\n\t<meta name=\"twitter:data1\" content=\"1 perc\" \/>\n<script type=\"application\/ld+json\" class=\"yoast-schema-graph\">{\"@context\":\"https:\\\/\\\/schema.org\",\"@graph\":[{\"@type\":\"WebPage\",\"@id\":\"https:\\\/\\\/www.o3zone.ro\\\/hu\\\/romantic-escape\\\/\",\"url\":\"https:\\\/\\\/www.o3zone.ro\\\/hu\\\/romantic-escape\\\/\",\"name\":\"Romantic Escape - O3zone Hotel -\",\"isPartOf\":{\"@id\":\"https:\\\/\\\/www.o3zone.ro\\\/hu\\\/#website\"},\"primaryImageOfPage\":{\"@id\":\"https:\\\/\\\/www.o3zone.ro\\\/hu\\\/romantic-escape\\\/#primaryimage\"},\"image\":{\"@id\":\"https:\\\/\\\/www.o3zone.ro\\\/hu\\\/romantic-escape\\\/#primaryimage\"},\"thumbnailUrl\":\"https:\\\/\\\/www.o3zone.ro\\\/wp-content\\\/uploads\\\/sites\\\/97\\\/2025\\\/04\\\/Web-1.jpg\",\"datePublished\":\"2025-04-28T10:15:14+00:00\",\"dateModified\":\"2026-02-27T13:23:28+00:00\",\"description\":\"\u00c9rv\u00e9nyes: 2026.03.01-06.30, kiv\u00e9ve a k\u00fcl\u00f6nleges peri\u00f3dusokat (h\u00fasv\u00e9ti vak\u00e1ci\u00f3, M\u00e1jus 1, P\u00fcnk\u00f6sd) Az aj\u00e1nlat tartalma: \u2022 2 \u00e9jszaka sz\u00e1ll\u00e1s, k\u00e9t\u00e1gyas elhelyez\u00e9ssel, \u2022 Sv\u00e9dasztalos reggeli \u00e9s vacsora, \u2022 Romantikus szobabek\u00e9sz\u00edt\u00e9s, \u00e9rkez\u00e9skor, \u2022 1 Aroma 30 perces massz\u00e1zs\\\/ f\u0151, \u2022 Ingyenes Spa haszn\u00e1lat (medence, jakuzzi, szaun\u00e1k, mini fitneszterem) Aj\u00e1nlat \u00e1ra: 1890 lej\\\/ 2 f\u0151.\",\"breadcrumb\":{\"@id\":\"https:\\\/\\\/www.o3zone.ro\\\/hu\\\/romantic-escape\\\/#breadcrumb\"},\"inLanguage\":\"hu\",\"potentialAction\":[{\"@type\":\"ReadAction\",\"target\":[\"https:\\\/\\\/www.o3zone.ro\\\/hu\\\/romantic-escape\\\/\"]}]},{\"@type\":\"ImageObject\",\"inLanguage\":\"hu\",\"@id\":\"https:\\\/\\\/www.o3zone.ro\\\/hu\\\/romantic-escape\\\/#primaryimage\",\"url\":\"https:\\\/\\\/www.o3zone.ro\\\/wp-content\\\/uploads\\\/sites\\\/97\\\/2025\\\/04\\\/Web-1.jpg\",\"contentUrl\":\"https:\\\/\\\/www.o3zone.ro\\\/wp-content\\\/uploads\\\/sites\\\/97\\\/2025\\\/04\\\/Web-1.jpg\",\"width\":1200,\"height\":800},{\"@type\":\"BreadcrumbList\",\"@id\":\"https:\\\/\\\/www.o3zone.ro\\\/hu\\\/romantic-escape\\\/#breadcrumb\",\"itemListElement\":[{\"@type\":\"ListItem\",\"position\":1,\"name\":\"Home\",\"item\":\"https:\\\/\\\/www.o3zone.ro\\\/hu\\\/\"},{\"@type\":\"ListItem\",\"position\":2,\"name\":\"Romantic Escape\"}]},{\"@type\":\"WebSite\",\"@id\":\"https:\\\/\\\/www.o3zone.ro\\\/hu\\\/#website\",\"url\":\"https:\\\/\\\/www.o3zone.ro\\\/hu\\\/\",\"name\":\"O3zone Hotel\",\"description\":\"\",\"potentialAction\":[{\"@type\":\"SearchAction\",\"target\":{\"@type\":\"EntryPoint\",\"urlTemplate\":\"https:\\\/\\\/www.o3zone.ro\\\/hu\\\/?s={search_term_string}\"},\"query-input\":{\"@type\":\"PropertyValueSpecification\",\"valueRequired\":true,\"valueName\":\"search_term_string\"}}],\"inLanguage\":\"hu\"}]}<\/script>\n<!-- \/ Yoast SEO plugin. -->","yoast_head_json":{"title":"Romantic Escape - O3zone Hotel -","description":"\u00c9rv\u00e9nyes: 2026.03.01-06.30, kiv\u00e9ve a k\u00fcl\u00f6nleges peri\u00f3dusokat (h\u00fasv\u00e9ti vak\u00e1ci\u00f3, M\u00e1jus 1, P\u00fcnk\u00f6sd)  Az aj\u00e1nlat tartalma:   2 \u00e9jszaka sz\u00e1ll\u00e1s, k\u00e9t\u00e1gyas elhelyez\u00e9ssel,  Sv\u00e9dasztalos reggeli \u00e9s vacsora,  Romantikus szobabek\u00e9sz\u00edt\u00e9s, \u00e9rkez\u00e9skor,  1 Aroma 30 perces massz\u00e1zs\/ f\u0151,  Ingyenes Spa haszn\u00e1lat (medence, jakuzzi, szaun\u00e1k, mini fitneszterem)  Aj\u00e1nlat \u00e1ra: 1890 lej\/ 2 f\u0151.","robots":{"index":"index","follow":"follow","max-snippet":"max-snippet:-1","max-image-preview":"max-image-preview:large","max-video-preview":"max-video-preview:-1"},"canonical":"https:\/\/www.o3zone.ro\/hu\/romantic-escape\/","og_locale":"hu_HU","og_type":"article","og_title":"Romantic Escape - O3zone Hotel -","og_description":"\u00c9rv\u00e9nyes: 2026.03.01-06.30, kiv\u00e9ve a k\u00fcl\u00f6nleges peri\u00f3dusokat (h\u00fasv\u00e9ti vak\u00e1ci\u00f3, M\u00e1jus 1, P\u00fcnk\u00f6sd)  Az aj\u00e1nlat tartalma:   2 \u00e9jszaka sz\u00e1ll\u00e1s, k\u00e9t\u00e1gyas elhelyez\u00e9ssel,  Sv\u00e9dasztalos reggeli \u00e9s vacsora,  Romantikus szobabek\u00e9sz\u00edt\u00e9s, \u00e9rkez\u00e9skor,  1 Aroma 30 perces massz\u00e1zs\/ f\u0151,  Ingyenes Spa haszn\u00e1lat (medence, jakuzzi, szaun\u00e1k, mini fitneszterem)  Aj\u00e1nlat \u00e1ra: 1890 lej\/ 2 f\u0151.","og_url":"https:\/\/www.o3zone.ro\/hu\/romantic-escape\/","og_site_name":"O3zone Hotel","article_publisher":"https:\/\/www.facebook.com\/HotelO3zone\/","article_modified_time":"2026-02-27T13:23:28+00:00","og_image":[{"width":1200,"height":800,"url":"https:\/\/www.o3zone.ro\/wp-content\/uploads\/sites\/97\/2025\/04\/Web-1.jpg","type":"image\/jpeg"}],"twitter_card":"summary_large_image","twitter_misc":{"Becs\u00fclt olvas\u00e1si id\u0151":"1 perc"},"schema":{"@context":"https:\/\/schema.org","@graph":[{"@type":"WebPage","@id":"https:\/\/www.o3zone.ro\/hu\/romantic-escape\/","url":"https:\/\/www.o3zone.ro\/hu\/romantic-escape\/","name":"Romantic Escape - O3zone Hotel -","isPartOf":{"@id":"https:\/\/www.o3zone.ro\/hu\/#website"},"primaryImageOfPage":{"@id":"https:\/\/www.o3zone.ro\/hu\/romantic-escape\/#primaryimage"},"image":{"@id":"https:\/\/www.o3zone.ro\/hu\/romantic-escape\/#primaryimage"},"thumbnailUrl":"https:\/\/www.o3zone.ro\/wp-content\/uploads\/sites\/97\/2025\/04\/Web-1.jpg","datePublished":"2025-04-28T10:15:14+00:00","dateModified":"2026-02-27T13:23:28+00:00","description":"\u00c9rv\u00e9nyes: 2026.03.01-06.30, kiv\u00e9ve a k\u00fcl\u00f6nleges peri\u00f3dusokat (h\u00fasv\u00e9ti vak\u00e1ci\u00f3, M\u00e1jus 1, P\u00fcnk\u00f6sd) Az aj\u00e1nlat tartalma: \u2022 2 \u00e9jszaka sz\u00e1ll\u00e1s, k\u00e9t\u00e1gyas elhelyez\u00e9ssel, \u2022 Sv\u00e9dasztalos reggeli \u00e9s vacsora, \u2022 Romantikus szobabek\u00e9sz\u00edt\u00e9s, \u00e9rkez\u00e9skor, \u2022 1 Aroma 30 perces massz\u00e1zs\/ f\u0151, \u2022 Ingyenes Spa haszn\u00e1lat (medence, jakuzzi, szaun\u00e1k, mini fitneszterem) Aj\u00e1nlat \u00e1ra: 1890 lej\/ 2 f\u0151.","breadcrumb":{"@id":"https:\/\/www.o3zone.ro\/hu\/romantic-escape\/#breadcrumb"},"inLanguage":"hu","potentialAction":[{"@type":"ReadAction","target":["https:\/\/www.o3zone.ro\/hu\/romantic-escape\/"]}]},{"@type":"ImageObject","inLanguage":"hu","@id":"https:\/\/www.o3zone.ro\/hu\/romantic-escape\/#primaryimage","url":"https:\/\/www.o3zone.ro\/wp-content\/uploads\/sites\/97\/2025\/04\/Web-1.jpg","contentUrl":"https:\/\/www.o3zone.ro\/wp-content\/uploads\/sites\/97\/2025\/04\/Web-1.jpg","width":1200,"height":800},{"@type":"BreadcrumbList","@id":"https:\/\/www.o3zone.ro\/hu\/romantic-escape\/#breadcrumb","itemListElement":[{"@type":"ListItem","position":1,"name":"Home","item":"https:\/\/www.o3zone.ro\/hu\/"},{"@type":"ListItem","position":2,"name":"Romantic Escape"}]},{"@type":"WebSite","@id":"https:\/\/www.o3zone.ro\/hu\/#website","url":"https:\/\/www.o3zone.ro\/hu\/","name":"O3zone Hotel","description":"","potentialAction":[{"@type":"SearchAction","target":{"@type":"EntryPoint","urlTemplate":"https:\/\/www.o3zone.ro\/hu\/?s={search_term_string}"},"query-input":{"@type":"PropertyValueSpecification","valueRequired":true,"valueName":"search_term_string"}}],"inLanguage":"hu"}]}},"acf":[],"_links":{"self":[{"href":"https:\/\/www.o3zone.ro\/hu\/wp-json\/wp\/v2\/pages\/879","targetHints":{"allow":["GET"]}}],"collection":[{"href":"https:\/\/www.o3zone.ro\/hu\/wp-json\/wp\/v2\/pages"}],"about":[{"href":"https:\/\/www.o3zone.ro\/hu\/wp-json\/wp\/v2\/types\/page"}],"author":[{"embeddable":true,"href":"https:\/\/www.o3zone.ro\/hu\/wp-json\/wp\/v2\/users\/119"}],"replies":[{"embeddable":true,"href":"https:\/\/www.o3zone.ro\/hu\/wp-json\/wp\/v2\/comments?post=879"}],"version-history":[{"count":0,"href":"https:\/\/www.o3zone.ro\/hu\/wp-json\/wp\/v2\/pages\/879\/revisions"}],"wp:featuredmedia":[{"embeddable":true,"href":"https:\/\/www.o3zone.ro\/hu\/wp-json\/wp\/v2\/media\/878"}],"wp:attachment":[{"href":"https:\/\/www.o3zone.ro\/hu\/wp-json\/wp\/v2\/media?parent=879"}],"curies":[{"name":"wp","href":"https:\/\/api.w.org\/{rel}","templated":true}]}}