{"id":874,"date":"2025-04-28T09:33:00","date_gmt":"2025-04-28T09:33:00","guid":{"rendered":"https:\/\/www.o3zone.ro\/?page_id=874"},"modified":"2026-02-27T13:15:40","modified_gmt":"2026-02-27T13:15:40","slug":"its-your-day","status":"publish","type":"page","link":"https:\/\/www.o3zone.ro\/hu\/its-your-day\/","title":{"rendered":"It`s Your Day"},"content":{"rendered":"<p><strong>\u00c9rv\u00e9nyess\u00e9g: 2026.03.01-06.30, kiv\u00e9ve a k\u00fcl\u00f6nleges peri\u00f3dusokat (h\u00fasv\u00e9ti vak\u00e1ci\u00f3, M\u00e1jus 1, P\u00fcnk\u00f6sd)<\/strong><\/p>\n<p><strong>Az aj\u00e1nlat tartalma:<\/strong><\/p>\n<ul>\n<li>2 \u00e9jszaka sz\u00e1ll\u00e1s, k\u00e9t\u00e1gyas elhelyez\u00e9ssel,<\/li>\n<li>Sv\u00e9dasztalos reggeli \u00e9s vacsora,<\/li>\n<li>Torta \u00e9s 1 \u00fcveg bor* a szob\u00e1ban(*a gyerekeknek h\u00e9liumos luficsokor),<\/li>\n<li>1 Harmony Scent 45 perces massz\u00e1zs az \u00fcnnepeltnek,<\/li>\n<li>Ingyenes Spa haszn\u00e1lat (medence, jakuzzi, szaun\u00e1k, mini fitneszterem)<\/li>\n<\/ul>\n<p><strong>Aj\u00e1nlat \u00e1ra:<\/strong> <strong>1860 lej<\/strong>\/ <strong>2 f\u0151<\/strong><\/p>\n<p>&nbsp;<\/p>\n<p>&nbsp;<\/p>\n","protected":false},"excerpt":{"rendered":"<p>\u00c9rv\u00e9nyess\u00e9g: 2026.03.01-06.30, kiv\u00e9ve a k\u00fcl\u00f6nleges peri\u00f3dusokat (h\u00fasv\u00e9ti vak\u00e1ci\u00f3, M\u00e1jus 1, P\u00fcnk\u00f6sd) Az aj\u00e1nlat tartalma: 2 \u00e9jszaka sz\u00e1ll\u00e1s, k\u00e9t\u00e1gyas elhelyez\u00e9ssel, Sv\u00e9dasztalos reggeli \u00e9s vacsora, Torta \u00e9s 1 \u00fcveg bor* a szob\u00e1ban(*a gyerekeknek h\u00e9liumos luficsokor), 1 Harmony Scent 45 perces massz\u00e1zs az \u00fcnnepeltnek, Ingyenes Spa haszn\u00e1lat (medence, jakuzzi, szaun\u00e1k, mini fitneszterem) Aj\u00e1nlat \u00e1ra: 1860 lej\/ 2 f\u0151 [&hellip;]<\/p>\n","protected":false},"author":119,"featured_media":0,"parent":0,"menu_order":0,"comment_status":"closed","ping_status":"closed","template":"template-landing-page.php","meta":{"footnotes":""},"class_list":["post-874","page","type-page","status-publish","hentry"],"yoast_head":"<!-- This site is optimized with the Yoast SEO plugin v27.3 - https:\/\/yoast.com\/product\/yoast-seo-wordpress\/ -->\n<title>It`s Your Day - O3zone Hotel -<\/title>\n<meta name=\"description\" content=\"\u00c9rv\u00e9nyess\u00e9g: 2026.03.01-06.30, kiv\u00e9ve a k\u00fcl\u00f6nleges peri\u00f3dusokat (h\u00fasv\u00e9ti vak\u00e1ci\u00f3, M\u00e1jus 1, P\u00fcnk\u00f6sd)  Az aj\u00e1nlat tartalma:   2 \u00e9jszaka sz\u00e1ll\u00e1s, k\u00e9t\u00e1gyas elhelyez\u00e9ssel,  Sv\u00e9dasztalos reggeli \u00e9s vacsora,  Torta \u00e9s 1 \u00fcveg bor* a szob\u00e1ban(*a gyerekeknek h\u00e9liumos luficsokor),  1 Harmony Scent 45 perces massz\u00e1zs az \u00fcnnepeltnek,  Ingyenes Spa haszn\u00e1lat (medence, jakuzzi, szaun\u00e1k, mini fitneszterem)  Aj\u00e1nlat \u00e1ra: 1860 lej\/ 2 f\u0151  &nbsp;  &nbsp;.\" \/>\n<meta name=\"robots\" content=\"index, follow, max-snippet:-1, max-image-preview:large, max-video-preview:-1\" \/>\n<link rel=\"canonical\" href=\"https:\/\/www.o3zone.ro\/hu\/its-your-day\/\" \/>\n<meta property=\"og:locale\" content=\"hu_HU\" \/>\n<meta property=\"og:type\" content=\"article\" \/>\n<meta property=\"og:title\" content=\"It`s Your Day - O3zone Hotel -\" \/>\n<meta property=\"og:description\" content=\"\u00c9rv\u00e9nyess\u00e9g: 2026.03.01-06.30, kiv\u00e9ve a k\u00fcl\u00f6nleges peri\u00f3dusokat (h\u00fasv\u00e9ti vak\u00e1ci\u00f3, M\u00e1jus 1, P\u00fcnk\u00f6sd)  Az aj\u00e1nlat tartalma:   2 \u00e9jszaka sz\u00e1ll\u00e1s, k\u00e9t\u00e1gyas elhelyez\u00e9ssel,  Sv\u00e9dasztalos reggeli \u00e9s vacsora,  Torta \u00e9s 1 \u00fcveg bor* a szob\u00e1ban(*a gyerekeknek h\u00e9liumos luficsokor),  1 Harmony Scent 45 perces massz\u00e1zs az \u00fcnnepeltnek,  Ingyenes Spa haszn\u00e1lat (medence, jakuzzi, szaun\u00e1k, mini fitneszterem)  Aj\u00e1nlat \u00e1ra: 1860 lej\/ 2 f\u0151  &nbsp;  &nbsp;.\" \/>\n<meta property=\"og:url\" content=\"https:\/\/www.o3zone.ro\/hu\/its-your-day\/\" \/>\n<meta property=\"og:site_name\" content=\"O3zone Hotel\" \/>\n<meta property=\"article:publisher\" content=\"https:\/\/www.facebook.com\/HotelO3zone\/\" \/>\n<meta property=\"article:modified_time\" content=\"2026-02-27T13:15:40+00:00\" \/>\n<meta property=\"og:image\" content=\"https:\/\/www.o3zone.ro\/wp-content\/uploads\/sites\/97\/2024\/03\/01-45-e1711368229192.jpg\" \/>\n\t<meta property=\"og:image:width\" content=\"1293\" \/>\n\t<meta property=\"og:image:height\" content=\"1200\" \/>\n\t<meta property=\"og:image:type\" content=\"image\/jpeg\" \/>\n<meta name=\"twitter:card\" content=\"summary_large_image\" \/>\n<meta name=\"twitter:label1\" content=\"Becs\u00fclt olvas\u00e1si id\u0151\" \/>\n\t<meta name=\"twitter:data1\" content=\"1 perc\" \/>\n<script type=\"application\/ld+json\" class=\"yoast-schema-graph\">{\"@context\":\"https:\\\/\\\/schema.org\",\"@graph\":[{\"@type\":\"WebPage\",\"@id\":\"https:\\\/\\\/www.o3zone.ro\\\/hu\\\/its-your-day\\\/\",\"url\":\"https:\\\/\\\/www.o3zone.ro\\\/hu\\\/its-your-day\\\/\",\"name\":\"It`s Your Day - O3zone Hotel -\",\"isPartOf\":{\"@id\":\"https:\\\/\\\/www.o3zone.ro\\\/hu\\\/#website\"},\"datePublished\":\"2025-04-28T09:33:00+00:00\",\"dateModified\":\"2026-02-27T13:15:40+00:00\",\"description\":\"\u00c9rv\u00e9nyess\u00e9g: 2026.03.01-06.30, kiv\u00e9ve a k\u00fcl\u00f6nleges peri\u00f3dusokat (h\u00fasv\u00e9ti vak\u00e1ci\u00f3, M\u00e1jus 1, P\u00fcnk\u00f6sd) Az aj\u00e1nlat tartalma: \u2022 2 \u00e9jszaka sz\u00e1ll\u00e1s, k\u00e9t\u00e1gyas elhelyez\u00e9ssel, \u2022 Sv\u00e9dasztalos reggeli \u00e9s vacsora, \u2022 Torta \u00e9s 1 \u00fcveg bor* a szob\u00e1ban(*a gyerekeknek h\u00e9liumos luficsokor), \u2022 1 Harmony Scent 45 perces massz\u00e1zs az \u00fcnnepeltnek, \u2022 Ingyenes Spa haszn\u00e1lat (medence, jakuzzi, szaun\u00e1k, mini fitneszterem) Aj\u00e1nlat \u00e1ra: 1860 lej\\\/ 2 f\u0151 &nbsp; &nbsp;.\",\"breadcrumb\":{\"@id\":\"https:\\\/\\\/www.o3zone.ro\\\/hu\\\/its-your-day\\\/#breadcrumb\"},\"inLanguage\":\"hu\",\"potentialAction\":[{\"@type\":\"ReadAction\",\"target\":[\"https:\\\/\\\/www.o3zone.ro\\\/hu\\\/its-your-day\\\/\"]}]},{\"@type\":\"BreadcrumbList\",\"@id\":\"https:\\\/\\\/www.o3zone.ro\\\/hu\\\/its-your-day\\\/#breadcrumb\",\"itemListElement\":[{\"@type\":\"ListItem\",\"position\":1,\"name\":\"Home\",\"item\":\"https:\\\/\\\/www.o3zone.ro\\\/hu\\\/\"},{\"@type\":\"ListItem\",\"position\":2,\"name\":\"It`s Your Day\"}]},{\"@type\":\"WebSite\",\"@id\":\"https:\\\/\\\/www.o3zone.ro\\\/hu\\\/#website\",\"url\":\"https:\\\/\\\/www.o3zone.ro\\\/hu\\\/\",\"name\":\"O3zone Hotel\",\"description\":\"\",\"potentialAction\":[{\"@type\":\"SearchAction\",\"target\":{\"@type\":\"EntryPoint\",\"urlTemplate\":\"https:\\\/\\\/www.o3zone.ro\\\/hu\\\/?s={search_term_string}\"},\"query-input\":{\"@type\":\"PropertyValueSpecification\",\"valueRequired\":true,\"valueName\":\"search_term_string\"}}],\"inLanguage\":\"hu\"}]}<\/script>\n<!-- \/ Yoast SEO plugin. -->","yoast_head_json":{"title":"It`s Your Day - O3zone Hotel -","description":"\u00c9rv\u00e9nyess\u00e9g: 2026.03.01-06.30, kiv\u00e9ve a k\u00fcl\u00f6nleges peri\u00f3dusokat (h\u00fasv\u00e9ti vak\u00e1ci\u00f3, M\u00e1jus 1, P\u00fcnk\u00f6sd)  Az aj\u00e1nlat tartalma:   2 \u00e9jszaka sz\u00e1ll\u00e1s, k\u00e9t\u00e1gyas elhelyez\u00e9ssel,  Sv\u00e9dasztalos reggeli \u00e9s vacsora,  Torta \u00e9s 1 \u00fcveg bor* a szob\u00e1ban(*a gyerekeknek h\u00e9liumos luficsokor),  1 Harmony Scent 45 perces massz\u00e1zs az \u00fcnnepeltnek,  Ingyenes Spa haszn\u00e1lat (medence, jakuzzi, szaun\u00e1k, mini fitneszterem)  Aj\u00e1nlat \u00e1ra: 1860 lej\/ 2 f\u0151  &nbsp;  &nbsp;.","robots":{"index":"index","follow":"follow","max-snippet":"max-snippet:-1","max-image-preview":"max-image-preview:large","max-video-preview":"max-video-preview:-1"},"canonical":"https:\/\/www.o3zone.ro\/hu\/its-your-day\/","og_locale":"hu_HU","og_type":"article","og_title":"It`s Your Day - O3zone Hotel -","og_description":"\u00c9rv\u00e9nyess\u00e9g: 2026.03.01-06.30, kiv\u00e9ve a k\u00fcl\u00f6nleges peri\u00f3dusokat (h\u00fasv\u00e9ti vak\u00e1ci\u00f3, M\u00e1jus 1, P\u00fcnk\u00f6sd)  Az aj\u00e1nlat tartalma:   2 \u00e9jszaka sz\u00e1ll\u00e1s, k\u00e9t\u00e1gyas elhelyez\u00e9ssel,  Sv\u00e9dasztalos reggeli \u00e9s vacsora,  Torta \u00e9s 1 \u00fcveg bor* a szob\u00e1ban(*a gyerekeknek h\u00e9liumos luficsokor),  1 Harmony Scent 45 perces massz\u00e1zs az \u00fcnnepeltnek,  Ingyenes Spa haszn\u00e1lat (medence, jakuzzi, szaun\u00e1k, mini fitneszterem)  Aj\u00e1nlat \u00e1ra: 1860 lej\/ 2 f\u0151  &nbsp;  &nbsp;.","og_url":"https:\/\/www.o3zone.ro\/hu\/its-your-day\/","og_site_name":"O3zone Hotel","article_publisher":"https:\/\/www.facebook.com\/HotelO3zone\/","article_modified_time":"2026-02-27T13:15:40+00:00","og_image":[{"width":1293,"height":1200,"url":"https:\/\/www.o3zone.ro\/wp-content\/uploads\/sites\/97\/2024\/03\/01-45-e1711368229192.jpg","type":"image\/jpeg"}],"twitter_card":"summary_large_image","twitter_misc":{"Becs\u00fclt olvas\u00e1si id\u0151":"1 perc"},"schema":{"@context":"https:\/\/schema.org","@graph":[{"@type":"WebPage","@id":"https:\/\/www.o3zone.ro\/hu\/its-your-day\/","url":"https:\/\/www.o3zone.ro\/hu\/its-your-day\/","name":"It`s Your Day - O3zone Hotel -","isPartOf":{"@id":"https:\/\/www.o3zone.ro\/hu\/#website"},"datePublished":"2025-04-28T09:33:00+00:00","dateModified":"2026-02-27T13:15:40+00:00","description":"\u00c9rv\u00e9nyess\u00e9g: 2026.03.01-06.30, kiv\u00e9ve a k\u00fcl\u00f6nleges peri\u00f3dusokat (h\u00fasv\u00e9ti vak\u00e1ci\u00f3, M\u00e1jus 1, P\u00fcnk\u00f6sd) Az aj\u00e1nlat tartalma: \u2022 2 \u00e9jszaka sz\u00e1ll\u00e1s, k\u00e9t\u00e1gyas elhelyez\u00e9ssel, \u2022 Sv\u00e9dasztalos reggeli \u00e9s vacsora, \u2022 Torta \u00e9s 1 \u00fcveg bor* a szob\u00e1ban(*a gyerekeknek h\u00e9liumos luficsokor), \u2022 1 Harmony Scent 45 perces massz\u00e1zs az \u00fcnnepeltnek, \u2022 Ingyenes Spa haszn\u00e1lat (medence, jakuzzi, szaun\u00e1k, mini fitneszterem) Aj\u00e1nlat \u00e1ra: 1860 lej\/ 2 f\u0151 &nbsp; &nbsp;.","breadcrumb":{"@id":"https:\/\/www.o3zone.ro\/hu\/its-your-day\/#breadcrumb"},"inLanguage":"hu","potentialAction":[{"@type":"ReadAction","target":["https:\/\/www.o3zone.ro\/hu\/its-your-day\/"]}]},{"@type":"BreadcrumbList","@id":"https:\/\/www.o3zone.ro\/hu\/its-your-day\/#breadcrumb","itemListElement":[{"@type":"ListItem","position":1,"name":"Home","item":"https:\/\/www.o3zone.ro\/hu\/"},{"@type":"ListItem","position":2,"name":"It`s Your Day"}]},{"@type":"WebSite","@id":"https:\/\/www.o3zone.ro\/hu\/#website","url":"https:\/\/www.o3zone.ro\/hu\/","name":"O3zone Hotel","description":"","potentialAction":[{"@type":"SearchAction","target":{"@type":"EntryPoint","urlTemplate":"https:\/\/www.o3zone.ro\/hu\/?s={search_term_string}"},"query-input":{"@type":"PropertyValueSpecification","valueRequired":true,"valueName":"search_term_string"}}],"inLanguage":"hu"}]}},"acf":[],"_links":{"self":[{"href":"https:\/\/www.o3zone.ro\/hu\/wp-json\/wp\/v2\/pages\/874","targetHints":{"allow":["GET"]}}],"collection":[{"href":"https:\/\/www.o3zone.ro\/hu\/wp-json\/wp\/v2\/pages"}],"about":[{"href":"https:\/\/www.o3zone.ro\/hu\/wp-json\/wp\/v2\/types\/page"}],"author":[{"embeddable":true,"href":"https:\/\/www.o3zone.ro\/hu\/wp-json\/wp\/v2\/users\/119"}],"replies":[{"embeddable":true,"href":"https:\/\/www.o3zone.ro\/hu\/wp-json\/wp\/v2\/comments?post=874"}],"version-history":[{"count":0,"href":"https:\/\/www.o3zone.ro\/hu\/wp-json\/wp\/v2\/pages\/874\/revisions"}],"wp:attachment":[{"href":"https:\/\/www.o3zone.ro\/hu\/wp-json\/wp\/v2\/media?parent=874"}],"curies":[{"name":"wp","href":"https:\/\/api.w.org\/{rel}","templated":true}]}}