{"id":825,"date":"2025-01-30T08:26:12","date_gmt":"2025-01-30T08:26:12","guid":{"rendered":"https:\/\/www.o3zone.ro\/?page_id=825"},"modified":"2026-01-21T11:31:43","modified_gmt":"2026-01-21T11:31:43","slug":"time-2-relax","status":"publish","type":"page","link":"https:\/\/www.o3zone.ro\/hu\/time-2-relax\/","title":{"rendered":"Time 2 Relax"},"content":{"rendered":"<p><strong>\u00c9rv\u00e9nyes: 2026.03.01-2026.06.26, kiv\u00e9ve a 2026.04.03-2026.04.13 peri\u00f3dust<br \/>\n<\/strong><\/p>\n<p><strong>\u00c9rkez\u00e9s vas\u00e1rnapt\u00f3l-keddig<\/strong><\/p>\n<p><strong>A csomag tartalma:<\/strong><\/p>\n<ul>\n<li>3 \u00e9jszaka sz\u00e1ll\u00e1s k\u00e9t\u00e1gyas szob\u00e1ban (vas\u00e1rnap-p\u00e9ntek)<\/li>\n<li>sv\u00e9dasztalos reggeli \u00e9s vacsora<\/li>\n<li><strong>Harmony Scent massz\u00e1zs \u2013 45 perc<\/strong>, O3zone saj\u00e1t, egyedi olajkever\u00e9k\u00e9vel<\/li>\n<li>Ingyenes medence, szauna, jakuzzi \u00e9s mini fitness terem haszn\u00e1lat<\/li>\n<\/ul>\n<p><strong>Az aj\u00e1nlat \u00e1ra: 1140 lej\/ f\u0151\/ 3 \u00e9jszak\u00e1s aj\u00e1nlat<\/strong><\/p>\n<ul>\n<li>Single szoba fel\u00e1r: 360 lej\/ szoba\/ aj\u00e1nlat<\/li>\n<li>Touch of Nature szoba fel\u00e1r: 150 lej\/ szoba\/ aj\u00e1nlat<\/li>\n<li>Apartman fel\u00e1r: 540 lej\/ apartman\/ aj\u00e1nlat<\/li>\n<li>Family apartman fel\u00e1r: 630lej\/ apartman\/ aj\u00e1nlat<\/li>\n<li>Deluxe apartman fel\u00e1r: 750 lej\/ apartman\/ aj\u00e1nlat<\/li>\n<\/ul>\n","protected":false},"excerpt":{"rendered":"<p>\u00c9rv\u00e9nyes: 2026.03.01-2026.06.26, kiv\u00e9ve a 2026.04.03-2026.04.13 peri\u00f3dust \u00c9rkez\u00e9s vas\u00e1rnapt\u00f3l-keddig A csomag tartalma: 3 \u00e9jszaka sz\u00e1ll\u00e1s k\u00e9t\u00e1gyas szob\u00e1ban (vas\u00e1rnap-p\u00e9ntek) sv\u00e9dasztalos reggeli \u00e9s vacsora Harmony Scent massz\u00e1zs \u2013 45 perc, O3zone saj\u00e1t, egyedi olajkever\u00e9k\u00e9vel Ingyenes medence, szauna, jakuzzi \u00e9s mini fitness terem haszn\u00e1lat Az aj\u00e1nlat \u00e1ra: 1140 lej\/ f\u0151\/ 3 \u00e9jszak\u00e1s aj\u00e1nlat Single szoba fel\u00e1r: 360 lej\/ szoba\/ [&hellip;]<\/p>\n","protected":false},"author":119,"featured_media":0,"parent":0,"menu_order":0,"comment_status":"closed","ping_status":"closed","template":"template-landing-page.php","meta":{"footnotes":""},"yoast_head":"<!-- This site is optimized with the Yoast SEO plugin v22.3 - https:\/\/yoast.com\/wordpress\/plugins\/seo\/ -->\n<title>Time 2 Relax - O3zone Hotel -<\/title>\n<meta name=\"description\" content=\"\u00c9rv\u00e9nyes: 2026.03.01-2026.06.26, kiv\u00e9ve a 2026.04.03-2026.04.13 peri\u00f3dust   \u00c9rkez\u00e9s vas\u00e1rnapt\u00f3l-keddig  A csomag tartalma:   3 \u00e9jszaka sz\u00e1ll\u00e1s k\u00e9t\u00e1gyas szob\u00e1ban (vas\u00e1rnap-p\u00e9ntek)  sv\u00e9dasztalos reggeli \u00e9s vacsora  Harmony Scent massz\u00e1zs \u2013 45 perc, O3zone saj\u00e1t, egyedi olajkever\u00e9k\u00e9vel  Ingyenes medence, szauna, jakuzzi \u00e9s mini fitness terem haszn\u00e1lat  Az aj\u00e1nlat \u00e1ra: 1140 lej\/ f\u0151\/ 3 \u00e9jszak\u00e1s aj\u00e1nlat   Single szoba fel\u00e1r: 360 lej\/ szoba\/ aj\u00e1nlat  Touch of Nature szoba fel\u00e1r: 150 lej\/ szoba\/ aj\u00e1nlat  Apartman fel\u00e1r: 540 lej\/ apartman\/ aj\u00e1nlat  Family apartman fel\u00e1r: 630lej\/ apartman\/ aj\u00e1nlat  Deluxe apartman fel\u00e1r: 750 lej\/ apartman\/ aj\u00e1nlat .\" \/>\n<meta name=\"robots\" content=\"index, follow, max-snippet:-1, max-image-preview:large, max-video-preview:-1\" \/>\n<link rel=\"canonical\" href=\"https:\/\/www.o3zone.ro\/hu\/time-2-relax\/\" \/>\n<meta property=\"og:locale\" content=\"hu_HU\" \/>\n<meta property=\"og:type\" content=\"article\" \/>\n<meta property=\"og:title\" content=\"Time 2 Relax - O3zone Hotel -\" \/>\n<meta property=\"og:description\" content=\"\u00c9rv\u00e9nyes: 2026.03.01-2026.06.26, kiv\u00e9ve a 2026.04.03-2026.04.13 peri\u00f3dust   \u00c9rkez\u00e9s vas\u00e1rnapt\u00f3l-keddig  A csomag tartalma:   3 \u00e9jszaka sz\u00e1ll\u00e1s k\u00e9t\u00e1gyas szob\u00e1ban (vas\u00e1rnap-p\u00e9ntek)  sv\u00e9dasztalos reggeli \u00e9s vacsora  Harmony Scent massz\u00e1zs \u2013 45 perc, O3zone saj\u00e1t, egyedi olajkever\u00e9k\u00e9vel  Ingyenes medence, szauna, jakuzzi \u00e9s mini fitness terem haszn\u00e1lat  Az aj\u00e1nlat \u00e1ra: 1140 lej\/ f\u0151\/ 3 \u00e9jszak\u00e1s aj\u00e1nlat   Single szoba fel\u00e1r: 360 lej\/ szoba\/ aj\u00e1nlat  Touch of Nature szoba fel\u00e1r: 150 lej\/ szoba\/ aj\u00e1nlat  Apartman fel\u00e1r: 540 lej\/ apartman\/ aj\u00e1nlat  Family apartman fel\u00e1r: 630lej\/ apartman\/ aj\u00e1nlat  Deluxe apartman fel\u00e1r: 750 lej\/ apartman\/ aj\u00e1nlat .\" \/>\n<meta property=\"og:url\" content=\"https:\/\/www.o3zone.ro\/hu\/time-2-relax\/\" \/>\n<meta property=\"og:site_name\" content=\"O3zone Hotel\" \/>\n<meta property=\"article:publisher\" content=\"https:\/\/www.facebook.com\/HotelO3zone\/\" \/>\n<meta property=\"article:modified_time\" content=\"2026-01-21T11:31:43+00:00\" \/>\n<meta property=\"og:image\" content=\"https:\/\/www.o3zone.ro\/wp-content\/uploads\/sites\/97\/2024\/03\/01-45-e1711368229192.jpg\" \/>\n\t<meta property=\"og:image:width\" content=\"1293\" \/>\n\t<meta property=\"og:image:height\" content=\"1200\" \/>\n\t<meta property=\"og:image:type\" content=\"image\/jpeg\" \/>\n<meta name=\"twitter:card\" content=\"summary_large_image\" \/>\n<meta name=\"twitter:label1\" content=\"Becs\u00fclt olvas\u00e1si id\u0151\" \/>\n\t<meta name=\"twitter:data1\" content=\"1 perc\" \/>\n<script type=\"application\/ld+json\" class=\"yoast-schema-graph\">{\"@context\":\"https:\/\/schema.org\",\"@graph\":[{\"@type\":\"WebPage\",\"@id\":\"https:\/\/www.o3zone.ro\/hu\/time-2-relax\/\",\"url\":\"https:\/\/www.o3zone.ro\/hu\/time-2-relax\/\",\"name\":\"Time 2 Relax - O3zone Hotel -\",\"isPartOf\":{\"@id\":\"https:\/\/www.o3zone.ro\/hu\/#website\"},\"datePublished\":\"2025-01-30T08:26:12+00:00\",\"dateModified\":\"2026-01-21T11:31:43+00:00\",\"description\":\"\u00c9rv\u00e9nyes: 2026.03.01-2026.06.26, kiv\u00e9ve a 2026.04.03-2026.04.13 peri\u00f3dust \u00c9rkez\u00e9s vas\u00e1rnapt\u00f3l-keddig A csomag tartalma: \u2022 3 \u00e9jszaka sz\u00e1ll\u00e1s k\u00e9t\u00e1gyas szob\u00e1ban (vas\u00e1rnap-p\u00e9ntek) \u2022 sv\u00e9dasztalos reggeli \u00e9s vacsora \u2022 Harmony Scent massz\u00e1zs \u2013 45 perc, O3zone saj\u00e1t, egyedi olajkever\u00e9k\u00e9vel \u2022 Ingyenes medence, szauna, jakuzzi \u00e9s mini fitness terem haszn\u00e1lat Az aj\u00e1nlat \u00e1ra: 1140 lej\/ f\u0151\/ 3 \u00e9jszak\u00e1s aj\u00e1nlat \u2022 Single szoba fel\u00e1r: 360 lej\/ szoba\/ aj\u00e1nlat \u2022 Touch of Nature szoba fel\u00e1r: 150 lej\/ szoba\/ aj\u00e1nlat \u2022 Apartman fel\u00e1r: 540 lej\/ apartman\/ aj\u00e1nlat \u2022 Family apartman fel\u00e1r: 630lej\/ apartman\/ aj\u00e1nlat \u2022 Deluxe apartman fel\u00e1r: 750 lej\/ apartman\/ aj\u00e1nlat .\",\"breadcrumb\":{\"@id\":\"https:\/\/www.o3zone.ro\/hu\/time-2-relax\/#breadcrumb\"},\"inLanguage\":\"hu\",\"potentialAction\":[{\"@type\":\"ReadAction\",\"target\":[\"https:\/\/www.o3zone.ro\/hu\/time-2-relax\/\"]}]},{\"@type\":\"BreadcrumbList\",\"@id\":\"https:\/\/www.o3zone.ro\/hu\/time-2-relax\/#breadcrumb\",\"itemListElement\":[{\"@type\":\"ListItem\",\"position\":1,\"name\":\"Home\",\"item\":\"https:\/\/www.o3zone.ro\/hu\/\"},{\"@type\":\"ListItem\",\"position\":2,\"name\":\"Time 2 Relax\"}]},{\"@type\":\"WebSite\",\"@id\":\"https:\/\/www.o3zone.ro\/hu\/#website\",\"url\":\"https:\/\/www.o3zone.ro\/hu\/\",\"name\":\"O3zone Hotel\",\"description\":\"\",\"potentialAction\":[{\"@type\":\"SearchAction\",\"target\":{\"@type\":\"EntryPoint\",\"urlTemplate\":\"https:\/\/www.o3zone.ro\/hu\/?s={search_term_string}\"},\"query-input\":\"required name=search_term_string\"}],\"inLanguage\":\"hu\"}]}<\/script>\n<!-- \/ Yoast SEO plugin. -->","yoast_head_json":{"title":"Time 2 Relax - O3zone Hotel -","description":"\u00c9rv\u00e9nyes: 2026.03.01-2026.06.26, kiv\u00e9ve a 2026.04.03-2026.04.13 peri\u00f3dust   \u00c9rkez\u00e9s vas\u00e1rnapt\u00f3l-keddig  A csomag tartalma:   3 \u00e9jszaka sz\u00e1ll\u00e1s k\u00e9t\u00e1gyas szob\u00e1ban (vas\u00e1rnap-p\u00e9ntek)  sv\u00e9dasztalos reggeli \u00e9s vacsora  Harmony Scent massz\u00e1zs \u2013 45 perc, O3zone saj\u00e1t, egyedi olajkever\u00e9k\u00e9vel  Ingyenes medence, szauna, jakuzzi \u00e9s mini fitness terem haszn\u00e1lat  Az aj\u00e1nlat \u00e1ra: 1140 lej\/ f\u0151\/ 3 \u00e9jszak\u00e1s aj\u00e1nlat   Single szoba fel\u00e1r: 360 lej\/ szoba\/ aj\u00e1nlat  Touch of Nature szoba fel\u00e1r: 150 lej\/ szoba\/ aj\u00e1nlat  Apartman fel\u00e1r: 540 lej\/ apartman\/ aj\u00e1nlat  Family apartman fel\u00e1r: 630lej\/ apartman\/ aj\u00e1nlat  Deluxe apartman fel\u00e1r: 750 lej\/ apartman\/ aj\u00e1nlat .","robots":{"index":"index","follow":"follow","max-snippet":"max-snippet:-1","max-image-preview":"max-image-preview:large","max-video-preview":"max-video-preview:-1"},"canonical":"https:\/\/www.o3zone.ro\/hu\/time-2-relax\/","og_locale":"hu_HU","og_type":"article","og_title":"Time 2 Relax - O3zone Hotel -","og_description":"\u00c9rv\u00e9nyes: 2026.03.01-2026.06.26, kiv\u00e9ve a 2026.04.03-2026.04.13 peri\u00f3dust   \u00c9rkez\u00e9s vas\u00e1rnapt\u00f3l-keddig  A csomag tartalma:   3 \u00e9jszaka sz\u00e1ll\u00e1s k\u00e9t\u00e1gyas szob\u00e1ban (vas\u00e1rnap-p\u00e9ntek)  sv\u00e9dasztalos reggeli \u00e9s vacsora  Harmony Scent massz\u00e1zs \u2013 45 perc, O3zone saj\u00e1t, egyedi olajkever\u00e9k\u00e9vel  Ingyenes medence, szauna, jakuzzi \u00e9s mini fitness terem haszn\u00e1lat  Az aj\u00e1nlat \u00e1ra: 1140 lej\/ f\u0151\/ 3 \u00e9jszak\u00e1s aj\u00e1nlat   Single szoba fel\u00e1r: 360 lej\/ szoba\/ aj\u00e1nlat  Touch of Nature szoba fel\u00e1r: 150 lej\/ szoba\/ aj\u00e1nlat  Apartman fel\u00e1r: 540 lej\/ apartman\/ aj\u00e1nlat  Family apartman fel\u00e1r: 630lej\/ apartman\/ aj\u00e1nlat  Deluxe apartman fel\u00e1r: 750 lej\/ apartman\/ aj\u00e1nlat .","og_url":"https:\/\/www.o3zone.ro\/hu\/time-2-relax\/","og_site_name":"O3zone Hotel","article_publisher":"https:\/\/www.facebook.com\/HotelO3zone\/","article_modified_time":"2026-01-21T11:31:43+00:00","og_image":[{"width":1293,"height":1200,"url":"https:\/\/www.o3zone.ro\/wp-content\/uploads\/sites\/97\/2024\/03\/01-45-e1711368229192.jpg","type":"image\/jpeg"}],"twitter_card":"summary_large_image","twitter_misc":{"Becs\u00fclt olvas\u00e1si id\u0151":"1 perc"},"schema":{"@context":"https:\/\/schema.org","@graph":[{"@type":"WebPage","@id":"https:\/\/www.o3zone.ro\/hu\/time-2-relax\/","url":"https:\/\/www.o3zone.ro\/hu\/time-2-relax\/","name":"Time 2 Relax - O3zone Hotel -","isPartOf":{"@id":"https:\/\/www.o3zone.ro\/hu\/#website"},"datePublished":"2025-01-30T08:26:12+00:00","dateModified":"2026-01-21T11:31:43+00:00","description":"\u00c9rv\u00e9nyes: 2026.03.01-2026.06.26, kiv\u00e9ve a 2026.04.03-2026.04.13 peri\u00f3dust \u00c9rkez\u00e9s vas\u00e1rnapt\u00f3l-keddig A csomag tartalma: \u2022 3 \u00e9jszaka sz\u00e1ll\u00e1s k\u00e9t\u00e1gyas szob\u00e1ban (vas\u00e1rnap-p\u00e9ntek) \u2022 sv\u00e9dasztalos reggeli \u00e9s vacsora \u2022 Harmony Scent massz\u00e1zs \u2013 45 perc, O3zone saj\u00e1t, egyedi olajkever\u00e9k\u00e9vel \u2022 Ingyenes medence, szauna, jakuzzi \u00e9s mini fitness terem haszn\u00e1lat Az aj\u00e1nlat \u00e1ra: 1140 lej\/ f\u0151\/ 3 \u00e9jszak\u00e1s aj\u00e1nlat \u2022 Single szoba fel\u00e1r: 360 lej\/ szoba\/ aj\u00e1nlat \u2022 Touch of Nature szoba fel\u00e1r: 150 lej\/ szoba\/ aj\u00e1nlat \u2022 Apartman fel\u00e1r: 540 lej\/ apartman\/ aj\u00e1nlat \u2022 Family apartman fel\u00e1r: 630lej\/ apartman\/ aj\u00e1nlat \u2022 Deluxe apartman fel\u00e1r: 750 lej\/ apartman\/ aj\u00e1nlat .","breadcrumb":{"@id":"https:\/\/www.o3zone.ro\/hu\/time-2-relax\/#breadcrumb"},"inLanguage":"hu","potentialAction":[{"@type":"ReadAction","target":["https:\/\/www.o3zone.ro\/hu\/time-2-relax\/"]}]},{"@type":"BreadcrumbList","@id":"https:\/\/www.o3zone.ro\/hu\/time-2-relax\/#breadcrumb","itemListElement":[{"@type":"ListItem","position":1,"name":"Home","item":"https:\/\/www.o3zone.ro\/hu\/"},{"@type":"ListItem","position":2,"name":"Time 2 Relax"}]},{"@type":"WebSite","@id":"https:\/\/www.o3zone.ro\/hu\/#website","url":"https:\/\/www.o3zone.ro\/hu\/","name":"O3zone Hotel","description":"","potentialAction":[{"@type":"SearchAction","target":{"@type":"EntryPoint","urlTemplate":"https:\/\/www.o3zone.ro\/hu\/?s={search_term_string}"},"query-input":"required name=search_term_string"}],"inLanguage":"hu"}]}},"acf":[],"_links":{"self":[{"href":"https:\/\/www.o3zone.ro\/hu\/wp-json\/wp\/v2\/pages\/825"}],"collection":[{"href":"https:\/\/www.o3zone.ro\/hu\/wp-json\/wp\/v2\/pages"}],"about":[{"href":"https:\/\/www.o3zone.ro\/hu\/wp-json\/wp\/v2\/types\/page"}],"author":[{"embeddable":true,"href":"https:\/\/www.o3zone.ro\/hu\/wp-json\/wp\/v2\/users\/119"}],"replies":[{"embeddable":true,"href":"https:\/\/www.o3zone.ro\/hu\/wp-json\/wp\/v2\/comments?post=825"}],"version-history":[{"count":0,"href":"https:\/\/www.o3zone.ro\/hu\/wp-json\/wp\/v2\/pages\/825\/revisions"}],"wp:attachment":[{"href":"https:\/\/www.o3zone.ro\/hu\/wp-json\/wp\/v2\/media?parent=825"}],"curies":[{"name":"wp","href":"https:\/\/api.w.org\/{rel}","templated":true}]}}