{"id":814,"date":"2026-01-14T07:13:29","date_gmt":"2026-01-14T07:13:29","guid":{"rendered":"https:\/\/www.o3zone.ro\/?page_id=814"},"modified":"2026-01-14T07:13:41","modified_gmt":"2026-01-14T07:13:41","slug":"teli-alom-lovasszannal","status":"publish","type":"page","link":"https:\/\/www.o3zone.ro\/hu\/teli-alom-lovasszannal\/","title":{"rendered":"T\u00e9li \u00e1lom lovassz\u00e1nnal"},"content":{"rendered":"<p><strong>Az aj\u00e1nlat tartalma:<\/strong><\/p>\n<ul>\n<li>2 \u00e9jszaka sz\u00e1ll\u00e1s k\u00e9t\u00e1gyas szob\u00e1ban<\/li>\n<li>Sv\u00e9dasztalos reggeli \u00e9s vacsora<\/li>\n<li>*Lovas sz\u00e1noz\u00e1s \u00e9s szabadt\u00e9ri grill p\u00e1link\u00e1val \u00e9s forralt borral<\/li>\n<li>Bel\u00e9p\u00e9s a medenc\u00e9hez, jakuzzihoz \u00e9s szaun\u00e1khoz<\/li>\n<\/ul>\n<p><strong>Aj\u00e1nlat \u00e1ra: 990 RON\/f\u0151<\/strong>\/2 \u00e9jszak\u00e1s tart\u00f3zkod\u00e1s<\/p>\n<p><strong>Gyermekekre vonatkoz\u00f3 \u00e1rak:<\/strong><\/p>\n<ul>\n<li><strong>6 \u00e9ves<\/strong> kor alatt, p\u00f3t\u00e1gy n\u00e9lk\u00fcl: <strong>210 RON<\/strong>\/tart\u00f3zkod\u00e1s<\/li>\n<li><strong>6-14 \u00e9ves<\/strong> kor k\u00f6z\u00f6tt, p\u00f3t\u00e1ggyal: <strong>690 RON<\/strong>\/tart\u00f3zkod\u00e1s<\/li>\n<li><strong>14-18<\/strong> \u00e9ves kor k\u00f6z\u00f6tt, p\u00f3t\u00e1ggyal: <strong>850 RON<\/strong>\/tart\u00f3zkod\u00e1s<\/li>\n<\/ul>\n<p><strong>Kieg\u00e9sz\u00edt\u00e9sek:<\/strong><\/p>\n<ul>\n<li>Egy\u00e1gyas szoba fel\u00e1r: <strong>240 RON<\/strong>\/tart\u00f3zkod\u00e1s<\/li>\n<li>Touch of Nature szoba fel\u00e1r: <strong>100 RON<\/strong>\/szoba\/tart\u00f3zkod\u00e1s<\/li>\n<li>Apartman fel\u00e1r: <strong>360 RON<\/strong>\/apartman\/tart\u00f3zkod\u00e1s<\/li>\n<li>Csal\u00e1di apartman fel\u00e1r: <strong>420 RON<\/strong>\/apartman\/tart\u00f3zkod\u00e1s<\/li>\n<li>Deluxe apartman fel\u00e1r:<strong> 500 RON<\/strong>\/apartman\/tart\u00f3zkod\u00e1s<\/li>\n<\/ul>\n<p>*Az utaz\u00e1s az \u00dajtusn\u00e1di Lovasklubhoz (9 km) \u00f6n\u00e1ll\u00f3an t\u00f6rt\u00e9nik.<\/p>\n<p>&nbsp;<\/p>\n","protected":false},"excerpt":{"rendered":"<p>Az aj\u00e1nlat tartalma: 2 \u00e9jszaka sz\u00e1ll\u00e1s k\u00e9t\u00e1gyas szob\u00e1ban Sv\u00e9dasztalos reggeli \u00e9s vacsora *Lovas sz\u00e1noz\u00e1s \u00e9s szabadt\u00e9ri grill p\u00e1link\u00e1val \u00e9s forralt borral Bel\u00e9p\u00e9s a medenc\u00e9hez, jakuzzihoz \u00e9s szaun\u00e1khoz Aj\u00e1nlat \u00e1ra: 990 RON\/f\u0151\/2 \u00e9jszak\u00e1s tart\u00f3zkod\u00e1s Gyermekekre vonatkoz\u00f3 \u00e1rak: 6 \u00e9ves kor alatt, p\u00f3t\u00e1gy n\u00e9lk\u00fcl: 210 RON\/tart\u00f3zkod\u00e1s 6-14 \u00e9ves kor k\u00f6z\u00f6tt, p\u00f3t\u00e1ggyal: 690 RON\/tart\u00f3zkod\u00e1s 14-18 \u00e9ves kor k\u00f6z\u00f6tt, [&hellip;]<\/p>\n","protected":false},"author":119,"featured_media":0,"parent":0,"menu_order":0,"comment_status":"closed","ping_status":"closed","template":"template-landing-page.php","meta":{"footnotes":""},"class_list":["post-814","page","type-page","status-publish","hentry"],"yoast_head":"<!-- This site is optimized with the Yoast SEO plugin v27.3 - https:\/\/yoast.com\/product\/yoast-seo-wordpress\/ -->\n<title>T\u00e9li \u00e1lom lovassz\u00e1nnal - O3zone Hotel -<\/title>\n<meta name=\"description\" content=\"Az aj\u00e1nlat tartalma:   2 \u00e9jszaka sz\u00e1ll\u00e1s k\u00e9t\u00e1gyas szob\u00e1ban  Sv\u00e9dasztalos reggeli \u00e9s vacsora  *Lovas sz\u00e1noz\u00e1s \u00e9s szabadt\u00e9ri grill p\u00e1link\u00e1val \u00e9s forralt borral  Bel\u00e9p\u00e9s a medenc\u00e9hez, jakuzzihoz \u00e9s szaun\u00e1khoz  Aj\u00e1nlat \u00e1ra: 990 RON\/f\u0151\/2 \u00e9jszak\u00e1s tart\u00f3zkod\u00e1s  Gyermekekre vonatkoz\u00f3 \u00e1rak:   6 \u00e9ves kor alatt, p\u00f3t\u00e1gy n\u00e9lk\u00fcl: 210 RON\/tart\u00f3zkod\u00e1s  6-14 \u00e9ves kor k\u00f6z\u00f6tt, p\u00f3t\u00e1ggyal: 690 RON\/tart\u00f3zkod\u00e1s  14-18 \u00e9ves kor k\u00f6z\u00f6tt, p\u00f3t\u00e1ggyal: 850 RON\/tart\u00f3zkod\u00e1s  Kieg\u00e9sz\u00edt\u00e9sek:   Egy\u00e1gyas szoba fel\u00e1r: 240 RON\/tart\u00f3zkod\u00e1s  Touch of Nature szoba fel\u00e1r: 100 RON\/szoba\/tart\u00f3zkod\u00e1s  Apartman fel\u00e1r: 360 RON\/apartman\/tart\u00f3zkod\u00e1s  Csal\u00e1di apartman fel\u00e1r: 420 RON\/apartman\/tart\u00f3zkod\u00e1s  Deluxe apartman fel\u00e1r: 500 RON\/apartman\/tart\u00f3zkod\u00e1s  *Az utaz\u00e1s az \u00dajtusn\u00e1di Lovasklubhoz (9 km) \u00f6n\u00e1ll\u00f3an t\u00f6rt\u00e9nik.  &nbsp;.\" \/>\n<meta name=\"robots\" content=\"index, follow, max-snippet:-1, max-image-preview:large, max-video-preview:-1\" \/>\n<link rel=\"canonical\" href=\"https:\/\/www.o3zone.ro\/hu\/teli-alom-lovasszannal\/\" \/>\n<meta property=\"og:locale\" content=\"hu_HU\" \/>\n<meta property=\"og:type\" content=\"article\" \/>\n<meta property=\"og:title\" content=\"T\u00e9li \u00e1lom lovassz\u00e1nnal - O3zone Hotel -\" \/>\n<meta property=\"og:description\" content=\"Az aj\u00e1nlat tartalma:   2 \u00e9jszaka sz\u00e1ll\u00e1s k\u00e9t\u00e1gyas szob\u00e1ban  Sv\u00e9dasztalos reggeli \u00e9s vacsora  *Lovas sz\u00e1noz\u00e1s \u00e9s szabadt\u00e9ri grill p\u00e1link\u00e1val \u00e9s forralt borral  Bel\u00e9p\u00e9s a medenc\u00e9hez, jakuzzihoz \u00e9s szaun\u00e1khoz  Aj\u00e1nlat \u00e1ra: 990 RON\/f\u0151\/2 \u00e9jszak\u00e1s tart\u00f3zkod\u00e1s  Gyermekekre vonatkoz\u00f3 \u00e1rak:   6 \u00e9ves kor alatt, p\u00f3t\u00e1gy n\u00e9lk\u00fcl: 210 RON\/tart\u00f3zkod\u00e1s  6-14 \u00e9ves kor k\u00f6z\u00f6tt, p\u00f3t\u00e1ggyal: 690 RON\/tart\u00f3zkod\u00e1s  14-18 \u00e9ves kor k\u00f6z\u00f6tt, p\u00f3t\u00e1ggyal: 850 RON\/tart\u00f3zkod\u00e1s  Kieg\u00e9sz\u00edt\u00e9sek:   Egy\u00e1gyas szoba fel\u00e1r: 240 RON\/tart\u00f3zkod\u00e1s  Touch of Nature szoba fel\u00e1r: 100 RON\/szoba\/tart\u00f3zkod\u00e1s  Apartman fel\u00e1r: 360 RON\/apartman\/tart\u00f3zkod\u00e1s  Csal\u00e1di apartman fel\u00e1r: 420 RON\/apartman\/tart\u00f3zkod\u00e1s  Deluxe apartman fel\u00e1r: 500 RON\/apartman\/tart\u00f3zkod\u00e1s  *Az utaz\u00e1s az \u00dajtusn\u00e1di Lovasklubhoz (9 km) \u00f6n\u00e1ll\u00f3an t\u00f6rt\u00e9nik.  &nbsp;.\" \/>\n<meta property=\"og:url\" content=\"https:\/\/www.o3zone.ro\/hu\/teli-alom-lovasszannal\/\" \/>\n<meta property=\"og:site_name\" content=\"O3zone Hotel\" \/>\n<meta property=\"article:publisher\" content=\"https:\/\/www.facebook.com\/HotelO3zone\/\" \/>\n<meta property=\"article:modified_time\" content=\"2026-01-14T07:13:41+00:00\" \/>\n<meta property=\"og:image\" content=\"https:\/\/www.o3zone.ro\/wp-content\/uploads\/sites\/97\/2024\/03\/01-45-e1711368229192.jpg\" \/>\n\t<meta property=\"og:image:width\" content=\"1293\" \/>\n\t<meta property=\"og:image:height\" content=\"1200\" \/>\n\t<meta property=\"og:image:type\" content=\"image\/jpeg\" \/>\n<meta name=\"twitter:card\" content=\"summary_large_image\" \/>\n<meta name=\"twitter:label1\" content=\"Becs\u00fclt olvas\u00e1si id\u0151\" \/>\n\t<meta name=\"twitter:data1\" content=\"1 perc\" \/>\n<script type=\"application\/ld+json\" class=\"yoast-schema-graph\">{\"@context\":\"https:\\\/\\\/schema.org\",\"@graph\":[{\"@type\":\"WebPage\",\"@id\":\"https:\\\/\\\/www.o3zone.ro\\\/hu\\\/teli-alom-lovasszannal\\\/\",\"url\":\"https:\\\/\\\/www.o3zone.ro\\\/hu\\\/teli-alom-lovasszannal\\\/\",\"name\":\"T\u00e9li \u00e1lom lovassz\u00e1nnal - O3zone Hotel -\",\"isPartOf\":{\"@id\":\"https:\\\/\\\/www.o3zone.ro\\\/hu\\\/#website\"},\"datePublished\":\"2026-01-14T07:13:29+00:00\",\"dateModified\":\"2026-01-14T07:13:41+00:00\",\"description\":\"Az aj\u00e1nlat tartalma: \u2022 2 \u00e9jszaka sz\u00e1ll\u00e1s k\u00e9t\u00e1gyas szob\u00e1ban \u2022 Sv\u00e9dasztalos reggeli \u00e9s vacsora \u2022 *Lovas sz\u00e1noz\u00e1s \u00e9s szabadt\u00e9ri grill p\u00e1link\u00e1val \u00e9s forralt borral \u2022 Bel\u00e9p\u00e9s a medenc\u00e9hez, jakuzzihoz \u00e9s szaun\u00e1khoz Aj\u00e1nlat \u00e1ra: 990 RON\\\/f\u0151\\\/2 \u00e9jszak\u00e1s tart\u00f3zkod\u00e1s Gyermekekre vonatkoz\u00f3 \u00e1rak: \u2022 6 \u00e9ves kor alatt, p\u00f3t\u00e1gy n\u00e9lk\u00fcl: 210 RON\\\/tart\u00f3zkod\u00e1s \u2022 6-14 \u00e9ves kor k\u00f6z\u00f6tt, p\u00f3t\u00e1ggyal: 690 RON\\\/tart\u00f3zkod\u00e1s \u2022 14-18 \u00e9ves kor k\u00f6z\u00f6tt, p\u00f3t\u00e1ggyal: 850 RON\\\/tart\u00f3zkod\u00e1s Kieg\u00e9sz\u00edt\u00e9sek: \u2022 Egy\u00e1gyas szoba fel\u00e1r: 240 RON\\\/tart\u00f3zkod\u00e1s \u2022 Touch of Nature szoba fel\u00e1r: 100 RON\\\/szoba\\\/tart\u00f3zkod\u00e1s \u2022 Apartman fel\u00e1r: 360 RON\\\/apartman\\\/tart\u00f3zkod\u00e1s \u2022 Csal\u00e1di apartman fel\u00e1r: 420 RON\\\/apartman\\\/tart\u00f3zkod\u00e1s \u2022 Deluxe apartman fel\u00e1r: 500 RON\\\/apartman\\\/tart\u00f3zkod\u00e1s *Az utaz\u00e1s az \u00dajtusn\u00e1di Lovasklubhoz (9 km) \u00f6n\u00e1ll\u00f3an t\u00f6rt\u00e9nik. &nbsp;.\",\"breadcrumb\":{\"@id\":\"https:\\\/\\\/www.o3zone.ro\\\/hu\\\/teli-alom-lovasszannal\\\/#breadcrumb\"},\"inLanguage\":\"hu\",\"potentialAction\":[{\"@type\":\"ReadAction\",\"target\":[\"https:\\\/\\\/www.o3zone.ro\\\/hu\\\/teli-alom-lovasszannal\\\/\"]}]},{\"@type\":\"BreadcrumbList\",\"@id\":\"https:\\\/\\\/www.o3zone.ro\\\/hu\\\/teli-alom-lovasszannal\\\/#breadcrumb\",\"itemListElement\":[{\"@type\":\"ListItem\",\"position\":1,\"name\":\"Home\",\"item\":\"https:\\\/\\\/www.o3zone.ro\\\/hu\\\/\"},{\"@type\":\"ListItem\",\"position\":2,\"name\":\"T\u00e9li \u00e1lom lovassz\u00e1nnal\"}]},{\"@type\":\"WebSite\",\"@id\":\"https:\\\/\\\/www.o3zone.ro\\\/hu\\\/#website\",\"url\":\"https:\\\/\\\/www.o3zone.ro\\\/hu\\\/\",\"name\":\"O3zone Hotel\",\"description\":\"\",\"potentialAction\":[{\"@type\":\"SearchAction\",\"target\":{\"@type\":\"EntryPoint\",\"urlTemplate\":\"https:\\\/\\\/www.o3zone.ro\\\/hu\\\/?s={search_term_string}\"},\"query-input\":{\"@type\":\"PropertyValueSpecification\",\"valueRequired\":true,\"valueName\":\"search_term_string\"}}],\"inLanguage\":\"hu\"}]}<\/script>\n<!-- \/ Yoast SEO plugin. -->","yoast_head_json":{"title":"T\u00e9li \u00e1lom lovassz\u00e1nnal - O3zone Hotel -","description":"Az aj\u00e1nlat tartalma:   2 \u00e9jszaka sz\u00e1ll\u00e1s k\u00e9t\u00e1gyas szob\u00e1ban  Sv\u00e9dasztalos reggeli \u00e9s vacsora  *Lovas sz\u00e1noz\u00e1s \u00e9s szabadt\u00e9ri grill p\u00e1link\u00e1val \u00e9s forralt borral  Bel\u00e9p\u00e9s a medenc\u00e9hez, jakuzzihoz \u00e9s szaun\u00e1khoz  Aj\u00e1nlat \u00e1ra: 990 RON\/f\u0151\/2 \u00e9jszak\u00e1s tart\u00f3zkod\u00e1s  Gyermekekre vonatkoz\u00f3 \u00e1rak:   6 \u00e9ves kor alatt, p\u00f3t\u00e1gy n\u00e9lk\u00fcl: 210 RON\/tart\u00f3zkod\u00e1s  6-14 \u00e9ves kor k\u00f6z\u00f6tt, p\u00f3t\u00e1ggyal: 690 RON\/tart\u00f3zkod\u00e1s  14-18 \u00e9ves kor k\u00f6z\u00f6tt, p\u00f3t\u00e1ggyal: 850 RON\/tart\u00f3zkod\u00e1s  Kieg\u00e9sz\u00edt\u00e9sek:   Egy\u00e1gyas szoba fel\u00e1r: 240 RON\/tart\u00f3zkod\u00e1s  Touch of Nature szoba fel\u00e1r: 100 RON\/szoba\/tart\u00f3zkod\u00e1s  Apartman fel\u00e1r: 360 RON\/apartman\/tart\u00f3zkod\u00e1s  Csal\u00e1di apartman fel\u00e1r: 420 RON\/apartman\/tart\u00f3zkod\u00e1s  Deluxe apartman fel\u00e1r: 500 RON\/apartman\/tart\u00f3zkod\u00e1s  *Az utaz\u00e1s az \u00dajtusn\u00e1di Lovasklubhoz (9 km) \u00f6n\u00e1ll\u00f3an t\u00f6rt\u00e9nik.  &nbsp;.","robots":{"index":"index","follow":"follow","max-snippet":"max-snippet:-1","max-image-preview":"max-image-preview:large","max-video-preview":"max-video-preview:-1"},"canonical":"https:\/\/www.o3zone.ro\/hu\/teli-alom-lovasszannal\/","og_locale":"hu_HU","og_type":"article","og_title":"T\u00e9li \u00e1lom lovassz\u00e1nnal - O3zone Hotel -","og_description":"Az aj\u00e1nlat tartalma:   2 \u00e9jszaka sz\u00e1ll\u00e1s k\u00e9t\u00e1gyas szob\u00e1ban  Sv\u00e9dasztalos reggeli \u00e9s vacsora  *Lovas sz\u00e1noz\u00e1s \u00e9s szabadt\u00e9ri grill p\u00e1link\u00e1val \u00e9s forralt borral  Bel\u00e9p\u00e9s a medenc\u00e9hez, jakuzzihoz \u00e9s szaun\u00e1khoz  Aj\u00e1nlat \u00e1ra: 990 RON\/f\u0151\/2 \u00e9jszak\u00e1s tart\u00f3zkod\u00e1s  Gyermekekre vonatkoz\u00f3 \u00e1rak:   6 \u00e9ves kor alatt, p\u00f3t\u00e1gy n\u00e9lk\u00fcl: 210 RON\/tart\u00f3zkod\u00e1s  6-14 \u00e9ves kor k\u00f6z\u00f6tt, p\u00f3t\u00e1ggyal: 690 RON\/tart\u00f3zkod\u00e1s  14-18 \u00e9ves kor k\u00f6z\u00f6tt, p\u00f3t\u00e1ggyal: 850 RON\/tart\u00f3zkod\u00e1s  Kieg\u00e9sz\u00edt\u00e9sek:   Egy\u00e1gyas szoba fel\u00e1r: 240 RON\/tart\u00f3zkod\u00e1s  Touch of Nature szoba fel\u00e1r: 100 RON\/szoba\/tart\u00f3zkod\u00e1s  Apartman fel\u00e1r: 360 RON\/apartman\/tart\u00f3zkod\u00e1s  Csal\u00e1di apartman fel\u00e1r: 420 RON\/apartman\/tart\u00f3zkod\u00e1s  Deluxe apartman fel\u00e1r: 500 RON\/apartman\/tart\u00f3zkod\u00e1s  *Az utaz\u00e1s az \u00dajtusn\u00e1di Lovasklubhoz (9 km) \u00f6n\u00e1ll\u00f3an t\u00f6rt\u00e9nik.  &nbsp;.","og_url":"https:\/\/www.o3zone.ro\/hu\/teli-alom-lovasszannal\/","og_site_name":"O3zone Hotel","article_publisher":"https:\/\/www.facebook.com\/HotelO3zone\/","article_modified_time":"2026-01-14T07:13:41+00:00","og_image":[{"width":1293,"height":1200,"url":"https:\/\/www.o3zone.ro\/wp-content\/uploads\/sites\/97\/2024\/03\/01-45-e1711368229192.jpg","type":"image\/jpeg"}],"twitter_card":"summary_large_image","twitter_misc":{"Becs\u00fclt olvas\u00e1si id\u0151":"1 perc"},"schema":{"@context":"https:\/\/schema.org","@graph":[{"@type":"WebPage","@id":"https:\/\/www.o3zone.ro\/hu\/teli-alom-lovasszannal\/","url":"https:\/\/www.o3zone.ro\/hu\/teli-alom-lovasszannal\/","name":"T\u00e9li \u00e1lom lovassz\u00e1nnal - O3zone Hotel -","isPartOf":{"@id":"https:\/\/www.o3zone.ro\/hu\/#website"},"datePublished":"2026-01-14T07:13:29+00:00","dateModified":"2026-01-14T07:13:41+00:00","description":"Az aj\u00e1nlat tartalma: \u2022 2 \u00e9jszaka sz\u00e1ll\u00e1s k\u00e9t\u00e1gyas szob\u00e1ban \u2022 Sv\u00e9dasztalos reggeli \u00e9s vacsora \u2022 *Lovas sz\u00e1noz\u00e1s \u00e9s szabadt\u00e9ri grill p\u00e1link\u00e1val \u00e9s forralt borral \u2022 Bel\u00e9p\u00e9s a medenc\u00e9hez, jakuzzihoz \u00e9s szaun\u00e1khoz Aj\u00e1nlat \u00e1ra: 990 RON\/f\u0151\/2 \u00e9jszak\u00e1s tart\u00f3zkod\u00e1s Gyermekekre vonatkoz\u00f3 \u00e1rak: \u2022 6 \u00e9ves kor alatt, p\u00f3t\u00e1gy n\u00e9lk\u00fcl: 210 RON\/tart\u00f3zkod\u00e1s \u2022 6-14 \u00e9ves kor k\u00f6z\u00f6tt, p\u00f3t\u00e1ggyal: 690 RON\/tart\u00f3zkod\u00e1s \u2022 14-18 \u00e9ves kor k\u00f6z\u00f6tt, p\u00f3t\u00e1ggyal: 850 RON\/tart\u00f3zkod\u00e1s Kieg\u00e9sz\u00edt\u00e9sek: \u2022 Egy\u00e1gyas szoba fel\u00e1r: 240 RON\/tart\u00f3zkod\u00e1s \u2022 Touch of Nature szoba fel\u00e1r: 100 RON\/szoba\/tart\u00f3zkod\u00e1s \u2022 Apartman fel\u00e1r: 360 RON\/apartman\/tart\u00f3zkod\u00e1s \u2022 Csal\u00e1di apartman fel\u00e1r: 420 RON\/apartman\/tart\u00f3zkod\u00e1s \u2022 Deluxe apartman fel\u00e1r: 500 RON\/apartman\/tart\u00f3zkod\u00e1s *Az utaz\u00e1s az \u00dajtusn\u00e1di Lovasklubhoz (9 km) \u00f6n\u00e1ll\u00f3an t\u00f6rt\u00e9nik. &nbsp;.","breadcrumb":{"@id":"https:\/\/www.o3zone.ro\/hu\/teli-alom-lovasszannal\/#breadcrumb"},"inLanguage":"hu","potentialAction":[{"@type":"ReadAction","target":["https:\/\/www.o3zone.ro\/hu\/teli-alom-lovasszannal\/"]}]},{"@type":"BreadcrumbList","@id":"https:\/\/www.o3zone.ro\/hu\/teli-alom-lovasszannal\/#breadcrumb","itemListElement":[{"@type":"ListItem","position":1,"name":"Home","item":"https:\/\/www.o3zone.ro\/hu\/"},{"@type":"ListItem","position":2,"name":"T\u00e9li \u00e1lom lovassz\u00e1nnal"}]},{"@type":"WebSite","@id":"https:\/\/www.o3zone.ro\/hu\/#website","url":"https:\/\/www.o3zone.ro\/hu\/","name":"O3zone Hotel","description":"","potentialAction":[{"@type":"SearchAction","target":{"@type":"EntryPoint","urlTemplate":"https:\/\/www.o3zone.ro\/hu\/?s={search_term_string}"},"query-input":{"@type":"PropertyValueSpecification","valueRequired":true,"valueName":"search_term_string"}}],"inLanguage":"hu"}]}},"acf":[],"_links":{"self":[{"href":"https:\/\/www.o3zone.ro\/hu\/wp-json\/wp\/v2\/pages\/814","targetHints":{"allow":["GET"]}}],"collection":[{"href":"https:\/\/www.o3zone.ro\/hu\/wp-json\/wp\/v2\/pages"}],"about":[{"href":"https:\/\/www.o3zone.ro\/hu\/wp-json\/wp\/v2\/types\/page"}],"author":[{"embeddable":true,"href":"https:\/\/www.o3zone.ro\/hu\/wp-json\/wp\/v2\/users\/119"}],"replies":[{"embeddable":true,"href":"https:\/\/www.o3zone.ro\/hu\/wp-json\/wp\/v2\/comments?post=814"}],"version-history":[{"count":0,"href":"https:\/\/www.o3zone.ro\/hu\/wp-json\/wp\/v2\/pages\/814\/revisions"}],"wp:attachment":[{"href":"https:\/\/www.o3zone.ro\/hu\/wp-json\/wp\/v2\/media?parent=814"}],"curies":[{"name":"wp","href":"https:\/\/api.w.org\/{rel}","templated":true}]}}