{"id":804,"date":"2025-01-20T14:23:48","date_gmt":"2025-01-20T14:23:48","guid":{"rendered":"https:\/\/www.o3zone.ro\/?page_id=804"},"modified":"2026-01-19T10:26:08","modified_gmt":"2026-01-19T10:26:08","slug":"marcius-8","status":"publish","type":"page","link":"https:\/\/www.o3zone.ro\/hu\/marcius-8\/","title":{"rendered":"N\u0151napi h\u00e9tv\u00e9ge"},"content":{"rendered":"<p><strong>\u00c9rv\u00e9nyess\u00e9g:<\/strong> <strong>2026.03.06 &#8211; 2026.03.08<\/strong><\/p>\n<p><strong>Az aj\u00e1nlat tartalmazza: <\/strong><\/p>\n<ul>\n<li>2 \u00e9jszaka sz\u00e1ll\u00e1s k\u00e9t\u00e1gyas szob\u00e1ban, sv\u00e9dasztalos reggelivel<\/li>\n<li>\u00a0Szombat esti buli DJ-vel<\/li>\n<li>\u00a0Term\u00e9szetes kozmetikai workshop<\/li>\n<li>\u00a0Ingyenes bel\u00e9p\u0151 a Spa-ba (\u00fasz\u00f3medence, jacuzzi \u00e9s szaun\u00e1k).<\/li>\n<\/ul>\n<p><strong>Az aj\u00e1nlat \u00e1ra: 960 lej\/ f\u0151\/ 2 \u00e9jszak\u00e1s tart\u00f3zkod\u00e1s<\/strong><\/p>\n<ul>\n<li>Touch of Nature fel\u00e1r: <strong>100 lej<\/strong>\/ szoba\/ tart\u00f3zkod\u00e1s<\/li>\n<li>Apartman fel\u00e1r: <strong>360 lej<\/strong>\/ apartman\/ tart\u00f3zkod\u00e1s<\/li>\n<li>Deluxe apartman fel\u00e1r: <strong>500 lej<\/strong>\/ apartman\/ tart\u00f3zkod\u00e1s.<\/li>\n<\/ul>\n","protected":false},"excerpt":{"rendered":"<p>\u00c9rv\u00e9nyess\u00e9g: 2026.03.06 &#8211; 2026.03.08 Az aj\u00e1nlat tartalmazza: 2 \u00e9jszaka sz\u00e1ll\u00e1s k\u00e9t\u00e1gyas szob\u00e1ban, sv\u00e9dasztalos reggelivel \u00a0Szombat esti buli DJ-vel \u00a0Term\u00e9szetes kozmetikai workshop \u00a0Ingyenes bel\u00e9p\u0151 a Spa-ba (\u00fasz\u00f3medence, jacuzzi \u00e9s szaun\u00e1k). Az aj\u00e1nlat \u00e1ra: 960 lej\/ f\u0151\/ 2 \u00e9jszak\u00e1s tart\u00f3zkod\u00e1s Touch of Nature fel\u00e1r: 100 lej\/ szoba\/ tart\u00f3zkod\u00e1s Apartman fel\u00e1r: 360 lej\/ apartman\/ tart\u00f3zkod\u00e1s Deluxe apartman fel\u00e1r: [&hellip;]<\/p>\n","protected":false},"author":119,"featured_media":803,"parent":0,"menu_order":0,"comment_status":"closed","ping_status":"closed","template":"template-landing-page.php","meta":{"footnotes":""},"yoast_head":"<!-- This site is optimized with the Yoast SEO plugin v22.3 - https:\/\/yoast.com\/wordpress\/plugins\/seo\/ -->\n<title>N\u0151napi h\u00e9tv\u00e9ge - O3zone Hotel -<\/title>\n<meta name=\"description\" content=\"\u00c9rv\u00e9nyess\u00e9g: 2026.03.06 - 2026.03.08  Az aj\u00e1nlat tartalmazza:    2 \u00e9jszaka sz\u00e1ll\u00e1s k\u00e9t\u00e1gyas szob\u00e1ban, sv\u00e9dasztalos reggelivel  \u00a0Szombat esti buli DJ-vel  \u00a0Term\u00e9szetes kozmetikai workshop  \u00a0Ingyenes bel\u00e9p\u0151 a Spa-ba (\u00fasz\u00f3medence, jacuzzi \u00e9s szaun\u00e1k).  Az aj\u00e1nlat \u00e1ra: 960 lej\/ f\u0151\/ 2 \u00e9jszak\u00e1s tart\u00f3zkod\u00e1s   Touch of Nature fel\u00e1r: 100 lej\/ szoba\/ tart\u00f3zkod\u00e1s  Apartman fel\u00e1r: 360 lej\/ apartman\/ tart\u00f3zkod\u00e1s  Deluxe apartman fel\u00e1r: 500 lej\/ apartman\/ tart\u00f3zkod\u00e1s. .\" \/>\n<meta name=\"robots\" content=\"index, follow, max-snippet:-1, max-image-preview:large, max-video-preview:-1\" \/>\n<link rel=\"canonical\" href=\"https:\/\/www.o3zone.ro\/hu\/marcius-8\/\" \/>\n<meta property=\"og:locale\" content=\"hu_HU\" \/>\n<meta property=\"og:type\" content=\"article\" \/>\n<meta property=\"og:title\" content=\"N\u0151napi h\u00e9tv\u00e9ge - O3zone Hotel -\" \/>\n<meta property=\"og:description\" content=\"\u00c9rv\u00e9nyess\u00e9g: 2026.03.06 - 2026.03.08  Az aj\u00e1nlat tartalmazza:    2 \u00e9jszaka sz\u00e1ll\u00e1s k\u00e9t\u00e1gyas szob\u00e1ban, sv\u00e9dasztalos reggelivel  \u00a0Szombat esti buli DJ-vel  \u00a0Term\u00e9szetes kozmetikai workshop  \u00a0Ingyenes bel\u00e9p\u0151 a Spa-ba (\u00fasz\u00f3medence, jacuzzi \u00e9s szaun\u00e1k).  Az aj\u00e1nlat \u00e1ra: 960 lej\/ f\u0151\/ 2 \u00e9jszak\u00e1s tart\u00f3zkod\u00e1s   Touch of Nature fel\u00e1r: 100 lej\/ szoba\/ tart\u00f3zkod\u00e1s  Apartman fel\u00e1r: 360 lej\/ apartman\/ tart\u00f3zkod\u00e1s  Deluxe apartman fel\u00e1r: 500 lej\/ apartman\/ tart\u00f3zkod\u00e1s. .\" \/>\n<meta property=\"og:url\" content=\"https:\/\/www.o3zone.ro\/hu\/marcius-8\/\" \/>\n<meta property=\"og:site_name\" content=\"O3zone Hotel\" \/>\n<meta property=\"article:publisher\" content=\"https:\/\/www.facebook.com\/HotelO3zone\/\" \/>\n<meta property=\"article:modified_time\" content=\"2026-01-19T10:26:08+00:00\" \/>\n<meta property=\"og:image\" content=\"https:\/\/www.o3zone.ro\/wp-content\/uploads\/sites\/97\/2025\/01\/8-Martie-web.jpg\" \/>\n\t<meta property=\"og:image:width\" content=\"1200\" \/>\n\t<meta property=\"og:image:height\" content=\"800\" \/>\n\t<meta property=\"og:image:type\" content=\"image\/jpeg\" \/>\n<meta name=\"twitter:card\" content=\"summary_large_image\" \/>\n<meta name=\"twitter:label1\" content=\"Becs\u00fclt olvas\u00e1si id\u0151\" \/>\n\t<meta name=\"twitter:data1\" content=\"1 perc\" \/>\n<script type=\"application\/ld+json\" class=\"yoast-schema-graph\">{\"@context\":\"https:\/\/schema.org\",\"@graph\":[{\"@type\":\"WebPage\",\"@id\":\"https:\/\/www.o3zone.ro\/hu\/marcius-8\/\",\"url\":\"https:\/\/www.o3zone.ro\/hu\/marcius-8\/\",\"name\":\"N\u0151napi h\u00e9tv\u00e9ge - O3zone Hotel -\",\"isPartOf\":{\"@id\":\"https:\/\/www.o3zone.ro\/hu\/#website\"},\"primaryImageOfPage\":{\"@id\":\"https:\/\/www.o3zone.ro\/hu\/marcius-8\/#primaryimage\"},\"image\":{\"@id\":\"https:\/\/www.o3zone.ro\/hu\/marcius-8\/#primaryimage\"},\"thumbnailUrl\":\"https:\/\/www.o3zone.ro\/wp-content\/uploads\/sites\/97\/2025\/01\/8-Martie-web.jpg\",\"datePublished\":\"2025-01-20T14:23:48+00:00\",\"dateModified\":\"2026-01-19T10:26:08+00:00\",\"description\":\"\u00c9rv\u00e9nyess\u00e9g: 2026.03.06 - 2026.03.08 Az aj\u00e1nlat tartalmazza: \u2022 2 \u00e9jszaka sz\u00e1ll\u00e1s k\u00e9t\u00e1gyas szob\u00e1ban, sv\u00e9dasztalos reggelivel \u2022 \u00a0Szombat esti buli DJ-vel \u2022 \u00a0Term\u00e9szetes kozmetikai workshop \u2022 \u00a0Ingyenes bel\u00e9p\u0151 a Spa-ba (\u00fasz\u00f3medence, jacuzzi \u00e9s szaun\u00e1k). Az aj\u00e1nlat \u00e1ra: 960 lej\/ f\u0151\/ 2 \u00e9jszak\u00e1s tart\u00f3zkod\u00e1s \u2022 Touch of Nature fel\u00e1r: 100 lej\/ szoba\/ tart\u00f3zkod\u00e1s \u2022 Apartman fel\u00e1r: 360 lej\/ apartman\/ tart\u00f3zkod\u00e1s \u2022 Deluxe apartman fel\u00e1r: 500 lej\/ apartman\/ tart\u00f3zkod\u00e1s. .\",\"breadcrumb\":{\"@id\":\"https:\/\/www.o3zone.ro\/hu\/marcius-8\/#breadcrumb\"},\"inLanguage\":\"hu\",\"potentialAction\":[{\"@type\":\"ReadAction\",\"target\":[\"https:\/\/www.o3zone.ro\/hu\/marcius-8\/\"]}]},{\"@type\":\"ImageObject\",\"inLanguage\":\"hu\",\"@id\":\"https:\/\/www.o3zone.ro\/hu\/marcius-8\/#primaryimage\",\"url\":\"https:\/\/www.o3zone.ro\/wp-content\/uploads\/sites\/97\/2025\/01\/8-Martie-web.jpg\",\"contentUrl\":\"https:\/\/www.o3zone.ro\/wp-content\/uploads\/sites\/97\/2025\/01\/8-Martie-web.jpg\",\"width\":1200,\"height\":800},{\"@type\":\"BreadcrumbList\",\"@id\":\"https:\/\/www.o3zone.ro\/hu\/marcius-8\/#breadcrumb\",\"itemListElement\":[{\"@type\":\"ListItem\",\"position\":1,\"name\":\"Home\",\"item\":\"https:\/\/www.o3zone.ro\/hu\/\"},{\"@type\":\"ListItem\",\"position\":2,\"name\":\"N\u0151napi h\u00e9tv\u00e9ge\"}]},{\"@type\":\"WebSite\",\"@id\":\"https:\/\/www.o3zone.ro\/hu\/#website\",\"url\":\"https:\/\/www.o3zone.ro\/hu\/\",\"name\":\"O3zone Hotel\",\"description\":\"\",\"potentialAction\":[{\"@type\":\"SearchAction\",\"target\":{\"@type\":\"EntryPoint\",\"urlTemplate\":\"https:\/\/www.o3zone.ro\/hu\/?s={search_term_string}\"},\"query-input\":\"required name=search_term_string\"}],\"inLanguage\":\"hu\"}]}<\/script>\n<!-- \/ Yoast SEO plugin. -->","yoast_head_json":{"title":"N\u0151napi h\u00e9tv\u00e9ge - O3zone Hotel -","description":"\u00c9rv\u00e9nyess\u00e9g: 2026.03.06 - 2026.03.08  Az aj\u00e1nlat tartalmazza:    2 \u00e9jszaka sz\u00e1ll\u00e1s k\u00e9t\u00e1gyas szob\u00e1ban, sv\u00e9dasztalos reggelivel  \u00a0Szombat esti buli DJ-vel  \u00a0Term\u00e9szetes kozmetikai workshop  \u00a0Ingyenes bel\u00e9p\u0151 a Spa-ba (\u00fasz\u00f3medence, jacuzzi \u00e9s szaun\u00e1k).  Az aj\u00e1nlat \u00e1ra: 960 lej\/ f\u0151\/ 2 \u00e9jszak\u00e1s tart\u00f3zkod\u00e1s   Touch of Nature fel\u00e1r: 100 lej\/ szoba\/ tart\u00f3zkod\u00e1s  Apartman fel\u00e1r: 360 lej\/ apartman\/ tart\u00f3zkod\u00e1s  Deluxe apartman fel\u00e1r: 500 lej\/ apartman\/ tart\u00f3zkod\u00e1s. .","robots":{"index":"index","follow":"follow","max-snippet":"max-snippet:-1","max-image-preview":"max-image-preview:large","max-video-preview":"max-video-preview:-1"},"canonical":"https:\/\/www.o3zone.ro\/hu\/marcius-8\/","og_locale":"hu_HU","og_type":"article","og_title":"N\u0151napi h\u00e9tv\u00e9ge - O3zone Hotel -","og_description":"\u00c9rv\u00e9nyess\u00e9g: 2026.03.06 - 2026.03.08  Az aj\u00e1nlat tartalmazza:    2 \u00e9jszaka sz\u00e1ll\u00e1s k\u00e9t\u00e1gyas szob\u00e1ban, sv\u00e9dasztalos reggelivel  \u00a0Szombat esti buli DJ-vel  \u00a0Term\u00e9szetes kozmetikai workshop  \u00a0Ingyenes bel\u00e9p\u0151 a Spa-ba (\u00fasz\u00f3medence, jacuzzi \u00e9s szaun\u00e1k).  Az aj\u00e1nlat \u00e1ra: 960 lej\/ f\u0151\/ 2 \u00e9jszak\u00e1s tart\u00f3zkod\u00e1s   Touch of Nature fel\u00e1r: 100 lej\/ szoba\/ tart\u00f3zkod\u00e1s  Apartman fel\u00e1r: 360 lej\/ apartman\/ tart\u00f3zkod\u00e1s  Deluxe apartman fel\u00e1r: 500 lej\/ apartman\/ tart\u00f3zkod\u00e1s. .","og_url":"https:\/\/www.o3zone.ro\/hu\/marcius-8\/","og_site_name":"O3zone Hotel","article_publisher":"https:\/\/www.facebook.com\/HotelO3zone\/","article_modified_time":"2026-01-19T10:26:08+00:00","og_image":[{"width":1200,"height":800,"url":"https:\/\/www.o3zone.ro\/wp-content\/uploads\/sites\/97\/2025\/01\/8-Martie-web.jpg","type":"image\/jpeg"}],"twitter_card":"summary_large_image","twitter_misc":{"Becs\u00fclt olvas\u00e1si id\u0151":"1 perc"},"schema":{"@context":"https:\/\/schema.org","@graph":[{"@type":"WebPage","@id":"https:\/\/www.o3zone.ro\/hu\/marcius-8\/","url":"https:\/\/www.o3zone.ro\/hu\/marcius-8\/","name":"N\u0151napi h\u00e9tv\u00e9ge - O3zone Hotel -","isPartOf":{"@id":"https:\/\/www.o3zone.ro\/hu\/#website"},"primaryImageOfPage":{"@id":"https:\/\/www.o3zone.ro\/hu\/marcius-8\/#primaryimage"},"image":{"@id":"https:\/\/www.o3zone.ro\/hu\/marcius-8\/#primaryimage"},"thumbnailUrl":"https:\/\/www.o3zone.ro\/wp-content\/uploads\/sites\/97\/2025\/01\/8-Martie-web.jpg","datePublished":"2025-01-20T14:23:48+00:00","dateModified":"2026-01-19T10:26:08+00:00","description":"\u00c9rv\u00e9nyess\u00e9g: 2026.03.06 - 2026.03.08 Az aj\u00e1nlat tartalmazza: \u2022 2 \u00e9jszaka sz\u00e1ll\u00e1s k\u00e9t\u00e1gyas szob\u00e1ban, sv\u00e9dasztalos reggelivel \u2022 \u00a0Szombat esti buli DJ-vel \u2022 \u00a0Term\u00e9szetes kozmetikai workshop \u2022 \u00a0Ingyenes bel\u00e9p\u0151 a Spa-ba (\u00fasz\u00f3medence, jacuzzi \u00e9s szaun\u00e1k). Az aj\u00e1nlat \u00e1ra: 960 lej\/ f\u0151\/ 2 \u00e9jszak\u00e1s tart\u00f3zkod\u00e1s \u2022 Touch of Nature fel\u00e1r: 100 lej\/ szoba\/ tart\u00f3zkod\u00e1s \u2022 Apartman fel\u00e1r: 360 lej\/ apartman\/ tart\u00f3zkod\u00e1s \u2022 Deluxe apartman fel\u00e1r: 500 lej\/ apartman\/ tart\u00f3zkod\u00e1s. .","breadcrumb":{"@id":"https:\/\/www.o3zone.ro\/hu\/marcius-8\/#breadcrumb"},"inLanguage":"hu","potentialAction":[{"@type":"ReadAction","target":["https:\/\/www.o3zone.ro\/hu\/marcius-8\/"]}]},{"@type":"ImageObject","inLanguage":"hu","@id":"https:\/\/www.o3zone.ro\/hu\/marcius-8\/#primaryimage","url":"https:\/\/www.o3zone.ro\/wp-content\/uploads\/sites\/97\/2025\/01\/8-Martie-web.jpg","contentUrl":"https:\/\/www.o3zone.ro\/wp-content\/uploads\/sites\/97\/2025\/01\/8-Martie-web.jpg","width":1200,"height":800},{"@type":"BreadcrumbList","@id":"https:\/\/www.o3zone.ro\/hu\/marcius-8\/#breadcrumb","itemListElement":[{"@type":"ListItem","position":1,"name":"Home","item":"https:\/\/www.o3zone.ro\/hu\/"},{"@type":"ListItem","position":2,"name":"N\u0151napi h\u00e9tv\u00e9ge"}]},{"@type":"WebSite","@id":"https:\/\/www.o3zone.ro\/hu\/#website","url":"https:\/\/www.o3zone.ro\/hu\/","name":"O3zone Hotel","description":"","potentialAction":[{"@type":"SearchAction","target":{"@type":"EntryPoint","urlTemplate":"https:\/\/www.o3zone.ro\/hu\/?s={search_term_string}"},"query-input":"required name=search_term_string"}],"inLanguage":"hu"}]}},"acf":[],"_links":{"self":[{"href":"https:\/\/www.o3zone.ro\/hu\/wp-json\/wp\/v2\/pages\/804"}],"collection":[{"href":"https:\/\/www.o3zone.ro\/hu\/wp-json\/wp\/v2\/pages"}],"about":[{"href":"https:\/\/www.o3zone.ro\/hu\/wp-json\/wp\/v2\/types\/page"}],"author":[{"embeddable":true,"href":"https:\/\/www.o3zone.ro\/hu\/wp-json\/wp\/v2\/users\/119"}],"replies":[{"embeddable":true,"href":"https:\/\/www.o3zone.ro\/hu\/wp-json\/wp\/v2\/comments?post=804"}],"version-history":[{"count":0,"href":"https:\/\/www.o3zone.ro\/hu\/wp-json\/wp\/v2\/pages\/804\/revisions"}],"wp:featuredmedia":[{"embeddable":true,"href":"https:\/\/www.o3zone.ro\/hu\/wp-json\/wp\/v2\/media\/803"}],"wp:attachment":[{"href":"https:\/\/www.o3zone.ro\/hu\/wp-json\/wp\/v2\/media?parent=804"}],"curies":[{"name":"wp","href":"https:\/\/api.w.org\/{rel}","templated":true}]}}