{"id":765,"date":"2024-11-25T12:03:38","date_gmt":"2024-11-25T12:03:38","guid":{"rendered":"https:\/\/www.o3zone.ro\/?page_id=765"},"modified":"2025-09-15T08:58:02","modified_gmt":"2025-09-15T08:58:02","slug":"szilveszter-2025-mihai-eminescu-terem","status":"publish","type":"page","link":"https:\/\/www.o3zone.ro\/hu\/szilveszter-2025-mihai-eminescu-terem\/","title":{"rendered":"Szilveszter 2025 Mihai Eminescu terem"},"content":{"rendered":"<p>\u00c9rv\u00e9nyess\u00e9g: 2025.12.30 &#8211; 2026.01.02<\/p>\n<p><strong>Az aj\u00e1nlat tartalma:<\/strong><\/p>\n<ul>\n<li>Sz\u00e1ll\u00e1s 3 \u00e9jszak\u00e1ra, teljes ell\u00e1t\u00e1ssal, hely k\u00e9t\u00e1gyas szob\u00e1ban,<\/li>\n<li>Bel\u00e9p\u00e9s a Spa-ba (medence, jakuzzi, szaun\u00e1k \u00e9s mini fitneszterem),<\/li>\n<li>Hagyom\u00e1nyos fogadtat\u00e1s kal\u00e1ccsal \u00e9s \u00e1fonyalik\u0151rrel,<\/li>\n<li>\u00dcdv\u00f6zl\u0151 este cafe-concert zen\u00e9vel, kedden,<\/li>\n<li>Lovas sz\u00e1noz\u00e1s grillez\u00e9ssel, szerd\u00e1n,<\/li>\n<li>Szilveszteri \u00fcnnepi vacsora \u00e9l\u0151 zen\u00e9vel amit a Ritmic szolg\u00e1ltat \u00e9s t\u0171zij\u00e1t\u00e9k, szerd\u00e1n,<\/li>\n<li>\u00daj\u00e9vi d\u00edszvacsora \u00e9s party amire a zen\u00e9t Dj szolg\u00e1ltatja, cs\u00fct\u00f6rt\u00f6k\u00f6n.<\/li>\n<\/ul>\n<p>&nbsp;<\/p>\n<p><strong>\u00c1rak: 3180 lej<\/strong>\/ f\u0151\/ aj\u00e1nlat, elhelyez\u00e9s k\u00e9t\u00e1gyas szob\u00e1ban.<\/p>\n<ul>\n<li>Touch of Nature szoba fel\u00e1r 300 lej\/ szoba\/ aj\u00e1nlat<\/li>\n<li>Deluxe apartman fel\u00e1r 750 lej\/ apartman\/ aj\u00e1nlat<\/li>\n<\/ul>\n<p><strong>Gyerek \u00e1rak:<\/strong><\/p>\n<div class=\"flex-shrink-0 flex flex-col relative items-end\">\n<div>\n<div class=\"pt-0\">\n<div class=\"gizmo-bot-avatar flex h-8 w-8 items-center justify-center overflow-hidden rounded-full\">\n<ul>\n<li>A 2 \u00e9v alatti gyermekek sz\u00e1m\u00e1ra az \u00fcnnepi \u00e9tkez\u00e9seken val\u00f3 hely biztos\u00edt\u00e1sa \u00e9s p\u00f3t\u00e1gy n\u00e9lk\u00fcl, ingyenes<\/li>\n<li>A 2-6 \u00e9v k\u00f6z\u00f6tti gyermekek r\u00e9sz\u00e9re, gyermek men\u00fcvel p\u00f3t\u00e1gy n\u00e9lk\u00fcl, az \u00e1r 960 lej\/\u00e9jszaka az Mihai Eminescu teremben.<\/li>\n<li>A 6-14 \u00e9v k\u00f6z\u00f6tti gyermekek r\u00e9sz\u00e9re, gyermek men\u00fcvel p\u00f3t\u00e1gyas elhelyez\u00e9ssel, az \u00e1r 1.920 lej\/\u00e9jszaka a a Mihai Eminescu teremben.<\/li>\n<li>A 14-18 \u00e9v k\u00f6z\u00f6tti gyermekek r\u00e9sz\u00e9re, teljes men\u00fcvel \u00e9s hellyet az \u00fcnnepi \u00e9tkez\u00e9seken, p\u00f3t\u00e1gyon val\u00f3 elhelyez\u00e9ssel az \u00e1r 2.850 lej\/\u00e9jszaka a Mihai Eminescu teremben.<\/li>\n<\/ul>\n<\/div>\n<\/div>\n<\/div>\n<\/div>\n<p>&nbsp;<\/p>\n","protected":false},"excerpt":{"rendered":"<p>\u00c9rv\u00e9nyess\u00e9g: 2025.12.30 &#8211; 2026.01.02 Az aj\u00e1nlat tartalma: Sz\u00e1ll\u00e1s 3 \u00e9jszak\u00e1ra, teljes ell\u00e1t\u00e1ssal, hely k\u00e9t\u00e1gyas szob\u00e1ban, Bel\u00e9p\u00e9s a Spa-ba (medence, jakuzzi, szaun\u00e1k \u00e9s mini fitneszterem), Hagyom\u00e1nyos fogadtat\u00e1s kal\u00e1ccsal \u00e9s \u00e1fonyalik\u0151rrel, \u00dcdv\u00f6zl\u0151 este cafe-concert zen\u00e9vel, kedden, Lovas sz\u00e1noz\u00e1s grillez\u00e9ssel, szerd\u00e1n, Szilveszteri \u00fcnnepi vacsora \u00e9l\u0151 zen\u00e9vel amit a Ritmic szolg\u00e1ltat \u00e9s t\u0171zij\u00e1t\u00e9k, szerd\u00e1n, \u00daj\u00e9vi d\u00edszvacsora \u00e9s party amire [&hellip;]<\/p>\n","protected":false},"author":119,"featured_media":0,"parent":0,"menu_order":1002,"comment_status":"closed","ping_status":"closed","template":"template-landing-page.php","meta":{"footnotes":""},"yoast_head":"<!-- This site is optimized with the Yoast SEO plugin v22.3 - https:\/\/yoast.com\/wordpress\/plugins\/seo\/ -->\n<title>Szilveszter 2025 Mihai Eminescu terem - O3zone Hotel -<\/title>\n<meta name=\"description\" content=\"\u00c9rv\u00e9nyess\u00e9g: 2025.12.30 - 2026.01.02  Az aj\u00e1nlat tartalma:   Sz\u00e1ll\u00e1s 3 \u00e9jszak\u00e1ra, teljes ell\u00e1t\u00e1ssal, hely k\u00e9t\u00e1gyas szob\u00e1ban,  Bel\u00e9p\u00e9s a Spa-ba (medence, jakuzzi, szaun\u00e1k \u00e9s mini fitneszterem),  Hagyom\u00e1nyos fogadtat\u00e1s kal\u00e1ccsal \u00e9s \u00e1fonyalik\u0151rrel,  \u00dcdv\u00f6zl\u0151 este cafe-concert zen\u00e9vel, kedden,  Lovas sz\u00e1noz\u00e1s grillez\u00e9ssel, szerd\u00e1n,  Szilveszteri \u00fcnnepi vacsora \u00e9l\u0151 zen\u00e9vel amit a Ritmic szolg\u00e1ltat \u00e9s t\u0171zij\u00e1t\u00e9k, szerd\u00e1n,  \u00daj\u00e9vi d\u00edszvacsora \u00e9s party amire a zen\u00e9t Dj szolg\u00e1ltatja, cs\u00fct\u00f6rt\u00f6k\u00f6n.  &nbsp;  \u00c1rak: 3180 lej\/ f\u0151\/ aj\u00e1nlat, elhelyez\u00e9s k\u00e9t\u00e1gyas szob\u00e1ban.   Touch of Nature szoba fel\u00e1r 300 lej\/ szoba\/ aj\u00e1nlat  Deluxe apartman fel\u00e1r 750 lej\/ apartman\/ aj\u00e1nlat  Gyerek \u00e1rak:       A 2 \u00e9v alatti gyermekek sz\u00e1m\u00e1ra az \u00fcnnepi \u00e9tkez\u00e9seken val\u00f3 hely biztos\u00edt\u00e1sa \u00e9s p\u00f3t\u00e1gy n\u00e9lk\u00fcl, ingyenes  A 2-6 \u00e9v k\u00f6z\u00f6tti gyermekek r\u00e9sz\u00e9re, gyermek men\u00fcvel p\u00f3t\u00e1gy n\u00e9lk\u00fcl, az \u00e1r 960 lej\/\u00e9jszaka az Mihai Eminescu teremben.  A 6-14 \u00e9v k\u00f6z\u00f6tti gyermekek r\u00e9sz\u00e9re, gyermek men\u00fcvel p\u00f3t\u00e1gyas elhelyez\u00e9ssel, az \u00e1r 1.920 lej\/\u00e9jszaka a a Mihai Eminescu teremben.  A 14-18 \u00e9v k\u00f6z\u00f6tti gyermekek r\u00e9sz\u00e9re, teljes men\u00fcvel \u00e9s hellyet az \u00fcnnepi \u00e9tkez\u00e9seken, p\u00f3t\u00e1gyon val\u00f3 elhelyez\u00e9ssel az \u00e1r 2.850 lej\/\u00e9jszaka a Mihai Eminescu teremben.      &nbsp;.\" \/>\n<meta name=\"robots\" content=\"index, follow, max-snippet:-1, max-image-preview:large, max-video-preview:-1\" \/>\n<link rel=\"canonical\" href=\"https:\/\/www.o3zone.ro\/hu\/szilveszter-2025-mihai-eminescu-terem\/\" \/>\n<meta property=\"og:locale\" content=\"hu_HU\" \/>\n<meta property=\"og:type\" content=\"article\" \/>\n<meta property=\"og:title\" content=\"Szilveszter 2025 Mihai Eminescu terem - O3zone Hotel -\" \/>\n<meta property=\"og:description\" content=\"\u00c9rv\u00e9nyess\u00e9g: 2025.12.30 - 2026.01.02  Az aj\u00e1nlat tartalma:   Sz\u00e1ll\u00e1s 3 \u00e9jszak\u00e1ra, teljes ell\u00e1t\u00e1ssal, hely k\u00e9t\u00e1gyas szob\u00e1ban,  Bel\u00e9p\u00e9s a Spa-ba (medence, jakuzzi, szaun\u00e1k \u00e9s mini fitneszterem),  Hagyom\u00e1nyos fogadtat\u00e1s kal\u00e1ccsal \u00e9s \u00e1fonyalik\u0151rrel,  \u00dcdv\u00f6zl\u0151 este cafe-concert zen\u00e9vel, kedden,  Lovas sz\u00e1noz\u00e1s grillez\u00e9ssel, szerd\u00e1n,  Szilveszteri \u00fcnnepi vacsora \u00e9l\u0151 zen\u00e9vel amit a Ritmic szolg\u00e1ltat \u00e9s t\u0171zij\u00e1t\u00e9k, szerd\u00e1n,  \u00daj\u00e9vi d\u00edszvacsora \u00e9s party amire a zen\u00e9t Dj szolg\u00e1ltatja, cs\u00fct\u00f6rt\u00f6k\u00f6n.  &nbsp;  \u00c1rak: 3180 lej\/ f\u0151\/ aj\u00e1nlat, elhelyez\u00e9s k\u00e9t\u00e1gyas szob\u00e1ban.   Touch of Nature szoba fel\u00e1r 300 lej\/ szoba\/ aj\u00e1nlat  Deluxe apartman fel\u00e1r 750 lej\/ apartman\/ aj\u00e1nlat  Gyerek \u00e1rak:       A 2 \u00e9v alatti gyermekek sz\u00e1m\u00e1ra az \u00fcnnepi \u00e9tkez\u00e9seken val\u00f3 hely biztos\u00edt\u00e1sa \u00e9s p\u00f3t\u00e1gy n\u00e9lk\u00fcl, ingyenes  A 2-6 \u00e9v k\u00f6z\u00f6tti gyermekek r\u00e9sz\u00e9re, gyermek men\u00fcvel p\u00f3t\u00e1gy n\u00e9lk\u00fcl, az \u00e1r 960 lej\/\u00e9jszaka az Mihai Eminescu teremben.  A 6-14 \u00e9v k\u00f6z\u00f6tti gyermekek r\u00e9sz\u00e9re, gyermek men\u00fcvel p\u00f3t\u00e1gyas elhelyez\u00e9ssel, az \u00e1r 1.920 lej\/\u00e9jszaka a a Mihai Eminescu teremben.  A 14-18 \u00e9v k\u00f6z\u00f6tti gyermekek r\u00e9sz\u00e9re, teljes men\u00fcvel \u00e9s hellyet az \u00fcnnepi \u00e9tkez\u00e9seken, p\u00f3t\u00e1gyon val\u00f3 elhelyez\u00e9ssel az \u00e1r 2.850 lej\/\u00e9jszaka a Mihai Eminescu teremben.      &nbsp;.\" \/>\n<meta property=\"og:url\" content=\"https:\/\/www.o3zone.ro\/hu\/szilveszter-2025-mihai-eminescu-terem\/\" \/>\n<meta property=\"og:site_name\" content=\"O3zone Hotel\" \/>\n<meta property=\"article:publisher\" content=\"https:\/\/www.facebook.com\/HotelO3zone\/\" \/>\n<meta property=\"article:modified_time\" content=\"2025-09-15T08:58:02+00:00\" \/>\n<meta property=\"og:image\" content=\"https:\/\/www.o3zone.ro\/wp-content\/uploads\/sites\/97\/2024\/03\/01-45-e1711368229192.jpg\" \/>\n\t<meta property=\"og:image:width\" content=\"1293\" \/>\n\t<meta property=\"og:image:height\" content=\"1200\" \/>\n\t<meta property=\"og:image:type\" content=\"image\/jpeg\" \/>\n<meta name=\"twitter:card\" content=\"summary_large_image\" \/>\n<meta name=\"twitter:label1\" content=\"Becs\u00fclt olvas\u00e1si id\u0151\" \/>\n\t<meta name=\"twitter:data1\" content=\"1 perc\" \/>\n<script type=\"application\/ld+json\" class=\"yoast-schema-graph\">{\"@context\":\"https:\/\/schema.org\",\"@graph\":[{\"@type\":\"WebPage\",\"@id\":\"https:\/\/www.o3zone.ro\/hu\/szilveszter-2025-mihai-eminescu-terem\/\",\"url\":\"https:\/\/www.o3zone.ro\/hu\/szilveszter-2025-mihai-eminescu-terem\/\",\"name\":\"Szilveszter 2025 Mihai Eminescu terem - O3zone Hotel -\",\"isPartOf\":{\"@id\":\"https:\/\/www.o3zone.ro\/hu\/#website\"},\"datePublished\":\"2024-11-25T12:03:38+00:00\",\"dateModified\":\"2025-09-15T08:58:02+00:00\",\"description\":\"\u00c9rv\u00e9nyess\u00e9g: 2025.12.30 - 2026.01.02 Az aj\u00e1nlat tartalma: \u2022 Sz\u00e1ll\u00e1s 3 \u00e9jszak\u00e1ra, teljes ell\u00e1t\u00e1ssal, hely k\u00e9t\u00e1gyas szob\u00e1ban, \u2022 Bel\u00e9p\u00e9s a Spa-ba (medence, jakuzzi, szaun\u00e1k \u00e9s mini fitneszterem), \u2022 Hagyom\u00e1nyos fogadtat\u00e1s kal\u00e1ccsal \u00e9s \u00e1fonyalik\u0151rrel, \u2022 \u00dcdv\u00f6zl\u0151 este cafe-concert zen\u00e9vel, kedden, \u2022 Lovas sz\u00e1noz\u00e1s grillez\u00e9ssel, szerd\u00e1n, \u2022 Szilveszteri \u00fcnnepi vacsora \u00e9l\u0151 zen\u00e9vel amit a Ritmic szolg\u00e1ltat \u00e9s t\u0171zij\u00e1t\u00e9k, szerd\u00e1n, \u2022 \u00daj\u00e9vi d\u00edszvacsora \u00e9s party amire a zen\u00e9t Dj szolg\u00e1ltatja, cs\u00fct\u00f6rt\u00f6k\u00f6n. &nbsp; \u00c1rak: 3180 lej\/ f\u0151\/ aj\u00e1nlat, elhelyez\u00e9s k\u00e9t\u00e1gyas szob\u00e1ban. \u2022 Touch of Nature szoba fel\u00e1r 300 lej\/ szoba\/ aj\u00e1nlat \u2022 Deluxe apartman fel\u00e1r 750 lej\/ apartman\/ aj\u00e1nlat Gyerek \u00e1rak: \u2022 A 2 \u00e9v alatti gyermekek sz\u00e1m\u00e1ra az \u00fcnnepi \u00e9tkez\u00e9seken val\u00f3 hely biztos\u00edt\u00e1sa \u00e9s p\u00f3t\u00e1gy n\u00e9lk\u00fcl, ingyenes \u2022 A 2-6 \u00e9v k\u00f6z\u00f6tti gyermekek r\u00e9sz\u00e9re, gyermek men\u00fcvel p\u00f3t\u00e1gy n\u00e9lk\u00fcl, az \u00e1r 960 lej\/\u00e9jszaka az Mihai Eminescu teremben. \u2022 A 6-14 \u00e9v k\u00f6z\u00f6tti gyermekek r\u00e9sz\u00e9re, gyermek men\u00fcvel p\u00f3t\u00e1gyas elhelyez\u00e9ssel, az \u00e1r 1.920 lej\/\u00e9jszaka a a Mihai Eminescu teremben. \u2022 A 14-18 \u00e9v k\u00f6z\u00f6tti gyermekek r\u00e9sz\u00e9re, teljes men\u00fcvel \u00e9s hellyet az \u00fcnnepi \u00e9tkez\u00e9seken, p\u00f3t\u00e1gyon val\u00f3 elhelyez\u00e9ssel az \u00e1r 2.850 lej\/\u00e9jszaka a Mihai Eminescu teremben. &nbsp;.\",\"breadcrumb\":{\"@id\":\"https:\/\/www.o3zone.ro\/hu\/szilveszter-2025-mihai-eminescu-terem\/#breadcrumb\"},\"inLanguage\":\"hu\",\"potentialAction\":[{\"@type\":\"ReadAction\",\"target\":[\"https:\/\/www.o3zone.ro\/hu\/szilveszter-2025-mihai-eminescu-terem\/\"]}]},{\"@type\":\"BreadcrumbList\",\"@id\":\"https:\/\/www.o3zone.ro\/hu\/szilveszter-2025-mihai-eminescu-terem\/#breadcrumb\",\"itemListElement\":[{\"@type\":\"ListItem\",\"position\":1,\"name\":\"Home\",\"item\":\"https:\/\/www.o3zone.ro\/hu\/\"},{\"@type\":\"ListItem\",\"position\":2,\"name\":\"Szilveszter 2025 Mihai Eminescu terem\"}]},{\"@type\":\"WebSite\",\"@id\":\"https:\/\/www.o3zone.ro\/hu\/#website\",\"url\":\"https:\/\/www.o3zone.ro\/hu\/\",\"name\":\"O3zone Hotel\",\"description\":\"\",\"potentialAction\":[{\"@type\":\"SearchAction\",\"target\":{\"@type\":\"EntryPoint\",\"urlTemplate\":\"https:\/\/www.o3zone.ro\/hu\/?s={search_term_string}\"},\"query-input\":\"required name=search_term_string\"}],\"inLanguage\":\"hu\"}]}<\/script>\n<!-- \/ Yoast SEO plugin. -->","yoast_head_json":{"title":"Szilveszter 2025 Mihai Eminescu terem - O3zone Hotel -","description":"\u00c9rv\u00e9nyess\u00e9g: 2025.12.30 - 2026.01.02  Az aj\u00e1nlat tartalma:   Sz\u00e1ll\u00e1s 3 \u00e9jszak\u00e1ra, teljes ell\u00e1t\u00e1ssal, hely k\u00e9t\u00e1gyas szob\u00e1ban,  Bel\u00e9p\u00e9s a Spa-ba (medence, jakuzzi, szaun\u00e1k \u00e9s mini fitneszterem),  Hagyom\u00e1nyos fogadtat\u00e1s kal\u00e1ccsal \u00e9s \u00e1fonyalik\u0151rrel,  \u00dcdv\u00f6zl\u0151 este cafe-concert zen\u00e9vel, kedden,  Lovas sz\u00e1noz\u00e1s grillez\u00e9ssel, szerd\u00e1n,  Szilveszteri \u00fcnnepi vacsora \u00e9l\u0151 zen\u00e9vel amit a Ritmic szolg\u00e1ltat \u00e9s t\u0171zij\u00e1t\u00e9k, szerd\u00e1n,  \u00daj\u00e9vi d\u00edszvacsora \u00e9s party amire a zen\u00e9t Dj szolg\u00e1ltatja, cs\u00fct\u00f6rt\u00f6k\u00f6n.  &nbsp;  \u00c1rak: 3180 lej\/ f\u0151\/ aj\u00e1nlat, elhelyez\u00e9s k\u00e9t\u00e1gyas szob\u00e1ban.   Touch of Nature szoba fel\u00e1r 300 lej\/ szoba\/ aj\u00e1nlat  Deluxe apartman fel\u00e1r 750 lej\/ apartman\/ aj\u00e1nlat  Gyerek \u00e1rak:       A 2 \u00e9v alatti gyermekek sz\u00e1m\u00e1ra az \u00fcnnepi \u00e9tkez\u00e9seken val\u00f3 hely biztos\u00edt\u00e1sa \u00e9s p\u00f3t\u00e1gy n\u00e9lk\u00fcl, ingyenes  A 2-6 \u00e9v k\u00f6z\u00f6tti gyermekek r\u00e9sz\u00e9re, gyermek men\u00fcvel p\u00f3t\u00e1gy n\u00e9lk\u00fcl, az \u00e1r 960 lej\/\u00e9jszaka az Mihai Eminescu teremben.  A 6-14 \u00e9v k\u00f6z\u00f6tti gyermekek r\u00e9sz\u00e9re, gyermek men\u00fcvel p\u00f3t\u00e1gyas elhelyez\u00e9ssel, az \u00e1r 1.920 lej\/\u00e9jszaka a a Mihai Eminescu teremben.  A 14-18 \u00e9v k\u00f6z\u00f6tti gyermekek r\u00e9sz\u00e9re, teljes men\u00fcvel \u00e9s hellyet az \u00fcnnepi \u00e9tkez\u00e9seken, p\u00f3t\u00e1gyon val\u00f3 elhelyez\u00e9ssel az \u00e1r 2.850 lej\/\u00e9jszaka a Mihai Eminescu teremben.      &nbsp;.","robots":{"index":"index","follow":"follow","max-snippet":"max-snippet:-1","max-image-preview":"max-image-preview:large","max-video-preview":"max-video-preview:-1"},"canonical":"https:\/\/www.o3zone.ro\/hu\/szilveszter-2025-mihai-eminescu-terem\/","og_locale":"hu_HU","og_type":"article","og_title":"Szilveszter 2025 Mihai Eminescu terem - O3zone Hotel -","og_description":"\u00c9rv\u00e9nyess\u00e9g: 2025.12.30 - 2026.01.02  Az aj\u00e1nlat tartalma:   Sz\u00e1ll\u00e1s 3 \u00e9jszak\u00e1ra, teljes ell\u00e1t\u00e1ssal, hely k\u00e9t\u00e1gyas szob\u00e1ban,  Bel\u00e9p\u00e9s a Spa-ba (medence, jakuzzi, szaun\u00e1k \u00e9s mini fitneszterem),  Hagyom\u00e1nyos fogadtat\u00e1s kal\u00e1ccsal \u00e9s \u00e1fonyalik\u0151rrel,  \u00dcdv\u00f6zl\u0151 este cafe-concert zen\u00e9vel, kedden,  Lovas sz\u00e1noz\u00e1s grillez\u00e9ssel, szerd\u00e1n,  Szilveszteri \u00fcnnepi vacsora \u00e9l\u0151 zen\u00e9vel amit a Ritmic szolg\u00e1ltat \u00e9s t\u0171zij\u00e1t\u00e9k, szerd\u00e1n,  \u00daj\u00e9vi d\u00edszvacsora \u00e9s party amire a zen\u00e9t Dj szolg\u00e1ltatja, cs\u00fct\u00f6rt\u00f6k\u00f6n.  &nbsp;  \u00c1rak: 3180 lej\/ f\u0151\/ aj\u00e1nlat, elhelyez\u00e9s k\u00e9t\u00e1gyas szob\u00e1ban.   Touch of Nature szoba fel\u00e1r 300 lej\/ szoba\/ aj\u00e1nlat  Deluxe apartman fel\u00e1r 750 lej\/ apartman\/ aj\u00e1nlat  Gyerek \u00e1rak:       A 2 \u00e9v alatti gyermekek sz\u00e1m\u00e1ra az \u00fcnnepi \u00e9tkez\u00e9seken val\u00f3 hely biztos\u00edt\u00e1sa \u00e9s p\u00f3t\u00e1gy n\u00e9lk\u00fcl, ingyenes  A 2-6 \u00e9v k\u00f6z\u00f6tti gyermekek r\u00e9sz\u00e9re, gyermek men\u00fcvel p\u00f3t\u00e1gy n\u00e9lk\u00fcl, az \u00e1r 960 lej\/\u00e9jszaka az Mihai Eminescu teremben.  A 6-14 \u00e9v k\u00f6z\u00f6tti gyermekek r\u00e9sz\u00e9re, gyermek men\u00fcvel p\u00f3t\u00e1gyas elhelyez\u00e9ssel, az \u00e1r 1.920 lej\/\u00e9jszaka a a Mihai Eminescu teremben.  A 14-18 \u00e9v k\u00f6z\u00f6tti gyermekek r\u00e9sz\u00e9re, teljes men\u00fcvel \u00e9s hellyet az \u00fcnnepi \u00e9tkez\u00e9seken, p\u00f3t\u00e1gyon val\u00f3 elhelyez\u00e9ssel az \u00e1r 2.850 lej\/\u00e9jszaka a Mihai Eminescu teremben.      &nbsp;.","og_url":"https:\/\/www.o3zone.ro\/hu\/szilveszter-2025-mihai-eminescu-terem\/","og_site_name":"O3zone Hotel","article_publisher":"https:\/\/www.facebook.com\/HotelO3zone\/","article_modified_time":"2025-09-15T08:58:02+00:00","og_image":[{"width":1293,"height":1200,"url":"https:\/\/www.o3zone.ro\/wp-content\/uploads\/sites\/97\/2024\/03\/01-45-e1711368229192.jpg","type":"image\/jpeg"}],"twitter_card":"summary_large_image","twitter_misc":{"Becs\u00fclt olvas\u00e1si id\u0151":"1 perc"},"schema":{"@context":"https:\/\/schema.org","@graph":[{"@type":"WebPage","@id":"https:\/\/www.o3zone.ro\/hu\/szilveszter-2025-mihai-eminescu-terem\/","url":"https:\/\/www.o3zone.ro\/hu\/szilveszter-2025-mihai-eminescu-terem\/","name":"Szilveszter 2025 Mihai Eminescu terem - O3zone Hotel -","isPartOf":{"@id":"https:\/\/www.o3zone.ro\/hu\/#website"},"datePublished":"2024-11-25T12:03:38+00:00","dateModified":"2025-09-15T08:58:02+00:00","description":"\u00c9rv\u00e9nyess\u00e9g: 2025.12.30 - 2026.01.02 Az aj\u00e1nlat tartalma: \u2022 Sz\u00e1ll\u00e1s 3 \u00e9jszak\u00e1ra, teljes ell\u00e1t\u00e1ssal, hely k\u00e9t\u00e1gyas szob\u00e1ban, \u2022 Bel\u00e9p\u00e9s a Spa-ba (medence, jakuzzi, szaun\u00e1k \u00e9s mini fitneszterem), \u2022 Hagyom\u00e1nyos fogadtat\u00e1s kal\u00e1ccsal \u00e9s \u00e1fonyalik\u0151rrel, \u2022 \u00dcdv\u00f6zl\u0151 este cafe-concert zen\u00e9vel, kedden, \u2022 Lovas sz\u00e1noz\u00e1s grillez\u00e9ssel, szerd\u00e1n, \u2022 Szilveszteri \u00fcnnepi vacsora \u00e9l\u0151 zen\u00e9vel amit a Ritmic szolg\u00e1ltat \u00e9s t\u0171zij\u00e1t\u00e9k, szerd\u00e1n, \u2022 \u00daj\u00e9vi d\u00edszvacsora \u00e9s party amire a zen\u00e9t Dj szolg\u00e1ltatja, cs\u00fct\u00f6rt\u00f6k\u00f6n. &nbsp; \u00c1rak: 3180 lej\/ f\u0151\/ aj\u00e1nlat, elhelyez\u00e9s k\u00e9t\u00e1gyas szob\u00e1ban. \u2022 Touch of Nature szoba fel\u00e1r 300 lej\/ szoba\/ aj\u00e1nlat \u2022 Deluxe apartman fel\u00e1r 750 lej\/ apartman\/ aj\u00e1nlat Gyerek \u00e1rak: \u2022 A 2 \u00e9v alatti gyermekek sz\u00e1m\u00e1ra az \u00fcnnepi \u00e9tkez\u00e9seken val\u00f3 hely biztos\u00edt\u00e1sa \u00e9s p\u00f3t\u00e1gy n\u00e9lk\u00fcl, ingyenes \u2022 A 2-6 \u00e9v k\u00f6z\u00f6tti gyermekek r\u00e9sz\u00e9re, gyermek men\u00fcvel p\u00f3t\u00e1gy n\u00e9lk\u00fcl, az \u00e1r 960 lej\/\u00e9jszaka az Mihai Eminescu teremben. \u2022 A 6-14 \u00e9v k\u00f6z\u00f6tti gyermekek r\u00e9sz\u00e9re, gyermek men\u00fcvel p\u00f3t\u00e1gyas elhelyez\u00e9ssel, az \u00e1r 1.920 lej\/\u00e9jszaka a a Mihai Eminescu teremben. \u2022 A 14-18 \u00e9v k\u00f6z\u00f6tti gyermekek r\u00e9sz\u00e9re, teljes men\u00fcvel \u00e9s hellyet az \u00fcnnepi \u00e9tkez\u00e9seken, p\u00f3t\u00e1gyon val\u00f3 elhelyez\u00e9ssel az \u00e1r 2.850 lej\/\u00e9jszaka a Mihai Eminescu teremben. &nbsp;.","breadcrumb":{"@id":"https:\/\/www.o3zone.ro\/hu\/szilveszter-2025-mihai-eminescu-terem\/#breadcrumb"},"inLanguage":"hu","potentialAction":[{"@type":"ReadAction","target":["https:\/\/www.o3zone.ro\/hu\/szilveszter-2025-mihai-eminescu-terem\/"]}]},{"@type":"BreadcrumbList","@id":"https:\/\/www.o3zone.ro\/hu\/szilveszter-2025-mihai-eminescu-terem\/#breadcrumb","itemListElement":[{"@type":"ListItem","position":1,"name":"Home","item":"https:\/\/www.o3zone.ro\/hu\/"},{"@type":"ListItem","position":2,"name":"Szilveszter 2025 Mihai Eminescu terem"}]},{"@type":"WebSite","@id":"https:\/\/www.o3zone.ro\/hu\/#website","url":"https:\/\/www.o3zone.ro\/hu\/","name":"O3zone Hotel","description":"","potentialAction":[{"@type":"SearchAction","target":{"@type":"EntryPoint","urlTemplate":"https:\/\/www.o3zone.ro\/hu\/?s={search_term_string}"},"query-input":"required name=search_term_string"}],"inLanguage":"hu"}]}},"acf":[],"_links":{"self":[{"href":"https:\/\/www.o3zone.ro\/hu\/wp-json\/wp\/v2\/pages\/765"}],"collection":[{"href":"https:\/\/www.o3zone.ro\/hu\/wp-json\/wp\/v2\/pages"}],"about":[{"href":"https:\/\/www.o3zone.ro\/hu\/wp-json\/wp\/v2\/types\/page"}],"author":[{"embeddable":true,"href":"https:\/\/www.o3zone.ro\/hu\/wp-json\/wp\/v2\/users\/119"}],"replies":[{"embeddable":true,"href":"https:\/\/www.o3zone.ro\/hu\/wp-json\/wp\/v2\/comments?post=765"}],"version-history":[{"count":0,"href":"https:\/\/www.o3zone.ro\/hu\/wp-json\/wp\/v2\/pages\/765\/revisions"}],"wp:attachment":[{"href":"https:\/\/www.o3zone.ro\/hu\/wp-json\/wp\/v2\/media?parent=765"}],"curies":[{"name":"wp","href":"https:\/\/api.w.org\/{rel}","templated":true}]}}