{"id":748,"date":"2024-11-25T10:20:27","date_gmt":"2024-11-25T10:20:27","guid":{"rendered":"https:\/\/www.o3zone.ro\/?page_id=748"},"modified":"2025-09-15T08:44:43","modified_gmt":"2025-09-15T08:44:43","slug":"szent-andras-napi-es-december1-i-minivakacio","status":"publish","type":"page","link":"https:\/\/www.o3zone.ro\/hu\/szent-andras-napi-es-december1-i-minivakacio\/","title":{"rendered":"Szent Andr\u00e1s napi \u00e9s December1-i minivak\u00e1ci\u00f3"},"content":{"rendered":"<p><strong>\u00c9rv\u00e9nyess\u00e9g: 2025.11.28 &#8211; 2025.12.01<\/strong><\/p>\n<p><strong>1275 lei\/ f\u0151\/ aj\u00e1nlat<\/strong><\/p>\n<p style=\"text-align: left\"><strong>Az aj\u00e1nlat tartalma:<\/strong><\/p>\n<ul>\n<li style=\"text-align: left\">3 \u00e9jszaka sz\u00e1ll\u00e1s, k\u00e9t\u00e1gyas elhelyez\u00e9ssel \u00e9s f\u00e9lpanzi\u00f3s ell\u00e1t\u00e1ssal,<\/li>\n<li style=\"text-align: left\">Hagyom\u00e1nyos fogadtat\u00e1s kal\u00e1ccsal \u00e9s \u00e1fonyalik\u0151rrel, p\u00e9nteken,<\/li>\n<li style=\"text-align: left\">Agyagoz\u00e1s, szombaton,<\/li>\n<li style=\"text-align: left\">N\u00e9pdalok Cora Munteanca el\u0151ad\u00e1s\u00e1ban, vas\u00e1rnap,<\/li>\n<li>Party Dj-vel, vas\u00e1rnap,<\/li>\n<li style=\"text-align: left\">Spa haszn\u00e1lat (medence, jakuzzi, szaun\u00e1k \u00e9s mini fitnesz terem).<\/li>\n<\/ul>\n<p style=\"text-align: left\">\n","protected":false},"excerpt":{"rendered":"<p>\u00c9rv\u00e9nyess\u00e9g: 2025.11.28 &#8211; 2025.12.01 1275 lei\/ f\u0151\/ aj\u00e1nlat Az aj\u00e1nlat tartalma: 3 \u00e9jszaka sz\u00e1ll\u00e1s, k\u00e9t\u00e1gyas elhelyez\u00e9ssel \u00e9s f\u00e9lpanzi\u00f3s ell\u00e1t\u00e1ssal, Hagyom\u00e1nyos fogadtat\u00e1s kal\u00e1ccsal \u00e9s \u00e1fonyalik\u0151rrel, p\u00e9nteken, Agyagoz\u00e1s, szombaton, N\u00e9pdalok Cora Munteanca el\u0151ad\u00e1s\u00e1ban, vas\u00e1rnap, Party Dj-vel, vas\u00e1rnap, Spa haszn\u00e1lat (medence, jakuzzi, szaun\u00e1k \u00e9s mini fitnesz terem).<\/p>\n","protected":false},"author":119,"featured_media":0,"parent":0,"menu_order":1000,"comment_status":"closed","ping_status":"closed","template":"template-landing-page.php","meta":{"footnotes":""},"yoast_head":"<!-- This site is optimized with the Yoast SEO plugin v22.3 - https:\/\/yoast.com\/wordpress\/plugins\/seo\/ -->\n<title>Szent Andr\u00e1s napi \u00e9s December1-i minivak\u00e1ci\u00f3 - O3zone Hotel -<\/title>\n<meta name=\"description\" content=\"\u00c9rv\u00e9nyess\u00e9g: 2025.11.28 - 2025.12.01  1275 lei\/ f\u0151\/ aj\u00e1nlat Az aj\u00e1nlat tartalma:    3 \u00e9jszaka sz\u00e1ll\u00e1s, k\u00e9t\u00e1gyas elhelyez\u00e9ssel \u00e9s f\u00e9lpanzi\u00f3s ell\u00e1t\u00e1ssal,  Hagyom\u00e1nyos fogadtat\u00e1s kal\u00e1ccsal \u00e9s \u00e1fonyalik\u0151rrel, p\u00e9nteken,  Agyagoz\u00e1s, szombaton,  N\u00e9pdalok Cora Munteanca el\u0151ad\u00e1s\u00e1ban, vas\u00e1rnap,  Party Dj-vel, vas\u00e1rnap,  Spa haszn\u00e1lat (medence, jakuzzi, szaun\u00e1k \u00e9s mini fitnesz terem).  .\" \/>\n<meta name=\"robots\" content=\"index, follow, max-snippet:-1, max-image-preview:large, max-video-preview:-1\" \/>\n<link rel=\"canonical\" href=\"https:\/\/www.o3zone.ro\/hu\/szent-andras-napi-es-december1-i-minivakacio\/\" \/>\n<meta property=\"og:locale\" content=\"hu_HU\" \/>\n<meta property=\"og:type\" content=\"article\" \/>\n<meta property=\"og:title\" content=\"Szent Andr\u00e1s napi \u00e9s December1-i minivak\u00e1ci\u00f3 - O3zone Hotel -\" \/>\n<meta property=\"og:description\" content=\"\u00c9rv\u00e9nyess\u00e9g: 2025.11.28 - 2025.12.01  1275 lei\/ f\u0151\/ aj\u00e1nlat Az aj\u00e1nlat tartalma:    3 \u00e9jszaka sz\u00e1ll\u00e1s, k\u00e9t\u00e1gyas elhelyez\u00e9ssel \u00e9s f\u00e9lpanzi\u00f3s ell\u00e1t\u00e1ssal,  Hagyom\u00e1nyos fogadtat\u00e1s kal\u00e1ccsal \u00e9s \u00e1fonyalik\u0151rrel, p\u00e9nteken,  Agyagoz\u00e1s, szombaton,  N\u00e9pdalok Cora Munteanca el\u0151ad\u00e1s\u00e1ban, vas\u00e1rnap,  Party Dj-vel, vas\u00e1rnap,  Spa haszn\u00e1lat (medence, jakuzzi, szaun\u00e1k \u00e9s mini fitnesz terem).  .\" \/>\n<meta property=\"og:url\" content=\"https:\/\/www.o3zone.ro\/hu\/szent-andras-napi-es-december1-i-minivakacio\/\" \/>\n<meta property=\"og:site_name\" content=\"O3zone Hotel\" \/>\n<meta property=\"article:publisher\" content=\"https:\/\/www.facebook.com\/HotelO3zone\/\" \/>\n<meta property=\"article:modified_time\" content=\"2025-09-15T08:44:43+00:00\" \/>\n<meta property=\"og:image\" content=\"https:\/\/www.o3zone.ro\/wp-content\/uploads\/sites\/97\/2024\/03\/01-45-e1711368229192.jpg\" \/>\n\t<meta property=\"og:image:width\" content=\"1293\" \/>\n\t<meta property=\"og:image:height\" content=\"1200\" \/>\n\t<meta property=\"og:image:type\" content=\"image\/jpeg\" \/>\n<meta name=\"twitter:card\" content=\"summary_large_image\" \/>\n<meta name=\"twitter:label1\" content=\"Becs\u00fclt olvas\u00e1si id\u0151\" \/>\n\t<meta name=\"twitter:data1\" content=\"1 perc\" \/>\n<script type=\"application\/ld+json\" class=\"yoast-schema-graph\">{\"@context\":\"https:\/\/schema.org\",\"@graph\":[{\"@type\":\"WebPage\",\"@id\":\"https:\/\/www.o3zone.ro\/hu\/szent-andras-napi-es-december1-i-minivakacio\/\",\"url\":\"https:\/\/www.o3zone.ro\/hu\/szent-andras-napi-es-december1-i-minivakacio\/\",\"name\":\"Szent Andr\u00e1s napi \u00e9s December1-i minivak\u00e1ci\u00f3 - O3zone Hotel -\",\"isPartOf\":{\"@id\":\"https:\/\/www.o3zone.ro\/hu\/#website\"},\"datePublished\":\"2024-11-25T10:20:27+00:00\",\"dateModified\":\"2025-09-15T08:44:43+00:00\",\"description\":\"\u00c9rv\u00e9nyess\u00e9g: 2025.11.28 - 2025.12.01 1275 lei\/ f\u0151\/ aj\u00e1nlat Az aj\u00e1nlat tartalma: \u2022 3 \u00e9jszaka sz\u00e1ll\u00e1s, k\u00e9t\u00e1gyas elhelyez\u00e9ssel \u00e9s f\u00e9lpanzi\u00f3s ell\u00e1t\u00e1ssal, \u2022 Hagyom\u00e1nyos fogadtat\u00e1s kal\u00e1ccsal \u00e9s \u00e1fonyalik\u0151rrel, p\u00e9nteken, \u2022 Agyagoz\u00e1s, szombaton, \u2022 N\u00e9pdalok Cora Munteanca el\u0151ad\u00e1s\u00e1ban, vas\u00e1rnap, \u2022 Party Dj-vel, vas\u00e1rnap, \u2022 Spa haszn\u00e1lat (medence, jakuzzi, szaun\u00e1k \u00e9s mini fitnesz terem). .\",\"breadcrumb\":{\"@id\":\"https:\/\/www.o3zone.ro\/hu\/szent-andras-napi-es-december1-i-minivakacio\/#breadcrumb\"},\"inLanguage\":\"hu\",\"potentialAction\":[{\"@type\":\"ReadAction\",\"target\":[\"https:\/\/www.o3zone.ro\/hu\/szent-andras-napi-es-december1-i-minivakacio\/\"]}]},{\"@type\":\"BreadcrumbList\",\"@id\":\"https:\/\/www.o3zone.ro\/hu\/szent-andras-napi-es-december1-i-minivakacio\/#breadcrumb\",\"itemListElement\":[{\"@type\":\"ListItem\",\"position\":1,\"name\":\"Home\",\"item\":\"https:\/\/www.o3zone.ro\/hu\/\"},{\"@type\":\"ListItem\",\"position\":2,\"name\":\"Szent Andr\u00e1s napi \u00e9s December1-i minivak\u00e1ci\u00f3\"}]},{\"@type\":\"WebSite\",\"@id\":\"https:\/\/www.o3zone.ro\/hu\/#website\",\"url\":\"https:\/\/www.o3zone.ro\/hu\/\",\"name\":\"O3zone Hotel\",\"description\":\"\",\"potentialAction\":[{\"@type\":\"SearchAction\",\"target\":{\"@type\":\"EntryPoint\",\"urlTemplate\":\"https:\/\/www.o3zone.ro\/hu\/?s={search_term_string}\"},\"query-input\":\"required name=search_term_string\"}],\"inLanguage\":\"hu\"}]}<\/script>\n<!-- \/ Yoast SEO plugin. -->","yoast_head_json":{"title":"Szent Andr\u00e1s napi \u00e9s December1-i minivak\u00e1ci\u00f3 - O3zone Hotel -","description":"\u00c9rv\u00e9nyess\u00e9g: 2025.11.28 - 2025.12.01  1275 lei\/ f\u0151\/ aj\u00e1nlat Az aj\u00e1nlat tartalma:    3 \u00e9jszaka sz\u00e1ll\u00e1s, k\u00e9t\u00e1gyas elhelyez\u00e9ssel \u00e9s f\u00e9lpanzi\u00f3s ell\u00e1t\u00e1ssal,  Hagyom\u00e1nyos fogadtat\u00e1s kal\u00e1ccsal \u00e9s \u00e1fonyalik\u0151rrel, p\u00e9nteken,  Agyagoz\u00e1s, szombaton,  N\u00e9pdalok Cora Munteanca el\u0151ad\u00e1s\u00e1ban, vas\u00e1rnap,  Party Dj-vel, vas\u00e1rnap,  Spa haszn\u00e1lat (medence, jakuzzi, szaun\u00e1k \u00e9s mini fitnesz terem).  .","robots":{"index":"index","follow":"follow","max-snippet":"max-snippet:-1","max-image-preview":"max-image-preview:large","max-video-preview":"max-video-preview:-1"},"canonical":"https:\/\/www.o3zone.ro\/hu\/szent-andras-napi-es-december1-i-minivakacio\/","og_locale":"hu_HU","og_type":"article","og_title":"Szent Andr\u00e1s napi \u00e9s December1-i minivak\u00e1ci\u00f3 - O3zone Hotel -","og_description":"\u00c9rv\u00e9nyess\u00e9g: 2025.11.28 - 2025.12.01  1275 lei\/ f\u0151\/ aj\u00e1nlat Az aj\u00e1nlat tartalma:    3 \u00e9jszaka sz\u00e1ll\u00e1s, k\u00e9t\u00e1gyas elhelyez\u00e9ssel \u00e9s f\u00e9lpanzi\u00f3s ell\u00e1t\u00e1ssal,  Hagyom\u00e1nyos fogadtat\u00e1s kal\u00e1ccsal \u00e9s \u00e1fonyalik\u0151rrel, p\u00e9nteken,  Agyagoz\u00e1s, szombaton,  N\u00e9pdalok Cora Munteanca el\u0151ad\u00e1s\u00e1ban, vas\u00e1rnap,  Party Dj-vel, vas\u00e1rnap,  Spa haszn\u00e1lat (medence, jakuzzi, szaun\u00e1k \u00e9s mini fitnesz terem).  .","og_url":"https:\/\/www.o3zone.ro\/hu\/szent-andras-napi-es-december1-i-minivakacio\/","og_site_name":"O3zone Hotel","article_publisher":"https:\/\/www.facebook.com\/HotelO3zone\/","article_modified_time":"2025-09-15T08:44:43+00:00","og_image":[{"width":1293,"height":1200,"url":"https:\/\/www.o3zone.ro\/wp-content\/uploads\/sites\/97\/2024\/03\/01-45-e1711368229192.jpg","type":"image\/jpeg"}],"twitter_card":"summary_large_image","twitter_misc":{"Becs\u00fclt olvas\u00e1si id\u0151":"1 perc"},"schema":{"@context":"https:\/\/schema.org","@graph":[{"@type":"WebPage","@id":"https:\/\/www.o3zone.ro\/hu\/szent-andras-napi-es-december1-i-minivakacio\/","url":"https:\/\/www.o3zone.ro\/hu\/szent-andras-napi-es-december1-i-minivakacio\/","name":"Szent Andr\u00e1s napi \u00e9s December1-i minivak\u00e1ci\u00f3 - O3zone Hotel -","isPartOf":{"@id":"https:\/\/www.o3zone.ro\/hu\/#website"},"datePublished":"2024-11-25T10:20:27+00:00","dateModified":"2025-09-15T08:44:43+00:00","description":"\u00c9rv\u00e9nyess\u00e9g: 2025.11.28 - 2025.12.01 1275 lei\/ f\u0151\/ aj\u00e1nlat Az aj\u00e1nlat tartalma: \u2022 3 \u00e9jszaka sz\u00e1ll\u00e1s, k\u00e9t\u00e1gyas elhelyez\u00e9ssel \u00e9s f\u00e9lpanzi\u00f3s ell\u00e1t\u00e1ssal, \u2022 Hagyom\u00e1nyos fogadtat\u00e1s kal\u00e1ccsal \u00e9s \u00e1fonyalik\u0151rrel, p\u00e9nteken, \u2022 Agyagoz\u00e1s, szombaton, \u2022 N\u00e9pdalok Cora Munteanca el\u0151ad\u00e1s\u00e1ban, vas\u00e1rnap, \u2022 Party Dj-vel, vas\u00e1rnap, \u2022 Spa haszn\u00e1lat (medence, jakuzzi, szaun\u00e1k \u00e9s mini fitnesz terem). .","breadcrumb":{"@id":"https:\/\/www.o3zone.ro\/hu\/szent-andras-napi-es-december1-i-minivakacio\/#breadcrumb"},"inLanguage":"hu","potentialAction":[{"@type":"ReadAction","target":["https:\/\/www.o3zone.ro\/hu\/szent-andras-napi-es-december1-i-minivakacio\/"]}]},{"@type":"BreadcrumbList","@id":"https:\/\/www.o3zone.ro\/hu\/szent-andras-napi-es-december1-i-minivakacio\/#breadcrumb","itemListElement":[{"@type":"ListItem","position":1,"name":"Home","item":"https:\/\/www.o3zone.ro\/hu\/"},{"@type":"ListItem","position":2,"name":"Szent Andr\u00e1s napi \u00e9s December1-i minivak\u00e1ci\u00f3"}]},{"@type":"WebSite","@id":"https:\/\/www.o3zone.ro\/hu\/#website","url":"https:\/\/www.o3zone.ro\/hu\/","name":"O3zone Hotel","description":"","potentialAction":[{"@type":"SearchAction","target":{"@type":"EntryPoint","urlTemplate":"https:\/\/www.o3zone.ro\/hu\/?s={search_term_string}"},"query-input":"required name=search_term_string"}],"inLanguage":"hu"}]}},"acf":[],"_links":{"self":[{"href":"https:\/\/www.o3zone.ro\/hu\/wp-json\/wp\/v2\/pages\/748"}],"collection":[{"href":"https:\/\/www.o3zone.ro\/hu\/wp-json\/wp\/v2\/pages"}],"about":[{"href":"https:\/\/www.o3zone.ro\/hu\/wp-json\/wp\/v2\/types\/page"}],"author":[{"embeddable":true,"href":"https:\/\/www.o3zone.ro\/hu\/wp-json\/wp\/v2\/users\/119"}],"replies":[{"embeddable":true,"href":"https:\/\/www.o3zone.ro\/hu\/wp-json\/wp\/v2\/comments?post=748"}],"version-history":[{"count":0,"href":"https:\/\/www.o3zone.ro\/hu\/wp-json\/wp\/v2\/pages\/748\/revisions"}],"wp:attachment":[{"href":"https:\/\/www.o3zone.ro\/hu\/wp-json\/wp\/v2\/media?parent=748"}],"curies":[{"name":"wp","href":"https:\/\/api.w.org\/{rel}","templated":true}]}}