{"id":742,"date":"2024-11-19T16:35:31","date_gmt":"2024-11-19T16:35:31","guid":{"rendered":"https:\/\/www.o3zone.ro\/?page_id=742"},"modified":"2025-09-15T07:53:04","modified_gmt":"2025-09-15T07:53:04","slug":"karacsonyi-ajanlat-2024","status":"publish","type":"page","link":"https:\/\/www.o3zone.ro\/hu\/karacsonyi-ajanlat-2024\/","title":{"rendered":"Kar\u00e1csonyi aj\u00e1nlat 2025"},"content":{"rendered":"<div class=\"description\" data-selectable=\"true\">\n<p><strong>\u00c9rv\u00e9nyess\u00e9g: 2025.12.23 &#8211; 2025.12.26<\/strong><\/p>\n<p style=\"text-align: left\"><strong>Az aj\u00e1nlat tartalma:<\/strong><\/p>\n<ul>\n<li>Sz\u00e1ll\u00e1s 3 \u00e9jszak\u00e1ra teljes ell\u00e1t\u00e1ssal, k\u00e9t\u00e1gyas szob\u00e1ban,<\/li>\n<li>Hagyom\u00e1nyos fogadtat\u00e1s bejglivel \u00e9s \u00e1fonyalik\u0151rrel, kedden,<\/li>\n<li>Mikul\u00e1sv\u00e1r\u00e1s \u00e9s kar\u00e1csonyi \u00e9nekl\u00e9s Cora Munteanca el\u0151ad\u00e1s\u00e1ban, szerd\u00e1n,<\/li>\n<li>Kar\u00e1csonyi d\u00edszvacsora \u00e9s Party Dj-vel, cs\u00fct\u00f6rt\u00f6k\u00f6n,<\/li>\n<li>Spa haszn\u00e1lat (medence, jacuzzi, szaun\u00e1k, mini fitnesz terem).<\/li>\n<\/ul>\n<p><strong>Az aj\u00e1nlat \u00e1ra: 1830 lej\/ f\u0151\/ aj\u00e1nlat, k\u00e9t\u00e1gyas elhelyez\u00e9ssel.<\/strong><\/p>\n<ul>\n<li>Touch of Nature szoba fel\u00e1r: 150 lej\/ szoba\/ aj\u00e1nlat<\/li>\n<li>Deluxe apartman fel\u00e1r: 750 lej\/ apartman\/ aj\u00e1nlat<\/li>\n<\/ul>\n<p><strong>Gyerek \u00e1rak:<\/strong><\/p>\n<div class=\"flex-shrink-0 flex flex-col relative items-end\">\n<div class=\"pt-0\">\n<div class=\"gizmo-bot-avatar flex h-8 w-8 items-center justify-center overflow-hidden rounded-full\">\n<ul>\n<li>A 6 \u00e9v alatti gyermekek sz\u00e1m\u00e1ra az \u00fcnnepi \u00e9tkez\u00e9seken val\u00f3 hely biztos\u00edt\u00e1sa \u00e9s p\u00f3t\u00e1gy n\u00e9lk\u00fcl, ingyenes<\/li>\n<li>A 6-14 \u00e9v k\u00f6z\u00f6tti gyermekek r\u00e9sz\u00e9re, gyermek men\u00fcvel p\u00f3t\u00e1gyas elhelyez\u00e9ssel, az \u00e1r 840 lej\/\u00e9jszaka.<\/li>\n<li>A 14-18 \u00e9v k\u00f6z\u00f6tti gyermekek r\u00e9sz\u00e9re, teljes men\u00fcvel \u00e9s hellyel az \u00fcnnepi \u00e9tkez\u00e9seken, p\u00f3t\u00e1gyon val\u00f3 elhelyez\u00e9ssel az \u00e1r 1.500 lej\/\u00e9jszaka.<\/li>\n<\/ul>\n<\/div>\n<\/div>\n<\/div>\n<p>&nbsp;<\/p>\n<p>&nbsp;<\/p>\n<\/div>\n","protected":false},"excerpt":{"rendered":"<p>\u00c9rv\u00e9nyess\u00e9g: 2025.12.23 &#8211; 2025.12.26 Az aj\u00e1nlat tartalma: Sz\u00e1ll\u00e1s 3 \u00e9jszak\u00e1ra teljes ell\u00e1t\u00e1ssal, k\u00e9t\u00e1gyas szob\u00e1ban, Hagyom\u00e1nyos fogadtat\u00e1s bejglivel \u00e9s \u00e1fonyalik\u0151rrel, kedden, Mikul\u00e1sv\u00e1r\u00e1s \u00e9s kar\u00e1csonyi \u00e9nekl\u00e9s Cora Munteanca el\u0151ad\u00e1s\u00e1ban, szerd\u00e1n, Kar\u00e1csonyi d\u00edszvacsora \u00e9s Party Dj-vel, cs\u00fct\u00f6rt\u00f6k\u00f6n, Spa haszn\u00e1lat (medence, jacuzzi, szaun\u00e1k, mini fitnesz terem). Az aj\u00e1nlat \u00e1ra: 1830 lej\/ f\u0151\/ aj\u00e1nlat, k\u00e9t\u00e1gyas elhelyez\u00e9ssel. Touch of Nature szoba [&hellip;]<\/p>\n","protected":false},"author":119,"featured_media":0,"parent":0,"menu_order":999,"comment_status":"closed","ping_status":"closed","template":"template-landing-page.php","meta":{"footnotes":""},"yoast_head":"<!-- This site is optimized with the Yoast SEO plugin v22.3 - https:\/\/yoast.com\/wordpress\/plugins\/seo\/ -->\n<title>Kar\u00e1csonyi aj\u00e1nlat 2025 - O3zone Hotel -<\/title>\n<meta name=\"description\" content=\"\u00c9rv\u00e9nyess\u00e9g: 2025.12.23 - 2025.12.26 Az aj\u00e1nlat tartalma:    Sz\u00e1ll\u00e1s 3 \u00e9jszak\u00e1ra teljes ell\u00e1t\u00e1ssal, k\u00e9t\u00e1gyas szob\u00e1ban,  Hagyom\u00e1nyos fogadtat\u00e1s bejglivel \u00e9s \u00e1fonyalik\u0151rrel, kedden,  Mikul\u00e1sv\u00e1r\u00e1s \u00e9s kar\u00e1csonyi \u00e9nekl\u00e9s Cora Munteanca el\u0151ad\u00e1s\u00e1ban, szerd\u00e1n,  Kar\u00e1csonyi d\u00edszvacsora \u00e9s Party Dj-vel, cs\u00fct\u00f6rt\u00f6k\u00f6n,  Spa haszn\u00e1lat (medence, jacuzzi, szaun\u00e1k, mini fitnesz terem).  Az aj\u00e1nlat \u00e1ra: 1830 lej\/ f\u0151\/ aj\u00e1nlat, k\u00e9t\u00e1gyas elhelyez\u00e9ssel.   Touch of Nature szoba fel\u00e1r: 150 lej\/ szoba\/ aj\u00e1nlat  Deluxe apartman fel\u00e1r: 750 lej\/ apartman\/ aj\u00e1nlat  Gyerek \u00e1rak:      A 6 \u00e9v alatti gyermekek sz\u00e1m\u00e1ra az \u00fcnnepi \u00e9tkez\u00e9seken val\u00f3 hely biztos\u00edt\u00e1sa \u00e9s p\u00f3t\u00e1gy n\u00e9lk\u00fcl, ingyenes  A 6-14 \u00e9v k\u00f6z\u00f6tti gyermekek r\u00e9sz\u00e9re, gyermek men\u00fcvel p\u00f3t\u00e1gyas elhelyez\u00e9ssel, az \u00e1r 840 lej\/\u00e9jszaka.  A 14-18 \u00e9v k\u00f6z\u00f6tti gyermekek r\u00e9sz\u00e9re, teljes men\u00fcvel \u00e9s hellyel az \u00fcnnepi \u00e9tkez\u00e9seken, p\u00f3t\u00e1gyon val\u00f3 elhelyez\u00e9ssel az \u00e1r 1.500 lej\/\u00e9jszaka.     &nbsp;  &nbsp;  .\" \/>\n<meta name=\"robots\" content=\"noindex, nofollow\" \/>\n<meta property=\"og:locale\" content=\"hu_HU\" \/>\n<meta property=\"og:type\" content=\"article\" \/>\n<meta property=\"og:title\" content=\"Kar\u00e1csonyi aj\u00e1nlat 2025 - O3zone Hotel -\" \/>\n<meta property=\"og:description\" content=\"\u00c9rv\u00e9nyess\u00e9g: 2025.12.23 - 2025.12.26 Az aj\u00e1nlat tartalma:    Sz\u00e1ll\u00e1s 3 \u00e9jszak\u00e1ra teljes ell\u00e1t\u00e1ssal, k\u00e9t\u00e1gyas szob\u00e1ban,  Hagyom\u00e1nyos fogadtat\u00e1s bejglivel \u00e9s \u00e1fonyalik\u0151rrel, kedden,  Mikul\u00e1sv\u00e1r\u00e1s \u00e9s kar\u00e1csonyi \u00e9nekl\u00e9s Cora Munteanca el\u0151ad\u00e1s\u00e1ban, szerd\u00e1n,  Kar\u00e1csonyi d\u00edszvacsora \u00e9s Party Dj-vel, cs\u00fct\u00f6rt\u00f6k\u00f6n,  Spa haszn\u00e1lat (medence, jacuzzi, szaun\u00e1k, mini fitnesz terem).  Az aj\u00e1nlat \u00e1ra: 1830 lej\/ f\u0151\/ aj\u00e1nlat, k\u00e9t\u00e1gyas elhelyez\u00e9ssel.   Touch of Nature szoba fel\u00e1r: 150 lej\/ szoba\/ aj\u00e1nlat  Deluxe apartman fel\u00e1r: 750 lej\/ apartman\/ aj\u00e1nlat  Gyerek \u00e1rak:      A 6 \u00e9v alatti gyermekek sz\u00e1m\u00e1ra az \u00fcnnepi \u00e9tkez\u00e9seken val\u00f3 hely biztos\u00edt\u00e1sa \u00e9s p\u00f3t\u00e1gy n\u00e9lk\u00fcl, ingyenes  A 6-14 \u00e9v k\u00f6z\u00f6tti gyermekek r\u00e9sz\u00e9re, gyermek men\u00fcvel p\u00f3t\u00e1gyas elhelyez\u00e9ssel, az \u00e1r 840 lej\/\u00e9jszaka.  A 14-18 \u00e9v k\u00f6z\u00f6tti gyermekek r\u00e9sz\u00e9re, teljes men\u00fcvel \u00e9s hellyel az \u00fcnnepi \u00e9tkez\u00e9seken, p\u00f3t\u00e1gyon val\u00f3 elhelyez\u00e9ssel az \u00e1r 1.500 lej\/\u00e9jszaka.     &nbsp;  &nbsp;  .\" \/>\n<meta property=\"og:url\" content=\"https:\/\/www.o3zone.ro\/hu\/karacsonyi-ajanlat-2024\/\" \/>\n<meta property=\"og:site_name\" content=\"O3zone Hotel\" \/>\n<meta property=\"article:publisher\" content=\"https:\/\/www.facebook.com\/HotelO3zone\/\" \/>\n<meta property=\"article:modified_time\" content=\"2025-09-15T07:53:04+00:00\" \/>\n<meta property=\"og:image\" content=\"https:\/\/www.o3zone.ro\/wp-content\/uploads\/sites\/97\/2024\/03\/01-45-e1711368229192.jpg\" \/>\n\t<meta property=\"og:image:width\" content=\"1293\" \/>\n\t<meta property=\"og:image:height\" content=\"1200\" \/>\n\t<meta property=\"og:image:type\" content=\"image\/jpeg\" \/>\n<meta name=\"twitter:card\" content=\"summary_large_image\" \/>\n<meta name=\"twitter:label1\" content=\"Becs\u00fclt olvas\u00e1si id\u0151\" \/>\n\t<meta name=\"twitter:data1\" content=\"1 perc\" \/>\n<script type=\"application\/ld+json\" class=\"yoast-schema-graph\">{\"@context\":\"https:\/\/schema.org\",\"@graph\":[{\"@type\":\"WebPage\",\"@id\":\"https:\/\/www.o3zone.ro\/hu\/karacsonyi-ajanlat-2024\/\",\"url\":\"https:\/\/www.o3zone.ro\/hu\/karacsonyi-ajanlat-2024\/\",\"name\":\"Kar\u00e1csonyi aj\u00e1nlat 2025 - O3zone Hotel -\",\"isPartOf\":{\"@id\":\"https:\/\/www.o3zone.ro\/hu\/#website\"},\"datePublished\":\"2024-11-19T16:35:31+00:00\",\"dateModified\":\"2025-09-15T07:53:04+00:00\",\"description\":\"\u00c9rv\u00e9nyess\u00e9g: 2025.12.23 - 2025.12.26 Az aj\u00e1nlat tartalma: \u2022 Sz\u00e1ll\u00e1s 3 \u00e9jszak\u00e1ra teljes ell\u00e1t\u00e1ssal, k\u00e9t\u00e1gyas szob\u00e1ban, \u2022 Hagyom\u00e1nyos fogadtat\u00e1s bejglivel \u00e9s \u00e1fonyalik\u0151rrel, kedden, \u2022 Mikul\u00e1sv\u00e1r\u00e1s \u00e9s kar\u00e1csonyi \u00e9nekl\u00e9s Cora Munteanca el\u0151ad\u00e1s\u00e1ban, szerd\u00e1n, \u2022 Kar\u00e1csonyi d\u00edszvacsora \u00e9s Party Dj-vel, cs\u00fct\u00f6rt\u00f6k\u00f6n, \u2022 Spa haszn\u00e1lat (medence, jacuzzi, szaun\u00e1k, mini fitnesz terem). Az aj\u00e1nlat \u00e1ra: 1830 lej\/ f\u0151\/ aj\u00e1nlat, k\u00e9t\u00e1gyas elhelyez\u00e9ssel. \u2022 Touch of Nature szoba fel\u00e1r: 150 lej\/ szoba\/ aj\u00e1nlat \u2022 Deluxe apartman fel\u00e1r: 750 lej\/ apartman\/ aj\u00e1nlat Gyerek \u00e1rak: \u2022 A 6 \u00e9v alatti gyermekek sz\u00e1m\u00e1ra az \u00fcnnepi \u00e9tkez\u00e9seken val\u00f3 hely biztos\u00edt\u00e1sa \u00e9s p\u00f3t\u00e1gy n\u00e9lk\u00fcl, ingyenes \u2022 A 6-14 \u00e9v k\u00f6z\u00f6tti gyermekek r\u00e9sz\u00e9re, gyermek men\u00fcvel p\u00f3t\u00e1gyas elhelyez\u00e9ssel, az \u00e1r 840 lej\/\u00e9jszaka. \u2022 A 14-18 \u00e9v k\u00f6z\u00f6tti gyermekek r\u00e9sz\u00e9re, teljes men\u00fcvel \u00e9s hellyel az \u00fcnnepi \u00e9tkez\u00e9seken, p\u00f3t\u00e1gyon val\u00f3 elhelyez\u00e9ssel az \u00e1r 1.500 lej\/\u00e9jszaka. &nbsp; &nbsp; .\",\"breadcrumb\":{\"@id\":\"https:\/\/www.o3zone.ro\/hu\/karacsonyi-ajanlat-2024\/#breadcrumb\"},\"inLanguage\":\"hu\",\"potentialAction\":[{\"@type\":\"ReadAction\",\"target\":[\"https:\/\/www.o3zone.ro\/hu\/karacsonyi-ajanlat-2024\/\"]}]},{\"@type\":\"BreadcrumbList\",\"@id\":\"https:\/\/www.o3zone.ro\/hu\/karacsonyi-ajanlat-2024\/#breadcrumb\",\"itemListElement\":[{\"@type\":\"ListItem\",\"position\":1,\"name\":\"Home\",\"item\":\"https:\/\/www.o3zone.ro\/hu\/\"},{\"@type\":\"ListItem\",\"position\":2,\"name\":\"Kar\u00e1csonyi aj\u00e1nlat 2025\"}]},{\"@type\":\"WebSite\",\"@id\":\"https:\/\/www.o3zone.ro\/hu\/#website\",\"url\":\"https:\/\/www.o3zone.ro\/hu\/\",\"name\":\"O3zone Hotel\",\"description\":\"\",\"potentialAction\":[{\"@type\":\"SearchAction\",\"target\":{\"@type\":\"EntryPoint\",\"urlTemplate\":\"https:\/\/www.o3zone.ro\/hu\/?s={search_term_string}\"},\"query-input\":\"required name=search_term_string\"}],\"inLanguage\":\"hu\"}]}<\/script>\n<!-- \/ Yoast SEO plugin. -->","yoast_head_json":{"title":"Kar\u00e1csonyi aj\u00e1nlat 2025 - O3zone Hotel -","description":"\u00c9rv\u00e9nyess\u00e9g: 2025.12.23 - 2025.12.26 Az aj\u00e1nlat tartalma:    Sz\u00e1ll\u00e1s 3 \u00e9jszak\u00e1ra teljes ell\u00e1t\u00e1ssal, k\u00e9t\u00e1gyas szob\u00e1ban,  Hagyom\u00e1nyos fogadtat\u00e1s bejglivel \u00e9s \u00e1fonyalik\u0151rrel, kedden,  Mikul\u00e1sv\u00e1r\u00e1s \u00e9s kar\u00e1csonyi \u00e9nekl\u00e9s Cora Munteanca el\u0151ad\u00e1s\u00e1ban, szerd\u00e1n,  Kar\u00e1csonyi d\u00edszvacsora \u00e9s Party Dj-vel, cs\u00fct\u00f6rt\u00f6k\u00f6n,  Spa haszn\u00e1lat (medence, jacuzzi, szaun\u00e1k, mini fitnesz terem).  Az aj\u00e1nlat \u00e1ra: 1830 lej\/ f\u0151\/ aj\u00e1nlat, k\u00e9t\u00e1gyas elhelyez\u00e9ssel.   Touch of Nature szoba fel\u00e1r: 150 lej\/ szoba\/ aj\u00e1nlat  Deluxe apartman fel\u00e1r: 750 lej\/ apartman\/ aj\u00e1nlat  Gyerek \u00e1rak:      A 6 \u00e9v alatti gyermekek sz\u00e1m\u00e1ra az \u00fcnnepi \u00e9tkez\u00e9seken val\u00f3 hely biztos\u00edt\u00e1sa \u00e9s p\u00f3t\u00e1gy n\u00e9lk\u00fcl, ingyenes  A 6-14 \u00e9v k\u00f6z\u00f6tti gyermekek r\u00e9sz\u00e9re, gyermek men\u00fcvel p\u00f3t\u00e1gyas elhelyez\u00e9ssel, az \u00e1r 840 lej\/\u00e9jszaka.  A 14-18 \u00e9v k\u00f6z\u00f6tti gyermekek r\u00e9sz\u00e9re, teljes men\u00fcvel \u00e9s hellyel az \u00fcnnepi \u00e9tkez\u00e9seken, p\u00f3t\u00e1gyon val\u00f3 elhelyez\u00e9ssel az \u00e1r 1.500 lej\/\u00e9jszaka.     &nbsp;  &nbsp;  .","robots":{"index":"noindex","follow":"nofollow"},"og_locale":"hu_HU","og_type":"article","og_title":"Kar\u00e1csonyi aj\u00e1nlat 2025 - O3zone Hotel -","og_description":"\u00c9rv\u00e9nyess\u00e9g: 2025.12.23 - 2025.12.26 Az aj\u00e1nlat tartalma:    Sz\u00e1ll\u00e1s 3 \u00e9jszak\u00e1ra teljes ell\u00e1t\u00e1ssal, k\u00e9t\u00e1gyas szob\u00e1ban,  Hagyom\u00e1nyos fogadtat\u00e1s bejglivel \u00e9s \u00e1fonyalik\u0151rrel, kedden,  Mikul\u00e1sv\u00e1r\u00e1s \u00e9s kar\u00e1csonyi \u00e9nekl\u00e9s Cora Munteanca el\u0151ad\u00e1s\u00e1ban, szerd\u00e1n,  Kar\u00e1csonyi d\u00edszvacsora \u00e9s Party Dj-vel, cs\u00fct\u00f6rt\u00f6k\u00f6n,  Spa haszn\u00e1lat (medence, jacuzzi, szaun\u00e1k, mini fitnesz terem).  Az aj\u00e1nlat \u00e1ra: 1830 lej\/ f\u0151\/ aj\u00e1nlat, k\u00e9t\u00e1gyas elhelyez\u00e9ssel.   Touch of Nature szoba fel\u00e1r: 150 lej\/ szoba\/ aj\u00e1nlat  Deluxe apartman fel\u00e1r: 750 lej\/ apartman\/ aj\u00e1nlat  Gyerek \u00e1rak:      A 6 \u00e9v alatti gyermekek sz\u00e1m\u00e1ra az \u00fcnnepi \u00e9tkez\u00e9seken val\u00f3 hely biztos\u00edt\u00e1sa \u00e9s p\u00f3t\u00e1gy n\u00e9lk\u00fcl, ingyenes  A 6-14 \u00e9v k\u00f6z\u00f6tti gyermekek r\u00e9sz\u00e9re, gyermek men\u00fcvel p\u00f3t\u00e1gyas elhelyez\u00e9ssel, az \u00e1r 840 lej\/\u00e9jszaka.  A 14-18 \u00e9v k\u00f6z\u00f6tti gyermekek r\u00e9sz\u00e9re, teljes men\u00fcvel \u00e9s hellyel az \u00fcnnepi \u00e9tkez\u00e9seken, p\u00f3t\u00e1gyon val\u00f3 elhelyez\u00e9ssel az \u00e1r 1.500 lej\/\u00e9jszaka.     &nbsp;  &nbsp;  .","og_url":"https:\/\/www.o3zone.ro\/hu\/karacsonyi-ajanlat-2024\/","og_site_name":"O3zone Hotel","article_publisher":"https:\/\/www.facebook.com\/HotelO3zone\/","article_modified_time":"2025-09-15T07:53:04+00:00","og_image":[{"width":1293,"height":1200,"url":"https:\/\/www.o3zone.ro\/wp-content\/uploads\/sites\/97\/2024\/03\/01-45-e1711368229192.jpg","type":"image\/jpeg"}],"twitter_card":"summary_large_image","twitter_misc":{"Becs\u00fclt olvas\u00e1si id\u0151":"1 perc"},"schema":{"@context":"https:\/\/schema.org","@graph":[{"@type":"WebPage","@id":"https:\/\/www.o3zone.ro\/hu\/karacsonyi-ajanlat-2024\/","url":"https:\/\/www.o3zone.ro\/hu\/karacsonyi-ajanlat-2024\/","name":"Kar\u00e1csonyi aj\u00e1nlat 2025 - O3zone Hotel -","isPartOf":{"@id":"https:\/\/www.o3zone.ro\/hu\/#website"},"datePublished":"2024-11-19T16:35:31+00:00","dateModified":"2025-09-15T07:53:04+00:00","description":"\u00c9rv\u00e9nyess\u00e9g: 2025.12.23 - 2025.12.26 Az aj\u00e1nlat tartalma: \u2022 Sz\u00e1ll\u00e1s 3 \u00e9jszak\u00e1ra teljes ell\u00e1t\u00e1ssal, k\u00e9t\u00e1gyas szob\u00e1ban, \u2022 Hagyom\u00e1nyos fogadtat\u00e1s bejglivel \u00e9s \u00e1fonyalik\u0151rrel, kedden, \u2022 Mikul\u00e1sv\u00e1r\u00e1s \u00e9s kar\u00e1csonyi \u00e9nekl\u00e9s Cora Munteanca el\u0151ad\u00e1s\u00e1ban, szerd\u00e1n, \u2022 Kar\u00e1csonyi d\u00edszvacsora \u00e9s Party Dj-vel, cs\u00fct\u00f6rt\u00f6k\u00f6n, \u2022 Spa haszn\u00e1lat (medence, jacuzzi, szaun\u00e1k, mini fitnesz terem). Az aj\u00e1nlat \u00e1ra: 1830 lej\/ f\u0151\/ aj\u00e1nlat, k\u00e9t\u00e1gyas elhelyez\u00e9ssel. \u2022 Touch of Nature szoba fel\u00e1r: 150 lej\/ szoba\/ aj\u00e1nlat \u2022 Deluxe apartman fel\u00e1r: 750 lej\/ apartman\/ aj\u00e1nlat Gyerek \u00e1rak: \u2022 A 6 \u00e9v alatti gyermekek sz\u00e1m\u00e1ra az \u00fcnnepi \u00e9tkez\u00e9seken val\u00f3 hely biztos\u00edt\u00e1sa \u00e9s p\u00f3t\u00e1gy n\u00e9lk\u00fcl, ingyenes \u2022 A 6-14 \u00e9v k\u00f6z\u00f6tti gyermekek r\u00e9sz\u00e9re, gyermek men\u00fcvel p\u00f3t\u00e1gyas elhelyez\u00e9ssel, az \u00e1r 840 lej\/\u00e9jszaka. \u2022 A 14-18 \u00e9v k\u00f6z\u00f6tti gyermekek r\u00e9sz\u00e9re, teljes men\u00fcvel \u00e9s hellyel az \u00fcnnepi \u00e9tkez\u00e9seken, p\u00f3t\u00e1gyon val\u00f3 elhelyez\u00e9ssel az \u00e1r 1.500 lej\/\u00e9jszaka. &nbsp; &nbsp; .","breadcrumb":{"@id":"https:\/\/www.o3zone.ro\/hu\/karacsonyi-ajanlat-2024\/#breadcrumb"},"inLanguage":"hu","potentialAction":[{"@type":"ReadAction","target":["https:\/\/www.o3zone.ro\/hu\/karacsonyi-ajanlat-2024\/"]}]},{"@type":"BreadcrumbList","@id":"https:\/\/www.o3zone.ro\/hu\/karacsonyi-ajanlat-2024\/#breadcrumb","itemListElement":[{"@type":"ListItem","position":1,"name":"Home","item":"https:\/\/www.o3zone.ro\/hu\/"},{"@type":"ListItem","position":2,"name":"Kar\u00e1csonyi aj\u00e1nlat 2025"}]},{"@type":"WebSite","@id":"https:\/\/www.o3zone.ro\/hu\/#website","url":"https:\/\/www.o3zone.ro\/hu\/","name":"O3zone Hotel","description":"","potentialAction":[{"@type":"SearchAction","target":{"@type":"EntryPoint","urlTemplate":"https:\/\/www.o3zone.ro\/hu\/?s={search_term_string}"},"query-input":"required name=search_term_string"}],"inLanguage":"hu"}]}},"acf":[],"_links":{"self":[{"href":"https:\/\/www.o3zone.ro\/hu\/wp-json\/wp\/v2\/pages\/742"}],"collection":[{"href":"https:\/\/www.o3zone.ro\/hu\/wp-json\/wp\/v2\/pages"}],"about":[{"href":"https:\/\/www.o3zone.ro\/hu\/wp-json\/wp\/v2\/types\/page"}],"author":[{"embeddable":true,"href":"https:\/\/www.o3zone.ro\/hu\/wp-json\/wp\/v2\/users\/119"}],"replies":[{"embeddable":true,"href":"https:\/\/www.o3zone.ro\/hu\/wp-json\/wp\/v2\/comments?post=742"}],"version-history":[{"count":0,"href":"https:\/\/www.o3zone.ro\/hu\/wp-json\/wp\/v2\/pages\/742\/revisions"}],"wp:attachment":[{"href":"https:\/\/www.o3zone.ro\/hu\/wp-json\/wp\/v2\/media?parent=742"}],"curies":[{"name":"wp","href":"https:\/\/api.w.org\/{rel}","templated":true}]}}