{"id":519,"date":"2024-02-19T09:49:48","date_gmt":"2024-02-19T09:49:48","guid":{"rendered":"https:\/\/o3zone-hotel.ms2.decms.eu\/?page_id=519"},"modified":"2024-05-14T12:43:27","modified_gmt":"2024-05-14T12:43:27","slug":"csaladi-apartman","status":"publish","type":"page","link":"https:\/\/www.o3zone.ro\/hu\/szallas\/csaladi-apartman\/","title":{"rendered":"Csal\u00e1di Apartman"},"content":{"rendered":"<p>A csal\u00e1di apartman rendelkezik konyh\u00e1val, nappalival ahol tal\u00e1lhat\u00f3 egy kih\u00fazhat\u00f3 kanap\u00e9 \u00e9s k\u00e9t kih\u00fazhat\u00f3 minikanap\u00e9, valamint egy h\u00e1l\u00f3szoba egy 160*200 cm m\u00e9ret\u0171 francia\u00e1ggyal. Az apartmanb\u00f3l gy\u00f6ny\u00f6r\u0171 kil\u00e1t\u00e1s ny\u00edlik a S\u00f3lyomk\u0151re. Ez az apartman t\u00f6k\u00e9letes 2 feln\u0151tt \u00e9s 4 gyerek sz\u00e1m\u00e1ra.<\/p>\n<p>A szoba\u00e1r tartalmazza a sv\u00e9dasztalos reggelit valamint a medence, jakuzzi, szaun\u00e1k \u00e9s mini fitneszterem haszn\u00e1lat\u00e1t.<br \/>\n<strong>Amennyiben gyerekekkel \u00e9rkezik, k\u00e9rj\u00fck ig\u00e9nyeljen szem\u00e9lyreszabott \u00e1raj\u00e1nlatot!<\/strong><\/p>\n<p>H\u00e1zi kedvenceket csak el\u0151zetes bejelent\u00e9s alapj\u00e1n fogadunk, a sz\u00e1lloda els\u0151 emeleti szob\u00e1iban, fel\u00e1rral!<\/p>\n","protected":false},"excerpt":{"rendered":"<p>A csal\u00e1di apartman rendelkezik konyh\u00e1val, nappalival ahol tal\u00e1lhat\u00f3 egy kih\u00fazhat\u00f3 kanap\u00e9 \u00e9s k\u00e9t kih\u00fazhat\u00f3 minikanap\u00e9, valamint egy h\u00e1l\u00f3szoba egy 160*200 cm m\u00e9ret\u0171 francia\u00e1ggyal. Az apartmanb\u00f3l gy\u00f6ny\u00f6r\u0171 kil\u00e1t\u00e1s ny\u00edlik a S\u00f3lyomk\u0151re. Ez az apartman t\u00f6k\u00e9letes 2 feln\u0151tt \u00e9s 4 gyerek sz\u00e1m\u00e1ra. A szoba\u00e1r tartalmazza a sv\u00e9dasztalos reggelit valamint a medence, jakuzzi, szaun\u00e1k \u00e9s mini fitneszterem haszn\u00e1lat\u00e1t. [&hellip;]<\/p>\n","protected":false},"author":119,"featured_media":0,"parent":18,"menu_order":25,"comment_status":"closed","ping_status":"closed","template":"template-single-room.php","meta":{"footnotes":""},"class_list":["post-519","page","type-page","status-publish","hentry"],"yoast_head":"<!-- This site is optimized with the Yoast SEO plugin v27.3 - https:\/\/yoast.com\/product\/yoast-seo-wordpress\/ -->\n<title>Csal\u00e1di Apartman - O3zone Hotel -<\/title>\n<meta name=\"description\" content=\"A csal\u00e1di apartman rendelkezik konyh\u00e1val, nappalival ahol tal\u00e1lhat\u00f3 egy kih\u00fazhat\u00f3 kanap\u00e9 \u00e9s k\u00e9t kih\u00fazhat\u00f3 minikanap\u00e9, valamint egy h\u00e1l\u00f3szoba egy 160*200 cm m\u00e9ret\u0171 francia\u00e1ggyal. Az apartmanb\u00f3l gy\u00f6ny\u00f6r\u0171 kil\u00e1t\u00e1s ny\u00edlik a S\u00f3lyomk\u0151re\" \/>\n<meta name=\"robots\" content=\"index, follow, max-snippet:-1, max-image-preview:large, max-video-preview:-1\" \/>\n<link rel=\"canonical\" href=\"https:\/\/www.o3zone.ro\/hu\/szallas\/csaladi-apartman\/\" \/>\n<meta property=\"og:locale\" content=\"hu_HU\" \/>\n<meta property=\"og:type\" content=\"article\" \/>\n<meta property=\"og:title\" content=\"Csal\u00e1di Apartman - O3zone Hotel -\" \/>\n<meta property=\"og:description\" content=\"A csal\u00e1di apartman rendelkezik konyh\u00e1val, nappalival ahol tal\u00e1lhat\u00f3 egy kih\u00fazhat\u00f3 kanap\u00e9 \u00e9s k\u00e9t kih\u00fazhat\u00f3 minikanap\u00e9, valamint egy h\u00e1l\u00f3szoba egy 160*200 cm m\u00e9ret\u0171 francia\u00e1ggyal. Az apartmanb\u00f3l gy\u00f6ny\u00f6r\u0171 kil\u00e1t\u00e1s ny\u00edlik a S\u00f3lyomk\u0151re\" \/>\n<meta property=\"og:url\" content=\"https:\/\/www.o3zone.ro\/hu\/szallas\/csaladi-apartman\/\" \/>\n<meta property=\"og:site_name\" content=\"O3zone Hotel\" \/>\n<meta property=\"article:publisher\" content=\"https:\/\/www.facebook.com\/HotelO3zone\/\" \/>\n<meta property=\"article:modified_time\" content=\"2024-05-14T12:43:27+00:00\" \/>\n<meta property=\"og:image\" content=\"https:\/\/www.o3zone.ro\/wp-content\/uploads\/sites\/97\/2024\/03\/01-45-e1711368229192.jpg\" \/>\n\t<meta property=\"og:image:width\" content=\"1293\" \/>\n\t<meta property=\"og:image:height\" content=\"1200\" \/>\n\t<meta property=\"og:image:type\" content=\"image\/jpeg\" \/>\n<meta name=\"twitter:card\" content=\"summary_large_image\" \/>\n<meta name=\"twitter:label1\" content=\"Becs\u00fclt olvas\u00e1si id\u0151\" \/>\n\t<meta name=\"twitter:data1\" content=\"1 perc\" \/>\n<script type=\"application\/ld+json\" class=\"yoast-schema-graph\">{\"@context\":\"https:\\\/\\\/schema.org\",\"@graph\":[{\"@type\":\"WebPage\",\"@id\":\"https:\\\/\\\/www.o3zone.ro\\\/hu\\\/szallas\\\/csaladi-apartman\\\/\",\"url\":\"https:\\\/\\\/www.o3zone.ro\\\/hu\\\/szallas\\\/csaladi-apartman\\\/\",\"name\":\"Csal\u00e1di Apartman - O3zone Hotel -\",\"isPartOf\":{\"@id\":\"https:\\\/\\\/www.o3zone.ro\\\/hu\\\/#website\"},\"datePublished\":\"2024-02-19T09:49:48+00:00\",\"dateModified\":\"2024-05-14T12:43:27+00:00\",\"description\":\"A csal\u00e1di apartman rendelkezik konyh\u00e1val, nappalival ahol tal\u00e1lhat\u00f3 egy kih\u00fazhat\u00f3 kanap\u00e9 \u00e9s k\u00e9t kih\u00fazhat\u00f3 minikanap\u00e9, valamint egy h\u00e1l\u00f3szoba egy 160*200 cm m\u00e9ret\u0171 francia\u00e1ggyal. Az apartmanb\u00f3l gy\u00f6ny\u00f6r\u0171 kil\u00e1t\u00e1s ny\u00edlik a S\u00f3lyomk\u0151re\",\"breadcrumb\":{\"@id\":\"https:\\\/\\\/www.o3zone.ro\\\/hu\\\/szallas\\\/csaladi-apartman\\\/#breadcrumb\"},\"inLanguage\":\"hu\",\"potentialAction\":[{\"@type\":\"ReadAction\",\"target\":[\"https:\\\/\\\/www.o3zone.ro\\\/hu\\\/szallas\\\/csaladi-apartman\\\/\"]}]},{\"@type\":\"BreadcrumbList\",\"@id\":\"https:\\\/\\\/www.o3zone.ro\\\/hu\\\/szallas\\\/csaladi-apartman\\\/#breadcrumb\",\"itemListElement\":[{\"@type\":\"ListItem\",\"position\":1,\"name\":\"Home\",\"item\":\"https:\\\/\\\/www.o3zone.ro\\\/hu\\\/\"},{\"@type\":\"ListItem\",\"position\":2,\"name\":\"Sz\u00e1ll\u00e1s\",\"item\":\"https:\\\/\\\/www.o3zone.ro\\\/hu\\\/szallas\\\/\"},{\"@type\":\"ListItem\",\"position\":3,\"name\":\"Csal\u00e1di Apartman\"}]},{\"@type\":\"WebSite\",\"@id\":\"https:\\\/\\\/www.o3zone.ro\\\/hu\\\/#website\",\"url\":\"https:\\\/\\\/www.o3zone.ro\\\/hu\\\/\",\"name\":\"O3zone Hotel\",\"description\":\"\",\"potentialAction\":[{\"@type\":\"SearchAction\",\"target\":{\"@type\":\"EntryPoint\",\"urlTemplate\":\"https:\\\/\\\/www.o3zone.ro\\\/hu\\\/?s={search_term_string}\"},\"query-input\":{\"@type\":\"PropertyValueSpecification\",\"valueRequired\":true,\"valueName\":\"search_term_string\"}}],\"inLanguage\":\"hu\"}]}<\/script>\n<!-- \/ Yoast SEO plugin. -->","yoast_head_json":{"title":"Csal\u00e1di Apartman - O3zone Hotel -","description":"A csal\u00e1di apartman rendelkezik konyh\u00e1val, nappalival ahol tal\u00e1lhat\u00f3 egy kih\u00fazhat\u00f3 kanap\u00e9 \u00e9s k\u00e9t kih\u00fazhat\u00f3 minikanap\u00e9, valamint egy h\u00e1l\u00f3szoba egy 160*200 cm m\u00e9ret\u0171 francia\u00e1ggyal. Az apartmanb\u00f3l gy\u00f6ny\u00f6r\u0171 kil\u00e1t\u00e1s ny\u00edlik a S\u00f3lyomk\u0151re","robots":{"index":"index","follow":"follow","max-snippet":"max-snippet:-1","max-image-preview":"max-image-preview:large","max-video-preview":"max-video-preview:-1"},"canonical":"https:\/\/www.o3zone.ro\/hu\/szallas\/csaladi-apartman\/","og_locale":"hu_HU","og_type":"article","og_title":"Csal\u00e1di Apartman - O3zone Hotel -","og_description":"A csal\u00e1di apartman rendelkezik konyh\u00e1val, nappalival ahol tal\u00e1lhat\u00f3 egy kih\u00fazhat\u00f3 kanap\u00e9 \u00e9s k\u00e9t kih\u00fazhat\u00f3 minikanap\u00e9, valamint egy h\u00e1l\u00f3szoba egy 160*200 cm m\u00e9ret\u0171 francia\u00e1ggyal. Az apartmanb\u00f3l gy\u00f6ny\u00f6r\u0171 kil\u00e1t\u00e1s ny\u00edlik a S\u00f3lyomk\u0151re","og_url":"https:\/\/www.o3zone.ro\/hu\/szallas\/csaladi-apartman\/","og_site_name":"O3zone Hotel","article_publisher":"https:\/\/www.facebook.com\/HotelO3zone\/","article_modified_time":"2024-05-14T12:43:27+00:00","og_image":[{"width":1293,"height":1200,"url":"https:\/\/www.o3zone.ro\/wp-content\/uploads\/sites\/97\/2024\/03\/01-45-e1711368229192.jpg","type":"image\/jpeg"}],"twitter_card":"summary_large_image","twitter_misc":{"Becs\u00fclt olvas\u00e1si id\u0151":"1 perc"},"schema":{"@context":"https:\/\/schema.org","@graph":[{"@type":"WebPage","@id":"https:\/\/www.o3zone.ro\/hu\/szallas\/csaladi-apartman\/","url":"https:\/\/www.o3zone.ro\/hu\/szallas\/csaladi-apartman\/","name":"Csal\u00e1di Apartman - O3zone Hotel -","isPartOf":{"@id":"https:\/\/www.o3zone.ro\/hu\/#website"},"datePublished":"2024-02-19T09:49:48+00:00","dateModified":"2024-05-14T12:43:27+00:00","description":"A csal\u00e1di apartman rendelkezik konyh\u00e1val, nappalival ahol tal\u00e1lhat\u00f3 egy kih\u00fazhat\u00f3 kanap\u00e9 \u00e9s k\u00e9t kih\u00fazhat\u00f3 minikanap\u00e9, valamint egy h\u00e1l\u00f3szoba egy 160*200 cm m\u00e9ret\u0171 francia\u00e1ggyal. Az apartmanb\u00f3l gy\u00f6ny\u00f6r\u0171 kil\u00e1t\u00e1s ny\u00edlik a S\u00f3lyomk\u0151re","breadcrumb":{"@id":"https:\/\/www.o3zone.ro\/hu\/szallas\/csaladi-apartman\/#breadcrumb"},"inLanguage":"hu","potentialAction":[{"@type":"ReadAction","target":["https:\/\/www.o3zone.ro\/hu\/szallas\/csaladi-apartman\/"]}]},{"@type":"BreadcrumbList","@id":"https:\/\/www.o3zone.ro\/hu\/szallas\/csaladi-apartman\/#breadcrumb","itemListElement":[{"@type":"ListItem","position":1,"name":"Home","item":"https:\/\/www.o3zone.ro\/hu\/"},{"@type":"ListItem","position":2,"name":"Sz\u00e1ll\u00e1s","item":"https:\/\/www.o3zone.ro\/hu\/szallas\/"},{"@type":"ListItem","position":3,"name":"Csal\u00e1di Apartman"}]},{"@type":"WebSite","@id":"https:\/\/www.o3zone.ro\/hu\/#website","url":"https:\/\/www.o3zone.ro\/hu\/","name":"O3zone Hotel","description":"","potentialAction":[{"@type":"SearchAction","target":{"@type":"EntryPoint","urlTemplate":"https:\/\/www.o3zone.ro\/hu\/?s={search_term_string}"},"query-input":{"@type":"PropertyValueSpecification","valueRequired":true,"valueName":"search_term_string"}}],"inLanguage":"hu"}]}},"acf":[],"_links":{"self":[{"href":"https:\/\/www.o3zone.ro\/hu\/wp-json\/wp\/v2\/pages\/519","targetHints":{"allow":["GET"]}}],"collection":[{"href":"https:\/\/www.o3zone.ro\/hu\/wp-json\/wp\/v2\/pages"}],"about":[{"href":"https:\/\/www.o3zone.ro\/hu\/wp-json\/wp\/v2\/types\/page"}],"author":[{"embeddable":true,"href":"https:\/\/www.o3zone.ro\/hu\/wp-json\/wp\/v2\/users\/119"}],"replies":[{"embeddable":true,"href":"https:\/\/www.o3zone.ro\/hu\/wp-json\/wp\/v2\/comments?post=519"}],"version-history":[{"count":0,"href":"https:\/\/www.o3zone.ro\/hu\/wp-json\/wp\/v2\/pages\/519\/revisions"}],"up":[{"embeddable":true,"href":"https:\/\/www.o3zone.ro\/hu\/wp-json\/wp\/v2\/pages\/18"}],"wp:attachment":[{"href":"https:\/\/www.o3zone.ro\/hu\/wp-json\/wp\/v2\/media?parent=519"}],"curies":[{"name":"wp","href":"https:\/\/api.w.org\/{rel}","templated":true}]}}