{"id":4,"date":"2024-01-15T09:00:45","date_gmt":"2024-01-15T09:00:45","guid":{"rendered":"https:\/\/o3zone-hotel.ms2.decms.eu\/?page_id=4"},"modified":"2026-02-06T13:04:12","modified_gmt":"2026-02-06T13:04:12","slug":"o3zone-hotel","status":"publish","type":"page","link":"https:\/\/www.o3zone.ro\/hu\/","title":{"rendered":"O3zone Hotel"},"content":{"rendered":"<p>A Tusn\u00e1df\u00fcrd\u0151 k\u00f6zpontj\u00e1ban, csod\u00e1latos term\u00e9szeti k\u00f6rnyezetben tal\u00e1lhat\u00f3 O3zone sz\u00e1lloda vezet\u0151 helyet foglal mind elhelyezked\u00e9se, mind szolg\u00e1ltat\u00e1sainak min\u0151s\u00e9ge szempontj\u00e1b\u00f3l. Sz\u00e1llod\u00e1nkb\u00f3l egyedi kil\u00e1t\u00e1s t\u00e1rul vend\u00e9geink el\u00e9 a S\u00f3lyomk\u0151 \u00e9s az Apor-b\u00e1stya fel\u00e9 egyar\u00e1nt.<\/p>\n<p><b>Hissz\u00fck, hogy szolg\u00e1ltat\u00e1saink \u00e9s a hotel\u00fcnkben megtapasztalhat\u00f3 pozit\u00edv \u00e9lm\u00e9nyek teszik az O3zone Hotelt a legl\u00e1togatottabb helyek list\u00e1j\u00e1nak \u00e9l\u00e9re.<\/b><\/p>\n","protected":false},"excerpt":{"rendered":"<p>A Tusn\u00e1df\u00fcrd\u0151 k\u00f6zpontj\u00e1ban, csod\u00e1latos term\u00e9szeti k\u00f6rnyezetben tal\u00e1lhat\u00f3 O3zone sz\u00e1lloda vezet\u0151 helyet foglal mind elhelyezked\u00e9se, mind szolg\u00e1ltat\u00e1sainak min\u0151s\u00e9ge szempontj\u00e1b\u00f3l. Sz\u00e1llod\u00e1nkb\u00f3l egyedi kil\u00e1t\u00e1s t\u00e1rul vend\u00e9geink el\u00e9 a S\u00f3lyomk\u0151 \u00e9s az Apor-b\u00e1stya fel\u00e9 egyar\u00e1nt. Hissz\u00fck, hogy szolg\u00e1ltat\u00e1saink \u00e9s a hotel\u00fcnkben megtapasztalhat\u00f3 pozit\u00edv \u00e9lm\u00e9nyek teszik az O3zone Hotelt a legl\u00e1togatottabb helyek list\u00e1j\u00e1nak \u00e9l\u00e9re.<\/p>\n","protected":false},"author":13,"featured_media":0,"parent":0,"menu_order":0,"comment_status":"closed","ping_status":"closed","template":"","meta":{"footnotes":""},"yoast_head":"<!-- This site is optimized with the Yoast SEO plugin v22.3 - https:\/\/yoast.com\/wordpress\/plugins\/seo\/ -->\n<title>O3zone Hotelt - Term\u00e9szet, gy\u00f3gyf\u00fcrd\u0151 \u00e9s konferenci\u00e1k<\/title>\n<meta name=\"description\" content=\"A Tusn\u00e1df\u00fcrd\u0151 k\u00f6zpontj\u00e1ban, csod\u00e1latos term\u00e9szeti k\u00f6rnyezetben tal\u00e1lhat\u00f3 O3zone sz\u00e1lloda vezet\u0151 helyet foglal mind elhelyezked\u00e9se, mind szolg\u00e1ltat\u00e1sainak min\u0151s\u00e9ge szempontj\u00e1b\u00f3l. Sz\u00e1llod\u00e1nkb\u00f3l egyedi kil\u00e1t\u00e1s t\u00e1rul vend\u00e9geink el\u00e9 a S\u00f3lyomk\u0151 \u00e9s az Apor-b\u00e1stya fel\u00e9 egyar\u00e1nt.  Hissz\u00fck, hogy szolg\u00e1ltat\u00e1saink \u00e9s a hotel\u00fcnkben megtapasztalhat\u00f3 pozit\u00edv \u00e9lm\u00e9nyek teszik az O3zone Hotelt a legl\u00e1togatottabb helyek list\u00e1j\u00e1nak \u00e9l\u00e9re.\" \/>\n<meta name=\"robots\" content=\"index, follow, max-snippet:-1, max-image-preview:large, max-video-preview:-1\" \/>\n<link rel=\"canonical\" href=\"https:\/\/www.o3zone.ro\/hu\/\" \/>\n<meta property=\"og:locale\" content=\"hu_HU\" \/>\n<meta property=\"og:type\" content=\"article\" \/>\n<meta property=\"og:title\" content=\"O3zone Hotelt - Term\u00e9szet, gy\u00f3gyf\u00fcrd\u0151 \u00e9s konferenci\u00e1k\" \/>\n<meta property=\"og:description\" content=\"A Tusn\u00e1df\u00fcrd\u0151 k\u00f6zpontj\u00e1ban, csod\u00e1latos term\u00e9szeti k\u00f6rnyezetben tal\u00e1lhat\u00f3 O3zone sz\u00e1lloda vezet\u0151 helyet foglal mind elhelyezked\u00e9se, mind szolg\u00e1ltat\u00e1sainak min\u0151s\u00e9ge szempontj\u00e1b\u00f3l. Sz\u00e1llod\u00e1nkb\u00f3l egyedi kil\u00e1t\u00e1s t\u00e1rul vend\u00e9geink el\u00e9 a S\u00f3lyomk\u0151 \u00e9s az Apor-b\u00e1stya fel\u00e9 egyar\u00e1nt.  Hissz\u00fck, hogy szolg\u00e1ltat\u00e1saink \u00e9s a hotel\u00fcnkben megtapasztalhat\u00f3 pozit\u00edv \u00e9lm\u00e9nyek teszik az O3zone Hotelt a legl\u00e1togatottabb helyek list\u00e1j\u00e1nak \u00e9l\u00e9re.\" \/>\n<meta property=\"og:url\" content=\"https:\/\/www.o3zone.ro\/hu\/\" \/>\n<meta property=\"og:site_name\" content=\"O3zone Hotel\" \/>\n<meta property=\"article:publisher\" content=\"https:\/\/www.facebook.com\/HotelO3zone\/\" \/>\n<meta property=\"article:modified_time\" content=\"2026-02-06T13:04:12+00:00\" \/>\n<meta property=\"og:image\" content=\"https:\/\/www.o3zone.ro\/wp-content\/uploads\/sites\/97\/2024\/03\/01-45-e1711368229192.jpg\" \/>\n\t<meta property=\"og:image:width\" content=\"1293\" \/>\n\t<meta property=\"og:image:height\" content=\"1200\" \/>\n\t<meta property=\"og:image:type\" content=\"image\/jpeg\" \/>\n<meta name=\"twitter:card\" content=\"summary_large_image\" \/>\n<meta name=\"twitter:label1\" content=\"Becs\u00fclt olvas\u00e1si id\u0151\" \/>\n\t<meta name=\"twitter:data1\" content=\"1 perc\" \/>\n<script type=\"application\/ld+json\" class=\"yoast-schema-graph\">{\"@context\":\"https:\/\/schema.org\",\"@graph\":[{\"@type\":\"WebPage\",\"@id\":\"https:\/\/www.o3zone.ro\/hu\/\",\"url\":\"https:\/\/www.o3zone.ro\/hu\/\",\"name\":\"O3zone Hotelt - Term\u00e9szet, gy\u00f3gyf\u00fcrd\u0151 \u00e9s konferenci\u00e1k\",\"isPartOf\":{\"@id\":\"https:\/\/www.o3zone.ro\/hu\/#website\"},\"datePublished\":\"2024-01-15T09:00:45+00:00\",\"dateModified\":\"2026-02-06T13:04:12+00:00\",\"description\":\"A Tusn\u00e1df\u00fcrd\u0151 k\u00f6zpontj\u00e1ban, csod\u00e1latos term\u00e9szeti k\u00f6rnyezetben tal\u00e1lhat\u00f3 O3zone sz\u00e1lloda vezet\u0151 helyet foglal mind elhelyezked\u00e9se, mind szolg\u00e1ltat\u00e1sainak min\u0151s\u00e9ge szempontj\u00e1b\u00f3l. Sz\u00e1llod\u00e1nkb\u00f3l egyedi kil\u00e1t\u00e1s t\u00e1rul vend\u00e9geink el\u00e9 a S\u00f3lyomk\u0151 \u00e9s az Apor-b\u00e1stya fel\u00e9 egyar\u00e1nt. Hissz\u00fck, hogy szolg\u00e1ltat\u00e1saink \u00e9s a hotel\u00fcnkben megtapasztalhat\u00f3 pozit\u00edv \u00e9lm\u00e9nyek teszik az O3zone Hotelt a legl\u00e1togatottabb helyek list\u00e1j\u00e1nak \u00e9l\u00e9re.\",\"breadcrumb\":{\"@id\":\"https:\/\/www.o3zone.ro\/hu\/#breadcrumb\"},\"inLanguage\":\"hu\",\"potentialAction\":[{\"@type\":\"ReadAction\",\"target\":[\"https:\/\/www.o3zone.ro\/hu\/\"]}]},{\"@type\":\"BreadcrumbList\",\"@id\":\"https:\/\/www.o3zone.ro\/hu\/#breadcrumb\",\"itemListElement\":[{\"@type\":\"ListItem\",\"position\":1,\"name\":\"Home\",\"item\":\"https:\/\/www.o3zone.ro\/hu\/\"},{\"@type\":\"ListItem\",\"position\":2,\"name\":\"O3zone Hotel\"}]},{\"@type\":\"WebSite\",\"@id\":\"https:\/\/www.o3zone.ro\/hu\/#website\",\"url\":\"https:\/\/www.o3zone.ro\/hu\/\",\"name\":\"O3zone Hotel\",\"description\":\"\",\"potentialAction\":[{\"@type\":\"SearchAction\",\"target\":{\"@type\":\"EntryPoint\",\"urlTemplate\":\"https:\/\/www.o3zone.ro\/hu\/?s={search_term_string}\"},\"query-input\":\"required name=search_term_string\"}],\"inLanguage\":\"hu\"}]}<\/script>\n<!-- \/ Yoast SEO plugin. -->","yoast_head_json":{"title":"O3zone Hotelt - Term\u00e9szet, gy\u00f3gyf\u00fcrd\u0151 \u00e9s konferenci\u00e1k","description":"A Tusn\u00e1df\u00fcrd\u0151 k\u00f6zpontj\u00e1ban, csod\u00e1latos term\u00e9szeti k\u00f6rnyezetben tal\u00e1lhat\u00f3 O3zone sz\u00e1lloda vezet\u0151 helyet foglal mind elhelyezked\u00e9se, mind szolg\u00e1ltat\u00e1sainak min\u0151s\u00e9ge szempontj\u00e1b\u00f3l. Sz\u00e1llod\u00e1nkb\u00f3l egyedi kil\u00e1t\u00e1s t\u00e1rul vend\u00e9geink el\u00e9 a S\u00f3lyomk\u0151 \u00e9s az Apor-b\u00e1stya fel\u00e9 egyar\u00e1nt.  Hissz\u00fck, hogy szolg\u00e1ltat\u00e1saink \u00e9s a hotel\u00fcnkben megtapasztalhat\u00f3 pozit\u00edv \u00e9lm\u00e9nyek teszik az O3zone Hotelt a legl\u00e1togatottabb helyek list\u00e1j\u00e1nak \u00e9l\u00e9re.","robots":{"index":"index","follow":"follow","max-snippet":"max-snippet:-1","max-image-preview":"max-image-preview:large","max-video-preview":"max-video-preview:-1"},"canonical":"https:\/\/www.o3zone.ro\/hu\/","og_locale":"hu_HU","og_type":"article","og_title":"O3zone Hotelt - Term\u00e9szet, gy\u00f3gyf\u00fcrd\u0151 \u00e9s konferenci\u00e1k","og_description":"A Tusn\u00e1df\u00fcrd\u0151 k\u00f6zpontj\u00e1ban, csod\u00e1latos term\u00e9szeti k\u00f6rnyezetben tal\u00e1lhat\u00f3 O3zone sz\u00e1lloda vezet\u0151 helyet foglal mind elhelyezked\u00e9se, mind szolg\u00e1ltat\u00e1sainak min\u0151s\u00e9ge szempontj\u00e1b\u00f3l. Sz\u00e1llod\u00e1nkb\u00f3l egyedi kil\u00e1t\u00e1s t\u00e1rul vend\u00e9geink el\u00e9 a S\u00f3lyomk\u0151 \u00e9s az Apor-b\u00e1stya fel\u00e9 egyar\u00e1nt.  Hissz\u00fck, hogy szolg\u00e1ltat\u00e1saink \u00e9s a hotel\u00fcnkben megtapasztalhat\u00f3 pozit\u00edv \u00e9lm\u00e9nyek teszik az O3zone Hotelt a legl\u00e1togatottabb helyek list\u00e1j\u00e1nak \u00e9l\u00e9re.","og_url":"https:\/\/www.o3zone.ro\/hu\/","og_site_name":"O3zone Hotel","article_publisher":"https:\/\/www.facebook.com\/HotelO3zone\/","article_modified_time":"2026-02-06T13:04:12+00:00","og_image":[{"width":1293,"height":1200,"url":"https:\/\/www.o3zone.ro\/wp-content\/uploads\/sites\/97\/2024\/03\/01-45-e1711368229192.jpg","type":"image\/jpeg"}],"twitter_card":"summary_large_image","twitter_misc":{"Becs\u00fclt olvas\u00e1si id\u0151":"1 perc"},"schema":{"@context":"https:\/\/schema.org","@graph":[{"@type":"WebPage","@id":"https:\/\/www.o3zone.ro\/hu\/","url":"https:\/\/www.o3zone.ro\/hu\/","name":"O3zone Hotelt - Term\u00e9szet, gy\u00f3gyf\u00fcrd\u0151 \u00e9s konferenci\u00e1k","isPartOf":{"@id":"https:\/\/www.o3zone.ro\/hu\/#website"},"datePublished":"2024-01-15T09:00:45+00:00","dateModified":"2026-02-06T13:04:12+00:00","description":"A Tusn\u00e1df\u00fcrd\u0151 k\u00f6zpontj\u00e1ban, csod\u00e1latos term\u00e9szeti k\u00f6rnyezetben tal\u00e1lhat\u00f3 O3zone sz\u00e1lloda vezet\u0151 helyet foglal mind elhelyezked\u00e9se, mind szolg\u00e1ltat\u00e1sainak min\u0151s\u00e9ge szempontj\u00e1b\u00f3l. Sz\u00e1llod\u00e1nkb\u00f3l egyedi kil\u00e1t\u00e1s t\u00e1rul vend\u00e9geink el\u00e9 a S\u00f3lyomk\u0151 \u00e9s az Apor-b\u00e1stya fel\u00e9 egyar\u00e1nt. Hissz\u00fck, hogy szolg\u00e1ltat\u00e1saink \u00e9s a hotel\u00fcnkben megtapasztalhat\u00f3 pozit\u00edv \u00e9lm\u00e9nyek teszik az O3zone Hotelt a legl\u00e1togatottabb helyek list\u00e1j\u00e1nak \u00e9l\u00e9re.","breadcrumb":{"@id":"https:\/\/www.o3zone.ro\/hu\/#breadcrumb"},"inLanguage":"hu","potentialAction":[{"@type":"ReadAction","target":["https:\/\/www.o3zone.ro\/hu\/"]}]},{"@type":"BreadcrumbList","@id":"https:\/\/www.o3zone.ro\/hu\/#breadcrumb","itemListElement":[{"@type":"ListItem","position":1,"name":"Home","item":"https:\/\/www.o3zone.ro\/hu\/"},{"@type":"ListItem","position":2,"name":"O3zone Hotel"}]},{"@type":"WebSite","@id":"https:\/\/www.o3zone.ro\/hu\/#website","url":"https:\/\/www.o3zone.ro\/hu\/","name":"O3zone Hotel","description":"","potentialAction":[{"@type":"SearchAction","target":{"@type":"EntryPoint","urlTemplate":"https:\/\/www.o3zone.ro\/hu\/?s={search_term_string}"},"query-input":"required name=search_term_string"}],"inLanguage":"hu"}]}},"acf":[],"_links":{"self":[{"href":"https:\/\/www.o3zone.ro\/hu\/wp-json\/wp\/v2\/pages\/4"}],"collection":[{"href":"https:\/\/www.o3zone.ro\/hu\/wp-json\/wp\/v2\/pages"}],"about":[{"href":"https:\/\/www.o3zone.ro\/hu\/wp-json\/wp\/v2\/types\/page"}],"author":[{"embeddable":true,"href":"https:\/\/www.o3zone.ro\/hu\/wp-json\/wp\/v2\/users\/13"}],"replies":[{"embeddable":true,"href":"https:\/\/www.o3zone.ro\/hu\/wp-json\/wp\/v2\/comments?post=4"}],"version-history":[{"count":0,"href":"https:\/\/www.o3zone.ro\/hu\/wp-json\/wp\/v2\/pages\/4\/revisions"}],"wp:attachment":[{"href":"https:\/\/www.o3zone.ro\/hu\/wp-json\/wp\/v2\/media?parent=4"}],"curies":[{"name":"wp","href":"https:\/\/api.w.org\/{rel}","templated":true}]}}