{"id":393,"date":"2024-01-19T15:57:55","date_gmt":"2024-01-19T15:57:55","guid":{"rendered":"https:\/\/o3zone-hotel.ms2.decms.eu\/?page_id=393"},"modified":"2024-01-19T16:13:04","modified_gmt":"2024-01-19T16:13:04","slug":"vakacios-jegyek-voucher-es-kartya","status":"publish","type":"page","link":"https:\/\/www.o3zone.ro\/hu\/vakacios-jegyek-voucher-es-kartya\/","title":{"rendered":"Vak\u00e1ci\u00f3s Jegyek, Voucher \u00c9s K\u00e1rtya"},"content":{"rendered":"<h3>Mit fizethetsz vak\u00e1ci\u00f3s k\u00e1rty\u00e1val\/voucherrel?<\/h3>\n<ul>\n<li>A saj\u00e1t- \u00e9s minden veled utaz\u00f3 szem\u00e9ly sz\u00e1ll\u00e1s k\u00f6lts\u00e9g\u00e9t.<\/li>\n<li>Ha a Hotel O3zone-ban vagy elsz\u00e1ll\u00e1solva akkor minden \u00e9tkez\u00e9s- \u00e9s italfogyaszt\u00e1sodat.<\/li>\n<li>Minden massz\u00e1zs \u00e9s wellness ter\u00e1pi\u00e1t amit az O3zone Spa k\u00edn\u00e1l.<\/li>\n<li>Valamint a sz\u00e1llod\u00e1nk \u00e1ltal k\u00edn\u00e1lt m\u00e1s szabadid\u0151s tev\u00e9kenys\u00e9g k\u00f6lts\u00e9g\u00e9t: biciklib\u00e9rl\u00e9s, ping-pong, stb.<\/li>\n<\/ul>\n<h3>Mit kell tenned?<\/h3>\n<ul>\n<li>V\u00e1laszd ki a neked tetsz\u0151 aj\u00e1nlatot.<\/li>\n<li>Vedd fel vel\u00fcnk a kapcsolatot telefonon a 0755 086411 sz\u00e1mon vagy e-mailen a rezervari@o3zone.ro c\u00edmen \u00e9s foglalj!<\/li>\n<li>\u00c9lvezd nyugodtan a pihen\u00e9st a term\u00e9szetben.<\/li>\n<\/ul>\n","protected":false},"excerpt":{"rendered":"<p>Mit fizethetsz vak\u00e1ci\u00f3s k\u00e1rty\u00e1val\/voucherrel? A saj\u00e1t- \u00e9s minden veled utaz\u00f3 szem\u00e9ly sz\u00e1ll\u00e1s k\u00f6lts\u00e9g\u00e9t. Ha a Hotel O3zone-ban vagy elsz\u00e1ll\u00e1solva akkor minden \u00e9tkez\u00e9s- \u00e9s italfogyaszt\u00e1sodat. Minden massz\u00e1zs \u00e9s wellness ter\u00e1pi\u00e1t amit az O3zone Spa k\u00edn\u00e1l. Valamint a sz\u00e1llod\u00e1nk \u00e1ltal k\u00edn\u00e1lt m\u00e1s szabadid\u0151s tev\u00e9kenys\u00e9g k\u00f6lts\u00e9g\u00e9t: biciklib\u00e9rl\u00e9s, ping-pong, stb. Mit kell tenned? V\u00e1laszd ki a neked tetsz\u0151 aj\u00e1nlatot. [&hellip;]<\/p>\n","protected":false},"author":13,"featured_media":0,"parent":0,"menu_order":200,"comment_status":"closed","ping_status":"closed","template":"","meta":{"footnotes":""},"yoast_head":"<!-- This site is optimized with the Yoast SEO plugin v22.3 - https:\/\/yoast.com\/wordpress\/plugins\/seo\/ -->\n<title>Vak\u00e1ci\u00f3s Jegyek, Voucher \u00c9s K\u00e1rtya - O3zone Hotel -<\/title>\n<meta name=\"description\" content=\"Mit fizethetsz vak\u00e1ci\u00f3s k\u00e1rty\u00e1val\/voucherrel?   A saj\u00e1t- \u00e9s minden veled utaz\u00f3 szem\u00e9ly sz\u00e1ll\u00e1s k\u00f6lts\u00e9g\u00e9t.  Ha a Hotel O3zone-ban vagy elsz\u00e1ll\u00e1solva akkor minden \u00e9tkez\u00e9s- \u00e9s italfogyaszt\u00e1sodat.  Minden massz\u00e1zs \u00e9s wellness ter\u00e1pi\u00e1t amit az O3zone Spa k\u00edn\u00e1l.  Valamint a sz\u00e1llod\u00e1nk \u00e1ltal k\u00edn\u00e1lt m\u00e1s szabadid\u0151s tev\u00e9kenys\u00e9g k\u00f6lts\u00e9g\u00e9t: biciklib\u00e9rl\u00e9s, ping-pong, stb.  Mit kell tenned?   V\u00e1laszd ki a neked tetsz\u0151 aj\u00e1nlatot.  Vedd fel vel\u00fcnk a kapcsolatot telefonon a 0755 086411 sz\u00e1mon vagy e-mailen a rezervari@o3zone.ro c\u00edmen \u00e9s foglalj!  \u00c9lvezd nyugodtan a pihen\u00e9st a term\u00e9szetben. .\" \/>\n<meta name=\"robots\" content=\"index, follow, max-snippet:-1, max-image-preview:large, max-video-preview:-1\" \/>\n<link rel=\"canonical\" href=\"https:\/\/www.o3zone.ro\/hu\/vakacios-jegyek-voucher-es-kartya\/\" \/>\n<meta property=\"og:locale\" content=\"hu_HU\" \/>\n<meta property=\"og:type\" content=\"article\" \/>\n<meta property=\"og:title\" content=\"Vak\u00e1ci\u00f3s Jegyek, Voucher \u00c9s K\u00e1rtya - O3zone Hotel -\" \/>\n<meta property=\"og:description\" content=\"Mit fizethetsz vak\u00e1ci\u00f3s k\u00e1rty\u00e1val\/voucherrel?   A saj\u00e1t- \u00e9s minden veled utaz\u00f3 szem\u00e9ly sz\u00e1ll\u00e1s k\u00f6lts\u00e9g\u00e9t.  Ha a Hotel O3zone-ban vagy elsz\u00e1ll\u00e1solva akkor minden \u00e9tkez\u00e9s- \u00e9s italfogyaszt\u00e1sodat.  Minden massz\u00e1zs \u00e9s wellness ter\u00e1pi\u00e1t amit az O3zone Spa k\u00edn\u00e1l.  Valamint a sz\u00e1llod\u00e1nk \u00e1ltal k\u00edn\u00e1lt m\u00e1s szabadid\u0151s tev\u00e9kenys\u00e9g k\u00f6lts\u00e9g\u00e9t: biciklib\u00e9rl\u00e9s, ping-pong, stb.  Mit kell tenned?   V\u00e1laszd ki a neked tetsz\u0151 aj\u00e1nlatot.  Vedd fel vel\u00fcnk a kapcsolatot telefonon a 0755 086411 sz\u00e1mon vagy e-mailen a rezervari@o3zone.ro c\u00edmen \u00e9s foglalj!  \u00c9lvezd nyugodtan a pihen\u00e9st a term\u00e9szetben. .\" \/>\n<meta property=\"og:url\" content=\"https:\/\/www.o3zone.ro\/hu\/vakacios-jegyek-voucher-es-kartya\/\" \/>\n<meta property=\"og:site_name\" content=\"O3zone Hotel\" \/>\n<meta property=\"article:publisher\" content=\"https:\/\/www.facebook.com\/HotelO3zone\/\" \/>\n<meta property=\"article:modified_time\" content=\"2024-01-19T16:13:04+00:00\" \/>\n<meta property=\"og:image\" content=\"https:\/\/www.o3zone.ro\/wp-content\/uploads\/sites\/97\/2024\/03\/01-45-e1711368229192.jpg\" \/>\n\t<meta property=\"og:image:width\" content=\"1293\" \/>\n\t<meta property=\"og:image:height\" content=\"1200\" \/>\n\t<meta property=\"og:image:type\" content=\"image\/jpeg\" \/>\n<meta name=\"twitter:card\" content=\"summary_large_image\" \/>\n<meta name=\"twitter:label1\" content=\"Becs\u00fclt olvas\u00e1si id\u0151\" \/>\n\t<meta name=\"twitter:data1\" content=\"1 perc\" \/>\n<script type=\"application\/ld+json\" class=\"yoast-schema-graph\">{\"@context\":\"https:\/\/schema.org\",\"@graph\":[{\"@type\":\"WebPage\",\"@id\":\"https:\/\/www.o3zone.ro\/hu\/vakacios-jegyek-voucher-es-kartya\/\",\"url\":\"https:\/\/www.o3zone.ro\/hu\/vakacios-jegyek-voucher-es-kartya\/\",\"name\":\"Vak\u00e1ci\u00f3s Jegyek, Voucher \u00c9s K\u00e1rtya - O3zone Hotel -\",\"isPartOf\":{\"@id\":\"https:\/\/www.o3zone.ro\/hu\/#website\"},\"datePublished\":\"2024-01-19T15:57:55+00:00\",\"dateModified\":\"2024-01-19T16:13:04+00:00\",\"description\":\"Mit fizethetsz vak\u00e1ci\u00f3s k\u00e1rty\u00e1val\/voucherrel? \u2022 A saj\u00e1t- \u00e9s minden veled utaz\u00f3 szem\u00e9ly sz\u00e1ll\u00e1s k\u00f6lts\u00e9g\u00e9t. \u2022 Ha a Hotel O3zone-ban vagy elsz\u00e1ll\u00e1solva akkor minden \u00e9tkez\u00e9s- \u00e9s italfogyaszt\u00e1sodat. \u2022 Minden massz\u00e1zs \u00e9s wellness ter\u00e1pi\u00e1t amit az O3zone Spa k\u00edn\u00e1l. \u2022 Valamint a sz\u00e1llod\u00e1nk \u00e1ltal k\u00edn\u00e1lt m\u00e1s szabadid\u0151s tev\u00e9kenys\u00e9g k\u00f6lts\u00e9g\u00e9t: biciklib\u00e9rl\u00e9s, ping-pong, stb. Mit kell tenned? \u2022 V\u00e1laszd ki a neked tetsz\u0151 aj\u00e1nlatot. \u2022 Vedd fel vel\u00fcnk a kapcsolatot telefonon a 0755 086411 sz\u00e1mon vagy e-mailen a rezervari@o3zone.ro c\u00edmen \u00e9s foglalj! \u2022 \u00c9lvezd nyugodtan a pihen\u00e9st a term\u00e9szetben. .\",\"breadcrumb\":{\"@id\":\"https:\/\/www.o3zone.ro\/hu\/vakacios-jegyek-voucher-es-kartya\/#breadcrumb\"},\"inLanguage\":\"hu\",\"potentialAction\":[{\"@type\":\"ReadAction\",\"target\":[\"https:\/\/www.o3zone.ro\/hu\/vakacios-jegyek-voucher-es-kartya\/\"]}]},{\"@type\":\"BreadcrumbList\",\"@id\":\"https:\/\/www.o3zone.ro\/hu\/vakacios-jegyek-voucher-es-kartya\/#breadcrumb\",\"itemListElement\":[{\"@type\":\"ListItem\",\"position\":1,\"name\":\"Home\",\"item\":\"https:\/\/www.o3zone.ro\/hu\/\"},{\"@type\":\"ListItem\",\"position\":2,\"name\":\"Vak\u00e1ci\u00f3s Jegyek, Voucher \u00c9s K\u00e1rtya\"}]},{\"@type\":\"WebSite\",\"@id\":\"https:\/\/www.o3zone.ro\/hu\/#website\",\"url\":\"https:\/\/www.o3zone.ro\/hu\/\",\"name\":\"O3zone Hotel\",\"description\":\"\",\"potentialAction\":[{\"@type\":\"SearchAction\",\"target\":{\"@type\":\"EntryPoint\",\"urlTemplate\":\"https:\/\/www.o3zone.ro\/hu\/?s={search_term_string}\"},\"query-input\":\"required name=search_term_string\"}],\"inLanguage\":\"hu\"}]}<\/script>\n<!-- \/ Yoast SEO plugin. -->","yoast_head_json":{"title":"Vak\u00e1ci\u00f3s Jegyek, Voucher \u00c9s K\u00e1rtya - O3zone Hotel -","description":"Mit fizethetsz vak\u00e1ci\u00f3s k\u00e1rty\u00e1val\/voucherrel?   A saj\u00e1t- \u00e9s minden veled utaz\u00f3 szem\u00e9ly sz\u00e1ll\u00e1s k\u00f6lts\u00e9g\u00e9t.  Ha a Hotel O3zone-ban vagy elsz\u00e1ll\u00e1solva akkor minden \u00e9tkez\u00e9s- \u00e9s italfogyaszt\u00e1sodat.  Minden massz\u00e1zs \u00e9s wellness ter\u00e1pi\u00e1t amit az O3zone Spa k\u00edn\u00e1l.  Valamint a sz\u00e1llod\u00e1nk \u00e1ltal k\u00edn\u00e1lt m\u00e1s szabadid\u0151s tev\u00e9kenys\u00e9g k\u00f6lts\u00e9g\u00e9t: biciklib\u00e9rl\u00e9s, ping-pong, stb.  Mit kell tenned?   V\u00e1laszd ki a neked tetsz\u0151 aj\u00e1nlatot.  Vedd fel vel\u00fcnk a kapcsolatot telefonon a 0755 086411 sz\u00e1mon vagy e-mailen a rezervari@o3zone.ro c\u00edmen \u00e9s foglalj!  \u00c9lvezd nyugodtan a pihen\u00e9st a term\u00e9szetben. .","robots":{"index":"index","follow":"follow","max-snippet":"max-snippet:-1","max-image-preview":"max-image-preview:large","max-video-preview":"max-video-preview:-1"},"canonical":"https:\/\/www.o3zone.ro\/hu\/vakacios-jegyek-voucher-es-kartya\/","og_locale":"hu_HU","og_type":"article","og_title":"Vak\u00e1ci\u00f3s Jegyek, Voucher \u00c9s K\u00e1rtya - O3zone Hotel -","og_description":"Mit fizethetsz vak\u00e1ci\u00f3s k\u00e1rty\u00e1val\/voucherrel?   A saj\u00e1t- \u00e9s minden veled utaz\u00f3 szem\u00e9ly sz\u00e1ll\u00e1s k\u00f6lts\u00e9g\u00e9t.  Ha a Hotel O3zone-ban vagy elsz\u00e1ll\u00e1solva akkor minden \u00e9tkez\u00e9s- \u00e9s italfogyaszt\u00e1sodat.  Minden massz\u00e1zs \u00e9s wellness ter\u00e1pi\u00e1t amit az O3zone Spa k\u00edn\u00e1l.  Valamint a sz\u00e1llod\u00e1nk \u00e1ltal k\u00edn\u00e1lt m\u00e1s szabadid\u0151s tev\u00e9kenys\u00e9g k\u00f6lts\u00e9g\u00e9t: biciklib\u00e9rl\u00e9s, ping-pong, stb.  Mit kell tenned?   V\u00e1laszd ki a neked tetsz\u0151 aj\u00e1nlatot.  Vedd fel vel\u00fcnk a kapcsolatot telefonon a 0755 086411 sz\u00e1mon vagy e-mailen a rezervari@o3zone.ro c\u00edmen \u00e9s foglalj!  \u00c9lvezd nyugodtan a pihen\u00e9st a term\u00e9szetben. .","og_url":"https:\/\/www.o3zone.ro\/hu\/vakacios-jegyek-voucher-es-kartya\/","og_site_name":"O3zone Hotel","article_publisher":"https:\/\/www.facebook.com\/HotelO3zone\/","article_modified_time":"2024-01-19T16:13:04+00:00","og_image":[{"width":1293,"height":1200,"url":"https:\/\/www.o3zone.ro\/wp-content\/uploads\/sites\/97\/2024\/03\/01-45-e1711368229192.jpg","type":"image\/jpeg"}],"twitter_card":"summary_large_image","twitter_misc":{"Becs\u00fclt olvas\u00e1si id\u0151":"1 perc"},"schema":{"@context":"https:\/\/schema.org","@graph":[{"@type":"WebPage","@id":"https:\/\/www.o3zone.ro\/hu\/vakacios-jegyek-voucher-es-kartya\/","url":"https:\/\/www.o3zone.ro\/hu\/vakacios-jegyek-voucher-es-kartya\/","name":"Vak\u00e1ci\u00f3s Jegyek, Voucher \u00c9s K\u00e1rtya - O3zone Hotel -","isPartOf":{"@id":"https:\/\/www.o3zone.ro\/hu\/#website"},"datePublished":"2024-01-19T15:57:55+00:00","dateModified":"2024-01-19T16:13:04+00:00","description":"Mit fizethetsz vak\u00e1ci\u00f3s k\u00e1rty\u00e1val\/voucherrel? \u2022 A saj\u00e1t- \u00e9s minden veled utaz\u00f3 szem\u00e9ly sz\u00e1ll\u00e1s k\u00f6lts\u00e9g\u00e9t. \u2022 Ha a Hotel O3zone-ban vagy elsz\u00e1ll\u00e1solva akkor minden \u00e9tkez\u00e9s- \u00e9s italfogyaszt\u00e1sodat. \u2022 Minden massz\u00e1zs \u00e9s wellness ter\u00e1pi\u00e1t amit az O3zone Spa k\u00edn\u00e1l. \u2022 Valamint a sz\u00e1llod\u00e1nk \u00e1ltal k\u00edn\u00e1lt m\u00e1s szabadid\u0151s tev\u00e9kenys\u00e9g k\u00f6lts\u00e9g\u00e9t: biciklib\u00e9rl\u00e9s, ping-pong, stb. Mit kell tenned? \u2022 V\u00e1laszd ki a neked tetsz\u0151 aj\u00e1nlatot. \u2022 Vedd fel vel\u00fcnk a kapcsolatot telefonon a 0755 086411 sz\u00e1mon vagy e-mailen a rezervari@o3zone.ro c\u00edmen \u00e9s foglalj! \u2022 \u00c9lvezd nyugodtan a pihen\u00e9st a term\u00e9szetben. .","breadcrumb":{"@id":"https:\/\/www.o3zone.ro\/hu\/vakacios-jegyek-voucher-es-kartya\/#breadcrumb"},"inLanguage":"hu","potentialAction":[{"@type":"ReadAction","target":["https:\/\/www.o3zone.ro\/hu\/vakacios-jegyek-voucher-es-kartya\/"]}]},{"@type":"BreadcrumbList","@id":"https:\/\/www.o3zone.ro\/hu\/vakacios-jegyek-voucher-es-kartya\/#breadcrumb","itemListElement":[{"@type":"ListItem","position":1,"name":"Home","item":"https:\/\/www.o3zone.ro\/hu\/"},{"@type":"ListItem","position":2,"name":"Vak\u00e1ci\u00f3s Jegyek, Voucher \u00c9s K\u00e1rtya"}]},{"@type":"WebSite","@id":"https:\/\/www.o3zone.ro\/hu\/#website","url":"https:\/\/www.o3zone.ro\/hu\/","name":"O3zone Hotel","description":"","potentialAction":[{"@type":"SearchAction","target":{"@type":"EntryPoint","urlTemplate":"https:\/\/www.o3zone.ro\/hu\/?s={search_term_string}"},"query-input":"required name=search_term_string"}],"inLanguage":"hu"}]}},"acf":[],"_links":{"self":[{"href":"https:\/\/www.o3zone.ro\/hu\/wp-json\/wp\/v2\/pages\/393"}],"collection":[{"href":"https:\/\/www.o3zone.ro\/hu\/wp-json\/wp\/v2\/pages"}],"about":[{"href":"https:\/\/www.o3zone.ro\/hu\/wp-json\/wp\/v2\/types\/page"}],"author":[{"embeddable":true,"href":"https:\/\/www.o3zone.ro\/hu\/wp-json\/wp\/v2\/users\/13"}],"replies":[{"embeddable":true,"href":"https:\/\/www.o3zone.ro\/hu\/wp-json\/wp\/v2\/comments?post=393"}],"version-history":[{"count":0,"href":"https:\/\/www.o3zone.ro\/hu\/wp-json\/wp\/v2\/pages\/393\/revisions"}],"wp:attachment":[{"href":"https:\/\/www.o3zone.ro\/hu\/wp-json\/wp\/v2\/media?parent=393"}],"curies":[{"name":"wp","href":"https:\/\/api.w.org\/{rel}","templated":true}]}}