{"id":343,"date":"2024-01-15T16:17:17","date_gmt":"2024-01-15T16:17:17","guid":{"rendered":"https:\/\/o3zone-hotel.ms2.decms.eu\/?page_id=343"},"modified":"2024-05-14T13:12:29","modified_gmt":"2024-05-14T13:12:29","slug":"luxus-apartman","status":"publish","type":"page","link":"https:\/\/www.o3zone.ro\/hu\/szallas\/luxus-apartman\/","title":{"rendered":"Luxus apartman"},"content":{"rendered":"<p>A Deluxe Suite luxus lakoszt\u00e1ly a k\u00e9nyelem \u00e9s a funkcionalit\u00e1s t\u00f6k\u00e9letes \u00e9s leny\u0171g\u00f6z\u0151 kombin\u00e1ci\u00f3ja. A t\u00e1gas nappali b\u0151r kanap\u00e9val rendelkezik ugyanakkor a nappaliban <strong>p\u00f3t\u00e1gy<\/strong> is elhelyezhet\u0151. A h\u00e1l\u00f3szob\u00e1ban <strong>160x 200<\/strong> cm m\u00e9ret\u0171 dupla \u00e1gy tal\u00e1lhat\u00f3.<\/p>\n<p>Az 50 m\u00b2-es <strong>panor\u00e1m\u00e1s terasz<\/strong> gy\u00f6ny\u00f6r\u0171 kil\u00e1t\u00e1st ny\u00fajt az \u00fcd\u00fcl\u0151helyre \u00e9s a teraszon elhelyezett k\u00e9nyelmes foteleknek k\u00f6sz\u00f6nhet\u0151en t\u00f6k\u00e9letes hely a kikapcsol\u00f3d\u00e1sra. Az apartman \u00e1ra tartalmazza a sv\u00e9dasztalos reggelit 2 feln\u0151tt r\u00e9sz\u00e9re \u00e9s ingyenes bel\u00e9p\u00e9st biztos\u00edt a Spa-ba (medence, pezsg\u0151f\u00fcrd\u0151, szauna, fitneszterem)<\/p>\n<p><strong>Amennyiben gyerekekkel \u00e9rkezik, k\u00e9rj\u00fck ig\u00e9nyeljen szem\u00e9lyreszabott \u00e1raj\u00e1nlatot!<\/strong><\/p>\n<p>H\u00e1zi kedvenceket csak el\u0151zetes bejelent\u00e9s alapj\u00e1n fogadunk, a sz\u00e1lloda els\u0151 emeleti szob\u00e1iban, fel\u00e1rral!<\/p>\n","protected":false},"excerpt":{"rendered":"<p>A Deluxe Suite luxus lakoszt\u00e1ly a k\u00e9nyelem \u00e9s a funkcionalit\u00e1s t\u00f6k\u00e9letes \u00e9s leny\u0171g\u00f6z\u0151 kombin\u00e1ci\u00f3ja. A t\u00e1gas nappali b\u0151r kanap\u00e9val rendelkezik ugyanakkor a nappaliban p\u00f3t\u00e1gy is elhelyezhet\u0151. A h\u00e1l\u00f3szob\u00e1ban 160x 200 cm m\u00e9ret\u0171 dupla \u00e1gy tal\u00e1lhat\u00f3. Az 50 m\u00b2-es panor\u00e1m\u00e1s terasz gy\u00f6ny\u00f6r\u0171 kil\u00e1t\u00e1st ny\u00fajt az \u00fcd\u00fcl\u0151helyre \u00e9s a teraszon elhelyezett k\u00e9nyelmes foteleknek k\u00f6sz\u00f6nhet\u0151en t\u00f6k\u00e9letes hely a [&hellip;]<\/p>\n","protected":false},"author":13,"featured_media":0,"parent":18,"menu_order":30,"comment_status":"closed","ping_status":"closed","template":"template-single-room.php","meta":{"footnotes":""},"class_list":["post-343","page","type-page","status-publish","hentry"],"yoast_head":"<!-- This site is optimized with the Yoast SEO plugin v27.3 - https:\/\/yoast.com\/product\/yoast-seo-wordpress\/ -->\n<title>Luxus apartman - O3zone Hotel -<\/title>\n<meta name=\"description\" content=\"A Deluxe Suite luxus lakoszt\u00e1ly a k\u00e9nyelem \u00e9s a funkcionalit\u00e1s t\u00f6k\u00e9letes \u00e9s leny\u0171g\u00f6z\u0151 kombin\u00e1ci\u00f3ja. A t\u00e1gas nappali b\u0151r kanap\u00e9val rendelkezik ugyanakkor a nappaliban p\u00f3t\u00e1gy is elhelyezhet\u0151\" \/>\n<meta name=\"robots\" content=\"index, follow, max-snippet:-1, max-image-preview:large, max-video-preview:-1\" \/>\n<link rel=\"canonical\" href=\"https:\/\/www.o3zone.ro\/hu\/szallas\/luxus-apartman\/\" \/>\n<meta property=\"og:locale\" content=\"hu_HU\" \/>\n<meta property=\"og:type\" content=\"article\" \/>\n<meta property=\"og:title\" content=\"Luxus apartman - O3zone Hotel -\" \/>\n<meta property=\"og:description\" content=\"A Deluxe Suite luxus lakoszt\u00e1ly a k\u00e9nyelem \u00e9s a funkcionalit\u00e1s t\u00f6k\u00e9letes \u00e9s leny\u0171g\u00f6z\u0151 kombin\u00e1ci\u00f3ja. A t\u00e1gas nappali b\u0151r kanap\u00e9val rendelkezik ugyanakkor a nappaliban p\u00f3t\u00e1gy is elhelyezhet\u0151\" \/>\n<meta property=\"og:url\" content=\"https:\/\/www.o3zone.ro\/hu\/szallas\/luxus-apartman\/\" \/>\n<meta property=\"og:site_name\" content=\"O3zone Hotel\" \/>\n<meta property=\"article:publisher\" content=\"https:\/\/www.facebook.com\/HotelO3zone\/\" \/>\n<meta property=\"article:modified_time\" content=\"2024-05-14T13:12:29+00:00\" \/>\n<meta property=\"og:image\" content=\"https:\/\/www.o3zone.ro\/wp-content\/uploads\/sites\/97\/2024\/03\/01-45-e1711368229192.jpg\" \/>\n\t<meta property=\"og:image:width\" content=\"1293\" \/>\n\t<meta property=\"og:image:height\" content=\"1200\" \/>\n\t<meta property=\"og:image:type\" content=\"image\/jpeg\" \/>\n<meta name=\"twitter:card\" content=\"summary_large_image\" \/>\n<meta name=\"twitter:label1\" content=\"Becs\u00fclt olvas\u00e1si id\u0151\" \/>\n\t<meta name=\"twitter:data1\" content=\"1 perc\" \/>\n<script type=\"application\/ld+json\" class=\"yoast-schema-graph\">{\"@context\":\"https:\\\/\\\/schema.org\",\"@graph\":[{\"@type\":\"WebPage\",\"@id\":\"https:\\\/\\\/www.o3zone.ro\\\/hu\\\/szallas\\\/luxus-apartman\\\/\",\"url\":\"https:\\\/\\\/www.o3zone.ro\\\/hu\\\/szallas\\\/luxus-apartman\\\/\",\"name\":\"Luxus apartman - O3zone Hotel -\",\"isPartOf\":{\"@id\":\"https:\\\/\\\/www.o3zone.ro\\\/hu\\\/#website\"},\"datePublished\":\"2024-01-15T16:17:17+00:00\",\"dateModified\":\"2024-05-14T13:12:29+00:00\",\"description\":\"A Deluxe Suite luxus lakoszt\u00e1ly a k\u00e9nyelem \u00e9s a funkcionalit\u00e1s t\u00f6k\u00e9letes \u00e9s leny\u0171g\u00f6z\u0151 kombin\u00e1ci\u00f3ja. A t\u00e1gas nappali b\u0151r kanap\u00e9val rendelkezik ugyanakkor a nappaliban p\u00f3t\u00e1gy is elhelyezhet\u0151\",\"breadcrumb\":{\"@id\":\"https:\\\/\\\/www.o3zone.ro\\\/hu\\\/szallas\\\/luxus-apartman\\\/#breadcrumb\"},\"inLanguage\":\"hu\",\"potentialAction\":[{\"@type\":\"ReadAction\",\"target\":[\"https:\\\/\\\/www.o3zone.ro\\\/hu\\\/szallas\\\/luxus-apartman\\\/\"]}]},{\"@type\":\"BreadcrumbList\",\"@id\":\"https:\\\/\\\/www.o3zone.ro\\\/hu\\\/szallas\\\/luxus-apartman\\\/#breadcrumb\",\"itemListElement\":[{\"@type\":\"ListItem\",\"position\":1,\"name\":\"Home\",\"item\":\"https:\\\/\\\/www.o3zone.ro\\\/hu\\\/\"},{\"@type\":\"ListItem\",\"position\":2,\"name\":\"Sz\u00e1ll\u00e1s\",\"item\":\"https:\\\/\\\/www.o3zone.ro\\\/hu\\\/szallas\\\/\"},{\"@type\":\"ListItem\",\"position\":3,\"name\":\"Luxus apartman\"}]},{\"@type\":\"WebSite\",\"@id\":\"https:\\\/\\\/www.o3zone.ro\\\/hu\\\/#website\",\"url\":\"https:\\\/\\\/www.o3zone.ro\\\/hu\\\/\",\"name\":\"O3zone Hotel\",\"description\":\"\",\"potentialAction\":[{\"@type\":\"SearchAction\",\"target\":{\"@type\":\"EntryPoint\",\"urlTemplate\":\"https:\\\/\\\/www.o3zone.ro\\\/hu\\\/?s={search_term_string}\"},\"query-input\":{\"@type\":\"PropertyValueSpecification\",\"valueRequired\":true,\"valueName\":\"search_term_string\"}}],\"inLanguage\":\"hu\"}]}<\/script>\n<!-- \/ Yoast SEO plugin. -->","yoast_head_json":{"title":"Luxus apartman - O3zone Hotel -","description":"A Deluxe Suite luxus lakoszt\u00e1ly a k\u00e9nyelem \u00e9s a funkcionalit\u00e1s t\u00f6k\u00e9letes \u00e9s leny\u0171g\u00f6z\u0151 kombin\u00e1ci\u00f3ja. A t\u00e1gas nappali b\u0151r kanap\u00e9val rendelkezik ugyanakkor a nappaliban p\u00f3t\u00e1gy is elhelyezhet\u0151","robots":{"index":"index","follow":"follow","max-snippet":"max-snippet:-1","max-image-preview":"max-image-preview:large","max-video-preview":"max-video-preview:-1"},"canonical":"https:\/\/www.o3zone.ro\/hu\/szallas\/luxus-apartman\/","og_locale":"hu_HU","og_type":"article","og_title":"Luxus apartman - O3zone Hotel -","og_description":"A Deluxe Suite luxus lakoszt\u00e1ly a k\u00e9nyelem \u00e9s a funkcionalit\u00e1s t\u00f6k\u00e9letes \u00e9s leny\u0171g\u00f6z\u0151 kombin\u00e1ci\u00f3ja. A t\u00e1gas nappali b\u0151r kanap\u00e9val rendelkezik ugyanakkor a nappaliban p\u00f3t\u00e1gy is elhelyezhet\u0151","og_url":"https:\/\/www.o3zone.ro\/hu\/szallas\/luxus-apartman\/","og_site_name":"O3zone Hotel","article_publisher":"https:\/\/www.facebook.com\/HotelO3zone\/","article_modified_time":"2024-05-14T13:12:29+00:00","og_image":[{"width":1293,"height":1200,"url":"https:\/\/www.o3zone.ro\/wp-content\/uploads\/sites\/97\/2024\/03\/01-45-e1711368229192.jpg","type":"image\/jpeg"}],"twitter_card":"summary_large_image","twitter_misc":{"Becs\u00fclt olvas\u00e1si id\u0151":"1 perc"},"schema":{"@context":"https:\/\/schema.org","@graph":[{"@type":"WebPage","@id":"https:\/\/www.o3zone.ro\/hu\/szallas\/luxus-apartman\/","url":"https:\/\/www.o3zone.ro\/hu\/szallas\/luxus-apartman\/","name":"Luxus apartman - O3zone Hotel -","isPartOf":{"@id":"https:\/\/www.o3zone.ro\/hu\/#website"},"datePublished":"2024-01-15T16:17:17+00:00","dateModified":"2024-05-14T13:12:29+00:00","description":"A Deluxe Suite luxus lakoszt\u00e1ly a k\u00e9nyelem \u00e9s a funkcionalit\u00e1s t\u00f6k\u00e9letes \u00e9s leny\u0171g\u00f6z\u0151 kombin\u00e1ci\u00f3ja. A t\u00e1gas nappali b\u0151r kanap\u00e9val rendelkezik ugyanakkor a nappaliban p\u00f3t\u00e1gy is elhelyezhet\u0151","breadcrumb":{"@id":"https:\/\/www.o3zone.ro\/hu\/szallas\/luxus-apartman\/#breadcrumb"},"inLanguage":"hu","potentialAction":[{"@type":"ReadAction","target":["https:\/\/www.o3zone.ro\/hu\/szallas\/luxus-apartman\/"]}]},{"@type":"BreadcrumbList","@id":"https:\/\/www.o3zone.ro\/hu\/szallas\/luxus-apartman\/#breadcrumb","itemListElement":[{"@type":"ListItem","position":1,"name":"Home","item":"https:\/\/www.o3zone.ro\/hu\/"},{"@type":"ListItem","position":2,"name":"Sz\u00e1ll\u00e1s","item":"https:\/\/www.o3zone.ro\/hu\/szallas\/"},{"@type":"ListItem","position":3,"name":"Luxus apartman"}]},{"@type":"WebSite","@id":"https:\/\/www.o3zone.ro\/hu\/#website","url":"https:\/\/www.o3zone.ro\/hu\/","name":"O3zone Hotel","description":"","potentialAction":[{"@type":"SearchAction","target":{"@type":"EntryPoint","urlTemplate":"https:\/\/www.o3zone.ro\/hu\/?s={search_term_string}"},"query-input":{"@type":"PropertyValueSpecification","valueRequired":true,"valueName":"search_term_string"}}],"inLanguage":"hu"}]}},"acf":[],"_links":{"self":[{"href":"https:\/\/www.o3zone.ro\/hu\/wp-json\/wp\/v2\/pages\/343","targetHints":{"allow":["GET"]}}],"collection":[{"href":"https:\/\/www.o3zone.ro\/hu\/wp-json\/wp\/v2\/pages"}],"about":[{"href":"https:\/\/www.o3zone.ro\/hu\/wp-json\/wp\/v2\/types\/page"}],"author":[{"embeddable":true,"href":"https:\/\/www.o3zone.ro\/hu\/wp-json\/wp\/v2\/users\/13"}],"replies":[{"embeddable":true,"href":"https:\/\/www.o3zone.ro\/hu\/wp-json\/wp\/v2\/comments?post=343"}],"version-history":[{"count":0,"href":"https:\/\/www.o3zone.ro\/hu\/wp-json\/wp\/v2\/pages\/343\/revisions"}],"up":[{"embeddable":true,"href":"https:\/\/www.o3zone.ro\/hu\/wp-json\/wp\/v2\/pages\/18"}],"wp:attachment":[{"href":"https:\/\/www.o3zone.ro\/hu\/wp-json\/wp\/v2\/media?parent=343"}],"curies":[{"name":"wp","href":"https:\/\/api.w.org\/{rel}","templated":true}]}}