{"id":333,"date":"2024-01-15T15:49:54","date_gmt":"2024-01-15T15:49:54","guid":{"rendered":"https:\/\/o3zone-hotel.ms2.decms.eu\/?page_id=333"},"modified":"2026-01-08T07:30:04","modified_gmt":"2026-01-08T07:30:04","slug":"ketagyas-szoba","status":"publish","type":"page","link":"https:\/\/www.o3zone.ro\/hu\/szallas\/ketagyas-szoba\/","title":{"rendered":"K\u00e9t\u00e1gyas szoba"},"content":{"rendered":"<p>A k\u00e9t\u00e1gyas szob\u00e1k k\u00e9t k\u00fcl\u00f6n\u00e1ll\u00f3 egyszem\u00e9lyes \u00e1ggyal felszereltek, \u00e9s hegyre vagy erd\u0151re n\u00e9z\u0151 kil\u00e1t\u00e1ssal rendelkeznek. Egyes szob\u00e1kban, k\u00e9r\u00e9sre, p\u00f3t\u00e1gy helyezhet\u0151 el, fel\u00e1r ellen\u00e9ben.<\/p>\n<p><strong>Amennyiben gyermekekkel \u00e9rkeznek, a szoba \u00e1r\u00e1hoz a gyermekek \u00e9letkor\u00e1t\u00f3l f\u00fcgg\u0151en kieg\u00e9sz\u00edt\u0151 k\u00f6lts\u00e9gek ad\u00f3dnak.<\/strong><br \/>\nK\u00e9rj\u00fck, ig\u00e9nyeljen szem\u00e9lyre szabott aj\u00e1nlatot!<\/p>\n<p><strong>H\u00e1zi\u00e1llatokat kiz\u00e1r\u00f3lag el\u0151zetes k\u00e9r\u00e9s alapj\u00e1n, az 1. emeleti szob\u00e1kban fogadunk, fel\u00e1r ellen\u00e9ben.<\/strong><\/p>\n","protected":false},"excerpt":{"rendered":"<p>A k\u00e9t\u00e1gyas szob\u00e1k k\u00e9t k\u00fcl\u00f6n\u00e1ll\u00f3 egyszem\u00e9lyes \u00e1ggyal felszereltek, \u00e9s hegyre vagy erd\u0151re n\u00e9z\u0151 kil\u00e1t\u00e1ssal rendelkeznek. Egyes szob\u00e1kban, k\u00e9r\u00e9sre, p\u00f3t\u00e1gy helyezhet\u0151 el, fel\u00e1r ellen\u00e9ben. Amennyiben gyermekekkel \u00e9rkeznek, a szoba \u00e1r\u00e1hoz a gyermekek \u00e9letkor\u00e1t\u00f3l f\u00fcgg\u0151en kieg\u00e9sz\u00edt\u0151 k\u00f6lts\u00e9gek ad\u00f3dnak. K\u00e9rj\u00fck, ig\u00e9nyeljen szem\u00e9lyre szabott aj\u00e1nlatot! H\u00e1zi\u00e1llatokat kiz\u00e1r\u00f3lag el\u0151zetes k\u00e9r\u00e9s alapj\u00e1n, az 1. emeleti szob\u00e1kban fogadunk, fel\u00e1r ellen\u00e9ben.<\/p>\n","protected":false},"author":13,"featured_media":0,"parent":18,"menu_order":15,"comment_status":"closed","ping_status":"closed","template":"template-single-room.php","meta":{"footnotes":""},"yoast_head":"<!-- This site is optimized with the Yoast SEO plugin v22.3 - https:\/\/yoast.com\/wordpress\/plugins\/seo\/ -->\n<title>K\u00e9t\u00e1gyas szoba - O3zone Hotel -<\/title>\n<meta name=\"description\" content=\"A k\u00e9t\u00e1gyas szob\u00e1k k\u00e9t k\u00fcl\u00f6n\u00e1ll\u00f3 egyszem\u00e9lyes \u00e1ggyal felszereltek, \u00e9s hegyre vagy erd\u0151re n\u00e9z\u0151 kil\u00e1t\u00e1ssal rendelkeznek. Egyes szob\u00e1kban, k\u00e9r\u00e9sre, p\u00f3t\u00e1gy helyezhet\u0151 el, fel\u00e1r ellen\u00e9ben.  Amennyiben gyermekekkel \u00e9rkeznek, a szoba \u00e1r\u00e1hoz a gyermekek \u00e9letkor\u00e1t\u00f3l f\u00fcgg\u0151en kieg\u00e9sz\u00edt\u0151 k\u00f6lts\u00e9gek ad\u00f3dnak. K\u00e9rj\u00fck, ig\u00e9nyeljen szem\u00e9lyre szabott aj\u00e1nlatot!  H\u00e1zi\u00e1llatokat kiz\u00e1r\u00f3lag el\u0151zetes k\u00e9r\u00e9s alapj\u00e1n, az 1\" \/>\n<meta name=\"robots\" content=\"index, follow, max-snippet:-1, max-image-preview:large, max-video-preview:-1\" \/>\n<link rel=\"canonical\" href=\"https:\/\/www.o3zone.ro\/hu\/szallas\/ketagyas-szoba\/\" \/>\n<meta property=\"og:locale\" content=\"hu_HU\" \/>\n<meta property=\"og:type\" content=\"article\" \/>\n<meta property=\"og:title\" content=\"K\u00e9t\u00e1gyas szoba - O3zone Hotel -\" \/>\n<meta property=\"og:description\" content=\"A k\u00e9t\u00e1gyas szob\u00e1k k\u00e9t k\u00fcl\u00f6n\u00e1ll\u00f3 egyszem\u00e9lyes \u00e1ggyal felszereltek, \u00e9s hegyre vagy erd\u0151re n\u00e9z\u0151 kil\u00e1t\u00e1ssal rendelkeznek. Egyes szob\u00e1kban, k\u00e9r\u00e9sre, p\u00f3t\u00e1gy helyezhet\u0151 el, fel\u00e1r ellen\u00e9ben.  Amennyiben gyermekekkel \u00e9rkeznek, a szoba \u00e1r\u00e1hoz a gyermekek \u00e9letkor\u00e1t\u00f3l f\u00fcgg\u0151en kieg\u00e9sz\u00edt\u0151 k\u00f6lts\u00e9gek ad\u00f3dnak. K\u00e9rj\u00fck, ig\u00e9nyeljen szem\u00e9lyre szabott aj\u00e1nlatot!  H\u00e1zi\u00e1llatokat kiz\u00e1r\u00f3lag el\u0151zetes k\u00e9r\u00e9s alapj\u00e1n, az 1\" \/>\n<meta property=\"og:url\" content=\"https:\/\/www.o3zone.ro\/hu\/szallas\/ketagyas-szoba\/\" \/>\n<meta property=\"og:site_name\" content=\"O3zone Hotel\" \/>\n<meta property=\"article:publisher\" content=\"https:\/\/www.facebook.com\/HotelO3zone\/\" \/>\n<meta property=\"article:modified_time\" content=\"2026-01-08T07:30:04+00:00\" \/>\n<meta property=\"og:image\" content=\"https:\/\/www.o3zone.ro\/wp-content\/uploads\/sites\/97\/2024\/03\/01-45-e1711368229192.jpg\" \/>\n\t<meta property=\"og:image:width\" content=\"1293\" \/>\n\t<meta property=\"og:image:height\" content=\"1200\" \/>\n\t<meta property=\"og:image:type\" content=\"image\/jpeg\" \/>\n<meta name=\"twitter:card\" content=\"summary_large_image\" \/>\n<meta name=\"twitter:label1\" content=\"Becs\u00fclt olvas\u00e1si id\u0151\" \/>\n\t<meta name=\"twitter:data1\" content=\"1 perc\" \/>\n<script type=\"application\/ld+json\" class=\"yoast-schema-graph\">{\"@context\":\"https:\/\/schema.org\",\"@graph\":[{\"@type\":\"WebPage\",\"@id\":\"https:\/\/www.o3zone.ro\/hu\/szallas\/ketagyas-szoba\/\",\"url\":\"https:\/\/www.o3zone.ro\/hu\/szallas\/ketagyas-szoba\/\",\"name\":\"K\u00e9t\u00e1gyas szoba - O3zone Hotel -\",\"isPartOf\":{\"@id\":\"https:\/\/www.o3zone.ro\/hu\/#website\"},\"datePublished\":\"2024-01-15T15:49:54+00:00\",\"dateModified\":\"2026-01-08T07:30:04+00:00\",\"description\":\"A k\u00e9t\u00e1gyas szob\u00e1k k\u00e9t k\u00fcl\u00f6n\u00e1ll\u00f3 egyszem\u00e9lyes \u00e1ggyal felszereltek, \u00e9s hegyre vagy erd\u0151re n\u00e9z\u0151 kil\u00e1t\u00e1ssal rendelkeznek. Egyes szob\u00e1kban, k\u00e9r\u00e9sre, p\u00f3t\u00e1gy helyezhet\u0151 el, fel\u00e1r ellen\u00e9ben. Amennyiben gyermekekkel \u00e9rkeznek, a szoba \u00e1r\u00e1hoz a gyermekek \u00e9letkor\u00e1t\u00f3l f\u00fcgg\u0151en kieg\u00e9sz\u00edt\u0151 k\u00f6lts\u00e9gek ad\u00f3dnak. K\u00e9rj\u00fck, ig\u00e9nyeljen szem\u00e9lyre szabott aj\u00e1nlatot! H\u00e1zi\u00e1llatokat kiz\u00e1r\u00f3lag el\u0151zetes k\u00e9r\u00e9s alapj\u00e1n, az 1\",\"breadcrumb\":{\"@id\":\"https:\/\/www.o3zone.ro\/hu\/szallas\/ketagyas-szoba\/#breadcrumb\"},\"inLanguage\":\"hu\",\"potentialAction\":[{\"@type\":\"ReadAction\",\"target\":[\"https:\/\/www.o3zone.ro\/hu\/szallas\/ketagyas-szoba\/\"]}]},{\"@type\":\"BreadcrumbList\",\"@id\":\"https:\/\/www.o3zone.ro\/hu\/szallas\/ketagyas-szoba\/#breadcrumb\",\"itemListElement\":[{\"@type\":\"ListItem\",\"position\":1,\"name\":\"Home\",\"item\":\"https:\/\/www.o3zone.ro\/hu\/\"},{\"@type\":\"ListItem\",\"position\":2,\"name\":\"Sz\u00e1ll\u00e1s\",\"item\":\"https:\/\/www.o3zone.ro\/hu\/szallas\/\"},{\"@type\":\"ListItem\",\"position\":3,\"name\":\"K\u00e9t\u00e1gyas szoba\"}]},{\"@type\":\"WebSite\",\"@id\":\"https:\/\/www.o3zone.ro\/hu\/#website\",\"url\":\"https:\/\/www.o3zone.ro\/hu\/\",\"name\":\"O3zone Hotel\",\"description\":\"\",\"potentialAction\":[{\"@type\":\"SearchAction\",\"target\":{\"@type\":\"EntryPoint\",\"urlTemplate\":\"https:\/\/www.o3zone.ro\/hu\/?s={search_term_string}\"},\"query-input\":\"required name=search_term_string\"}],\"inLanguage\":\"hu\"}]}<\/script>\n<!-- \/ Yoast SEO plugin. -->","yoast_head_json":{"title":"K\u00e9t\u00e1gyas szoba - O3zone Hotel -","description":"A k\u00e9t\u00e1gyas szob\u00e1k k\u00e9t k\u00fcl\u00f6n\u00e1ll\u00f3 egyszem\u00e9lyes \u00e1ggyal felszereltek, \u00e9s hegyre vagy erd\u0151re n\u00e9z\u0151 kil\u00e1t\u00e1ssal rendelkeznek. Egyes szob\u00e1kban, k\u00e9r\u00e9sre, p\u00f3t\u00e1gy helyezhet\u0151 el, fel\u00e1r ellen\u00e9ben.  Amennyiben gyermekekkel \u00e9rkeznek, a szoba \u00e1r\u00e1hoz a gyermekek \u00e9letkor\u00e1t\u00f3l f\u00fcgg\u0151en kieg\u00e9sz\u00edt\u0151 k\u00f6lts\u00e9gek ad\u00f3dnak. K\u00e9rj\u00fck, ig\u00e9nyeljen szem\u00e9lyre szabott aj\u00e1nlatot!  H\u00e1zi\u00e1llatokat kiz\u00e1r\u00f3lag el\u0151zetes k\u00e9r\u00e9s alapj\u00e1n, az 1","robots":{"index":"index","follow":"follow","max-snippet":"max-snippet:-1","max-image-preview":"max-image-preview:large","max-video-preview":"max-video-preview:-1"},"canonical":"https:\/\/www.o3zone.ro\/hu\/szallas\/ketagyas-szoba\/","og_locale":"hu_HU","og_type":"article","og_title":"K\u00e9t\u00e1gyas szoba - O3zone Hotel -","og_description":"A k\u00e9t\u00e1gyas szob\u00e1k k\u00e9t k\u00fcl\u00f6n\u00e1ll\u00f3 egyszem\u00e9lyes \u00e1ggyal felszereltek, \u00e9s hegyre vagy erd\u0151re n\u00e9z\u0151 kil\u00e1t\u00e1ssal rendelkeznek. Egyes szob\u00e1kban, k\u00e9r\u00e9sre, p\u00f3t\u00e1gy helyezhet\u0151 el, fel\u00e1r ellen\u00e9ben.  Amennyiben gyermekekkel \u00e9rkeznek, a szoba \u00e1r\u00e1hoz a gyermekek \u00e9letkor\u00e1t\u00f3l f\u00fcgg\u0151en kieg\u00e9sz\u00edt\u0151 k\u00f6lts\u00e9gek ad\u00f3dnak. K\u00e9rj\u00fck, ig\u00e9nyeljen szem\u00e9lyre szabott aj\u00e1nlatot!  H\u00e1zi\u00e1llatokat kiz\u00e1r\u00f3lag el\u0151zetes k\u00e9r\u00e9s alapj\u00e1n, az 1","og_url":"https:\/\/www.o3zone.ro\/hu\/szallas\/ketagyas-szoba\/","og_site_name":"O3zone Hotel","article_publisher":"https:\/\/www.facebook.com\/HotelO3zone\/","article_modified_time":"2026-01-08T07:30:04+00:00","og_image":[{"width":1293,"height":1200,"url":"https:\/\/www.o3zone.ro\/wp-content\/uploads\/sites\/97\/2024\/03\/01-45-e1711368229192.jpg","type":"image\/jpeg"}],"twitter_card":"summary_large_image","twitter_misc":{"Becs\u00fclt olvas\u00e1si id\u0151":"1 perc"},"schema":{"@context":"https:\/\/schema.org","@graph":[{"@type":"WebPage","@id":"https:\/\/www.o3zone.ro\/hu\/szallas\/ketagyas-szoba\/","url":"https:\/\/www.o3zone.ro\/hu\/szallas\/ketagyas-szoba\/","name":"K\u00e9t\u00e1gyas szoba - O3zone Hotel -","isPartOf":{"@id":"https:\/\/www.o3zone.ro\/hu\/#website"},"datePublished":"2024-01-15T15:49:54+00:00","dateModified":"2026-01-08T07:30:04+00:00","description":"A k\u00e9t\u00e1gyas szob\u00e1k k\u00e9t k\u00fcl\u00f6n\u00e1ll\u00f3 egyszem\u00e9lyes \u00e1ggyal felszereltek, \u00e9s hegyre vagy erd\u0151re n\u00e9z\u0151 kil\u00e1t\u00e1ssal rendelkeznek. Egyes szob\u00e1kban, k\u00e9r\u00e9sre, p\u00f3t\u00e1gy helyezhet\u0151 el, fel\u00e1r ellen\u00e9ben. Amennyiben gyermekekkel \u00e9rkeznek, a szoba \u00e1r\u00e1hoz a gyermekek \u00e9letkor\u00e1t\u00f3l f\u00fcgg\u0151en kieg\u00e9sz\u00edt\u0151 k\u00f6lts\u00e9gek ad\u00f3dnak. K\u00e9rj\u00fck, ig\u00e9nyeljen szem\u00e9lyre szabott aj\u00e1nlatot! H\u00e1zi\u00e1llatokat kiz\u00e1r\u00f3lag el\u0151zetes k\u00e9r\u00e9s alapj\u00e1n, az 1","breadcrumb":{"@id":"https:\/\/www.o3zone.ro\/hu\/szallas\/ketagyas-szoba\/#breadcrumb"},"inLanguage":"hu","potentialAction":[{"@type":"ReadAction","target":["https:\/\/www.o3zone.ro\/hu\/szallas\/ketagyas-szoba\/"]}]},{"@type":"BreadcrumbList","@id":"https:\/\/www.o3zone.ro\/hu\/szallas\/ketagyas-szoba\/#breadcrumb","itemListElement":[{"@type":"ListItem","position":1,"name":"Home","item":"https:\/\/www.o3zone.ro\/hu\/"},{"@type":"ListItem","position":2,"name":"Sz\u00e1ll\u00e1s","item":"https:\/\/www.o3zone.ro\/hu\/szallas\/"},{"@type":"ListItem","position":3,"name":"K\u00e9t\u00e1gyas szoba"}]},{"@type":"WebSite","@id":"https:\/\/www.o3zone.ro\/hu\/#website","url":"https:\/\/www.o3zone.ro\/hu\/","name":"O3zone Hotel","description":"","potentialAction":[{"@type":"SearchAction","target":{"@type":"EntryPoint","urlTemplate":"https:\/\/www.o3zone.ro\/hu\/?s={search_term_string}"},"query-input":"required name=search_term_string"}],"inLanguage":"hu"}]}},"acf":[],"_links":{"self":[{"href":"https:\/\/www.o3zone.ro\/hu\/wp-json\/wp\/v2\/pages\/333"}],"collection":[{"href":"https:\/\/www.o3zone.ro\/hu\/wp-json\/wp\/v2\/pages"}],"about":[{"href":"https:\/\/www.o3zone.ro\/hu\/wp-json\/wp\/v2\/types\/page"}],"author":[{"embeddable":true,"href":"https:\/\/www.o3zone.ro\/hu\/wp-json\/wp\/v2\/users\/13"}],"replies":[{"embeddable":true,"href":"https:\/\/www.o3zone.ro\/hu\/wp-json\/wp\/v2\/comments?post=333"}],"version-history":[{"count":0,"href":"https:\/\/www.o3zone.ro\/hu\/wp-json\/wp\/v2\/pages\/333\/revisions"}],"up":[{"embeddable":true,"href":"https:\/\/www.o3zone.ro\/hu\/wp-json\/wp\/v2\/pages\/18"}],"wp:attachment":[{"href":"https:\/\/www.o3zone.ro\/hu\/wp-json\/wp\/v2\/media?parent=333"}],"curies":[{"name":"wp","href":"https:\/\/api.w.org\/{rel}","templated":true}]}}