{"id":325,"date":"2024-01-15T14:22:23","date_gmt":"2024-01-15T14:22:23","guid":{"rendered":"https:\/\/o3zone-hotel.ms2.decms.eu\/?page_id=325"},"modified":"2024-10-07T10:17:13","modified_gmt":"2024-10-07T10:17:13","slug":"touch-of-nature-hazassagi-szoba","status":"publish","type":"page","link":"https:\/\/www.o3zone.ro\/hu\/szallas\/touch-of-nature-hazassagi-szoba\/","title":{"rendered":"Touch of Nature francia\u00e1gyas szoba"},"content":{"rendered":"<p>A Touch of Nature k\u00e9t\u00e1gyas szob\u00e1k modern kialak\u00edt\u00e1s\u00faak, \u00e9s 160 x 200 cm-es francia\u00e1ggyal, k\u00e1v\u00e9f\u0151z\u0151vel, hegyre vagy az erd\u0151re n\u00e9z\u0151 kil\u00e1t\u00e1ssal \u00e9s n\u00e9h\u00e1ny szoba erk\u00e9llyel rendelkezik.<\/p>\n<p>A szoba\u00e1r tartalmazza a sv\u00e9dasztalos reggelit, valamint a medence, jakuzzi, a szaun\u00e1k \u00e9s a mini fitneszterem haszn\u00e1lat\u00e1t.<\/p>\n<p>Sajnos ez a szobat\u00edpus nem fogad 14 \u00e9v alatti vend\u00e9geket \u00e9s h\u00e1zi\u00e1llatokat.<\/p>\n","protected":false},"excerpt":{"rendered":"<p>A Touch of Nature k\u00e9t\u00e1gyas szob\u00e1k modern kialak\u00edt\u00e1s\u00faak, \u00e9s 160 x 200 cm-es francia\u00e1ggyal, k\u00e1v\u00e9f\u0151z\u0151vel, hegyre vagy az erd\u0151re n\u00e9z\u0151 kil\u00e1t\u00e1ssal \u00e9s n\u00e9h\u00e1ny szoba erk\u00e9llyel rendelkezik. A szoba\u00e1r tartalmazza a sv\u00e9dasztalos reggelit, valamint a medence, jakuzzi, a szaun\u00e1k \u00e9s a mini fitneszterem haszn\u00e1lat\u00e1t. Sajnos ez a szobat\u00edpus nem fogad 14 \u00e9v alatti vend\u00e9geket \u00e9s h\u00e1zi\u00e1llatokat.<\/p>\n","protected":false},"author":13,"featured_media":0,"parent":18,"menu_order":5,"comment_status":"closed","ping_status":"closed","template":"template-single-room.php","meta":{"footnotes":""},"class_list":["post-325","page","type-page","status-publish","hentry"],"yoast_head":"<!-- This site is optimized with the Yoast SEO plugin v27.3 - https:\/\/yoast.com\/product\/yoast-seo-wordpress\/ -->\n<title>Touch of Nature francia\u00e1gyas szoba - O3zone Hotel -<\/title>\n<meta name=\"description\" content=\"A Touch of Nature k\u00e9t\u00e1gyas szob\u00e1k modern kialak\u00edt\u00e1s\u00faak, \u00e9s 160 x 200 cm-es francia\u00e1ggyal, k\u00e1v\u00e9f\u0151z\u0151vel, hegyre vagy az erd\u0151re n\u00e9z\u0151 kil\u00e1t\u00e1ssal \u00e9s n\u00e9h\u00e1ny szoba erk\u00e9llyel rendelkezik.  A szoba\u00e1r tartalmazza a sv\u00e9dasztalos reggelit, valamint a medence, jakuzzi, a szaun\u00e1k \u00e9s a mini fitneszterem haszn\u00e1lat\u00e1t.  Sajnos ez a szobat\u00edpus nem fogad 14 \u00e9v alatti vend\u00e9geket \u00e9s h\u00e1zi\u00e1llatokat..\" \/>\n<meta name=\"robots\" content=\"index, follow, max-snippet:-1, max-image-preview:large, max-video-preview:-1\" \/>\n<link rel=\"canonical\" href=\"https:\/\/www.o3zone.ro\/hu\/szallas\/touch-of-nature-hazassagi-szoba\/\" \/>\n<meta property=\"og:locale\" content=\"hu_HU\" \/>\n<meta property=\"og:type\" content=\"article\" \/>\n<meta property=\"og:title\" content=\"Touch of Nature francia\u00e1gyas szoba - O3zone Hotel -\" \/>\n<meta property=\"og:description\" content=\"A Touch of Nature k\u00e9t\u00e1gyas szob\u00e1k modern kialak\u00edt\u00e1s\u00faak, \u00e9s 160 x 200 cm-es francia\u00e1ggyal, k\u00e1v\u00e9f\u0151z\u0151vel, hegyre vagy az erd\u0151re n\u00e9z\u0151 kil\u00e1t\u00e1ssal \u00e9s n\u00e9h\u00e1ny szoba erk\u00e9llyel rendelkezik.  A szoba\u00e1r tartalmazza a sv\u00e9dasztalos reggelit, valamint a medence, jakuzzi, a szaun\u00e1k \u00e9s a mini fitneszterem haszn\u00e1lat\u00e1t.  Sajnos ez a szobat\u00edpus nem fogad 14 \u00e9v alatti vend\u00e9geket \u00e9s h\u00e1zi\u00e1llatokat..\" \/>\n<meta property=\"og:url\" content=\"https:\/\/www.o3zone.ro\/hu\/szallas\/touch-of-nature-hazassagi-szoba\/\" \/>\n<meta property=\"og:site_name\" content=\"O3zone Hotel\" \/>\n<meta property=\"article:publisher\" content=\"https:\/\/www.facebook.com\/HotelO3zone\/\" \/>\n<meta property=\"article:modified_time\" content=\"2024-10-07T10:17:13+00:00\" \/>\n<meta property=\"og:image\" content=\"https:\/\/www.o3zone.ro\/wp-content\/uploads\/sites\/97\/2024\/03\/01-45-e1711368229192.jpg\" \/>\n\t<meta property=\"og:image:width\" content=\"1293\" \/>\n\t<meta property=\"og:image:height\" content=\"1200\" \/>\n\t<meta property=\"og:image:type\" content=\"image\/jpeg\" \/>\n<meta name=\"twitter:card\" content=\"summary_large_image\" \/>\n<meta name=\"twitter:label1\" content=\"Becs\u00fclt olvas\u00e1si id\u0151\" \/>\n\t<meta name=\"twitter:data1\" content=\"1 perc\" \/>\n<script type=\"application\/ld+json\" class=\"yoast-schema-graph\">{\"@context\":\"https:\\\/\\\/schema.org\",\"@graph\":[{\"@type\":\"WebPage\",\"@id\":\"https:\\\/\\\/www.o3zone.ro\\\/hu\\\/szallas\\\/touch-of-nature-hazassagi-szoba\\\/\",\"url\":\"https:\\\/\\\/www.o3zone.ro\\\/hu\\\/szallas\\\/touch-of-nature-hazassagi-szoba\\\/\",\"name\":\"Touch of Nature francia\u00e1gyas szoba - O3zone Hotel -\",\"isPartOf\":{\"@id\":\"https:\\\/\\\/www.o3zone.ro\\\/hu\\\/#website\"},\"datePublished\":\"2024-01-15T14:22:23+00:00\",\"dateModified\":\"2024-10-07T10:17:13+00:00\",\"description\":\"A Touch of Nature k\u00e9t\u00e1gyas szob\u00e1k modern kialak\u00edt\u00e1s\u00faak, \u00e9s 160 x 200 cm-es francia\u00e1ggyal, k\u00e1v\u00e9f\u0151z\u0151vel, hegyre vagy az erd\u0151re n\u00e9z\u0151 kil\u00e1t\u00e1ssal \u00e9s n\u00e9h\u00e1ny szoba erk\u00e9llyel rendelkezik. A szoba\u00e1r tartalmazza a sv\u00e9dasztalos reggelit, valamint a medence, jakuzzi, a szaun\u00e1k \u00e9s a mini fitneszterem haszn\u00e1lat\u00e1t. Sajnos ez a szobat\u00edpus nem fogad 14 \u00e9v alatti vend\u00e9geket \u00e9s h\u00e1zi\u00e1llatokat..\",\"breadcrumb\":{\"@id\":\"https:\\\/\\\/www.o3zone.ro\\\/hu\\\/szallas\\\/touch-of-nature-hazassagi-szoba\\\/#breadcrumb\"},\"inLanguage\":\"hu\",\"potentialAction\":[{\"@type\":\"ReadAction\",\"target\":[\"https:\\\/\\\/www.o3zone.ro\\\/hu\\\/szallas\\\/touch-of-nature-hazassagi-szoba\\\/\"]}]},{\"@type\":\"BreadcrumbList\",\"@id\":\"https:\\\/\\\/www.o3zone.ro\\\/hu\\\/szallas\\\/touch-of-nature-hazassagi-szoba\\\/#breadcrumb\",\"itemListElement\":[{\"@type\":\"ListItem\",\"position\":1,\"name\":\"Home\",\"item\":\"https:\\\/\\\/www.o3zone.ro\\\/hu\\\/\"},{\"@type\":\"ListItem\",\"position\":2,\"name\":\"Sz\u00e1ll\u00e1s\",\"item\":\"https:\\\/\\\/www.o3zone.ro\\\/hu\\\/szallas\\\/\"},{\"@type\":\"ListItem\",\"position\":3,\"name\":\"Touch of Nature francia\u00e1gyas szoba\"}]},{\"@type\":\"WebSite\",\"@id\":\"https:\\\/\\\/www.o3zone.ro\\\/hu\\\/#website\",\"url\":\"https:\\\/\\\/www.o3zone.ro\\\/hu\\\/\",\"name\":\"O3zone Hotel\",\"description\":\"\",\"potentialAction\":[{\"@type\":\"SearchAction\",\"target\":{\"@type\":\"EntryPoint\",\"urlTemplate\":\"https:\\\/\\\/www.o3zone.ro\\\/hu\\\/?s={search_term_string}\"},\"query-input\":{\"@type\":\"PropertyValueSpecification\",\"valueRequired\":true,\"valueName\":\"search_term_string\"}}],\"inLanguage\":\"hu\"}]}<\/script>\n<!-- \/ Yoast SEO plugin. -->","yoast_head_json":{"title":"Touch of Nature francia\u00e1gyas szoba - O3zone Hotel -","description":"A Touch of Nature k\u00e9t\u00e1gyas szob\u00e1k modern kialak\u00edt\u00e1s\u00faak, \u00e9s 160 x 200 cm-es francia\u00e1ggyal, k\u00e1v\u00e9f\u0151z\u0151vel, hegyre vagy az erd\u0151re n\u00e9z\u0151 kil\u00e1t\u00e1ssal \u00e9s n\u00e9h\u00e1ny szoba erk\u00e9llyel rendelkezik.  A szoba\u00e1r tartalmazza a sv\u00e9dasztalos reggelit, valamint a medence, jakuzzi, a szaun\u00e1k \u00e9s a mini fitneszterem haszn\u00e1lat\u00e1t.  Sajnos ez a szobat\u00edpus nem fogad 14 \u00e9v alatti vend\u00e9geket \u00e9s h\u00e1zi\u00e1llatokat..","robots":{"index":"index","follow":"follow","max-snippet":"max-snippet:-1","max-image-preview":"max-image-preview:large","max-video-preview":"max-video-preview:-1"},"canonical":"https:\/\/www.o3zone.ro\/hu\/szallas\/touch-of-nature-hazassagi-szoba\/","og_locale":"hu_HU","og_type":"article","og_title":"Touch of Nature francia\u00e1gyas szoba - O3zone Hotel -","og_description":"A Touch of Nature k\u00e9t\u00e1gyas szob\u00e1k modern kialak\u00edt\u00e1s\u00faak, \u00e9s 160 x 200 cm-es francia\u00e1ggyal, k\u00e1v\u00e9f\u0151z\u0151vel, hegyre vagy az erd\u0151re n\u00e9z\u0151 kil\u00e1t\u00e1ssal \u00e9s n\u00e9h\u00e1ny szoba erk\u00e9llyel rendelkezik.  A szoba\u00e1r tartalmazza a sv\u00e9dasztalos reggelit, valamint a medence, jakuzzi, a szaun\u00e1k \u00e9s a mini fitneszterem haszn\u00e1lat\u00e1t.  Sajnos ez a szobat\u00edpus nem fogad 14 \u00e9v alatti vend\u00e9geket \u00e9s h\u00e1zi\u00e1llatokat..","og_url":"https:\/\/www.o3zone.ro\/hu\/szallas\/touch-of-nature-hazassagi-szoba\/","og_site_name":"O3zone Hotel","article_publisher":"https:\/\/www.facebook.com\/HotelO3zone\/","article_modified_time":"2024-10-07T10:17:13+00:00","og_image":[{"width":1293,"height":1200,"url":"https:\/\/www.o3zone.ro\/wp-content\/uploads\/sites\/97\/2024\/03\/01-45-e1711368229192.jpg","type":"image\/jpeg"}],"twitter_card":"summary_large_image","twitter_misc":{"Becs\u00fclt olvas\u00e1si id\u0151":"1 perc"},"schema":{"@context":"https:\/\/schema.org","@graph":[{"@type":"WebPage","@id":"https:\/\/www.o3zone.ro\/hu\/szallas\/touch-of-nature-hazassagi-szoba\/","url":"https:\/\/www.o3zone.ro\/hu\/szallas\/touch-of-nature-hazassagi-szoba\/","name":"Touch of Nature francia\u00e1gyas szoba - O3zone Hotel -","isPartOf":{"@id":"https:\/\/www.o3zone.ro\/hu\/#website"},"datePublished":"2024-01-15T14:22:23+00:00","dateModified":"2024-10-07T10:17:13+00:00","description":"A Touch of Nature k\u00e9t\u00e1gyas szob\u00e1k modern kialak\u00edt\u00e1s\u00faak, \u00e9s 160 x 200 cm-es francia\u00e1ggyal, k\u00e1v\u00e9f\u0151z\u0151vel, hegyre vagy az erd\u0151re n\u00e9z\u0151 kil\u00e1t\u00e1ssal \u00e9s n\u00e9h\u00e1ny szoba erk\u00e9llyel rendelkezik. A szoba\u00e1r tartalmazza a sv\u00e9dasztalos reggelit, valamint a medence, jakuzzi, a szaun\u00e1k \u00e9s a mini fitneszterem haszn\u00e1lat\u00e1t. Sajnos ez a szobat\u00edpus nem fogad 14 \u00e9v alatti vend\u00e9geket \u00e9s h\u00e1zi\u00e1llatokat..","breadcrumb":{"@id":"https:\/\/www.o3zone.ro\/hu\/szallas\/touch-of-nature-hazassagi-szoba\/#breadcrumb"},"inLanguage":"hu","potentialAction":[{"@type":"ReadAction","target":["https:\/\/www.o3zone.ro\/hu\/szallas\/touch-of-nature-hazassagi-szoba\/"]}]},{"@type":"BreadcrumbList","@id":"https:\/\/www.o3zone.ro\/hu\/szallas\/touch-of-nature-hazassagi-szoba\/#breadcrumb","itemListElement":[{"@type":"ListItem","position":1,"name":"Home","item":"https:\/\/www.o3zone.ro\/hu\/"},{"@type":"ListItem","position":2,"name":"Sz\u00e1ll\u00e1s","item":"https:\/\/www.o3zone.ro\/hu\/szallas\/"},{"@type":"ListItem","position":3,"name":"Touch of Nature francia\u00e1gyas szoba"}]},{"@type":"WebSite","@id":"https:\/\/www.o3zone.ro\/hu\/#website","url":"https:\/\/www.o3zone.ro\/hu\/","name":"O3zone Hotel","description":"","potentialAction":[{"@type":"SearchAction","target":{"@type":"EntryPoint","urlTemplate":"https:\/\/www.o3zone.ro\/hu\/?s={search_term_string}"},"query-input":{"@type":"PropertyValueSpecification","valueRequired":true,"valueName":"search_term_string"}}],"inLanguage":"hu"}]}},"acf":[],"_links":{"self":[{"href":"https:\/\/www.o3zone.ro\/hu\/wp-json\/wp\/v2\/pages\/325","targetHints":{"allow":["GET"]}}],"collection":[{"href":"https:\/\/www.o3zone.ro\/hu\/wp-json\/wp\/v2\/pages"}],"about":[{"href":"https:\/\/www.o3zone.ro\/hu\/wp-json\/wp\/v2\/types\/page"}],"author":[{"embeddable":true,"href":"https:\/\/www.o3zone.ro\/hu\/wp-json\/wp\/v2\/users\/13"}],"replies":[{"embeddable":true,"href":"https:\/\/www.o3zone.ro\/hu\/wp-json\/wp\/v2\/comments?post=325"}],"version-history":[{"count":0,"href":"https:\/\/www.o3zone.ro\/hu\/wp-json\/wp\/v2\/pages\/325\/revisions"}],"up":[{"embeddable":true,"href":"https:\/\/www.o3zone.ro\/hu\/wp-json\/wp\/v2\/pages\/18"}],"wp:attachment":[{"href":"https:\/\/www.o3zone.ro\/hu\/wp-json\/wp\/v2\/media?parent=325"}],"curies":[{"name":"wp","href":"https:\/\/api.w.org\/{rel}","templated":true}]}}