{"id":235,"date":"2024-01-17T14:51:38","date_gmt":"2024-01-17T14:51:38","guid":{"rendered":"https:\/\/o3zone-hotel.ms2.decms.eu\/?page_id=235"},"modified":"2024-01-17T14:57:05","modified_gmt":"2024-01-17T14:57:05","slug":"kerekpar-berles","status":"publish","type":"page","link":"https:\/\/www.o3zone.ro\/hu\/aktiv-turizmus\/kerekpar-berles\/","title":{"rendered":"Ker\u00e9kp\u00e1r-b\u00e9rl\u00e9s"},"content":{"rendered":"<p>B\u00e9reljen ker\u00e9kp\u00e1rt az eg\u00e9sz csal\u00e1dnak! MTB ker\u00e9kp\u00e1rokat b\u00e9relhet teljes felszerel\u00e9ssel az \u00fcd\u00fcl\u0151helyhez k\u00f6zeli t\u00far\u00e1khoz. A szolg\u00e1ltat\u00e1s \u00e1ra: 50 RON\/nap vagy 35 RON\/3 \u00f3ra.<\/p>\n<p>Az aj\u00e1nlott \u00fatvonalakat let\u00f6ltheti okostelefonj\u00e1ra az O3zone Hotel weboldal\u00e1r\u00f3l.<\/p>\n<p>Javasoljuk a BikeMaps haszn\u00e1lat\u00e1t a GPS-hez. Az alkalmaz\u00e1sban keresse meg az O3Zone-t, \u00e9s megjelennek az innen bej\u00e1rhat\u00f3 legszebb \u00fatvonalak.<\/p>\n","protected":false},"excerpt":{"rendered":"<p>B\u00e9reljen ker\u00e9kp\u00e1rt az eg\u00e9sz csal\u00e1dnak! MTB ker\u00e9kp\u00e1rokat b\u00e9relhet teljes felszerel\u00e9ssel az \u00fcd\u00fcl\u0151helyhez k\u00f6zeli t\u00far\u00e1khoz. A szolg\u00e1ltat\u00e1s \u00e1ra: 50 RON\/nap vagy 35 RON\/3 \u00f3ra. Az aj\u00e1nlott \u00fatvonalakat let\u00f6ltheti okostelefonj\u00e1ra az O3zone Hotel weboldal\u00e1r\u00f3l. Javasoljuk a BikeMaps haszn\u00e1lat\u00e1t a GPS-hez. Az alkalmaz\u00e1sban keresse meg az O3Zone-t, \u00e9s megjelennek az innen bej\u00e1rhat\u00f3 legszebb \u00fatvonalak.<\/p>\n","protected":false},"author":13,"featured_media":0,"parent":171,"menu_order":50,"comment_status":"closed","ping_status":"closed","template":"","meta":{"footnotes":""},"yoast_head":"<!-- This site is optimized with the Yoast SEO plugin v22.3 - https:\/\/yoast.com\/wordpress\/plugins\/seo\/ -->\n<title>Ker\u00e9kp\u00e1r-b\u00e9rl\u00e9s - O3zone Hotel -<\/title>\n<meta name=\"description\" content=\"B\u00e9reljen ker\u00e9kp\u00e1rt az eg\u00e9sz csal\u00e1dnak! MTB ker\u00e9kp\u00e1rokat b\u00e9relhet teljes felszerel\u00e9ssel az \u00fcd\u00fcl\u0151helyhez k\u00f6zeli t\u00far\u00e1khoz. A szolg\u00e1ltat\u00e1s \u00e1ra: 50 RON\/nap vagy 35 RON\/3 \u00f3ra.  Az aj\u00e1nlott \u00fatvonalakat let\u00f6ltheti okostelefonj\u00e1ra az O3zone Hotel weboldal\u00e1r\u00f3l.  Javasoljuk a BikeMaps haszn\u00e1lat\u00e1t a GPS-hez\" \/>\n<meta name=\"robots\" content=\"index, follow, max-snippet:-1, max-image-preview:large, max-video-preview:-1\" \/>\n<link rel=\"canonical\" href=\"https:\/\/www.o3zone.ro\/hu\/aktiv-turizmus\/kerekpar-berles\/\" \/>\n<meta property=\"og:locale\" content=\"hu_HU\" \/>\n<meta property=\"og:type\" content=\"article\" \/>\n<meta property=\"og:title\" content=\"Ker\u00e9kp\u00e1r-b\u00e9rl\u00e9s - O3zone Hotel -\" \/>\n<meta property=\"og:description\" content=\"B\u00e9reljen ker\u00e9kp\u00e1rt az eg\u00e9sz csal\u00e1dnak! MTB ker\u00e9kp\u00e1rokat b\u00e9relhet teljes felszerel\u00e9ssel az \u00fcd\u00fcl\u0151helyhez k\u00f6zeli t\u00far\u00e1khoz. A szolg\u00e1ltat\u00e1s \u00e1ra: 50 RON\/nap vagy 35 RON\/3 \u00f3ra.  Az aj\u00e1nlott \u00fatvonalakat let\u00f6ltheti okostelefonj\u00e1ra az O3zone Hotel weboldal\u00e1r\u00f3l.  Javasoljuk a BikeMaps haszn\u00e1lat\u00e1t a GPS-hez\" \/>\n<meta property=\"og:url\" content=\"https:\/\/www.o3zone.ro\/hu\/aktiv-turizmus\/kerekpar-berles\/\" \/>\n<meta property=\"og:site_name\" content=\"O3zone Hotel\" \/>\n<meta property=\"article:publisher\" content=\"https:\/\/www.facebook.com\/HotelO3zone\/\" \/>\n<meta property=\"article:modified_time\" content=\"2024-01-17T14:57:05+00:00\" \/>\n<meta property=\"og:image\" content=\"https:\/\/www.o3zone.ro\/wp-content\/uploads\/sites\/97\/2024\/03\/01-45-e1711368229192.jpg\" \/>\n\t<meta property=\"og:image:width\" content=\"1293\" \/>\n\t<meta property=\"og:image:height\" content=\"1200\" \/>\n\t<meta property=\"og:image:type\" content=\"image\/jpeg\" \/>\n<meta name=\"twitter:card\" content=\"summary_large_image\" \/>\n<script type=\"application\/ld+json\" class=\"yoast-schema-graph\">{\"@context\":\"https:\/\/schema.org\",\"@graph\":[{\"@type\":\"WebPage\",\"@id\":\"https:\/\/www.o3zone.ro\/hu\/aktiv-turizmus\/kerekpar-berles\/\",\"url\":\"https:\/\/www.o3zone.ro\/hu\/aktiv-turizmus\/kerekpar-berles\/\",\"name\":\"Ker\u00e9kp\u00e1r-b\u00e9rl\u00e9s - O3zone Hotel -\",\"isPartOf\":{\"@id\":\"https:\/\/www.o3zone.ro\/hu\/#website\"},\"datePublished\":\"2024-01-17T14:51:38+00:00\",\"dateModified\":\"2024-01-17T14:57:05+00:00\",\"description\":\"B\u00e9reljen ker\u00e9kp\u00e1rt az eg\u00e9sz csal\u00e1dnak! MTB ker\u00e9kp\u00e1rokat b\u00e9relhet teljes felszerel\u00e9ssel az \u00fcd\u00fcl\u0151helyhez k\u00f6zeli t\u00far\u00e1khoz. A szolg\u00e1ltat\u00e1s \u00e1ra: 50 RON\/nap vagy 35 RON\/3 \u00f3ra. Az aj\u00e1nlott \u00fatvonalakat let\u00f6ltheti okostelefonj\u00e1ra az O3zone Hotel weboldal\u00e1r\u00f3l. Javasoljuk a BikeMaps haszn\u00e1lat\u00e1t a GPS-hez\",\"breadcrumb\":{\"@id\":\"https:\/\/www.o3zone.ro\/hu\/aktiv-turizmus\/kerekpar-berles\/#breadcrumb\"},\"inLanguage\":\"hu\",\"potentialAction\":[{\"@type\":\"ReadAction\",\"target\":[\"https:\/\/www.o3zone.ro\/hu\/aktiv-turizmus\/kerekpar-berles\/\"]}]},{\"@type\":\"BreadcrumbList\",\"@id\":\"https:\/\/www.o3zone.ro\/hu\/aktiv-turizmus\/kerekpar-berles\/#breadcrumb\",\"itemListElement\":[{\"@type\":\"ListItem\",\"position\":1,\"name\":\"Home\",\"item\":\"https:\/\/www.o3zone.ro\/hu\/\"},{\"@type\":\"ListItem\",\"position\":2,\"name\":\"Akt\u00edv turizmus\",\"item\":\"https:\/\/www.o3zone.ro\/hu\/aktiv-turizmus\/\"},{\"@type\":\"ListItem\",\"position\":3,\"name\":\"Ker\u00e9kp\u00e1r-b\u00e9rl\u00e9s\"}]},{\"@type\":\"WebSite\",\"@id\":\"https:\/\/www.o3zone.ro\/hu\/#website\",\"url\":\"https:\/\/www.o3zone.ro\/hu\/\",\"name\":\"O3zone Hotel\",\"description\":\"\",\"potentialAction\":[{\"@type\":\"SearchAction\",\"target\":{\"@type\":\"EntryPoint\",\"urlTemplate\":\"https:\/\/www.o3zone.ro\/hu\/?s={search_term_string}\"},\"query-input\":\"required name=search_term_string\"}],\"inLanguage\":\"hu\"}]}<\/script>\n<!-- \/ Yoast SEO plugin. -->","yoast_head_json":{"title":"Ker\u00e9kp\u00e1r-b\u00e9rl\u00e9s - O3zone Hotel -","description":"B\u00e9reljen ker\u00e9kp\u00e1rt az eg\u00e9sz csal\u00e1dnak! MTB ker\u00e9kp\u00e1rokat b\u00e9relhet teljes felszerel\u00e9ssel az \u00fcd\u00fcl\u0151helyhez k\u00f6zeli t\u00far\u00e1khoz. A szolg\u00e1ltat\u00e1s \u00e1ra: 50 RON\/nap vagy 35 RON\/3 \u00f3ra.  Az aj\u00e1nlott \u00fatvonalakat let\u00f6ltheti okostelefonj\u00e1ra az O3zone Hotel weboldal\u00e1r\u00f3l.  Javasoljuk a BikeMaps haszn\u00e1lat\u00e1t a GPS-hez","robots":{"index":"index","follow":"follow","max-snippet":"max-snippet:-1","max-image-preview":"max-image-preview:large","max-video-preview":"max-video-preview:-1"},"canonical":"https:\/\/www.o3zone.ro\/hu\/aktiv-turizmus\/kerekpar-berles\/","og_locale":"hu_HU","og_type":"article","og_title":"Ker\u00e9kp\u00e1r-b\u00e9rl\u00e9s - O3zone Hotel -","og_description":"B\u00e9reljen ker\u00e9kp\u00e1rt az eg\u00e9sz csal\u00e1dnak! MTB ker\u00e9kp\u00e1rokat b\u00e9relhet teljes felszerel\u00e9ssel az \u00fcd\u00fcl\u0151helyhez k\u00f6zeli t\u00far\u00e1khoz. A szolg\u00e1ltat\u00e1s \u00e1ra: 50 RON\/nap vagy 35 RON\/3 \u00f3ra.  Az aj\u00e1nlott \u00fatvonalakat let\u00f6ltheti okostelefonj\u00e1ra az O3zone Hotel weboldal\u00e1r\u00f3l.  Javasoljuk a BikeMaps haszn\u00e1lat\u00e1t a GPS-hez","og_url":"https:\/\/www.o3zone.ro\/hu\/aktiv-turizmus\/kerekpar-berles\/","og_site_name":"O3zone Hotel","article_publisher":"https:\/\/www.facebook.com\/HotelO3zone\/","article_modified_time":"2024-01-17T14:57:05+00:00","og_image":[{"width":1293,"height":1200,"url":"https:\/\/www.o3zone.ro\/wp-content\/uploads\/sites\/97\/2024\/03\/01-45-e1711368229192.jpg","type":"image\/jpeg"}],"twitter_card":"summary_large_image","schema":{"@context":"https:\/\/schema.org","@graph":[{"@type":"WebPage","@id":"https:\/\/www.o3zone.ro\/hu\/aktiv-turizmus\/kerekpar-berles\/","url":"https:\/\/www.o3zone.ro\/hu\/aktiv-turizmus\/kerekpar-berles\/","name":"Ker\u00e9kp\u00e1r-b\u00e9rl\u00e9s - O3zone Hotel -","isPartOf":{"@id":"https:\/\/www.o3zone.ro\/hu\/#website"},"datePublished":"2024-01-17T14:51:38+00:00","dateModified":"2024-01-17T14:57:05+00:00","description":"B\u00e9reljen ker\u00e9kp\u00e1rt az eg\u00e9sz csal\u00e1dnak! MTB ker\u00e9kp\u00e1rokat b\u00e9relhet teljes felszerel\u00e9ssel az \u00fcd\u00fcl\u0151helyhez k\u00f6zeli t\u00far\u00e1khoz. A szolg\u00e1ltat\u00e1s \u00e1ra: 50 RON\/nap vagy 35 RON\/3 \u00f3ra. Az aj\u00e1nlott \u00fatvonalakat let\u00f6ltheti okostelefonj\u00e1ra az O3zone Hotel weboldal\u00e1r\u00f3l. Javasoljuk a BikeMaps haszn\u00e1lat\u00e1t a GPS-hez","breadcrumb":{"@id":"https:\/\/www.o3zone.ro\/hu\/aktiv-turizmus\/kerekpar-berles\/#breadcrumb"},"inLanguage":"hu","potentialAction":[{"@type":"ReadAction","target":["https:\/\/www.o3zone.ro\/hu\/aktiv-turizmus\/kerekpar-berles\/"]}]},{"@type":"BreadcrumbList","@id":"https:\/\/www.o3zone.ro\/hu\/aktiv-turizmus\/kerekpar-berles\/#breadcrumb","itemListElement":[{"@type":"ListItem","position":1,"name":"Home","item":"https:\/\/www.o3zone.ro\/hu\/"},{"@type":"ListItem","position":2,"name":"Akt\u00edv turizmus","item":"https:\/\/www.o3zone.ro\/hu\/aktiv-turizmus\/"},{"@type":"ListItem","position":3,"name":"Ker\u00e9kp\u00e1r-b\u00e9rl\u00e9s"}]},{"@type":"WebSite","@id":"https:\/\/www.o3zone.ro\/hu\/#website","url":"https:\/\/www.o3zone.ro\/hu\/","name":"O3zone Hotel","description":"","potentialAction":[{"@type":"SearchAction","target":{"@type":"EntryPoint","urlTemplate":"https:\/\/www.o3zone.ro\/hu\/?s={search_term_string}"},"query-input":"required name=search_term_string"}],"inLanguage":"hu"}]}},"acf":[],"_links":{"self":[{"href":"https:\/\/www.o3zone.ro\/hu\/wp-json\/wp\/v2\/pages\/235"}],"collection":[{"href":"https:\/\/www.o3zone.ro\/hu\/wp-json\/wp\/v2\/pages"}],"about":[{"href":"https:\/\/www.o3zone.ro\/hu\/wp-json\/wp\/v2\/types\/page"}],"author":[{"embeddable":true,"href":"https:\/\/www.o3zone.ro\/hu\/wp-json\/wp\/v2\/users\/13"}],"replies":[{"embeddable":true,"href":"https:\/\/www.o3zone.ro\/hu\/wp-json\/wp\/v2\/comments?post=235"}],"version-history":[{"count":0,"href":"https:\/\/www.o3zone.ro\/hu\/wp-json\/wp\/v2\/pages\/235\/revisions"}],"up":[{"embeddable":true,"href":"https:\/\/www.o3zone.ro\/hu\/wp-json\/wp\/v2\/pages\/171"}],"wp:attachment":[{"href":"https:\/\/www.o3zone.ro\/hu\/wp-json\/wp\/v2\/media?parent=235"}],"curies":[{"name":"wp","href":"https:\/\/api.w.org\/{rel}","templated":true}]}}