{"id":207,"date":"2024-01-17T13:29:35","date_gmt":"2024-01-17T13:29:35","guid":{"rendered":"https:\/\/o3zone-hotel.ms2.decms.eu\/?page_id=207"},"modified":"2024-02-22T08:22:21","modified_gmt":"2024-02-22T08:22:21","slug":"mountain-segway","status":"publish","type":"page","link":"https:\/\/www.o3zone.ro\/hu\/aktiv-turizmus\/mountain-segway\/","title":{"rendered":"Mountain Segway"},"content":{"rendered":"<p>J\u00f6jj\u00f6n \u00e9s fedezze fel az erd\u0151 sz\u00e9ps\u00e9g\u00e9t Tusn\u00e1df\u00fcrd\u0151n. Felejthetetlen term\u00e9szetj\u00e1r\u00e1st k\u00edn\u00e1lunk, sz\u00f3rakoz\u00e1st csal\u00e1doknak, bar\u00e1ti t\u00e1rsas\u00e1goknak vagy csapat\u00e9p\u00edt\u0151 csoportoknak. T\u00f6bbf\u00e9le p\u00e1lya \u00e1ll rendelkez\u00e9s\u00fcnkre, p\u00e1lya neh\u00e9zs\u00e9gt\u0151l \u00e9s tapasztalatt\u00f3l f\u00fcgg\u0151en. A t\u00fara\u00fatvonalakat \u00e9s id\u0151pontokat telefonon vagy e-mailben kell el\u0151re lefoglalni. Minimum foglal\u00e1s egy t\u00far\u00e1ra 4 f\u0151. A t\u00far\u00e1k id\u0151tartamt\u00f3l f\u00fcgg\u0151ek, 3 t\u00edpusa van, mindegyik elej\u00e9n van egy 30 perces k\u00e9pz\u00e9s az eszk\u00f6z\u00f6k kezel\u00e9s\u00e9nek elsaj\u00e1t\u00edt\u00e1s\u00e1ra, majd v\u00e1laszthat 1,2 vagy 3 \u00f3r\u00e1s t\u00fara k\u00f6z\u00f6tt. A t\u00fara a Fortuna Hotel parkol\u00f3j\u00e1b\u00f3l indul idegenvezet\u0151vel.<\/p>\n<p><strong>T\u00fara: \u201eChilling in the city\u201d<\/strong><\/p>\n<p>A Fortuna Hotel parkol\u00f3j\u00e1b\u00f3l indul. A t\u00fara\u00fatvonal \u00fatmutat\u00f3t \u00e9s oktat\u00e1st tartalmaz, valamint az Apor- \u00e9s Mikes-forr\u00e1sokat l\u00e1togathatjuk meg a t\u00fara sor\u00e1n. \u00datk\u00f6zben lehet\u0151s\u00e9ge van megismerkedni a v\u00e1rossal. \u00c1tmegy\u00fcnk a v\u00e1rosk\u00f6zponton, az \u00f3v\u00e1roson, ahol sz\u00e1mos kiemelked\u0151, a r\u00e9gi v\u00e1rosb\u00f3l megmaradt \u00e9p\u00fcletet csod\u00e1lhat meg, de olyan ter\u00fcleteken is \u00e1thaladunk, ahol m\u00e9g nem j\u00e1rt. A forr\u00e1sokhoz \u00e9rve r\u00f6vid meg\u00e1ll\u00f3t tartunk. Ott megpihen\u00fcnk egy kicsit, \u00e9s \u00e9lvezz\u00fck e forr\u00e1sok viz\u00e9t. Ezut\u00e1n visszat\u00e9r\u00fcnk a kiindul\u00e1si pontra a sz\u00e1lloda parkol\u00f3j\u00e1ban.<br \/>\nA t\u00fara \u00e1ra: 100 RON \/ szem\u00e9ly<br \/>\nId\u0151tartam: 1,5 ore (30 perc oktat\u00e1s \u00e9s 60 perc t\u00fara) A minimum l\u00e9tsz\u00e1m, melyre lehet foglalni: 3 szem\u00e9ly.<\/p>\n<p><strong>T\u00fara: \u201eTake my time\u201d<\/strong><\/p>\n<p>A Fortuna Hotel parkol\u00f3j\u00e1b\u00f3l indul. A t\u00fara\u00fatvonal \u00fatmutat\u00f3t \u00e9s oktat\u00e1st tartalmaz, \u00e9s az Olt foly\u00f3 partj\u00e1ra lehet ell\u00e1togatni. \u00c1tmegy\u00fcnk a v\u00e1rosk\u00f6zponton, az \u00f3v\u00e1roson, ahol sz\u00e1mos kiemelked\u0151, a r\u00e9gi v\u00e1rosb\u00f3l megmaradt \u00e9p\u00fcletet csod\u00e1lhat meg, de olyan ter\u00fcleteken is \u00e1thaladunk, ahol m\u00e9g nem j\u00e1rt. Ezut\u00e1n v\u00e9gig s\u00e9t\u00e1lunk egy kavicsos \u00faton, kiszabadulunk a v\u00e1rosb\u00f3l \u00e9s megcsod\u00e1ljuk a term\u00e9szetet. K\u00fcl\u00f6nb\u00f6z\u0151 t\u00edpus\u00fa utakat is kipr\u00f3b\u00e1lunk, erdei, kavicsos \u00e9s aszfaltos utakat. Amint el\u00e9rj\u00fck Oltot, r\u00f6vid meg\u00e1ll\u00f3t tartunk, ahol megpihenhet\u00fcnk, mik\u00f6zben \u00e9lvezz\u00fck a term\u00e9szet ezen szeglet\u00e9t. A meg\u00e1ll\u00f3 ut\u00e1n visszat\u00e9r\u00fcnk a kiindul\u00f3pontra.<br \/>\nA t\u00fara \u00e1ra: 150RON \/ szem\u00e9ly<br \/>\nId\u0151tartam: 2 \u00f3ra (30 perc oktat\u00e1s \u00e9s 90 perc t\u00fara) A minimum l\u00e9tsz\u00e1m, melyre lehet foglalni: 3 szem\u00e9ly.<\/p>\n<p><strong>Halad\u00f3 t\u00fara<\/strong><\/p>\n<p>A Fortuna Hotel parkol\u00f3j\u00e1b\u00f3l indul. Tartalmaz 1 vagy 2 \u00fatmutat\u00f3t \u00e9s utas\u00edt\u00e1st. Az \u00fatvonal a b\u00fcksz\u00e1di horg\u00e1szt\u00f3hoz vezet, Kov\u00e1szna megy\u00e9ben. \u00c1tmegy\u00fcnk a v\u00e1rosk\u00f6zponton, az \u00f3v\u00e1roson, ahol sz\u00e1mos kiemelked\u0151, a r\u00e9gi v\u00e1rosb\u00f3l megmaradt \u00e9p\u00fcletet csod\u00e1lhat meg, de olyan ter\u00fcleteken is \u00e1thaladunk, ahol m\u00e9g nem j\u00e1rt. Ezut\u00e1n a v\u00e1rosb\u00f3l kivezet\u0151 kavicsos \u00faton gyalogolunk, \u00e9s \u00e1tkel\u00fcnk az Olt foly\u00f3n. Ezut\u00e1n az Olt ment\u00e9n haladunk egy \u00faton, amely az erd\u0151n, a v\u00e1ros r\u00e9gi g\u00e1tj\u00e1n \u00e9s a r\u00e9gi k\u0151b\u00e1ny\u00e1n kereszt\u00fcl vezet. Ezt a fajta t\u00far\u00e1t n\u00e9h\u00e1ny nappal el\u0151re meg kell szervezni, mivel a k\u00f6lts\u00e9gek a szem\u00e9lyek sz\u00e1m\u00e1t\u00f3l \u00e9s a t\u00f3n\u00e1l t\u00f6lt\u00f6tt id\u0151t\u0151l f\u00fcggnek.<br \/>\nA t\u00fara \u00e1ra: &#8211;<br \/>\nId\u0151tartam: minimum 3,5 \u00f3ra (30 perc oktat\u00e1s, a fennmarad\u00f3 id\u0151ben pedig a t\u00e9nyleges \u00fatvonal.) A minimum l\u00e9tsz\u00e1m, melyre lehet foglalni: 5 szem\u00e9ly.<br \/>\nAz \u00e1r az \u00fatvonal hossz\u00e1t\u00f3l, t\u00edpus\u00e1t\u00f3l \u00e9s a sz\u00fcks\u00e9ges kieg\u00e9sz\u00edt\u0151 szolg\u00e1ltat\u00e1sokt\u00f3l f\u00fcgg. K\u00e9rj\u00fck, ossza meg vel\u00fcnk, hogy milyen programot szeretne minden k\u00edv\u00e1ns\u00e1g\u00e1val egy\u00fctt, \u00e9s mi ennek megfelel\u0151en hat\u00e1rozzuk meg az \u00e1rat.<\/p>\n<p>\u200bTudjon meg t\u00f6bbet, \u00e9s foglalja le a legjobb kalandj\u00e1t most:<br \/>\n<strong>Tel.<\/strong>: 0786546333<\/p>\n<p>0040755206611<br \/>\n<strong>Email<\/strong>: contact@adventureexpert.com<\/p>\n","protected":false},"excerpt":{"rendered":"<p>J\u00f6jj\u00f6n \u00e9s fedezze fel az erd\u0151 sz\u00e9ps\u00e9g\u00e9t Tusn\u00e1df\u00fcrd\u0151n. Felejthetetlen term\u00e9szetj\u00e1r\u00e1st k\u00edn\u00e1lunk, sz\u00f3rakoz\u00e1st csal\u00e1doknak, bar\u00e1ti t\u00e1rsas\u00e1goknak vagy csapat\u00e9p\u00edt\u0151 csoportoknak. T\u00f6bbf\u00e9le p\u00e1lya \u00e1ll rendelkez\u00e9s\u00fcnkre, p\u00e1lya neh\u00e9zs\u00e9gt\u0151l \u00e9s tapasztalatt\u00f3l f\u00fcgg\u0151en. A t\u00fara\u00fatvonalakat \u00e9s id\u0151pontokat telefonon vagy e-mailben kell el\u0151re lefoglalni. Minimum foglal\u00e1s egy t\u00far\u00e1ra 4 f\u0151. A t\u00far\u00e1k id\u0151tartamt\u00f3l f\u00fcgg\u0151ek, 3 t\u00edpusa van, mindegyik elej\u00e9n van egy 30 [&hellip;]<\/p>\n","protected":false},"author":13,"featured_media":0,"parent":171,"menu_order":25,"comment_status":"closed","ping_status":"closed","template":"","meta":{"footnotes":""},"yoast_head":"<!-- This site is optimized with the Yoast SEO plugin v22.3 - https:\/\/yoast.com\/wordpress\/plugins\/seo\/ -->\n<title>Mountain Segway - O3zone Hotel -<\/title>\n<meta name=\"description\" content=\"J\u00f6jj\u00f6n \u00e9s fedezze fel az erd\u0151 sz\u00e9ps\u00e9g\u00e9t Tusn\u00e1df\u00fcrd\u0151n. Felejthetetlen term\u00e9szetj\u00e1r\u00e1st k\u00edn\u00e1lunk, sz\u00f3rakoz\u00e1st csal\u00e1doknak, bar\u00e1ti t\u00e1rsas\u00e1goknak vagy csapat\u00e9p\u00edt\u0151 csoportoknak\" \/>\n<meta name=\"robots\" content=\"index, follow, max-snippet:-1, max-image-preview:large, max-video-preview:-1\" \/>\n<link rel=\"canonical\" href=\"https:\/\/www.o3zone.ro\/hu\/aktiv-turizmus\/mountain-segway\/\" \/>\n<meta property=\"og:locale\" content=\"hu_HU\" \/>\n<meta property=\"og:type\" content=\"article\" \/>\n<meta property=\"og:title\" content=\"Mountain Segway - O3zone Hotel -\" \/>\n<meta property=\"og:description\" content=\"J\u00f6jj\u00f6n \u00e9s fedezze fel az erd\u0151 sz\u00e9ps\u00e9g\u00e9t Tusn\u00e1df\u00fcrd\u0151n. Felejthetetlen term\u00e9szetj\u00e1r\u00e1st k\u00edn\u00e1lunk, sz\u00f3rakoz\u00e1st csal\u00e1doknak, bar\u00e1ti t\u00e1rsas\u00e1goknak vagy csapat\u00e9p\u00edt\u0151 csoportoknak\" \/>\n<meta property=\"og:url\" content=\"https:\/\/www.o3zone.ro\/hu\/aktiv-turizmus\/mountain-segway\/\" \/>\n<meta property=\"og:site_name\" content=\"O3zone Hotel\" \/>\n<meta property=\"article:publisher\" content=\"https:\/\/www.facebook.com\/HotelO3zone\/\" \/>\n<meta property=\"article:modified_time\" content=\"2024-02-22T08:22:21+00:00\" \/>\n<meta property=\"og:image\" content=\"https:\/\/www.o3zone.ro\/wp-content\/uploads\/sites\/97\/2024\/03\/01-45-e1711368229192.jpg\" \/>\n\t<meta property=\"og:image:width\" content=\"1293\" \/>\n\t<meta property=\"og:image:height\" content=\"1200\" \/>\n\t<meta property=\"og:image:type\" content=\"image\/jpeg\" \/>\n<meta name=\"twitter:card\" content=\"summary_large_image\" \/>\n<meta name=\"twitter:label1\" content=\"Becs\u00fclt olvas\u00e1si id\u0151\" \/>\n\t<meta name=\"twitter:data1\" content=\"4 perc\" \/>\n<script type=\"application\/ld+json\" class=\"yoast-schema-graph\">{\"@context\":\"https:\/\/schema.org\",\"@graph\":[{\"@type\":\"WebPage\",\"@id\":\"https:\/\/www.o3zone.ro\/hu\/aktiv-turizmus\/mountain-segway\/\",\"url\":\"https:\/\/www.o3zone.ro\/hu\/aktiv-turizmus\/mountain-segway\/\",\"name\":\"Mountain Segway - O3zone Hotel -\",\"isPartOf\":{\"@id\":\"https:\/\/www.o3zone.ro\/hu\/#website\"},\"datePublished\":\"2024-01-17T13:29:35+00:00\",\"dateModified\":\"2024-02-22T08:22:21+00:00\",\"description\":\"J\u00f6jj\u00f6n \u00e9s fedezze fel az erd\u0151 sz\u00e9ps\u00e9g\u00e9t Tusn\u00e1df\u00fcrd\u0151n. Felejthetetlen term\u00e9szetj\u00e1r\u00e1st k\u00edn\u00e1lunk, sz\u00f3rakoz\u00e1st csal\u00e1doknak, bar\u00e1ti t\u00e1rsas\u00e1goknak vagy csapat\u00e9p\u00edt\u0151 csoportoknak\",\"breadcrumb\":{\"@id\":\"https:\/\/www.o3zone.ro\/hu\/aktiv-turizmus\/mountain-segway\/#breadcrumb\"},\"inLanguage\":\"hu\",\"potentialAction\":[{\"@type\":\"ReadAction\",\"target\":[\"https:\/\/www.o3zone.ro\/hu\/aktiv-turizmus\/mountain-segway\/\"]}]},{\"@type\":\"BreadcrumbList\",\"@id\":\"https:\/\/www.o3zone.ro\/hu\/aktiv-turizmus\/mountain-segway\/#breadcrumb\",\"itemListElement\":[{\"@type\":\"ListItem\",\"position\":1,\"name\":\"Home\",\"item\":\"https:\/\/www.o3zone.ro\/hu\/\"},{\"@type\":\"ListItem\",\"position\":2,\"name\":\"Akt\u00edv turizmus\",\"item\":\"https:\/\/www.o3zone.ro\/hu\/aktiv-turizmus\/\"},{\"@type\":\"ListItem\",\"position\":3,\"name\":\"Mountain Segway\"}]},{\"@type\":\"WebSite\",\"@id\":\"https:\/\/www.o3zone.ro\/hu\/#website\",\"url\":\"https:\/\/www.o3zone.ro\/hu\/\",\"name\":\"O3zone Hotel\",\"description\":\"\",\"potentialAction\":[{\"@type\":\"SearchAction\",\"target\":{\"@type\":\"EntryPoint\",\"urlTemplate\":\"https:\/\/www.o3zone.ro\/hu\/?s={search_term_string}\"},\"query-input\":\"required name=search_term_string\"}],\"inLanguage\":\"hu\"}]}<\/script>\n<!-- \/ Yoast SEO plugin. -->","yoast_head_json":{"title":"Mountain Segway - O3zone Hotel -","description":"J\u00f6jj\u00f6n \u00e9s fedezze fel az erd\u0151 sz\u00e9ps\u00e9g\u00e9t Tusn\u00e1df\u00fcrd\u0151n. Felejthetetlen term\u00e9szetj\u00e1r\u00e1st k\u00edn\u00e1lunk, sz\u00f3rakoz\u00e1st csal\u00e1doknak, bar\u00e1ti t\u00e1rsas\u00e1goknak vagy csapat\u00e9p\u00edt\u0151 csoportoknak","robots":{"index":"index","follow":"follow","max-snippet":"max-snippet:-1","max-image-preview":"max-image-preview:large","max-video-preview":"max-video-preview:-1"},"canonical":"https:\/\/www.o3zone.ro\/hu\/aktiv-turizmus\/mountain-segway\/","og_locale":"hu_HU","og_type":"article","og_title":"Mountain Segway - O3zone Hotel -","og_description":"J\u00f6jj\u00f6n \u00e9s fedezze fel az erd\u0151 sz\u00e9ps\u00e9g\u00e9t Tusn\u00e1df\u00fcrd\u0151n. Felejthetetlen term\u00e9szetj\u00e1r\u00e1st k\u00edn\u00e1lunk, sz\u00f3rakoz\u00e1st csal\u00e1doknak, bar\u00e1ti t\u00e1rsas\u00e1goknak vagy csapat\u00e9p\u00edt\u0151 csoportoknak","og_url":"https:\/\/www.o3zone.ro\/hu\/aktiv-turizmus\/mountain-segway\/","og_site_name":"O3zone Hotel","article_publisher":"https:\/\/www.facebook.com\/HotelO3zone\/","article_modified_time":"2024-02-22T08:22:21+00:00","og_image":[{"width":1293,"height":1200,"url":"https:\/\/www.o3zone.ro\/wp-content\/uploads\/sites\/97\/2024\/03\/01-45-e1711368229192.jpg","type":"image\/jpeg"}],"twitter_card":"summary_large_image","twitter_misc":{"Becs\u00fclt olvas\u00e1si id\u0151":"4 perc"},"schema":{"@context":"https:\/\/schema.org","@graph":[{"@type":"WebPage","@id":"https:\/\/www.o3zone.ro\/hu\/aktiv-turizmus\/mountain-segway\/","url":"https:\/\/www.o3zone.ro\/hu\/aktiv-turizmus\/mountain-segway\/","name":"Mountain Segway - O3zone Hotel -","isPartOf":{"@id":"https:\/\/www.o3zone.ro\/hu\/#website"},"datePublished":"2024-01-17T13:29:35+00:00","dateModified":"2024-02-22T08:22:21+00:00","description":"J\u00f6jj\u00f6n \u00e9s fedezze fel az erd\u0151 sz\u00e9ps\u00e9g\u00e9t Tusn\u00e1df\u00fcrd\u0151n. Felejthetetlen term\u00e9szetj\u00e1r\u00e1st k\u00edn\u00e1lunk, sz\u00f3rakoz\u00e1st csal\u00e1doknak, bar\u00e1ti t\u00e1rsas\u00e1goknak vagy csapat\u00e9p\u00edt\u0151 csoportoknak","breadcrumb":{"@id":"https:\/\/www.o3zone.ro\/hu\/aktiv-turizmus\/mountain-segway\/#breadcrumb"},"inLanguage":"hu","potentialAction":[{"@type":"ReadAction","target":["https:\/\/www.o3zone.ro\/hu\/aktiv-turizmus\/mountain-segway\/"]}]},{"@type":"BreadcrumbList","@id":"https:\/\/www.o3zone.ro\/hu\/aktiv-turizmus\/mountain-segway\/#breadcrumb","itemListElement":[{"@type":"ListItem","position":1,"name":"Home","item":"https:\/\/www.o3zone.ro\/hu\/"},{"@type":"ListItem","position":2,"name":"Akt\u00edv turizmus","item":"https:\/\/www.o3zone.ro\/hu\/aktiv-turizmus\/"},{"@type":"ListItem","position":3,"name":"Mountain Segway"}]},{"@type":"WebSite","@id":"https:\/\/www.o3zone.ro\/hu\/#website","url":"https:\/\/www.o3zone.ro\/hu\/","name":"O3zone Hotel","description":"","potentialAction":[{"@type":"SearchAction","target":{"@type":"EntryPoint","urlTemplate":"https:\/\/www.o3zone.ro\/hu\/?s={search_term_string}"},"query-input":"required name=search_term_string"}],"inLanguage":"hu"}]}},"acf":[],"_links":{"self":[{"href":"https:\/\/www.o3zone.ro\/hu\/wp-json\/wp\/v2\/pages\/207"}],"collection":[{"href":"https:\/\/www.o3zone.ro\/hu\/wp-json\/wp\/v2\/pages"}],"about":[{"href":"https:\/\/www.o3zone.ro\/hu\/wp-json\/wp\/v2\/types\/page"}],"author":[{"embeddable":true,"href":"https:\/\/www.o3zone.ro\/hu\/wp-json\/wp\/v2\/users\/13"}],"replies":[{"embeddable":true,"href":"https:\/\/www.o3zone.ro\/hu\/wp-json\/wp\/v2\/comments?post=207"}],"version-history":[{"count":0,"href":"https:\/\/www.o3zone.ro\/hu\/wp-json\/wp\/v2\/pages\/207\/revisions"}],"up":[{"embeddable":true,"href":"https:\/\/www.o3zone.ro\/hu\/wp-json\/wp\/v2\/pages\/171"}],"wp:attachment":[{"href":"https:\/\/www.o3zone.ro\/hu\/wp-json\/wp\/v2\/media?parent=207"}],"curies":[{"name":"wp","href":"https:\/\/api.w.org\/{rel}","templated":true}]}}