{"id":196,"date":"2024-01-17T13:10:47","date_gmt":"2024-01-17T13:10:47","guid":{"rendered":"https:\/\/o3zone-hotel.ms2.decms.eu\/?page_id=196"},"modified":"2024-01-17T13:13:58","modified_gmt":"2024-01-17T13:13:58","slug":"tusnad-traverse-off-road-tura","status":"publish","type":"page","link":"https:\/\/www.o3zone.ro\/hu\/aktiv-turizmus\/tusnad-traverse-off-road-tura\/","title":{"rendered":"Tusn\u00e1d Traverse off-road t\u00fara"},"content":{"rendered":"<p>Tudta, hogy Sz\u00e9kelyf\u00f6ld kialudt vulk\u00e1noknak, t\u00f6rt\u00e9nelmi helysz\u00edneknek, legend\u00e1knak \u00e9s term\u00e9szeti kincseknek ad otthont? Fedezze fel vel\u00fcnk!<br \/>\nT\u00far\u00e1k:<br \/>\n\u25cf Alv\u00f3 vulk\u00e1nok f\u00f6ldje t\u00fara<br \/>\nT\u00fara (4 \u00f3ra): Sz\u00e1ll\u00e1shely &#8211; Hossz\u00famez\u0151 (sajtk\u00f3stol\u00e1ssal egybek\u00f6t\u00f6tt esztena l\u00e1togat\u00e1s) &#8211; Szent Anna-t\u00f3 panor\u00e1ma kil\u00e1t\u00f3 &#8211; T\u00f3b\u00e9rce &#8211; Sepsib\u00fcksz\u00e1d &#8211; Tusn\u00e1df\u00fcrd\u0151 &#8211; Sz\u00e1ll\u00e1shely<br \/>\n\u25cf Szent Anna-t\u00f3 t\u00fara<br \/>\n\u00datvonal (4 \u00f3ra): Tusn\u00e1df\u00fcrd\u0151 &#8211; Mohos-t\u0151zegl\u00e1p &#8211; Szent Anna-t\u00f3 &#8211; Tusn\u00e1df\u00fcrd\u0151<br \/>\n\u25cf Cs\u00edki-havasok t\u00fara<br \/>\n\u00datvonal (4-5 \u00f3ra): Sz\u00e1ll\u00e1s &#8211; Cs\u00edkszentgy\u00f6rgy &#8211; Menas\u00e1g &#8211; Pottyond &#8211; S\u00e1ndor-dombja &#8211; Szell\u0151-tet\u0151<br \/>\n\u25cf \u00daz-v\u00f6lgyi t\u00f6rt\u00e9nelmi t\u00fara<br \/>\n\u00datvonal (12 \u00f3ra): Nyergestet\u0151 t\u00f6rt\u00e9nelmi k\u00e1v\u00e9h\u00e1z &#8211; Kecske-tet\u0151 &#8211; Papp-hegy &#8211; Rug\u00e1t-tet\u0151 &#8211; Csin\u00f3d &#8211; Aklosi haditemet\u0151 &#8211; Aklosi hadszint\u00e9r &#8211; T\u00f6lgyesi-szoros &#8211; J\u00f3zsef f\u0151herceg k\u00fatja &#8211; M\u00e1ty\u00e1s kir\u00e1ly er\u0151d &#8211; K\u00e1szoni-medence \u00e9s -havasok &#8211; Nyergestet\u0151 t\u00f6rt\u00e9nelmi k\u00e1v\u00e9h\u00e1z<br \/>\n\u25cf B\u00e1lv\u00e1nyos t\u00fara<br \/>\n\u00datvonal (4-5 \u00f3ra): Sz\u00e1ll\u00e1s &#8211; Nyerges-tet\u0151 &#8211; Bal\u00e1zs dombja &#8211; Cecele-tet\u0151 &#8211; B\u00e1lv\u00e1nyos V\u00e1r &#8211; Apor l\u00e1nyok fered\u0151je &#8211; Szent Anna-t\u00f3 &#8211; Hossz\u00famez\u0151 &#8211; Tusn\u00e1df\u00fcrd\u0151<br \/>\n\u25cf Napfelkelte \u00e9lm\u00e9nyt\u00fara<br \/>\n&#8222;Napfelkelte&#8221; \u00e9lm\u00e9nyt\u00far\u00e1ink nem csak a kalandot b\u00edztos\u00edtj\u00e1k, hanem a felt\u00f6lt\u0151d\u00e9st is a term\u00e9szet csendj\u00e9ben. A korg\u00f3 hasakr\u00f3l is gondoskodunk egy hideg reggelivel erdei h\u00e1zaink terasz\u00e1n, ahonnan az alcs\u00edki medence \u00f6sszes telep\u00fcl\u00e9s\u00e9re kil\u00e1t\u00e1s ny\u00edlik.<br \/>\n\u25cf Alm\u00e1si-barlang t\u00fara<br \/>\nT\u00far\u00e1nk egy rendhagy\u00f3 t\u00f6rt\u00e9nelem \u00f3r\u00e1val kezd\u0151dik a Nyergestet\u0151 T\u00f6rt\u00e9nelmi K\u00e1v\u00e9h\u00e1zban, a nyergestet\u0151i csat\u00e1ban elesett Sz\u00e9kely h\u0151s\u00f6k eml\u00e9khely\u00e9nek bemutat\u00e1s\u00e1val. Utunk a Hargita hegy d\u00e9li vonulat\u00e1n vezet \u00e1t, meg\u00e1llva a fontosabb kil\u00e1t\u00f3kn\u00e1l, t\u00f6rt\u00e9nelmi pontokn\u00e1l ismertetve azok jellegzetess\u00e9geit. Erd\u0151f\u00fcle ir\u00e1ny\u00e1ba haladunk \u00e9rintve a szentimrei B\u00fcd\u00f6sf\u00fcrd\u0151t, Fekete-puszt\u00e1t, Kormos-patak\u00e1t \u00e9s Szelterszt. A Vargyas-szorost Alm\u00e1s fel\u0151l k\u00f6zel\u00edtj\u00fck meg, a Farkas \u00f6sv\u00e9nynek nevezett \u00fatszakaszon \u00e9rkez\u00fcnk a szoros bej\u00e1rat\u00e1hoz ahol eb\u00e9del\u00fcnk. Ezt k\u00f6veti egy k\u00f6r\u00fclbel\u00fcl 1,5 kilom\u00e9teres s\u00e9ta a hegyi \u00f6sv\u00e9nyen, amin eljutunk az Alm\u00e1si-barlang sz\u00e1d\u00e1hoz. A barlangi kalandoz\u00e1sok ut\u00e1n visszamegy\u00fcnk a terepj\u00e1r\u00f3inkhoz \u00e9s elindulunk haza, Vargyas ir\u00e1ny\u00e1b\u00f3l haladunk a cs\u00edki medence fele a Kormos patak v\u00f6lgy\u00e9n kereszt\u00fcl.<br \/>\nA terepj\u00e1r\u00f3s t\u00fara hossza oda-vissza 140 km, amit 8-10 \u00f3ra alatt tesz\u00fcnk meg.<br \/>\n\u00datvonal: Nyergestet\u0151 t\u00f6rt\u00e9nelmi k\u00e1v\u00e9h\u00e1z \u2013 Szentimrei B\u00fcd\u00f6sf\u00fcrd\u0151 \u2013 Fekete-puszta \u2013 Kormos-patak \u2013 Szeltersz \u2013 Farkas \u00f6sv\u00e9ny \u2013 Alm\u00e1si-barlang \u2013 Erd\u0151f\u00fcle \u2013 Kormos-patak \u2013 Nyerges-tet\u0151<\/p>\n","protected":false},"excerpt":{"rendered":"<p>Tudta, hogy Sz\u00e9kelyf\u00f6ld kialudt vulk\u00e1noknak, t\u00f6rt\u00e9nelmi helysz\u00edneknek, legend\u00e1knak \u00e9s term\u00e9szeti kincseknek ad otthont? Fedezze fel vel\u00fcnk! T\u00far\u00e1k: \u25cf Alv\u00f3 vulk\u00e1nok f\u00f6ldje t\u00fara T\u00fara (4 \u00f3ra): Sz\u00e1ll\u00e1shely &#8211; Hossz\u00famez\u0151 (sajtk\u00f3stol\u00e1ssal egybek\u00f6t\u00f6tt esztena l\u00e1togat\u00e1s) &#8211; Szent Anna-t\u00f3 panor\u00e1ma kil\u00e1t\u00f3 &#8211; T\u00f3b\u00e9rce &#8211; Sepsib\u00fcksz\u00e1d &#8211; Tusn\u00e1df\u00fcrd\u0151 &#8211; Sz\u00e1ll\u00e1shely \u25cf Szent Anna-t\u00f3 t\u00fara \u00datvonal (4 \u00f3ra): Tusn\u00e1df\u00fcrd\u0151 &#8211; Mohos-t\u0151zegl\u00e1p [&hellip;]<\/p>\n","protected":false},"author":13,"featured_media":0,"parent":171,"menu_order":71,"comment_status":"closed","ping_status":"closed","template":"","meta":{"footnotes":""},"class_list":["post-196","page","type-page","status-publish","hentry"],"yoast_head":"<!-- This site is optimized with the Yoast SEO plugin v27.3 - https:\/\/yoast.com\/product\/yoast-seo-wordpress\/ -->\n<title>Tusn\u00e1d Traverse off-road t\u00fara - O3zone Hotel -<\/title>\n<meta name=\"description\" content=\"Tudta, hogy Sz\u00e9kelyf\u00f6ld kialudt vulk\u00e1noknak, t\u00f6rt\u00e9nelmi helysz\u00edneknek, legend\u00e1knak \u00e9s term\u00e9szeti kincseknek ad otthont? Fedezze fel vel\u00fcnk! T\u00far\u00e1k: \u25cf Alv\u00f3 vulk\u00e1nok f\u00f6ldje t\u00fara T\u00fara (4 \u00f3ra): Sz\u00e1ll\u00e1shely - Hossz\u00famez\u0151 (sajtk\u00f3stol\u00e1ssal egybek\u00f6t\u00f6tt esztena l\u00e1togat\u00e1s) - Szent Anna-t\u00f3 panor\u00e1ma kil\u00e1t\u00f3 - T\u00f3b\u00e9rce - Sepsib\u00fcksz\u00e1d - Tusn\u00e1df\u00fcrd\u0151 - Sz\u00e1ll\u00e1shely \u25cf Szent Anna-t\u00f3 t\u00fara \u00datvonal (4 \u00f3ra): Tusn\u00e1df\u00fcrd\u0151 - Mohos-t\u0151zegl\u00e1p - Szent Anna-t\u00f3 - Tusn\u00e1df\u00fcrd\u0151 \u25cf Cs\u00edki-havasok t\u00fara \u00datvonal (4-5 \u00f3ra): Sz\u00e1ll\u00e1s - Cs\u00edkszentgy\u00f6rgy - Menas\u00e1g - Pottyond - S\u00e1ndor-dombja - Szell\u0151-tet\u0151 \u25cf \u00daz-v\u00f6lgyi t\u00f6rt\u00e9nelmi t\u00fara \u00datvonal (12 \u00f3ra): Nyergestet\u0151 t\u00f6rt\u00e9nelmi k\u00e1v\u00e9h\u00e1z - Kecske-tet\u0151 - Papp-hegy - Rug\u00e1t-tet\u0151 - Csin\u00f3d - Aklosi haditemet\u0151 - Aklosi hadszint\u00e9r - T\u00f6lgyesi-szoros - J\u00f3zsef f\u0151herceg k\u00fatja - M\u00e1ty\u00e1s kir\u00e1ly er\u0151d - K\u00e1szoni-medence \u00e9s -havasok - Nyergestet\u0151 t\u00f6rt\u00e9nelmi k\u00e1v\u00e9h\u00e1z \u25cf B\u00e1lv\u00e1nyos t\u00fara \u00datvonal (4-5 \u00f3ra): Sz\u00e1ll\u00e1s - Nyerges-tet\u0151 - Bal\u00e1zs dombja - Cecele-tet\u0151 - B\u00e1lv\u00e1nyos V\u00e1r - Apor l\u00e1nyok fered\u0151je - Szent Anna-t\u00f3 - Hossz\u00famez\u0151 - Tusn\u00e1df\u00fcrd\u0151 \u25cf Napfelkelte \u00e9lm\u00e9nyt\u00fara &quot;Napfelkelte&quot; \u00e9lm\u00e9nyt\u00far\u00e1ink nem csak a kalandot b\u00edztos\u00edtj\u00e1k, hanem a felt\u00f6lt\u0151d\u00e9st is a term\u00e9szet csendj\u00e9ben. A korg\u00f3 hasakr\u00f3l is gondoskodunk egy hideg reggelivel erdei h\u00e1zaink terasz\u00e1n, ahonnan az alcs\u00edki medence \u00f6sszes telep\u00fcl\u00e9s\u00e9re kil\u00e1t\u00e1s ny\u00edlik. \u25cf Alm\u00e1si-barlang t\u00fara T\u00far\u00e1nk egy rendhagy\u00f3 t\u00f6rt\u00e9nelem \u00f3r\u00e1val kezd\u0151dik a Nyergestet\u0151 T\u00f6rt\u00e9nelmi K\u00e1v\u00e9h\u00e1zban, a nyergestet\u0151i csat\u00e1ban elesett Sz\u00e9kely h\u0151s\u00f6k eml\u00e9khely\u00e9nek bemutat\u00e1s\u00e1val\" \/>\n<meta name=\"robots\" content=\"index, follow, max-snippet:-1, max-image-preview:large, max-video-preview:-1\" \/>\n<link rel=\"canonical\" href=\"https:\/\/www.o3zone.ro\/hu\/aktiv-turizmus\/tusnad-traverse-off-road-tura\/\" \/>\n<meta property=\"og:locale\" content=\"hu_HU\" \/>\n<meta property=\"og:type\" content=\"article\" \/>\n<meta property=\"og:title\" content=\"Tusn\u00e1d Traverse off-road t\u00fara - O3zone Hotel -\" \/>\n<meta property=\"og:description\" content=\"Tudta, hogy Sz\u00e9kelyf\u00f6ld kialudt vulk\u00e1noknak, t\u00f6rt\u00e9nelmi helysz\u00edneknek, legend\u00e1knak \u00e9s term\u00e9szeti kincseknek ad otthont? Fedezze fel vel\u00fcnk! T\u00far\u00e1k: \u25cf Alv\u00f3 vulk\u00e1nok f\u00f6ldje t\u00fara T\u00fara (4 \u00f3ra): Sz\u00e1ll\u00e1shely - Hossz\u00famez\u0151 (sajtk\u00f3stol\u00e1ssal egybek\u00f6t\u00f6tt esztena l\u00e1togat\u00e1s) - Szent Anna-t\u00f3 panor\u00e1ma kil\u00e1t\u00f3 - T\u00f3b\u00e9rce - Sepsib\u00fcksz\u00e1d - Tusn\u00e1df\u00fcrd\u0151 - Sz\u00e1ll\u00e1shely \u25cf Szent Anna-t\u00f3 t\u00fara \u00datvonal (4 \u00f3ra): Tusn\u00e1df\u00fcrd\u0151 - Mohos-t\u0151zegl\u00e1p - Szent Anna-t\u00f3 - Tusn\u00e1df\u00fcrd\u0151 \u25cf Cs\u00edki-havasok t\u00fara \u00datvonal (4-5 \u00f3ra): Sz\u00e1ll\u00e1s - Cs\u00edkszentgy\u00f6rgy - Menas\u00e1g - Pottyond - S\u00e1ndor-dombja - Szell\u0151-tet\u0151 \u25cf \u00daz-v\u00f6lgyi t\u00f6rt\u00e9nelmi t\u00fara \u00datvonal (12 \u00f3ra): Nyergestet\u0151 t\u00f6rt\u00e9nelmi k\u00e1v\u00e9h\u00e1z - Kecske-tet\u0151 - Papp-hegy - Rug\u00e1t-tet\u0151 - Csin\u00f3d - Aklosi haditemet\u0151 - Aklosi hadszint\u00e9r - T\u00f6lgyesi-szoros - J\u00f3zsef f\u0151herceg k\u00fatja - M\u00e1ty\u00e1s kir\u00e1ly er\u0151d - K\u00e1szoni-medence \u00e9s -havasok - Nyergestet\u0151 t\u00f6rt\u00e9nelmi k\u00e1v\u00e9h\u00e1z \u25cf B\u00e1lv\u00e1nyos t\u00fara \u00datvonal (4-5 \u00f3ra): Sz\u00e1ll\u00e1s - Nyerges-tet\u0151 - Bal\u00e1zs dombja - Cecele-tet\u0151 - B\u00e1lv\u00e1nyos V\u00e1r - Apor l\u00e1nyok fered\u0151je - Szent Anna-t\u00f3 - Hossz\u00famez\u0151 - Tusn\u00e1df\u00fcrd\u0151 \u25cf Napfelkelte \u00e9lm\u00e9nyt\u00fara &quot;Napfelkelte&quot; \u00e9lm\u00e9nyt\u00far\u00e1ink nem csak a kalandot b\u00edztos\u00edtj\u00e1k, hanem a felt\u00f6lt\u0151d\u00e9st is a term\u00e9szet csendj\u00e9ben. A korg\u00f3 hasakr\u00f3l is gondoskodunk egy hideg reggelivel erdei h\u00e1zaink terasz\u00e1n, ahonnan az alcs\u00edki medence \u00f6sszes telep\u00fcl\u00e9s\u00e9re kil\u00e1t\u00e1s ny\u00edlik. \u25cf Alm\u00e1si-barlang t\u00fara T\u00far\u00e1nk egy rendhagy\u00f3 t\u00f6rt\u00e9nelem \u00f3r\u00e1val kezd\u0151dik a Nyergestet\u0151 T\u00f6rt\u00e9nelmi K\u00e1v\u00e9h\u00e1zban, a nyergestet\u0151i csat\u00e1ban elesett Sz\u00e9kely h\u0151s\u00f6k eml\u00e9khely\u00e9nek bemutat\u00e1s\u00e1val\" \/>\n<meta property=\"og:url\" content=\"https:\/\/www.o3zone.ro\/hu\/aktiv-turizmus\/tusnad-traverse-off-road-tura\/\" \/>\n<meta property=\"og:site_name\" content=\"O3zone Hotel\" \/>\n<meta property=\"article:publisher\" content=\"https:\/\/www.facebook.com\/HotelO3zone\/\" \/>\n<meta property=\"article:modified_time\" content=\"2024-01-17T13:13:58+00:00\" \/>\n<meta property=\"og:image\" content=\"https:\/\/www.o3zone.ro\/wp-content\/uploads\/sites\/97\/2024\/03\/01-45-e1711368229192.jpg\" \/>\n\t<meta property=\"og:image:width\" content=\"1293\" \/>\n\t<meta property=\"og:image:height\" content=\"1200\" \/>\n\t<meta property=\"og:image:type\" content=\"image\/jpeg\" \/>\n<meta name=\"twitter:card\" content=\"summary_large_image\" \/>\n<meta name=\"twitter:label1\" content=\"Becs\u00fclt olvas\u00e1si id\u0151\" \/>\n\t<meta name=\"twitter:data1\" content=\"3 perc\" \/>\n<script type=\"application\/ld+json\" class=\"yoast-schema-graph\">{\"@context\":\"https:\\\/\\\/schema.org\",\"@graph\":[{\"@type\":\"WebPage\",\"@id\":\"https:\\\/\\\/www.o3zone.ro\\\/hu\\\/aktiv-turizmus\\\/tusnad-traverse-off-road-tura\\\/\",\"url\":\"https:\\\/\\\/www.o3zone.ro\\\/hu\\\/aktiv-turizmus\\\/tusnad-traverse-off-road-tura\\\/\",\"name\":\"Tusn\u00e1d Traverse off-road t\u00fara - O3zone Hotel -\",\"isPartOf\":{\"@id\":\"https:\\\/\\\/www.o3zone.ro\\\/hu\\\/#website\"},\"datePublished\":\"2024-01-17T13:10:47+00:00\",\"dateModified\":\"2024-01-17T13:13:58+00:00\",\"description\":\"Tudta, hogy Sz\u00e9kelyf\u00f6ld kialudt vulk\u00e1noknak, t\u00f6rt\u00e9nelmi helysz\u00edneknek, legend\u00e1knak \u00e9s term\u00e9szeti kincseknek ad otthont? Fedezze fel vel\u00fcnk! T\u00far\u00e1k: \u25cf Alv\u00f3 vulk\u00e1nok f\u00f6ldje t\u00fara T\u00fara (4 \u00f3ra): Sz\u00e1ll\u00e1shely - Hossz\u00famez\u0151 (sajtk\u00f3stol\u00e1ssal egybek\u00f6t\u00f6tt esztena l\u00e1togat\u00e1s) - Szent Anna-t\u00f3 panor\u00e1ma kil\u00e1t\u00f3 - T\u00f3b\u00e9rce - Sepsib\u00fcksz\u00e1d - Tusn\u00e1df\u00fcrd\u0151 - Sz\u00e1ll\u00e1shely \u25cf Szent Anna-t\u00f3 t\u00fara \u00datvonal (4 \u00f3ra): Tusn\u00e1df\u00fcrd\u0151 - Mohos-t\u0151zegl\u00e1p - Szent Anna-t\u00f3 - Tusn\u00e1df\u00fcrd\u0151 \u25cf Cs\u00edki-havasok t\u00fara \u00datvonal (4-5 \u00f3ra): Sz\u00e1ll\u00e1s - Cs\u00edkszentgy\u00f6rgy - Menas\u00e1g - Pottyond - S\u00e1ndor-dombja - Szell\u0151-tet\u0151 \u25cf \u00daz-v\u00f6lgyi t\u00f6rt\u00e9nelmi t\u00fara \u00datvonal (12 \u00f3ra): Nyergestet\u0151 t\u00f6rt\u00e9nelmi k\u00e1v\u00e9h\u00e1z - Kecske-tet\u0151 - Papp-hegy - Rug\u00e1t-tet\u0151 - Csin\u00f3d - Aklosi haditemet\u0151 - Aklosi hadszint\u00e9r - T\u00f6lgyesi-szoros - J\u00f3zsef f\u0151herceg k\u00fatja - M\u00e1ty\u00e1s kir\u00e1ly er\u0151d - K\u00e1szoni-medence \u00e9s -havasok - Nyergestet\u0151 t\u00f6rt\u00e9nelmi k\u00e1v\u00e9h\u00e1z \u25cf B\u00e1lv\u00e1nyos t\u00fara \u00datvonal (4-5 \u00f3ra): Sz\u00e1ll\u00e1s - Nyerges-tet\u0151 - Bal\u00e1zs dombja - Cecele-tet\u0151 - B\u00e1lv\u00e1nyos V\u00e1r - Apor l\u00e1nyok fered\u0151je - Szent Anna-t\u00f3 - Hossz\u00famez\u0151 - Tusn\u00e1df\u00fcrd\u0151 \u25cf Napfelkelte \u00e9lm\u00e9nyt\u00fara \\\"Napfelkelte\\\" \u00e9lm\u00e9nyt\u00far\u00e1ink nem csak a kalandot b\u00edztos\u00edtj\u00e1k, hanem a felt\u00f6lt\u0151d\u00e9st is a term\u00e9szet csendj\u00e9ben. A korg\u00f3 hasakr\u00f3l is gondoskodunk egy hideg reggelivel erdei h\u00e1zaink terasz\u00e1n, ahonnan az alcs\u00edki medence \u00f6sszes telep\u00fcl\u00e9s\u00e9re kil\u00e1t\u00e1s ny\u00edlik. \u25cf Alm\u00e1si-barlang t\u00fara T\u00far\u00e1nk egy rendhagy\u00f3 t\u00f6rt\u00e9nelem \u00f3r\u00e1val kezd\u0151dik a Nyergestet\u0151 T\u00f6rt\u00e9nelmi K\u00e1v\u00e9h\u00e1zban, a nyergestet\u0151i csat\u00e1ban elesett Sz\u00e9kely h\u0151s\u00f6k eml\u00e9khely\u00e9nek bemutat\u00e1s\u00e1val\",\"breadcrumb\":{\"@id\":\"https:\\\/\\\/www.o3zone.ro\\\/hu\\\/aktiv-turizmus\\\/tusnad-traverse-off-road-tura\\\/#breadcrumb\"},\"inLanguage\":\"hu\",\"potentialAction\":[{\"@type\":\"ReadAction\",\"target\":[\"https:\\\/\\\/www.o3zone.ro\\\/hu\\\/aktiv-turizmus\\\/tusnad-traverse-off-road-tura\\\/\"]}]},{\"@type\":\"BreadcrumbList\",\"@id\":\"https:\\\/\\\/www.o3zone.ro\\\/hu\\\/aktiv-turizmus\\\/tusnad-traverse-off-road-tura\\\/#breadcrumb\",\"itemListElement\":[{\"@type\":\"ListItem\",\"position\":1,\"name\":\"Home\",\"item\":\"https:\\\/\\\/www.o3zone.ro\\\/hu\\\/\"},{\"@type\":\"ListItem\",\"position\":2,\"name\":\"Akt\u00edv turizmus\",\"item\":\"https:\\\/\\\/www.o3zone.ro\\\/hu\\\/aktiv-turizmus\\\/\"},{\"@type\":\"ListItem\",\"position\":3,\"name\":\"Tusn\u00e1d Traverse off-road t\u00fara\"}]},{\"@type\":\"WebSite\",\"@id\":\"https:\\\/\\\/www.o3zone.ro\\\/hu\\\/#website\",\"url\":\"https:\\\/\\\/www.o3zone.ro\\\/hu\\\/\",\"name\":\"O3zone Hotel\",\"description\":\"\",\"potentialAction\":[{\"@type\":\"SearchAction\",\"target\":{\"@type\":\"EntryPoint\",\"urlTemplate\":\"https:\\\/\\\/www.o3zone.ro\\\/hu\\\/?s={search_term_string}\"},\"query-input\":{\"@type\":\"PropertyValueSpecification\",\"valueRequired\":true,\"valueName\":\"search_term_string\"}}],\"inLanguage\":\"hu\"}]}<\/script>\n<!-- \/ Yoast SEO plugin. -->","yoast_head_json":{"title":"Tusn\u00e1d Traverse off-road t\u00fara - O3zone Hotel -","description":"Tudta, hogy Sz\u00e9kelyf\u00f6ld kialudt vulk\u00e1noknak, t\u00f6rt\u00e9nelmi helysz\u00edneknek, legend\u00e1knak \u00e9s term\u00e9szeti kincseknek ad otthont? Fedezze fel vel\u00fcnk! T\u00far\u00e1k: \u25cf Alv\u00f3 vulk\u00e1nok f\u00f6ldje t\u00fara T\u00fara (4 \u00f3ra): Sz\u00e1ll\u00e1shely - Hossz\u00famez\u0151 (sajtk\u00f3stol\u00e1ssal egybek\u00f6t\u00f6tt esztena l\u00e1togat\u00e1s) - Szent Anna-t\u00f3 panor\u00e1ma kil\u00e1t\u00f3 - T\u00f3b\u00e9rce - Sepsib\u00fcksz\u00e1d - Tusn\u00e1df\u00fcrd\u0151 - Sz\u00e1ll\u00e1shely \u25cf Szent Anna-t\u00f3 t\u00fara \u00datvonal (4 \u00f3ra): Tusn\u00e1df\u00fcrd\u0151 - Mohos-t\u0151zegl\u00e1p - Szent Anna-t\u00f3 - Tusn\u00e1df\u00fcrd\u0151 \u25cf Cs\u00edki-havasok t\u00fara \u00datvonal (4-5 \u00f3ra): Sz\u00e1ll\u00e1s - Cs\u00edkszentgy\u00f6rgy - Menas\u00e1g - Pottyond - S\u00e1ndor-dombja - Szell\u0151-tet\u0151 \u25cf \u00daz-v\u00f6lgyi t\u00f6rt\u00e9nelmi t\u00fara \u00datvonal (12 \u00f3ra): Nyergestet\u0151 t\u00f6rt\u00e9nelmi k\u00e1v\u00e9h\u00e1z - Kecske-tet\u0151 - Papp-hegy - Rug\u00e1t-tet\u0151 - Csin\u00f3d - Aklosi haditemet\u0151 - Aklosi hadszint\u00e9r - T\u00f6lgyesi-szoros - J\u00f3zsef f\u0151herceg k\u00fatja - M\u00e1ty\u00e1s kir\u00e1ly er\u0151d - K\u00e1szoni-medence \u00e9s -havasok - Nyergestet\u0151 t\u00f6rt\u00e9nelmi k\u00e1v\u00e9h\u00e1z \u25cf B\u00e1lv\u00e1nyos t\u00fara \u00datvonal (4-5 \u00f3ra): Sz\u00e1ll\u00e1s - Nyerges-tet\u0151 - Bal\u00e1zs dombja - Cecele-tet\u0151 - B\u00e1lv\u00e1nyos V\u00e1r - Apor l\u00e1nyok fered\u0151je - Szent Anna-t\u00f3 - Hossz\u00famez\u0151 - Tusn\u00e1df\u00fcrd\u0151 \u25cf Napfelkelte \u00e9lm\u00e9nyt\u00fara \"Napfelkelte\" \u00e9lm\u00e9nyt\u00far\u00e1ink nem csak a kalandot b\u00edztos\u00edtj\u00e1k, hanem a felt\u00f6lt\u0151d\u00e9st is a term\u00e9szet csendj\u00e9ben. A korg\u00f3 hasakr\u00f3l is gondoskodunk egy hideg reggelivel erdei h\u00e1zaink terasz\u00e1n, ahonnan az alcs\u00edki medence \u00f6sszes telep\u00fcl\u00e9s\u00e9re kil\u00e1t\u00e1s ny\u00edlik. \u25cf Alm\u00e1si-barlang t\u00fara T\u00far\u00e1nk egy rendhagy\u00f3 t\u00f6rt\u00e9nelem \u00f3r\u00e1val kezd\u0151dik a Nyergestet\u0151 T\u00f6rt\u00e9nelmi K\u00e1v\u00e9h\u00e1zban, a nyergestet\u0151i csat\u00e1ban elesett Sz\u00e9kely h\u0151s\u00f6k eml\u00e9khely\u00e9nek bemutat\u00e1s\u00e1val","robots":{"index":"index","follow":"follow","max-snippet":"max-snippet:-1","max-image-preview":"max-image-preview:large","max-video-preview":"max-video-preview:-1"},"canonical":"https:\/\/www.o3zone.ro\/hu\/aktiv-turizmus\/tusnad-traverse-off-road-tura\/","og_locale":"hu_HU","og_type":"article","og_title":"Tusn\u00e1d Traverse off-road t\u00fara - O3zone Hotel -","og_description":"Tudta, hogy Sz\u00e9kelyf\u00f6ld kialudt vulk\u00e1noknak, t\u00f6rt\u00e9nelmi helysz\u00edneknek, legend\u00e1knak \u00e9s term\u00e9szeti kincseknek ad otthont? Fedezze fel vel\u00fcnk! T\u00far\u00e1k: \u25cf Alv\u00f3 vulk\u00e1nok f\u00f6ldje t\u00fara T\u00fara (4 \u00f3ra): Sz\u00e1ll\u00e1shely - Hossz\u00famez\u0151 (sajtk\u00f3stol\u00e1ssal egybek\u00f6t\u00f6tt esztena l\u00e1togat\u00e1s) - Szent Anna-t\u00f3 panor\u00e1ma kil\u00e1t\u00f3 - T\u00f3b\u00e9rce - Sepsib\u00fcksz\u00e1d - Tusn\u00e1df\u00fcrd\u0151 - Sz\u00e1ll\u00e1shely \u25cf Szent Anna-t\u00f3 t\u00fara \u00datvonal (4 \u00f3ra): Tusn\u00e1df\u00fcrd\u0151 - Mohos-t\u0151zegl\u00e1p - Szent Anna-t\u00f3 - Tusn\u00e1df\u00fcrd\u0151 \u25cf Cs\u00edki-havasok t\u00fara \u00datvonal (4-5 \u00f3ra): Sz\u00e1ll\u00e1s - Cs\u00edkszentgy\u00f6rgy - Menas\u00e1g - Pottyond - S\u00e1ndor-dombja - Szell\u0151-tet\u0151 \u25cf \u00daz-v\u00f6lgyi t\u00f6rt\u00e9nelmi t\u00fara \u00datvonal (12 \u00f3ra): Nyergestet\u0151 t\u00f6rt\u00e9nelmi k\u00e1v\u00e9h\u00e1z - Kecske-tet\u0151 - Papp-hegy - Rug\u00e1t-tet\u0151 - Csin\u00f3d - Aklosi haditemet\u0151 - Aklosi hadszint\u00e9r - T\u00f6lgyesi-szoros - J\u00f3zsef f\u0151herceg k\u00fatja - M\u00e1ty\u00e1s kir\u00e1ly er\u0151d - K\u00e1szoni-medence \u00e9s -havasok - Nyergestet\u0151 t\u00f6rt\u00e9nelmi k\u00e1v\u00e9h\u00e1z \u25cf B\u00e1lv\u00e1nyos t\u00fara \u00datvonal (4-5 \u00f3ra): Sz\u00e1ll\u00e1s - Nyerges-tet\u0151 - Bal\u00e1zs dombja - Cecele-tet\u0151 - B\u00e1lv\u00e1nyos V\u00e1r - Apor l\u00e1nyok fered\u0151je - Szent Anna-t\u00f3 - Hossz\u00famez\u0151 - Tusn\u00e1df\u00fcrd\u0151 \u25cf Napfelkelte \u00e9lm\u00e9nyt\u00fara \"Napfelkelte\" \u00e9lm\u00e9nyt\u00far\u00e1ink nem csak a kalandot b\u00edztos\u00edtj\u00e1k, hanem a felt\u00f6lt\u0151d\u00e9st is a term\u00e9szet csendj\u00e9ben. A korg\u00f3 hasakr\u00f3l is gondoskodunk egy hideg reggelivel erdei h\u00e1zaink terasz\u00e1n, ahonnan az alcs\u00edki medence \u00f6sszes telep\u00fcl\u00e9s\u00e9re kil\u00e1t\u00e1s ny\u00edlik. \u25cf Alm\u00e1si-barlang t\u00fara T\u00far\u00e1nk egy rendhagy\u00f3 t\u00f6rt\u00e9nelem \u00f3r\u00e1val kezd\u0151dik a Nyergestet\u0151 T\u00f6rt\u00e9nelmi K\u00e1v\u00e9h\u00e1zban, a nyergestet\u0151i csat\u00e1ban elesett Sz\u00e9kely h\u0151s\u00f6k eml\u00e9khely\u00e9nek bemutat\u00e1s\u00e1val","og_url":"https:\/\/www.o3zone.ro\/hu\/aktiv-turizmus\/tusnad-traverse-off-road-tura\/","og_site_name":"O3zone Hotel","article_publisher":"https:\/\/www.facebook.com\/HotelO3zone\/","article_modified_time":"2024-01-17T13:13:58+00:00","og_image":[{"width":1293,"height":1200,"url":"https:\/\/www.o3zone.ro\/wp-content\/uploads\/sites\/97\/2024\/03\/01-45-e1711368229192.jpg","type":"image\/jpeg"}],"twitter_card":"summary_large_image","twitter_misc":{"Becs\u00fclt olvas\u00e1si id\u0151":"3 perc"},"schema":{"@context":"https:\/\/schema.org","@graph":[{"@type":"WebPage","@id":"https:\/\/www.o3zone.ro\/hu\/aktiv-turizmus\/tusnad-traverse-off-road-tura\/","url":"https:\/\/www.o3zone.ro\/hu\/aktiv-turizmus\/tusnad-traverse-off-road-tura\/","name":"Tusn\u00e1d Traverse off-road t\u00fara - O3zone Hotel -","isPartOf":{"@id":"https:\/\/www.o3zone.ro\/hu\/#website"},"datePublished":"2024-01-17T13:10:47+00:00","dateModified":"2024-01-17T13:13:58+00:00","description":"Tudta, hogy Sz\u00e9kelyf\u00f6ld kialudt vulk\u00e1noknak, t\u00f6rt\u00e9nelmi helysz\u00edneknek, legend\u00e1knak \u00e9s term\u00e9szeti kincseknek ad otthont? Fedezze fel vel\u00fcnk! T\u00far\u00e1k: \u25cf Alv\u00f3 vulk\u00e1nok f\u00f6ldje t\u00fara T\u00fara (4 \u00f3ra): Sz\u00e1ll\u00e1shely - Hossz\u00famez\u0151 (sajtk\u00f3stol\u00e1ssal egybek\u00f6t\u00f6tt esztena l\u00e1togat\u00e1s) - Szent Anna-t\u00f3 panor\u00e1ma kil\u00e1t\u00f3 - T\u00f3b\u00e9rce - Sepsib\u00fcksz\u00e1d - Tusn\u00e1df\u00fcrd\u0151 - Sz\u00e1ll\u00e1shely \u25cf Szent Anna-t\u00f3 t\u00fara \u00datvonal (4 \u00f3ra): Tusn\u00e1df\u00fcrd\u0151 - Mohos-t\u0151zegl\u00e1p - Szent Anna-t\u00f3 - Tusn\u00e1df\u00fcrd\u0151 \u25cf Cs\u00edki-havasok t\u00fara \u00datvonal (4-5 \u00f3ra): Sz\u00e1ll\u00e1s - Cs\u00edkszentgy\u00f6rgy - Menas\u00e1g - Pottyond - S\u00e1ndor-dombja - Szell\u0151-tet\u0151 \u25cf \u00daz-v\u00f6lgyi t\u00f6rt\u00e9nelmi t\u00fara \u00datvonal (12 \u00f3ra): Nyergestet\u0151 t\u00f6rt\u00e9nelmi k\u00e1v\u00e9h\u00e1z - Kecske-tet\u0151 - Papp-hegy - Rug\u00e1t-tet\u0151 - Csin\u00f3d - Aklosi haditemet\u0151 - Aklosi hadszint\u00e9r - T\u00f6lgyesi-szoros - J\u00f3zsef f\u0151herceg k\u00fatja - M\u00e1ty\u00e1s kir\u00e1ly er\u0151d - K\u00e1szoni-medence \u00e9s -havasok - Nyergestet\u0151 t\u00f6rt\u00e9nelmi k\u00e1v\u00e9h\u00e1z \u25cf B\u00e1lv\u00e1nyos t\u00fara \u00datvonal (4-5 \u00f3ra): Sz\u00e1ll\u00e1s - Nyerges-tet\u0151 - Bal\u00e1zs dombja - Cecele-tet\u0151 - B\u00e1lv\u00e1nyos V\u00e1r - Apor l\u00e1nyok fered\u0151je - Szent Anna-t\u00f3 - Hossz\u00famez\u0151 - Tusn\u00e1df\u00fcrd\u0151 \u25cf Napfelkelte \u00e9lm\u00e9nyt\u00fara \"Napfelkelte\" \u00e9lm\u00e9nyt\u00far\u00e1ink nem csak a kalandot b\u00edztos\u00edtj\u00e1k, hanem a felt\u00f6lt\u0151d\u00e9st is a term\u00e9szet csendj\u00e9ben. A korg\u00f3 hasakr\u00f3l is gondoskodunk egy hideg reggelivel erdei h\u00e1zaink terasz\u00e1n, ahonnan az alcs\u00edki medence \u00f6sszes telep\u00fcl\u00e9s\u00e9re kil\u00e1t\u00e1s ny\u00edlik. \u25cf Alm\u00e1si-barlang t\u00fara T\u00far\u00e1nk egy rendhagy\u00f3 t\u00f6rt\u00e9nelem \u00f3r\u00e1val kezd\u0151dik a Nyergestet\u0151 T\u00f6rt\u00e9nelmi K\u00e1v\u00e9h\u00e1zban, a nyergestet\u0151i csat\u00e1ban elesett Sz\u00e9kely h\u0151s\u00f6k eml\u00e9khely\u00e9nek bemutat\u00e1s\u00e1val","breadcrumb":{"@id":"https:\/\/www.o3zone.ro\/hu\/aktiv-turizmus\/tusnad-traverse-off-road-tura\/#breadcrumb"},"inLanguage":"hu","potentialAction":[{"@type":"ReadAction","target":["https:\/\/www.o3zone.ro\/hu\/aktiv-turizmus\/tusnad-traverse-off-road-tura\/"]}]},{"@type":"BreadcrumbList","@id":"https:\/\/www.o3zone.ro\/hu\/aktiv-turizmus\/tusnad-traverse-off-road-tura\/#breadcrumb","itemListElement":[{"@type":"ListItem","position":1,"name":"Home","item":"https:\/\/www.o3zone.ro\/hu\/"},{"@type":"ListItem","position":2,"name":"Akt\u00edv turizmus","item":"https:\/\/www.o3zone.ro\/hu\/aktiv-turizmus\/"},{"@type":"ListItem","position":3,"name":"Tusn\u00e1d Traverse off-road t\u00fara"}]},{"@type":"WebSite","@id":"https:\/\/www.o3zone.ro\/hu\/#website","url":"https:\/\/www.o3zone.ro\/hu\/","name":"O3zone Hotel","description":"","potentialAction":[{"@type":"SearchAction","target":{"@type":"EntryPoint","urlTemplate":"https:\/\/www.o3zone.ro\/hu\/?s={search_term_string}"},"query-input":{"@type":"PropertyValueSpecification","valueRequired":true,"valueName":"search_term_string"}}],"inLanguage":"hu"}]}},"acf":[],"_links":{"self":[{"href":"https:\/\/www.o3zone.ro\/hu\/wp-json\/wp\/v2\/pages\/196","targetHints":{"allow":["GET"]}}],"collection":[{"href":"https:\/\/www.o3zone.ro\/hu\/wp-json\/wp\/v2\/pages"}],"about":[{"href":"https:\/\/www.o3zone.ro\/hu\/wp-json\/wp\/v2\/types\/page"}],"author":[{"embeddable":true,"href":"https:\/\/www.o3zone.ro\/hu\/wp-json\/wp\/v2\/users\/13"}],"replies":[{"embeddable":true,"href":"https:\/\/www.o3zone.ro\/hu\/wp-json\/wp\/v2\/comments?post=196"}],"version-history":[{"count":0,"href":"https:\/\/www.o3zone.ro\/hu\/wp-json\/wp\/v2\/pages\/196\/revisions"}],"up":[{"embeddable":true,"href":"https:\/\/www.o3zone.ro\/hu\/wp-json\/wp\/v2\/pages\/171"}],"wp:attachment":[{"href":"https:\/\/www.o3zone.ro\/hu\/wp-json\/wp\/v2\/media?parent=196"}],"curies":[{"name":"wp","href":"https:\/\/api.w.org\/{rel}","templated":true}]}}