{"id":171,"date":"2024-01-17T10:46:27","date_gmt":"2024-01-17T10:46:27","guid":{"rendered":"https:\/\/o3zone-hotel.ms2.decms.eu\/?page_id=171"},"modified":"2024-01-17T11:26:56","modified_gmt":"2024-01-17T11:26:56","slug":"aktiv-turizmus","status":"publish","type":"page","link":"https:\/\/www.o3zone.ro\/hu\/aktiv-turizmus\/","title":{"rendered":"Akt\u00edv turizmus"},"content":{"rendered":"<p>Tusn\u00e1df\u00fcrd\u0151 az orsz\u00e1g egyik legszebb gy\u00f3gyf\u00fcrd\u0151je. Egy csod\u00e1s ter\u00fclet, amelyet a Hargita-hegys\u00e9g \u00f6lel k\u00f6r\u00fcl.<\/p>\n","protected":false},"excerpt":{"rendered":"<p>Tusn\u00e1df\u00fcrd\u0151 az orsz\u00e1g egyik legszebb gy\u00f3gyf\u00fcrd\u0151je. Egy csod\u00e1s ter\u00fclet, amelyet a Hargita-hegys\u00e9g \u00f6lel k\u00f6r\u00fcl.<\/p>\n","protected":false},"author":13,"featured_media":0,"parent":0,"menu_order":60,"comment_status":"closed","ping_status":"closed","template":"template-tourism.php","meta":{"footnotes":""},"yoast_head":"<!-- This site is optimized with the Yoast SEO plugin v22.3 - https:\/\/yoast.com\/wordpress\/plugins\/seo\/ -->\n<title>Akt\u00edv turizmus - O3zone Hotel -<\/title>\n<meta name=\"description\" content=\"Tusn\u00e1df\u00fcrd\u0151 az orsz\u00e1g egyik legszebb gy\u00f3gyf\u00fcrd\u0151je. Egy csod\u00e1s ter\u00fclet, amelyet a Hargita-hegys\u00e9g \u00f6lel k\u00f6r\u00fcl.\" \/>\n<meta name=\"robots\" content=\"index, follow, max-snippet:-1, max-image-preview:large, max-video-preview:-1\" \/>\n<link rel=\"canonical\" href=\"https:\/\/www.o3zone.ro\/hu\/aktiv-turizmus\/\" \/>\n<meta property=\"og:locale\" content=\"hu_HU\" \/>\n<meta property=\"og:type\" content=\"article\" \/>\n<meta property=\"og:title\" content=\"Akt\u00edv turizmus - O3zone Hotel -\" \/>\n<meta property=\"og:description\" content=\"Tusn\u00e1df\u00fcrd\u0151 az orsz\u00e1g egyik legszebb gy\u00f3gyf\u00fcrd\u0151je. Egy csod\u00e1s ter\u00fclet, amelyet a Hargita-hegys\u00e9g \u00f6lel k\u00f6r\u00fcl.\" \/>\n<meta property=\"og:url\" content=\"https:\/\/www.o3zone.ro\/hu\/aktiv-turizmus\/\" \/>\n<meta property=\"og:site_name\" content=\"O3zone Hotel\" \/>\n<meta property=\"article:publisher\" content=\"https:\/\/www.facebook.com\/HotelO3zone\/\" \/>\n<meta property=\"article:modified_time\" content=\"2024-01-17T11:26:56+00:00\" \/>\n<meta property=\"og:image\" content=\"https:\/\/www.o3zone.ro\/wp-content\/uploads\/sites\/97\/2024\/03\/01-45-e1711368229192.jpg\" \/>\n\t<meta property=\"og:image:width\" content=\"1293\" \/>\n\t<meta property=\"og:image:height\" content=\"1200\" \/>\n\t<meta property=\"og:image:type\" content=\"image\/jpeg\" \/>\n<meta name=\"twitter:card\" content=\"summary_large_image\" \/>\n<script type=\"application\/ld+json\" class=\"yoast-schema-graph\">{\"@context\":\"https:\/\/schema.org\",\"@graph\":[{\"@type\":\"WebPage\",\"@id\":\"https:\/\/www.o3zone.ro\/hu\/aktiv-turizmus\/\",\"url\":\"https:\/\/www.o3zone.ro\/hu\/aktiv-turizmus\/\",\"name\":\"Akt\u00edv turizmus - O3zone Hotel -\",\"isPartOf\":{\"@id\":\"https:\/\/www.o3zone.ro\/hu\/#website\"},\"datePublished\":\"2024-01-17T10:46:27+00:00\",\"dateModified\":\"2024-01-17T11:26:56+00:00\",\"description\":\"Tusn\u00e1df\u00fcrd\u0151 az orsz\u00e1g egyik legszebb gy\u00f3gyf\u00fcrd\u0151je. Egy csod\u00e1s ter\u00fclet, amelyet a Hargita-hegys\u00e9g \u00f6lel k\u00f6r\u00fcl.\",\"breadcrumb\":{\"@id\":\"https:\/\/www.o3zone.ro\/hu\/aktiv-turizmus\/#breadcrumb\"},\"inLanguage\":\"hu\",\"potentialAction\":[{\"@type\":\"ReadAction\",\"target\":[\"https:\/\/www.o3zone.ro\/hu\/aktiv-turizmus\/\"]}]},{\"@type\":\"BreadcrumbList\",\"@id\":\"https:\/\/www.o3zone.ro\/hu\/aktiv-turizmus\/#breadcrumb\",\"itemListElement\":[{\"@type\":\"ListItem\",\"position\":1,\"name\":\"Home\",\"item\":\"https:\/\/www.o3zone.ro\/hu\/\"},{\"@type\":\"ListItem\",\"position\":2,\"name\":\"Akt\u00edv turizmus\"}]},{\"@type\":\"WebSite\",\"@id\":\"https:\/\/www.o3zone.ro\/hu\/#website\",\"url\":\"https:\/\/www.o3zone.ro\/hu\/\",\"name\":\"O3zone Hotel\",\"description\":\"\",\"potentialAction\":[{\"@type\":\"SearchAction\",\"target\":{\"@type\":\"EntryPoint\",\"urlTemplate\":\"https:\/\/www.o3zone.ro\/hu\/?s={search_term_string}\"},\"query-input\":\"required name=search_term_string\"}],\"inLanguage\":\"hu\"}]}<\/script>\n<!-- \/ Yoast SEO plugin. -->","yoast_head_json":{"title":"Akt\u00edv turizmus - O3zone Hotel -","description":"Tusn\u00e1df\u00fcrd\u0151 az orsz\u00e1g egyik legszebb gy\u00f3gyf\u00fcrd\u0151je. Egy csod\u00e1s ter\u00fclet, amelyet a Hargita-hegys\u00e9g \u00f6lel k\u00f6r\u00fcl.","robots":{"index":"index","follow":"follow","max-snippet":"max-snippet:-1","max-image-preview":"max-image-preview:large","max-video-preview":"max-video-preview:-1"},"canonical":"https:\/\/www.o3zone.ro\/hu\/aktiv-turizmus\/","og_locale":"hu_HU","og_type":"article","og_title":"Akt\u00edv turizmus - O3zone Hotel -","og_description":"Tusn\u00e1df\u00fcrd\u0151 az orsz\u00e1g egyik legszebb gy\u00f3gyf\u00fcrd\u0151je. Egy csod\u00e1s ter\u00fclet, amelyet a Hargita-hegys\u00e9g \u00f6lel k\u00f6r\u00fcl.","og_url":"https:\/\/www.o3zone.ro\/hu\/aktiv-turizmus\/","og_site_name":"O3zone Hotel","article_publisher":"https:\/\/www.facebook.com\/HotelO3zone\/","article_modified_time":"2024-01-17T11:26:56+00:00","og_image":[{"width":1293,"height":1200,"url":"https:\/\/www.o3zone.ro\/wp-content\/uploads\/sites\/97\/2024\/03\/01-45-e1711368229192.jpg","type":"image\/jpeg"}],"twitter_card":"summary_large_image","schema":{"@context":"https:\/\/schema.org","@graph":[{"@type":"WebPage","@id":"https:\/\/www.o3zone.ro\/hu\/aktiv-turizmus\/","url":"https:\/\/www.o3zone.ro\/hu\/aktiv-turizmus\/","name":"Akt\u00edv turizmus - O3zone Hotel -","isPartOf":{"@id":"https:\/\/www.o3zone.ro\/hu\/#website"},"datePublished":"2024-01-17T10:46:27+00:00","dateModified":"2024-01-17T11:26:56+00:00","description":"Tusn\u00e1df\u00fcrd\u0151 az orsz\u00e1g egyik legszebb gy\u00f3gyf\u00fcrd\u0151je. Egy csod\u00e1s ter\u00fclet, amelyet a Hargita-hegys\u00e9g \u00f6lel k\u00f6r\u00fcl.","breadcrumb":{"@id":"https:\/\/www.o3zone.ro\/hu\/aktiv-turizmus\/#breadcrumb"},"inLanguage":"hu","potentialAction":[{"@type":"ReadAction","target":["https:\/\/www.o3zone.ro\/hu\/aktiv-turizmus\/"]}]},{"@type":"BreadcrumbList","@id":"https:\/\/www.o3zone.ro\/hu\/aktiv-turizmus\/#breadcrumb","itemListElement":[{"@type":"ListItem","position":1,"name":"Home","item":"https:\/\/www.o3zone.ro\/hu\/"},{"@type":"ListItem","position":2,"name":"Akt\u00edv turizmus"}]},{"@type":"WebSite","@id":"https:\/\/www.o3zone.ro\/hu\/#website","url":"https:\/\/www.o3zone.ro\/hu\/","name":"O3zone Hotel","description":"","potentialAction":[{"@type":"SearchAction","target":{"@type":"EntryPoint","urlTemplate":"https:\/\/www.o3zone.ro\/hu\/?s={search_term_string}"},"query-input":"required name=search_term_string"}],"inLanguage":"hu"}]}},"acf":[],"_links":{"self":[{"href":"https:\/\/www.o3zone.ro\/hu\/wp-json\/wp\/v2\/pages\/171"}],"collection":[{"href":"https:\/\/www.o3zone.ro\/hu\/wp-json\/wp\/v2\/pages"}],"about":[{"href":"https:\/\/www.o3zone.ro\/hu\/wp-json\/wp\/v2\/types\/page"}],"author":[{"embeddable":true,"href":"https:\/\/www.o3zone.ro\/hu\/wp-json\/wp\/v2\/users\/13"}],"replies":[{"embeddable":true,"href":"https:\/\/www.o3zone.ro\/hu\/wp-json\/wp\/v2\/comments?post=171"}],"version-history":[{"count":0,"href":"https:\/\/www.o3zone.ro\/hu\/wp-json\/wp\/v2\/pages\/171\/revisions"}],"wp:attachment":[{"href":"https:\/\/www.o3zone.ro\/hu\/wp-json\/wp\/v2\/media?parent=171"}],"curies":[{"name":"wp","href":"https:\/\/api.w.org\/{rel}","templated":true}]}}