{"id":167,"date":"2024-01-17T10:03:26","date_gmt":"2024-01-17T10:03:26","guid":{"rendered":"https:\/\/o3zone-hotel.ms2.decms.eu\/?page_id=167"},"modified":"2025-04-14T11:05:58","modified_gmt":"2025-04-14T11:05:58","slug":"csapatepites","status":"publish","type":"page","link":"https:\/\/www.o3zone.ro\/hu\/rendezvenyek\/csapatepites\/","title":{"rendered":"Csapat\u00e9p\u00edt\u00e9s"},"content":{"rendered":"<p>A csapat\u00e9p\u00edt\u00e9s trendi. Val\u00f3j\u00e1ban a csapatfejleszt\u00e9si tev\u00e9kenys\u00e9g minden olyan szervezet sz\u00e1m\u00e1ra k\u00f6telez\u0151, amely ad mag\u00e1ra.<\/p>\n<p>A Tusn\u00e1df\u00fcrd\u0151 v\u00e1ros\u00e1ban tal\u00e1lhat\u00f3 O3zone Hotel t\u00f6k\u00e9letes helysz\u00ednt k\u00edn\u00e1l a sikeres csapat\u00e9p\u00edt\u00e9shez: 4*-os sz\u00e1ll\u00e1s, valamint belt\u00e9ri vagy szabadt\u00e9ri csapat\u00e9p\u00edt\u0151 programok szakk\u00e9pzett szem\u00e9lyzettel.<\/p>\n<p>Legyen sz\u00f3 kir\u00e1ndul\u00e1sokr\u00f3l vagy olyan extr\u00e9m tev\u00e9kenys\u00e9gekr\u0151l, amelyek pr\u00f3b\u00e1ra teszik b\u00e1tors\u00e1g\u00e1t, az O3zone t\u00f6k\u00e9letes v\u00e1laszt\u00e1snak bizonyul. Annak \u00e9rdek\u00e9ben, hogy itt tart\u00f3zkod\u00e1s val\u00f3ban eml\u00e9kezetes legyen, szervezhet\u00fcnk k\u00fcl\u00f6nb\u00f6z\u0151 szabadid\u0151s vagy csapatfejleszt\u0151 programokat.<\/p>\n","protected":false},"excerpt":{"rendered":"<p>A csapat\u00e9p\u00edt\u00e9s trendi. Val\u00f3j\u00e1ban a csapatfejleszt\u00e9si tev\u00e9kenys\u00e9g minden olyan szervezet sz\u00e1m\u00e1ra k\u00f6telez\u0151, amely ad mag\u00e1ra. A Tusn\u00e1df\u00fcrd\u0151 v\u00e1ros\u00e1ban tal\u00e1lhat\u00f3 O3zone Hotel t\u00f6k\u00e9letes helysz\u00ednt k\u00edn\u00e1l a sikeres csapat\u00e9p\u00edt\u00e9shez: 4*-os sz\u00e1ll\u00e1s, valamint belt\u00e9ri vagy szabadt\u00e9ri csapat\u00e9p\u00edt\u0151 programok szakk\u00e9pzett szem\u00e9lyzettel. Legyen sz\u00f3 kir\u00e1ndul\u00e1sokr\u00f3l vagy olyan extr\u00e9m tev\u00e9kenys\u00e9gekr\u0151l, amelyek pr\u00f3b\u00e1ra teszik b\u00e1tors\u00e1g\u00e1t, az O3zone t\u00f6k\u00e9letes v\u00e1laszt\u00e1snak bizonyul. Annak \u00e9rdek\u00e9ben, [&hellip;]<\/p>\n","protected":false},"author":13,"featured_media":0,"parent":144,"menu_order":10,"comment_status":"closed","ping_status":"closed","template":"template-default-2.php","meta":{"footnotes":""},"yoast_head":"<!-- This site is optimized with the Yoast SEO plugin v22.3 - https:\/\/yoast.com\/wordpress\/plugins\/seo\/ -->\n<title>Csapat\u00e9p\u00edt\u00e9s - O3zone Hotel -<\/title>\n<meta name=\"description\" content=\"A csapat\u00e9p\u00edt\u00e9s trendi. Val\u00f3j\u00e1ban a csapatfejleszt\u00e9si tev\u00e9kenys\u00e9g minden olyan szervezet sz\u00e1m\u00e1ra k\u00f6telez\u0151, amely ad mag\u00e1ra.  A Tusn\u00e1df\u00fcrd\u0151 v\u00e1ros\u00e1ban tal\u00e1lhat\u00f3 O3zone Hotel t\u00f6k\u00e9letes helysz\u00ednt k\u00edn\u00e1l a sikeres csapat\u00e9p\u00edt\u00e9shez: 4*-os sz\u00e1ll\u00e1s, valamint belt\u00e9ri vagy szabadt\u00e9ri csapat\u00e9p\u00edt\u0151 programok szakk\u00e9pzett szem\u00e9lyzettel.  Legyen sz\u00f3 kir\u00e1ndul\u00e1sokr\u00f3l vagy olyan extr\u00e9m tev\u00e9kenys\u00e9gekr\u0151l, amelyek pr\u00f3b\u00e1ra teszik b\u00e1tors\u00e1g\u00e1t, az O3zone t\u00f6k\u00e9letes v\u00e1laszt\u00e1snak bizonyul\" \/>\n<meta name=\"robots\" content=\"index, follow, max-snippet:-1, max-image-preview:large, max-video-preview:-1\" \/>\n<link rel=\"canonical\" href=\"https:\/\/www.o3zone.ro\/hu\/rendezvenyek\/csapatepites\/\" \/>\n<meta property=\"og:locale\" content=\"hu_HU\" \/>\n<meta property=\"og:type\" content=\"article\" \/>\n<meta property=\"og:title\" content=\"Csapat\u00e9p\u00edt\u00e9s - O3zone Hotel -\" \/>\n<meta property=\"og:description\" content=\"A csapat\u00e9p\u00edt\u00e9s trendi. Val\u00f3j\u00e1ban a csapatfejleszt\u00e9si tev\u00e9kenys\u00e9g minden olyan szervezet sz\u00e1m\u00e1ra k\u00f6telez\u0151, amely ad mag\u00e1ra.  A Tusn\u00e1df\u00fcrd\u0151 v\u00e1ros\u00e1ban tal\u00e1lhat\u00f3 O3zone Hotel t\u00f6k\u00e9letes helysz\u00ednt k\u00edn\u00e1l a sikeres csapat\u00e9p\u00edt\u00e9shez: 4*-os sz\u00e1ll\u00e1s, valamint belt\u00e9ri vagy szabadt\u00e9ri csapat\u00e9p\u00edt\u0151 programok szakk\u00e9pzett szem\u00e9lyzettel.  Legyen sz\u00f3 kir\u00e1ndul\u00e1sokr\u00f3l vagy olyan extr\u00e9m tev\u00e9kenys\u00e9gekr\u0151l, amelyek pr\u00f3b\u00e1ra teszik b\u00e1tors\u00e1g\u00e1t, az O3zone t\u00f6k\u00e9letes v\u00e1laszt\u00e1snak bizonyul\" \/>\n<meta property=\"og:url\" content=\"https:\/\/www.o3zone.ro\/hu\/rendezvenyek\/csapatepites\/\" \/>\n<meta property=\"og:site_name\" content=\"O3zone Hotel\" \/>\n<meta property=\"article:publisher\" content=\"https:\/\/www.facebook.com\/HotelO3zone\/\" \/>\n<meta property=\"article:modified_time\" content=\"2025-04-14T11:05:58+00:00\" \/>\n<meta property=\"og:image\" content=\"https:\/\/www.o3zone.ro\/wp-content\/uploads\/sites\/97\/2024\/03\/01-45-e1711368229192.jpg\" \/>\n\t<meta property=\"og:image:width\" content=\"1293\" \/>\n\t<meta property=\"og:image:height\" content=\"1200\" \/>\n\t<meta property=\"og:image:type\" content=\"image\/jpeg\" \/>\n<meta name=\"twitter:card\" content=\"summary_large_image\" \/>\n<meta name=\"twitter:label1\" content=\"Becs\u00fclt olvas\u00e1si id\u0151\" \/>\n\t<meta name=\"twitter:data1\" content=\"1 perc\" \/>\n<script type=\"application\/ld+json\" class=\"yoast-schema-graph\">{\"@context\":\"https:\/\/schema.org\",\"@graph\":[{\"@type\":\"WebPage\",\"@id\":\"https:\/\/www.o3zone.ro\/hu\/rendezvenyek\/csapatepites\/\",\"url\":\"https:\/\/www.o3zone.ro\/hu\/rendezvenyek\/csapatepites\/\",\"name\":\"Csapat\u00e9p\u00edt\u00e9s - O3zone Hotel -\",\"isPartOf\":{\"@id\":\"https:\/\/www.o3zone.ro\/hu\/#website\"},\"datePublished\":\"2024-01-17T10:03:26+00:00\",\"dateModified\":\"2025-04-14T11:05:58+00:00\",\"description\":\"A csapat\u00e9p\u00edt\u00e9s trendi. Val\u00f3j\u00e1ban a csapatfejleszt\u00e9si tev\u00e9kenys\u00e9g minden olyan szervezet sz\u00e1m\u00e1ra k\u00f6telez\u0151, amely ad mag\u00e1ra. A Tusn\u00e1df\u00fcrd\u0151 v\u00e1ros\u00e1ban tal\u00e1lhat\u00f3 O3zone Hotel t\u00f6k\u00e9letes helysz\u00ednt k\u00edn\u00e1l a sikeres csapat\u00e9p\u00edt\u00e9shez: 4*-os sz\u00e1ll\u00e1s, valamint belt\u00e9ri vagy szabadt\u00e9ri csapat\u00e9p\u00edt\u0151 programok szakk\u00e9pzett szem\u00e9lyzettel. Legyen sz\u00f3 kir\u00e1ndul\u00e1sokr\u00f3l vagy olyan extr\u00e9m tev\u00e9kenys\u00e9gekr\u0151l, amelyek pr\u00f3b\u00e1ra teszik b\u00e1tors\u00e1g\u00e1t, az O3zone t\u00f6k\u00e9letes v\u00e1laszt\u00e1snak bizonyul\",\"breadcrumb\":{\"@id\":\"https:\/\/www.o3zone.ro\/hu\/rendezvenyek\/csapatepites\/#breadcrumb\"},\"inLanguage\":\"hu\",\"potentialAction\":[{\"@type\":\"ReadAction\",\"target\":[\"https:\/\/www.o3zone.ro\/hu\/rendezvenyek\/csapatepites\/\"]}]},{\"@type\":\"BreadcrumbList\",\"@id\":\"https:\/\/www.o3zone.ro\/hu\/rendezvenyek\/csapatepites\/#breadcrumb\",\"itemListElement\":[{\"@type\":\"ListItem\",\"position\":1,\"name\":\"Home\",\"item\":\"https:\/\/www.o3zone.ro\/hu\/\"},{\"@type\":\"ListItem\",\"position\":2,\"name\":\"Rendezv\u00e9nyek\",\"item\":\"https:\/\/www.o3zone.ro\/hu\/rendezvenyek\/\"},{\"@type\":\"ListItem\",\"position\":3,\"name\":\"Csapat\u00e9p\u00edt\u00e9s\"}]},{\"@type\":\"WebSite\",\"@id\":\"https:\/\/www.o3zone.ro\/hu\/#website\",\"url\":\"https:\/\/www.o3zone.ro\/hu\/\",\"name\":\"O3zone Hotel\",\"description\":\"\",\"potentialAction\":[{\"@type\":\"SearchAction\",\"target\":{\"@type\":\"EntryPoint\",\"urlTemplate\":\"https:\/\/www.o3zone.ro\/hu\/?s={search_term_string}\"},\"query-input\":\"required name=search_term_string\"}],\"inLanguage\":\"hu\"}]}<\/script>\n<!-- \/ Yoast SEO plugin. -->","yoast_head_json":{"title":"Csapat\u00e9p\u00edt\u00e9s - O3zone Hotel -","description":"A csapat\u00e9p\u00edt\u00e9s trendi. Val\u00f3j\u00e1ban a csapatfejleszt\u00e9si tev\u00e9kenys\u00e9g minden olyan szervezet sz\u00e1m\u00e1ra k\u00f6telez\u0151, amely ad mag\u00e1ra.  A Tusn\u00e1df\u00fcrd\u0151 v\u00e1ros\u00e1ban tal\u00e1lhat\u00f3 O3zone Hotel t\u00f6k\u00e9letes helysz\u00ednt k\u00edn\u00e1l a sikeres csapat\u00e9p\u00edt\u00e9shez: 4*-os sz\u00e1ll\u00e1s, valamint belt\u00e9ri vagy szabadt\u00e9ri csapat\u00e9p\u00edt\u0151 programok szakk\u00e9pzett szem\u00e9lyzettel.  Legyen sz\u00f3 kir\u00e1ndul\u00e1sokr\u00f3l vagy olyan extr\u00e9m tev\u00e9kenys\u00e9gekr\u0151l, amelyek pr\u00f3b\u00e1ra teszik b\u00e1tors\u00e1g\u00e1t, az O3zone t\u00f6k\u00e9letes v\u00e1laszt\u00e1snak bizonyul","robots":{"index":"index","follow":"follow","max-snippet":"max-snippet:-1","max-image-preview":"max-image-preview:large","max-video-preview":"max-video-preview:-1"},"canonical":"https:\/\/www.o3zone.ro\/hu\/rendezvenyek\/csapatepites\/","og_locale":"hu_HU","og_type":"article","og_title":"Csapat\u00e9p\u00edt\u00e9s - O3zone Hotel -","og_description":"A csapat\u00e9p\u00edt\u00e9s trendi. Val\u00f3j\u00e1ban a csapatfejleszt\u00e9si tev\u00e9kenys\u00e9g minden olyan szervezet sz\u00e1m\u00e1ra k\u00f6telez\u0151, amely ad mag\u00e1ra.  A Tusn\u00e1df\u00fcrd\u0151 v\u00e1ros\u00e1ban tal\u00e1lhat\u00f3 O3zone Hotel t\u00f6k\u00e9letes helysz\u00ednt k\u00edn\u00e1l a sikeres csapat\u00e9p\u00edt\u00e9shez: 4*-os sz\u00e1ll\u00e1s, valamint belt\u00e9ri vagy szabadt\u00e9ri csapat\u00e9p\u00edt\u0151 programok szakk\u00e9pzett szem\u00e9lyzettel.  Legyen sz\u00f3 kir\u00e1ndul\u00e1sokr\u00f3l vagy olyan extr\u00e9m tev\u00e9kenys\u00e9gekr\u0151l, amelyek pr\u00f3b\u00e1ra teszik b\u00e1tors\u00e1g\u00e1t, az O3zone t\u00f6k\u00e9letes v\u00e1laszt\u00e1snak bizonyul","og_url":"https:\/\/www.o3zone.ro\/hu\/rendezvenyek\/csapatepites\/","og_site_name":"O3zone Hotel","article_publisher":"https:\/\/www.facebook.com\/HotelO3zone\/","article_modified_time":"2025-04-14T11:05:58+00:00","og_image":[{"width":1293,"height":1200,"url":"https:\/\/www.o3zone.ro\/wp-content\/uploads\/sites\/97\/2024\/03\/01-45-e1711368229192.jpg","type":"image\/jpeg"}],"twitter_card":"summary_large_image","twitter_misc":{"Becs\u00fclt olvas\u00e1si id\u0151":"1 perc"},"schema":{"@context":"https:\/\/schema.org","@graph":[{"@type":"WebPage","@id":"https:\/\/www.o3zone.ro\/hu\/rendezvenyek\/csapatepites\/","url":"https:\/\/www.o3zone.ro\/hu\/rendezvenyek\/csapatepites\/","name":"Csapat\u00e9p\u00edt\u00e9s - O3zone Hotel -","isPartOf":{"@id":"https:\/\/www.o3zone.ro\/hu\/#website"},"datePublished":"2024-01-17T10:03:26+00:00","dateModified":"2025-04-14T11:05:58+00:00","description":"A csapat\u00e9p\u00edt\u00e9s trendi. Val\u00f3j\u00e1ban a csapatfejleszt\u00e9si tev\u00e9kenys\u00e9g minden olyan szervezet sz\u00e1m\u00e1ra k\u00f6telez\u0151, amely ad mag\u00e1ra. A Tusn\u00e1df\u00fcrd\u0151 v\u00e1ros\u00e1ban tal\u00e1lhat\u00f3 O3zone Hotel t\u00f6k\u00e9letes helysz\u00ednt k\u00edn\u00e1l a sikeres csapat\u00e9p\u00edt\u00e9shez: 4*-os sz\u00e1ll\u00e1s, valamint belt\u00e9ri vagy szabadt\u00e9ri csapat\u00e9p\u00edt\u0151 programok szakk\u00e9pzett szem\u00e9lyzettel. Legyen sz\u00f3 kir\u00e1ndul\u00e1sokr\u00f3l vagy olyan extr\u00e9m tev\u00e9kenys\u00e9gekr\u0151l, amelyek pr\u00f3b\u00e1ra teszik b\u00e1tors\u00e1g\u00e1t, az O3zone t\u00f6k\u00e9letes v\u00e1laszt\u00e1snak bizonyul","breadcrumb":{"@id":"https:\/\/www.o3zone.ro\/hu\/rendezvenyek\/csapatepites\/#breadcrumb"},"inLanguage":"hu","potentialAction":[{"@type":"ReadAction","target":["https:\/\/www.o3zone.ro\/hu\/rendezvenyek\/csapatepites\/"]}]},{"@type":"BreadcrumbList","@id":"https:\/\/www.o3zone.ro\/hu\/rendezvenyek\/csapatepites\/#breadcrumb","itemListElement":[{"@type":"ListItem","position":1,"name":"Home","item":"https:\/\/www.o3zone.ro\/hu\/"},{"@type":"ListItem","position":2,"name":"Rendezv\u00e9nyek","item":"https:\/\/www.o3zone.ro\/hu\/rendezvenyek\/"},{"@type":"ListItem","position":3,"name":"Csapat\u00e9p\u00edt\u00e9s"}]},{"@type":"WebSite","@id":"https:\/\/www.o3zone.ro\/hu\/#website","url":"https:\/\/www.o3zone.ro\/hu\/","name":"O3zone Hotel","description":"","potentialAction":[{"@type":"SearchAction","target":{"@type":"EntryPoint","urlTemplate":"https:\/\/www.o3zone.ro\/hu\/?s={search_term_string}"},"query-input":"required name=search_term_string"}],"inLanguage":"hu"}]}},"acf":[],"_links":{"self":[{"href":"https:\/\/www.o3zone.ro\/hu\/wp-json\/wp\/v2\/pages\/167"}],"collection":[{"href":"https:\/\/www.o3zone.ro\/hu\/wp-json\/wp\/v2\/pages"}],"about":[{"href":"https:\/\/www.o3zone.ro\/hu\/wp-json\/wp\/v2\/types\/page"}],"author":[{"embeddable":true,"href":"https:\/\/www.o3zone.ro\/hu\/wp-json\/wp\/v2\/users\/13"}],"replies":[{"embeddable":true,"href":"https:\/\/www.o3zone.ro\/hu\/wp-json\/wp\/v2\/comments?post=167"}],"version-history":[{"count":0,"href":"https:\/\/www.o3zone.ro\/hu\/wp-json\/wp\/v2\/pages\/167\/revisions"}],"up":[{"embeddable":true,"href":"https:\/\/www.o3zone.ro\/hu\/wp-json\/wp\/v2\/pages\/144"}],"wp:attachment":[{"href":"https:\/\/www.o3zone.ro\/hu\/wp-json\/wp\/v2\/media?parent=167"}],"curies":[{"name":"wp","href":"https:\/\/api.w.org\/{rel}","templated":true}]}}