{"id":144,"date":"2024-01-17T09:12:07","date_gmt":"2024-01-17T09:12:07","guid":{"rendered":"https:\/\/o3zone-hotel.ms2.decms.eu\/?page_id=144"},"modified":"2024-03-04T12:23:01","modified_gmt":"2024-03-04T12:23:01","slug":"rendezvenyek","status":"publish","type":"page","link":"https:\/\/www.o3zone.ro\/hu\/rendezvenyek\/","title":{"rendered":"Rendezv\u00e9nyek"},"content":{"rendered":"<p>Modern felszerelts\u00e9g\u0171 konferenciatermeink a kisebb tal\u00e1lkoz\u00f3kt\u00f3l a nagyszab\u00e1s\u00fa esem\u00e9nyekig megfelel\u0151 helysz\u00ednt biztos\u00edtanak.<\/p>\n","protected":false},"excerpt":{"rendered":"<p>Modern felszerelts\u00e9g\u0171 konferenciatermeink a kisebb tal\u00e1lkoz\u00f3kt\u00f3l a nagyszab\u00e1s\u00fa esem\u00e9nyekig megfelel\u0151 helysz\u00ednt biztos\u00edtanak.<\/p>\n","protected":false},"author":13,"featured_media":0,"parent":0,"menu_order":50,"comment_status":"closed","ping_status":"closed","template":"template-meeting.php","meta":{"footnotes":""},"yoast_head":"<!-- This site is optimized with the Yoast SEO plugin v22.3 - https:\/\/yoast.com\/wordpress\/plugins\/seo\/ -->\n<title>Rendezv\u00e9nyek - O3zone Hotel -<\/title>\n<meta name=\"description\" content=\"Modern felszerelts\u00e9g\u0171 konferenciatermeink a kisebb tal\u00e1lkoz\u00f3kt\u00f3l a nagyszab\u00e1s\u00fa esem\u00e9nyekig megfelel\u0151 helysz\u00ednt biztos\u00edtanak..\" \/>\n<meta name=\"robots\" content=\"index, follow, max-snippet:-1, max-image-preview:large, max-video-preview:-1\" \/>\n<link rel=\"canonical\" href=\"https:\/\/www.o3zone.ro\/hu\/rendezvenyek\/\" \/>\n<meta property=\"og:locale\" content=\"hu_HU\" \/>\n<meta property=\"og:type\" content=\"article\" \/>\n<meta property=\"og:title\" content=\"Rendezv\u00e9nyek - O3zone Hotel -\" \/>\n<meta property=\"og:description\" content=\"Modern felszerelts\u00e9g\u0171 konferenciatermeink a kisebb tal\u00e1lkoz\u00f3kt\u00f3l a nagyszab\u00e1s\u00fa esem\u00e9nyekig megfelel\u0151 helysz\u00ednt biztos\u00edtanak..\" \/>\n<meta property=\"og:url\" content=\"https:\/\/www.o3zone.ro\/hu\/rendezvenyek\/\" \/>\n<meta property=\"og:site_name\" content=\"O3zone Hotel\" \/>\n<meta property=\"article:publisher\" content=\"https:\/\/www.facebook.com\/HotelO3zone\/\" \/>\n<meta property=\"article:modified_time\" content=\"2024-03-04T12:23:01+00:00\" \/>\n<meta property=\"og:image\" content=\"https:\/\/www.o3zone.ro\/wp-content\/uploads\/sites\/97\/2024\/03\/01-45-e1711368229192.jpg\" \/>\n\t<meta property=\"og:image:width\" content=\"1293\" \/>\n\t<meta property=\"og:image:height\" content=\"1200\" \/>\n\t<meta property=\"og:image:type\" content=\"image\/jpeg\" \/>\n<meta name=\"twitter:card\" content=\"summary_large_image\" \/>\n<script type=\"application\/ld+json\" class=\"yoast-schema-graph\">{\"@context\":\"https:\/\/schema.org\",\"@graph\":[{\"@type\":\"WebPage\",\"@id\":\"https:\/\/www.o3zone.ro\/hu\/rendezvenyek\/\",\"url\":\"https:\/\/www.o3zone.ro\/hu\/rendezvenyek\/\",\"name\":\"Rendezv\u00e9nyek - O3zone Hotel -\",\"isPartOf\":{\"@id\":\"https:\/\/www.o3zone.ro\/hu\/#website\"},\"datePublished\":\"2024-01-17T09:12:07+00:00\",\"dateModified\":\"2024-03-04T12:23:01+00:00\",\"description\":\"Modern felszerelts\u00e9g\u0171 konferenciatermeink a kisebb tal\u00e1lkoz\u00f3kt\u00f3l a nagyszab\u00e1s\u00fa esem\u00e9nyekig megfelel\u0151 helysz\u00ednt biztos\u00edtanak..\",\"breadcrumb\":{\"@id\":\"https:\/\/www.o3zone.ro\/hu\/rendezvenyek\/#breadcrumb\"},\"inLanguage\":\"hu\",\"potentialAction\":[{\"@type\":\"ReadAction\",\"target\":[\"https:\/\/www.o3zone.ro\/hu\/rendezvenyek\/\"]}]},{\"@type\":\"BreadcrumbList\",\"@id\":\"https:\/\/www.o3zone.ro\/hu\/rendezvenyek\/#breadcrumb\",\"itemListElement\":[{\"@type\":\"ListItem\",\"position\":1,\"name\":\"Home\",\"item\":\"https:\/\/www.o3zone.ro\/hu\/\"},{\"@type\":\"ListItem\",\"position\":2,\"name\":\"Rendezv\u00e9nyek\"}]},{\"@type\":\"WebSite\",\"@id\":\"https:\/\/www.o3zone.ro\/hu\/#website\",\"url\":\"https:\/\/www.o3zone.ro\/hu\/\",\"name\":\"O3zone Hotel\",\"description\":\"\",\"potentialAction\":[{\"@type\":\"SearchAction\",\"target\":{\"@type\":\"EntryPoint\",\"urlTemplate\":\"https:\/\/www.o3zone.ro\/hu\/?s={search_term_string}\"},\"query-input\":\"required name=search_term_string\"}],\"inLanguage\":\"hu\"}]}<\/script>\n<!-- \/ Yoast SEO plugin. -->","yoast_head_json":{"title":"Rendezv\u00e9nyek - O3zone Hotel -","description":"Modern felszerelts\u00e9g\u0171 konferenciatermeink a kisebb tal\u00e1lkoz\u00f3kt\u00f3l a nagyszab\u00e1s\u00fa esem\u00e9nyekig megfelel\u0151 helysz\u00ednt biztos\u00edtanak..","robots":{"index":"index","follow":"follow","max-snippet":"max-snippet:-1","max-image-preview":"max-image-preview:large","max-video-preview":"max-video-preview:-1"},"canonical":"https:\/\/www.o3zone.ro\/hu\/rendezvenyek\/","og_locale":"hu_HU","og_type":"article","og_title":"Rendezv\u00e9nyek - O3zone Hotel -","og_description":"Modern felszerelts\u00e9g\u0171 konferenciatermeink a kisebb tal\u00e1lkoz\u00f3kt\u00f3l a nagyszab\u00e1s\u00fa esem\u00e9nyekig megfelel\u0151 helysz\u00ednt biztos\u00edtanak..","og_url":"https:\/\/www.o3zone.ro\/hu\/rendezvenyek\/","og_site_name":"O3zone Hotel","article_publisher":"https:\/\/www.facebook.com\/HotelO3zone\/","article_modified_time":"2024-03-04T12:23:01+00:00","og_image":[{"width":1293,"height":1200,"url":"https:\/\/www.o3zone.ro\/wp-content\/uploads\/sites\/97\/2024\/03\/01-45-e1711368229192.jpg","type":"image\/jpeg"}],"twitter_card":"summary_large_image","schema":{"@context":"https:\/\/schema.org","@graph":[{"@type":"WebPage","@id":"https:\/\/www.o3zone.ro\/hu\/rendezvenyek\/","url":"https:\/\/www.o3zone.ro\/hu\/rendezvenyek\/","name":"Rendezv\u00e9nyek - O3zone Hotel -","isPartOf":{"@id":"https:\/\/www.o3zone.ro\/hu\/#website"},"datePublished":"2024-01-17T09:12:07+00:00","dateModified":"2024-03-04T12:23:01+00:00","description":"Modern felszerelts\u00e9g\u0171 konferenciatermeink a kisebb tal\u00e1lkoz\u00f3kt\u00f3l a nagyszab\u00e1s\u00fa esem\u00e9nyekig megfelel\u0151 helysz\u00ednt biztos\u00edtanak..","breadcrumb":{"@id":"https:\/\/www.o3zone.ro\/hu\/rendezvenyek\/#breadcrumb"},"inLanguage":"hu","potentialAction":[{"@type":"ReadAction","target":["https:\/\/www.o3zone.ro\/hu\/rendezvenyek\/"]}]},{"@type":"BreadcrumbList","@id":"https:\/\/www.o3zone.ro\/hu\/rendezvenyek\/#breadcrumb","itemListElement":[{"@type":"ListItem","position":1,"name":"Home","item":"https:\/\/www.o3zone.ro\/hu\/"},{"@type":"ListItem","position":2,"name":"Rendezv\u00e9nyek"}]},{"@type":"WebSite","@id":"https:\/\/www.o3zone.ro\/hu\/#website","url":"https:\/\/www.o3zone.ro\/hu\/","name":"O3zone Hotel","description":"","potentialAction":[{"@type":"SearchAction","target":{"@type":"EntryPoint","urlTemplate":"https:\/\/www.o3zone.ro\/hu\/?s={search_term_string}"},"query-input":"required name=search_term_string"}],"inLanguage":"hu"}]}},"acf":[],"_links":{"self":[{"href":"https:\/\/www.o3zone.ro\/hu\/wp-json\/wp\/v2\/pages\/144"}],"collection":[{"href":"https:\/\/www.o3zone.ro\/hu\/wp-json\/wp\/v2\/pages"}],"about":[{"href":"https:\/\/www.o3zone.ro\/hu\/wp-json\/wp\/v2\/types\/page"}],"author":[{"embeddable":true,"href":"https:\/\/www.o3zone.ro\/hu\/wp-json\/wp\/v2\/users\/13"}],"replies":[{"embeddable":true,"href":"https:\/\/www.o3zone.ro\/hu\/wp-json\/wp\/v2\/comments?post=144"}],"version-history":[{"count":0,"href":"https:\/\/www.o3zone.ro\/hu\/wp-json\/wp\/v2\/pages\/144\/revisions"}],"wp:attachment":[{"href":"https:\/\/www.o3zone.ro\/hu\/wp-json\/wp\/v2\/media?parent=144"}],"curies":[{"name":"wp","href":"https:\/\/api.w.org\/{rel}","templated":true}]}}