{"id":1072,"date":"2026-03-04T13:40:04","date_gmt":"2026-03-04T13:40:04","guid":{"rendered":"https:\/\/www.o3zone.ro\/?page_id=1072"},"modified":"2026-03-09T12:56:38","modified_gmt":"2026-03-09T12:56:38","slug":"szekelyfoldi-szalloda-wellnes-o3zone-termeszet","status":"publish","type":"page","link":"https:\/\/www.o3zone.ro\/hu\/szekelyfoldi-szalloda-wellnes-o3zone-termeszet\/","title":{"rendered":"Sz\u00e9kelyf\u00f6ldi \u00e9lm\u00e9nyek Tusn\u00e1df\u00fcrd\u0151n"},"content":{"rendered":"<p><strong>Hegyek, feny\u0151erd\u0151k, tiszta leveg\u0151 \u00e9s autentikus sz\u00e9kely vend\u00e9gszeretet!<\/strong><\/p>\n<p><strong>Sz\u00e9kelyf\u00f6ld<\/strong> sz\u00edv\u00e9ben, feny\u0151erd\u0151k \u00e9s hegyek k\u00f6z\u00f6tt v\u00e1r az <strong>O3zone Sz\u00e1lloda<\/strong>.\u00a0Friss leveg\u0151, \u00e1sv\u00e1nyvizek, term\u00e9szet \u00e9s nyugalom \u2013 mindez <strong>4 csillagos<\/strong> k\u00e9nyelemben modern <strong>spa- \u00e9s wellnessr\u00e9szleggel.<\/strong><br data-start=\"682\" data-end=\"685\" \/>Tusn\u00e1df\u00fcrd\u0151, 8-9 \u00f3r\u00e1s aut\u00f3\u00fattal Budapestt\u0151l k\u00e9nyelmesen megk\u00f6zel\u00edthet\u0151. Sz\u00e1llod\u00e1nk a <strong data-start=\"553\" data-end=\"603\">brass\u00f3i rep\u00fcl\u0151t\u00e9rt\u0151l mind\u00f6ssze 1 \u00f3r\u00e1s aut\u00f3\u00fatra<\/strong> tal\u00e1lhat\u00f3, \u00e9s <strong data-start=\"618\" data-end=\"669\">ig\u00e9ny szerint rept\u00e9ri transzfert is biztos\u00edtunk<\/strong>, hogy az utaz\u00e1s m\u00e1r az \u00e9rkez\u00e9st\u0151l gondtalan legyen.<\/p>\n<p data-start=\"93\" data-end=\"776\"><strong>Tusn\u00e1df\u00fcrd\u0151<\/strong> \u00e9s k\u00f6rny\u00e9ke eg\u00e9sz \u00e9vben b\u0151velkedik szabadid\u0151s lehet\u0151s\u00e9gekben: kir\u00e1ndul\u00e1sok, term\u00e9szetk\u00f6zeli \u00e9lm\u00e9nyek \u00e9s akt\u00edv kikapcsol\u00f3d\u00e1s v\u00e1rja az ide \u00e9rkez\u0151ket. A k\u00f6zelben tal\u00e1lhat\u00f3 a leny\u0171g\u00f6z\u0151 <strong><span class=\"hover:entity-accent entity-underline inline cursor-pointer align-baseline\"><span class=\"whitespace-normal\">Szent Anna-t\u00f3<\/span><\/span><\/strong>, K\u00f6z\u00e9p-Eur\u00f3pa egyetlen \u00e9pen maradt vulkanikus kr\u00e1tertava, amely Erd\u00e9ly egyik legk\u00fcl\u00f6nlegesebb term\u00e9szeti l\u00e1tv\u00e1nyoss\u00e1ga. R\u00e9szt vehetsz szervezett <a href=\"https:\/\/www.o3zone.ro\/hu\/aktiv-turizmus\/medve-megfigyelese-a-vadonban\/\"><strong>medvelesen<\/strong><\/a>, ahol term\u00e9szetes \u00e9l\u0151hely\u00fck\u00f6n figyelheted meg a barna medv\u00e9ket, ell\u00e1togathatsz a h\u00edres<a href=\"https:\/\/www.o3zone.ro\/hu\/aktiv-turizmus\/csiki-sor-manufaktura-latogatas\/\"> <strong><span class=\"hover:entity-accent entity-underline inline cursor-pointer align-baseline\"><span class=\"whitespace-normal\">Cs\u00edki S\u00f6r Manufakt\u00fara<\/span><\/span><\/strong><\/a> s\u00f6rf\u0151zd\u00e9be egy k\u00fcl\u00f6nleges k\u00f3stol\u00f3val egybek\u00f6t\u00f6tt t\u00far\u00e1ra, vagy felfedezheted a k\u00f6rny\u00e9k erdeit \u00e9s havasait egy hangulatos gasztropiknikkel egybek\u00f6t\u00f6tt <a href=\"https:\/\/www.o3zone.ro\/hu\/aktiv-turizmus\/lovas-kocsikazas\/\"><strong>lovaskocsik\u00e1z\u00e1s<\/strong><\/a> sor\u00e1n.<\/p>\n<p data-start=\"93\" data-end=\"776\">\ud83d\udc49 <strong data-start=\"888\" data-end=\"948\">A k\u00f6rny\u00e9k programlehet\u0151s\u00e9geir\u0151l itt olvashatsz b\u0151vebben:<\/strong><br data-start=\"948\" data-end=\"951\" \/><a href=\"https:\/\/www.o3zone.ro\/hu\/aktiv-turizmus\/\">https:\/\/www.o3zone.ro\/hu\/aktiv-turizmus\/<\/a><\/p>\n<p data-start=\"778\" data-end=\"978\">A k\u00f6rny\u00e9k k\u00fcl\u00f6nleges l\u00e1tnival\u00f3i k\u00f6z\u00e9 tartozik a h\u00edres <strong><span class=\"hover:entity-accent entity-underline inline cursor-pointer align-baseline\"><span class=\"whitespace-normal\">Cs\u00edksomly\u00f3i kegytemplom<\/span><\/span><\/strong> \u00e9s a <span class=\"hover:entity-accent entity-underline inline cursor-pointer align-baseline\"><span class=\"whitespace-normal\">Cs\u00edksomly\u00f3i Nyereg<\/span><\/span>, amely <strong>Sz\u00e9kelyf\u00f6ld<\/strong> egyik legnagyobb zar\u00e1ndoklat\u00e1nak ad otthont.<\/p>\n<p data-start=\"778\" data-end=\"978\">A nap v\u00e9g\u00e9n pedig a hegyek csendj\u00e9b\u0151l visszat\u00e9rve a <strong>sz\u00e1lloda spa r\u00e9szlege<\/strong>, medenc\u00e9je, szaun\u00e1i \u00e9s k\u00e9nyeztet\u0151 massz\u00e1zsai gondoskodnak a teljes testi-lelki felt\u00f6lt\u0151d\u00e9sr\u0151l.<\/p>\n<p data-start=\"778\" data-end=\"978\">\ud83d\udc49<strong>Massz\u00e1zsokr\u00f3l, ritu\u00e1l\u00e9kr\u00f3l \u00e9s arckezel\u00e9sekr\u0151l itt olvashatsz b\u0151vebben:<\/strong><\/p>\n<p data-start=\"778\" data-end=\"978\"><a href=\"https:\/\/www.o3zone.ro\/hu\/spa-wellness\/\">https:\/\/www.o3zone.ro\/hu\/spa-wellness\/<\/a><\/p>\n<p data-start=\"993\" data-end=\"1168\">Az <strong>O3zone**** sz\u00e1llod\u00e1ban<\/strong> a term\u00e9szet k\u00f6zels\u00e9ge, a <strong>4 csillagos<\/strong> k\u00e9nyelem \u00e9s a hagyom\u00e1nyos<strong> sz\u00e9kely \u00e9telek<\/strong> egy\u00fctt ny\u00fajtanak igazi felt\u00f6lt\u0151d\u00e9st \u2013 egy \u00e9lm\u00e9nyt, amely miatt mindig visszav\u00e1gysz <strong>Erd\u00e9lybe<\/strong>.<\/p>\n<p data-start=\"993\" data-end=\"1168\">\ud83d\udc49<strong>K\u00fcl\u00f6nleges aj\u00e1nlatainkr\u00f3l itt olvashatsz b\u0151vebben<\/strong>:<\/p>\n<p><a href=\"https:\/\/www.o3zone.ro\/hu\/kulonleges-ajanlatok\/\">https:\/\/www.o3zone.ro\/hu\/kulonleges-ajanlatok\/<\/a><\/p>\n<p>&nbsp;<\/p>\n","protected":false},"excerpt":{"rendered":"<p>Hegyek, feny\u0151erd\u0151k, tiszta leveg\u0151 \u00e9s autentikus sz\u00e9kely vend\u00e9gszeretet! Sz\u00e9kelyf\u00f6ld sz\u00edv\u00e9ben, feny\u0151erd\u0151k \u00e9s hegyek k\u00f6z\u00f6tt v\u00e1r az O3zone Sz\u00e1lloda.\u00a0Friss leveg\u0151, \u00e1sv\u00e1nyvizek, term\u00e9szet \u00e9s nyugalom \u2013 mindez 4 csillagos k\u00e9nyelemben modern spa- \u00e9s wellnessr\u00e9szleggel.Tusn\u00e1df\u00fcrd\u0151, 8-9 \u00f3r\u00e1s aut\u00f3\u00fattal Budapestt\u0151l k\u00e9nyelmesen megk\u00f6zel\u00edthet\u0151. Sz\u00e1llod\u00e1nk a brass\u00f3i rep\u00fcl\u0151t\u00e9rt\u0151l mind\u00f6ssze 1 \u00f3r\u00e1s aut\u00f3\u00fatra tal\u00e1lhat\u00f3, \u00e9s ig\u00e9ny szerint rept\u00e9ri transzfert is biztos\u00edtunk, hogy [&hellip;]<\/p>\n","protected":false},"author":119,"featured_media":0,"parent":0,"menu_order":0,"comment_status":"closed","ping_status":"closed","template":"template-landing-page.php","meta":{"footnotes":""},"yoast_head":"<!-- This site is optimized with the Yoast SEO plugin v22.3 - https:\/\/yoast.com\/wordpress\/plugins\/seo\/ -->\n<title>Sz\u00e9kelyf\u00f6ldi \u00e9lm\u00e9nyek Tusn\u00e1df\u00fcrd\u0151n - O3zone Hotel -<\/title>\n<meta name=\"description\" content=\"Hegyek, feny\u0151erd\u0151k, tiszta leveg\u0151 \u00e9s autentikus sz\u00e9kely vend\u00e9gszeretet!  Sz\u00e9kelyf\u00f6ld sz\u00edv\u00e9ben, feny\u0151erd\u0151k \u00e9s hegyek k\u00f6z\u00f6tt v\u00e1r az O3zone Sz\u00e1lloda.\u00a0Friss leveg\u0151, \u00e1sv\u00e1nyvizek, term\u00e9szet \u00e9s nyugalom \u2013 mindez 4 csillagos k\u00e9nyelemben modern spa- \u00e9s wellnessr\u00e9szleggel.Tusn\u00e1df\u00fcrd\u0151, 8-9 \u00f3r\u00e1s aut\u00f3\u00fattal Budapestt\u0151l k\u00e9nyelmesen megk\u00f6zel\u00edthet\u0151. Sz\u00e1llod\u00e1nk a brass\u00f3i rep\u00fcl\u0151t\u00e9rt\u0151l mind\u00f6ssze 1 \u00f3r\u00e1s aut\u00f3\u00fatra tal\u00e1lhat\u00f3, \u00e9s ig\u00e9ny szerint rept\u00e9ri transzfert is biztos\u00edtunk, hogy az utaz\u00e1s m\u00e1r az \u00e9rkez\u00e9st\u0151l gondtalan legyen. Tusn\u00e1df\u00fcrd\u0151 \u00e9s k\u00f6rny\u00e9ke eg\u00e9sz \u00e9vben b\u0151velkedik szabadid\u0151s lehet\u0151s\u00e9gekben: kir\u00e1ndul\u00e1sok, term\u00e9szetk\u00f6zeli \u00e9lm\u00e9nyek \u00e9s akt\u00edv kikapcsol\u00f3d\u00e1s v\u00e1rja az ide \u00e9rkez\u0151ket Erd\u00e9ly \u00e9s Sz\u00e9kelyf\u00f6ld sz\u00edv\u00e9ben v\u00e1r az O3zone 4* Sz\u00e1lloda. Spa, massz\u00e1zsok, friss leveg\u0151 \u00e9s hegyvid\u00e9ki \u00e9lm\u00e9nyek.\" \/>\n<meta name=\"robots\" content=\"index, follow, max-snippet:-1, max-image-preview:large, max-video-preview:-1\" \/>\n<link rel=\"canonical\" href=\"https:\/\/www.o3zone.ro\/hu\/szekelyfoldi-szalloda-wellnes-o3zone-termeszet\/\" \/>\n<meta property=\"og:locale\" content=\"hu_HU\" \/>\n<meta property=\"og:type\" content=\"article\" \/>\n<meta property=\"og:title\" content=\"Sz\u00e9kelyf\u00f6ldi \u00e9lm\u00e9nyek Tusn\u00e1df\u00fcrd\u0151n - O3zone Hotel -\" \/>\n<meta property=\"og:description\" content=\"Hegyek, feny\u0151erd\u0151k, tiszta leveg\u0151 \u00e9s autentikus sz\u00e9kely vend\u00e9gszeretet!  Sz\u00e9kelyf\u00f6ld sz\u00edv\u00e9ben, feny\u0151erd\u0151k \u00e9s hegyek k\u00f6z\u00f6tt v\u00e1r az O3zone Sz\u00e1lloda.\u00a0Friss leveg\u0151, \u00e1sv\u00e1nyvizek, term\u00e9szet \u00e9s nyugalom \u2013 mindez 4 csillagos k\u00e9nyelemben modern spa- \u00e9s wellnessr\u00e9szleggel.Tusn\u00e1df\u00fcrd\u0151, 8-9 \u00f3r\u00e1s aut\u00f3\u00fattal Budapestt\u0151l k\u00e9nyelmesen megk\u00f6zel\u00edthet\u0151. Sz\u00e1llod\u00e1nk a brass\u00f3i rep\u00fcl\u0151t\u00e9rt\u0151l mind\u00f6ssze 1 \u00f3r\u00e1s aut\u00f3\u00fatra tal\u00e1lhat\u00f3, \u00e9s ig\u00e9ny szerint rept\u00e9ri transzfert is biztos\u00edtunk, hogy az utaz\u00e1s m\u00e1r az \u00e9rkez\u00e9st\u0151l gondtalan legyen. Tusn\u00e1df\u00fcrd\u0151 \u00e9s k\u00f6rny\u00e9ke eg\u00e9sz \u00e9vben b\u0151velkedik szabadid\u0151s lehet\u0151s\u00e9gekben: kir\u00e1ndul\u00e1sok, term\u00e9szetk\u00f6zeli \u00e9lm\u00e9nyek \u00e9s akt\u00edv kikapcsol\u00f3d\u00e1s v\u00e1rja az ide \u00e9rkez\u0151ket Erd\u00e9ly \u00e9s Sz\u00e9kelyf\u00f6ld sz\u00edv\u00e9ben v\u00e1r az O3zone 4* Sz\u00e1lloda. Spa, massz\u00e1zsok, friss leveg\u0151 \u00e9s hegyvid\u00e9ki \u00e9lm\u00e9nyek.\" \/>\n<meta property=\"og:url\" content=\"https:\/\/www.o3zone.ro\/hu\/szekelyfoldi-szalloda-wellnes-o3zone-termeszet\/\" \/>\n<meta property=\"og:site_name\" content=\"O3zone Hotel\" \/>\n<meta property=\"article:publisher\" content=\"https:\/\/www.facebook.com\/HotelO3zone\/\" \/>\n<meta property=\"article:modified_time\" content=\"2026-03-09T12:56:38+00:00\" \/>\n<meta property=\"og:image\" content=\"https:\/\/www.o3zone.ro\/wp-content\/uploads\/sites\/97\/2024\/03\/01-45-e1711368229192.jpg\" \/>\n\t<meta property=\"og:image:width\" content=\"1293\" \/>\n\t<meta property=\"og:image:height\" content=\"1200\" \/>\n\t<meta property=\"og:image:type\" content=\"image\/jpeg\" \/>\n<meta name=\"twitter:card\" content=\"summary_large_image\" \/>\n<meta name=\"twitter:label1\" content=\"Becs\u00fclt olvas\u00e1si id\u0151\" \/>\n\t<meta name=\"twitter:data1\" content=\"2 perc\" \/>\n<script type=\"application\/ld+json\" class=\"yoast-schema-graph\">{\"@context\":\"https:\/\/schema.org\",\"@graph\":[{\"@type\":\"WebPage\",\"@id\":\"https:\/\/www.o3zone.ro\/hu\/szekelyfoldi-szalloda-wellnes-o3zone-termeszet\/\",\"url\":\"https:\/\/www.o3zone.ro\/hu\/szekelyfoldi-szalloda-wellnes-o3zone-termeszet\/\",\"name\":\"Sz\u00e9kelyf\u00f6ldi \u00e9lm\u00e9nyek Tusn\u00e1df\u00fcrd\u0151n - O3zone Hotel -\",\"isPartOf\":{\"@id\":\"https:\/\/www.o3zone.ro\/hu\/#website\"},\"datePublished\":\"2026-03-04T13:40:04+00:00\",\"dateModified\":\"2026-03-09T12:56:38+00:00\",\"description\":\"Hegyek, feny\u0151erd\u0151k, tiszta leveg\u0151 \u00e9s autentikus sz\u00e9kely vend\u00e9gszeretet! Sz\u00e9kelyf\u00f6ld sz\u00edv\u00e9ben, feny\u0151erd\u0151k \u00e9s hegyek k\u00f6z\u00f6tt v\u00e1r az O3zone Sz\u00e1lloda.\u00a0Friss leveg\u0151, \u00e1sv\u00e1nyvizek, term\u00e9szet \u00e9s nyugalom \u2013 mindez 4 csillagos k\u00e9nyelemben modern spa- \u00e9s wellnessr\u00e9szleggel.Tusn\u00e1df\u00fcrd\u0151, 8-9 \u00f3r\u00e1s aut\u00f3\u00fattal Budapestt\u0151l k\u00e9nyelmesen megk\u00f6zel\u00edthet\u0151. Sz\u00e1llod\u00e1nk a brass\u00f3i rep\u00fcl\u0151t\u00e9rt\u0151l mind\u00f6ssze 1 \u00f3r\u00e1s aut\u00f3\u00fatra tal\u00e1lhat\u00f3, \u00e9s ig\u00e9ny szerint rept\u00e9ri transzfert is biztos\u00edtunk, hogy az utaz\u00e1s m\u00e1r az \u00e9rkez\u00e9st\u0151l gondtalan legyen. Tusn\u00e1df\u00fcrd\u0151 \u00e9s k\u00f6rny\u00e9ke eg\u00e9sz \u00e9vben b\u0151velkedik szabadid\u0151s lehet\u0151s\u00e9gekben: kir\u00e1ndul\u00e1sok, term\u00e9szetk\u00f6zeli \u00e9lm\u00e9nyek \u00e9s akt\u00edv kikapcsol\u00f3d\u00e1s v\u00e1rja az ide \u00e9rkez\u0151ket Erd\u00e9ly \u00e9s Sz\u00e9kelyf\u00f6ld sz\u00edv\u00e9ben v\u00e1r az O3zone 4* Sz\u00e1lloda. Spa, massz\u00e1zsok, friss leveg\u0151 \u00e9s hegyvid\u00e9ki \u00e9lm\u00e9nyek.\",\"breadcrumb\":{\"@id\":\"https:\/\/www.o3zone.ro\/hu\/szekelyfoldi-szalloda-wellnes-o3zone-termeszet\/#breadcrumb\"},\"inLanguage\":\"hu\",\"potentialAction\":[{\"@type\":\"ReadAction\",\"target\":[\"https:\/\/www.o3zone.ro\/hu\/szekelyfoldi-szalloda-wellnes-o3zone-termeszet\/\"]}]},{\"@type\":\"BreadcrumbList\",\"@id\":\"https:\/\/www.o3zone.ro\/hu\/szekelyfoldi-szalloda-wellnes-o3zone-termeszet\/#breadcrumb\",\"itemListElement\":[{\"@type\":\"ListItem\",\"position\":1,\"name\":\"Home\",\"item\":\"https:\/\/www.o3zone.ro\/hu\/\"},{\"@type\":\"ListItem\",\"position\":2,\"name\":\"Sz\u00e9kelyf\u00f6ldi \u00e9lm\u00e9nyek Tusn\u00e1df\u00fcrd\u0151n\"}]},{\"@type\":\"WebSite\",\"@id\":\"https:\/\/www.o3zone.ro\/hu\/#website\",\"url\":\"https:\/\/www.o3zone.ro\/hu\/\",\"name\":\"O3zone Hotel\",\"description\":\"\",\"potentialAction\":[{\"@type\":\"SearchAction\",\"target\":{\"@type\":\"EntryPoint\",\"urlTemplate\":\"https:\/\/www.o3zone.ro\/hu\/?s={search_term_string}\"},\"query-input\":\"required name=search_term_string\"}],\"inLanguage\":\"hu\"}]}<\/script>\n<!-- \/ Yoast SEO plugin. -->","yoast_head_json":{"title":"Sz\u00e9kelyf\u00f6ldi \u00e9lm\u00e9nyek Tusn\u00e1df\u00fcrd\u0151n - O3zone Hotel -","description":"Hegyek, feny\u0151erd\u0151k, tiszta leveg\u0151 \u00e9s autentikus sz\u00e9kely vend\u00e9gszeretet!  Sz\u00e9kelyf\u00f6ld sz\u00edv\u00e9ben, feny\u0151erd\u0151k \u00e9s hegyek k\u00f6z\u00f6tt v\u00e1r az O3zone Sz\u00e1lloda.\u00a0Friss leveg\u0151, \u00e1sv\u00e1nyvizek, term\u00e9szet \u00e9s nyugalom \u2013 mindez 4 csillagos k\u00e9nyelemben modern spa- \u00e9s wellnessr\u00e9szleggel.Tusn\u00e1df\u00fcrd\u0151, 8-9 \u00f3r\u00e1s aut\u00f3\u00fattal Budapestt\u0151l k\u00e9nyelmesen megk\u00f6zel\u00edthet\u0151. Sz\u00e1llod\u00e1nk a brass\u00f3i rep\u00fcl\u0151t\u00e9rt\u0151l mind\u00f6ssze 1 \u00f3r\u00e1s aut\u00f3\u00fatra tal\u00e1lhat\u00f3, \u00e9s ig\u00e9ny szerint rept\u00e9ri transzfert is biztos\u00edtunk, hogy az utaz\u00e1s m\u00e1r az \u00e9rkez\u00e9st\u0151l gondtalan legyen. Tusn\u00e1df\u00fcrd\u0151 \u00e9s k\u00f6rny\u00e9ke eg\u00e9sz \u00e9vben b\u0151velkedik szabadid\u0151s lehet\u0151s\u00e9gekben: kir\u00e1ndul\u00e1sok, term\u00e9szetk\u00f6zeli \u00e9lm\u00e9nyek \u00e9s akt\u00edv kikapcsol\u00f3d\u00e1s v\u00e1rja az ide \u00e9rkez\u0151ket Erd\u00e9ly \u00e9s Sz\u00e9kelyf\u00f6ld sz\u00edv\u00e9ben v\u00e1r az O3zone 4* Sz\u00e1lloda. Spa, massz\u00e1zsok, friss leveg\u0151 \u00e9s hegyvid\u00e9ki \u00e9lm\u00e9nyek.","robots":{"index":"index","follow":"follow","max-snippet":"max-snippet:-1","max-image-preview":"max-image-preview:large","max-video-preview":"max-video-preview:-1"},"canonical":"https:\/\/www.o3zone.ro\/hu\/szekelyfoldi-szalloda-wellnes-o3zone-termeszet\/","og_locale":"hu_HU","og_type":"article","og_title":"Sz\u00e9kelyf\u00f6ldi \u00e9lm\u00e9nyek Tusn\u00e1df\u00fcrd\u0151n - O3zone Hotel -","og_description":"Hegyek, feny\u0151erd\u0151k, tiszta leveg\u0151 \u00e9s autentikus sz\u00e9kely vend\u00e9gszeretet!  Sz\u00e9kelyf\u00f6ld sz\u00edv\u00e9ben, feny\u0151erd\u0151k \u00e9s hegyek k\u00f6z\u00f6tt v\u00e1r az O3zone Sz\u00e1lloda.\u00a0Friss leveg\u0151, \u00e1sv\u00e1nyvizek, term\u00e9szet \u00e9s nyugalom \u2013 mindez 4 csillagos k\u00e9nyelemben modern spa- \u00e9s wellnessr\u00e9szleggel.Tusn\u00e1df\u00fcrd\u0151, 8-9 \u00f3r\u00e1s aut\u00f3\u00fattal Budapestt\u0151l k\u00e9nyelmesen megk\u00f6zel\u00edthet\u0151. Sz\u00e1llod\u00e1nk a brass\u00f3i rep\u00fcl\u0151t\u00e9rt\u0151l mind\u00f6ssze 1 \u00f3r\u00e1s aut\u00f3\u00fatra tal\u00e1lhat\u00f3, \u00e9s ig\u00e9ny szerint rept\u00e9ri transzfert is biztos\u00edtunk, hogy az utaz\u00e1s m\u00e1r az \u00e9rkez\u00e9st\u0151l gondtalan legyen. Tusn\u00e1df\u00fcrd\u0151 \u00e9s k\u00f6rny\u00e9ke eg\u00e9sz \u00e9vben b\u0151velkedik szabadid\u0151s lehet\u0151s\u00e9gekben: kir\u00e1ndul\u00e1sok, term\u00e9szetk\u00f6zeli \u00e9lm\u00e9nyek \u00e9s akt\u00edv kikapcsol\u00f3d\u00e1s v\u00e1rja az ide \u00e9rkez\u0151ket Erd\u00e9ly \u00e9s Sz\u00e9kelyf\u00f6ld sz\u00edv\u00e9ben v\u00e1r az O3zone 4* Sz\u00e1lloda. Spa, massz\u00e1zsok, friss leveg\u0151 \u00e9s hegyvid\u00e9ki \u00e9lm\u00e9nyek.","og_url":"https:\/\/www.o3zone.ro\/hu\/szekelyfoldi-szalloda-wellnes-o3zone-termeszet\/","og_site_name":"O3zone Hotel","article_publisher":"https:\/\/www.facebook.com\/HotelO3zone\/","article_modified_time":"2026-03-09T12:56:38+00:00","og_image":[{"width":1293,"height":1200,"url":"https:\/\/www.o3zone.ro\/wp-content\/uploads\/sites\/97\/2024\/03\/01-45-e1711368229192.jpg","type":"image\/jpeg"}],"twitter_card":"summary_large_image","twitter_misc":{"Becs\u00fclt olvas\u00e1si id\u0151":"2 perc"},"schema":{"@context":"https:\/\/schema.org","@graph":[{"@type":"WebPage","@id":"https:\/\/www.o3zone.ro\/hu\/szekelyfoldi-szalloda-wellnes-o3zone-termeszet\/","url":"https:\/\/www.o3zone.ro\/hu\/szekelyfoldi-szalloda-wellnes-o3zone-termeszet\/","name":"Sz\u00e9kelyf\u00f6ldi \u00e9lm\u00e9nyek Tusn\u00e1df\u00fcrd\u0151n - O3zone Hotel -","isPartOf":{"@id":"https:\/\/www.o3zone.ro\/hu\/#website"},"datePublished":"2026-03-04T13:40:04+00:00","dateModified":"2026-03-09T12:56:38+00:00","description":"Hegyek, feny\u0151erd\u0151k, tiszta leveg\u0151 \u00e9s autentikus sz\u00e9kely vend\u00e9gszeretet! Sz\u00e9kelyf\u00f6ld sz\u00edv\u00e9ben, feny\u0151erd\u0151k \u00e9s hegyek k\u00f6z\u00f6tt v\u00e1r az O3zone Sz\u00e1lloda.\u00a0Friss leveg\u0151, \u00e1sv\u00e1nyvizek, term\u00e9szet \u00e9s nyugalom \u2013 mindez 4 csillagos k\u00e9nyelemben modern spa- \u00e9s wellnessr\u00e9szleggel.Tusn\u00e1df\u00fcrd\u0151, 8-9 \u00f3r\u00e1s aut\u00f3\u00fattal Budapestt\u0151l k\u00e9nyelmesen megk\u00f6zel\u00edthet\u0151. Sz\u00e1llod\u00e1nk a brass\u00f3i rep\u00fcl\u0151t\u00e9rt\u0151l mind\u00f6ssze 1 \u00f3r\u00e1s aut\u00f3\u00fatra tal\u00e1lhat\u00f3, \u00e9s ig\u00e9ny szerint rept\u00e9ri transzfert is biztos\u00edtunk, hogy az utaz\u00e1s m\u00e1r az \u00e9rkez\u00e9st\u0151l gondtalan legyen. Tusn\u00e1df\u00fcrd\u0151 \u00e9s k\u00f6rny\u00e9ke eg\u00e9sz \u00e9vben b\u0151velkedik szabadid\u0151s lehet\u0151s\u00e9gekben: kir\u00e1ndul\u00e1sok, term\u00e9szetk\u00f6zeli \u00e9lm\u00e9nyek \u00e9s akt\u00edv kikapcsol\u00f3d\u00e1s v\u00e1rja az ide \u00e9rkez\u0151ket Erd\u00e9ly \u00e9s Sz\u00e9kelyf\u00f6ld sz\u00edv\u00e9ben v\u00e1r az O3zone 4* Sz\u00e1lloda. Spa, massz\u00e1zsok, friss leveg\u0151 \u00e9s hegyvid\u00e9ki \u00e9lm\u00e9nyek.","breadcrumb":{"@id":"https:\/\/www.o3zone.ro\/hu\/szekelyfoldi-szalloda-wellnes-o3zone-termeszet\/#breadcrumb"},"inLanguage":"hu","potentialAction":[{"@type":"ReadAction","target":["https:\/\/www.o3zone.ro\/hu\/szekelyfoldi-szalloda-wellnes-o3zone-termeszet\/"]}]},{"@type":"BreadcrumbList","@id":"https:\/\/www.o3zone.ro\/hu\/szekelyfoldi-szalloda-wellnes-o3zone-termeszet\/#breadcrumb","itemListElement":[{"@type":"ListItem","position":1,"name":"Home","item":"https:\/\/www.o3zone.ro\/hu\/"},{"@type":"ListItem","position":2,"name":"Sz\u00e9kelyf\u00f6ldi \u00e9lm\u00e9nyek Tusn\u00e1df\u00fcrd\u0151n"}]},{"@type":"WebSite","@id":"https:\/\/www.o3zone.ro\/hu\/#website","url":"https:\/\/www.o3zone.ro\/hu\/","name":"O3zone Hotel","description":"","potentialAction":[{"@type":"SearchAction","target":{"@type":"EntryPoint","urlTemplate":"https:\/\/www.o3zone.ro\/hu\/?s={search_term_string}"},"query-input":"required name=search_term_string"}],"inLanguage":"hu"}]}},"acf":[],"_links":{"self":[{"href":"https:\/\/www.o3zone.ro\/hu\/wp-json\/wp\/v2\/pages\/1072"}],"collection":[{"href":"https:\/\/www.o3zone.ro\/hu\/wp-json\/wp\/v2\/pages"}],"about":[{"href":"https:\/\/www.o3zone.ro\/hu\/wp-json\/wp\/v2\/types\/page"}],"author":[{"embeddable":true,"href":"https:\/\/www.o3zone.ro\/hu\/wp-json\/wp\/v2\/users\/119"}],"replies":[{"embeddable":true,"href":"https:\/\/www.o3zone.ro\/hu\/wp-json\/wp\/v2\/comments?post=1072"}],"version-history":[{"count":0,"href":"https:\/\/www.o3zone.ro\/hu\/wp-json\/wp\/v2\/pages\/1072\/revisions"}],"wp:attachment":[{"href":"https:\/\/www.o3zone.ro\/hu\/wp-json\/wp\/v2\/media?parent=1072"}],"curies":[{"name":"wp","href":"https:\/\/api.w.org\/{rel}","templated":true}]}}