{"id":1030,"date":"2025-10-29T12:45:24","date_gmt":"2025-10-29T12:45:24","guid":{"rendered":"https:\/\/www.o3zone.ro\/?page_id=1030"},"modified":"2025-10-29T12:45:36","modified_gmt":"2025-10-29T12:45:36","slug":"csiki-sor-manufaktura-latogatas","status":"publish","type":"page","link":"https:\/\/www.o3zone.ro\/hu\/aktiv-turizmus\/csiki-sor-manufaktura-latogatas\/","title":{"rendered":"Cs\u00edki s\u00f6r manufakt\u00fara l\u00e1togat\u00e1s"},"content":{"rendered":"<p data-start=\"582\" data-end=\"983\">A <strong data-start=\"584\" data-end=\"609\">Cs\u00edki S\u00f6r Manufakt\u00fara<\/strong> megl\u00e1togat\u00e1sa igazi \u00e9lm\u00e9nyt ny\u00fajt a k\u00e9zm\u0171ves s\u00f6r\u00f6k vil\u00e1g\u00e1ban. A gy\u00e1rl\u00e1togat\u00e1s sor\u00e1n megismerhetj\u00fck a s\u00f6rf\u0151z\u00e9s folyamat\u00e1t, a m\u00e1rka t\u00f6rt\u00e9net\u00e9t, \u00e9s megk\u00f3stolhatjuk a frissen csapolt s\u00f6rt helyi finoms\u00e1gokkal. Az \u00e9lm\u00e9nyt a sz\u00e9kely hagyom\u00e1nyok \u00e9s a vend\u00e9gszeret\u0151 hangulat teszik teljess\u00e9. A program v\u00e9g\u00e9n lehet\u0151s\u00e9g van <strong data-start=\"923\" data-end=\"936\">Cs\u00edki S\u00f6r<\/strong> \u00e9s <strong data-start=\"940\" data-end=\"955\">Cs\u00edki Chips<\/strong> aj\u00e1nd\u00e9kt\u00e1rgyak v\u00e1s\u00e1rl\u00e1s\u00e1ra.<\/p>\n<p data-start=\"582\" data-end=\"983\"><strong>L\u00e1togat\u00f3k\u00f6zpont id\u0151pont foglal\u00e1s<\/strong><br \/>\n<a href=\"mailto:latogatokozpont@csiki.com\">latogatokozpont@csiki.com<\/a><br \/>\n<a href=\"tel:+40755030895\">+40 755 030 895<\/a><\/p>\n","protected":false},"excerpt":{"rendered":"<p>A Cs\u00edki S\u00f6r Manufakt\u00fara megl\u00e1togat\u00e1sa igazi \u00e9lm\u00e9nyt ny\u00fajt a k\u00e9zm\u0171ves s\u00f6r\u00f6k vil\u00e1g\u00e1ban. A gy\u00e1rl\u00e1togat\u00e1s sor\u00e1n megismerhetj\u00fck a s\u00f6rf\u0151z\u00e9s folyamat\u00e1t, a m\u00e1rka t\u00f6rt\u00e9net\u00e9t, \u00e9s megk\u00f3stolhatjuk a frissen csapolt s\u00f6rt helyi finoms\u00e1gokkal. Az \u00e9lm\u00e9nyt a sz\u00e9kely hagyom\u00e1nyok \u00e9s a vend\u00e9gszeret\u0151 hangulat teszik teljess\u00e9. A program v\u00e9g\u00e9n lehet\u0151s\u00e9g van Cs\u00edki S\u00f6r \u00e9s Cs\u00edki Chips aj\u00e1nd\u00e9kt\u00e1rgyak v\u00e1s\u00e1rl\u00e1s\u00e1ra. L\u00e1togat\u00f3k\u00f6zpont id\u0151pont [&hellip;]<\/p>\n","protected":false},"author":119,"featured_media":0,"parent":171,"menu_order":65,"comment_status":"closed","ping_status":"closed","template":"","meta":{"footnotes":""},"yoast_head":"<!-- This site is optimized with the Yoast SEO plugin v22.3 - https:\/\/yoast.com\/wordpress\/plugins\/seo\/ -->\n<title>Cs\u00edki s\u00f6r manufakt\u00fara l\u00e1togat\u00e1s - O3zone Hotel -<\/title>\n<meta name=\"description\" content=\"A Cs\u00edki S\u00f6r Manufakt\u00fara megl\u00e1togat\u00e1sa igazi \u00e9lm\u00e9nyt ny\u00fajt a k\u00e9zm\u0171ves s\u00f6r\u00f6k vil\u00e1g\u00e1ban. A gy\u00e1rl\u00e1togat\u00e1s sor\u00e1n megismerhetj\u00fck a s\u00f6rf\u0151z\u00e9s folyamat\u00e1t, a m\u00e1rka t\u00f6rt\u00e9net\u00e9t, \u00e9s megk\u00f3stolhatjuk a frissen csapolt s\u00f6rt helyi finoms\u00e1gokkal\" \/>\n<meta name=\"robots\" content=\"index, follow, max-snippet:-1, max-image-preview:large, max-video-preview:-1\" \/>\n<link rel=\"canonical\" href=\"https:\/\/www.o3zone.ro\/hu\/aktiv-turizmus\/csiki-sor-manufaktura-latogatas\/\" \/>\n<meta property=\"og:locale\" content=\"hu_HU\" \/>\n<meta property=\"og:type\" content=\"article\" \/>\n<meta property=\"og:title\" content=\"Cs\u00edki s\u00f6r manufakt\u00fara l\u00e1togat\u00e1s - O3zone Hotel -\" \/>\n<meta property=\"og:description\" content=\"A Cs\u00edki S\u00f6r Manufakt\u00fara megl\u00e1togat\u00e1sa igazi \u00e9lm\u00e9nyt ny\u00fajt a k\u00e9zm\u0171ves s\u00f6r\u00f6k vil\u00e1g\u00e1ban. A gy\u00e1rl\u00e1togat\u00e1s sor\u00e1n megismerhetj\u00fck a s\u00f6rf\u0151z\u00e9s folyamat\u00e1t, a m\u00e1rka t\u00f6rt\u00e9net\u00e9t, \u00e9s megk\u00f3stolhatjuk a frissen csapolt s\u00f6rt helyi finoms\u00e1gokkal\" \/>\n<meta property=\"og:url\" content=\"https:\/\/www.o3zone.ro\/hu\/aktiv-turizmus\/csiki-sor-manufaktura-latogatas\/\" \/>\n<meta property=\"og:site_name\" content=\"O3zone Hotel\" \/>\n<meta property=\"article:publisher\" content=\"https:\/\/www.facebook.com\/HotelO3zone\/\" \/>\n<meta property=\"article:modified_time\" content=\"2025-10-29T12:45:36+00:00\" \/>\n<meta property=\"og:image\" content=\"https:\/\/www.o3zone.ro\/wp-content\/uploads\/sites\/97\/2024\/03\/01-45-e1711368229192.jpg\" \/>\n\t<meta property=\"og:image:width\" content=\"1293\" \/>\n\t<meta property=\"og:image:height\" content=\"1200\" \/>\n\t<meta property=\"og:image:type\" content=\"image\/jpeg\" \/>\n<meta name=\"twitter:card\" content=\"summary_large_image\" \/>\n<meta name=\"twitter:label1\" content=\"Becs\u00fclt olvas\u00e1si id\u0151\" \/>\n\t<meta name=\"twitter:data1\" content=\"1 perc\" \/>\n<script type=\"application\/ld+json\" class=\"yoast-schema-graph\">{\"@context\":\"https:\/\/schema.org\",\"@graph\":[{\"@type\":\"WebPage\",\"@id\":\"https:\/\/www.o3zone.ro\/hu\/aktiv-turizmus\/csiki-sor-manufaktura-latogatas\/\",\"url\":\"https:\/\/www.o3zone.ro\/hu\/aktiv-turizmus\/csiki-sor-manufaktura-latogatas\/\",\"name\":\"Cs\u00edki s\u00f6r manufakt\u00fara l\u00e1togat\u00e1s - O3zone Hotel -\",\"isPartOf\":{\"@id\":\"https:\/\/www.o3zone.ro\/hu\/#website\"},\"datePublished\":\"2025-10-29T12:45:24+00:00\",\"dateModified\":\"2025-10-29T12:45:36+00:00\",\"description\":\"A Cs\u00edki S\u00f6r Manufakt\u00fara megl\u00e1togat\u00e1sa igazi \u00e9lm\u00e9nyt ny\u00fajt a k\u00e9zm\u0171ves s\u00f6r\u00f6k vil\u00e1g\u00e1ban. A gy\u00e1rl\u00e1togat\u00e1s sor\u00e1n megismerhetj\u00fck a s\u00f6rf\u0151z\u00e9s folyamat\u00e1t, a m\u00e1rka t\u00f6rt\u00e9net\u00e9t, \u00e9s megk\u00f3stolhatjuk a frissen csapolt s\u00f6rt helyi finoms\u00e1gokkal\",\"breadcrumb\":{\"@id\":\"https:\/\/www.o3zone.ro\/hu\/aktiv-turizmus\/csiki-sor-manufaktura-latogatas\/#breadcrumb\"},\"inLanguage\":\"hu\",\"potentialAction\":[{\"@type\":\"ReadAction\",\"target\":[\"https:\/\/www.o3zone.ro\/hu\/aktiv-turizmus\/csiki-sor-manufaktura-latogatas\/\"]}]},{\"@type\":\"BreadcrumbList\",\"@id\":\"https:\/\/www.o3zone.ro\/hu\/aktiv-turizmus\/csiki-sor-manufaktura-latogatas\/#breadcrumb\",\"itemListElement\":[{\"@type\":\"ListItem\",\"position\":1,\"name\":\"Home\",\"item\":\"https:\/\/www.o3zone.ro\/hu\/\"},{\"@type\":\"ListItem\",\"position\":2,\"name\":\"Akt\u00edv turizmus\",\"item\":\"https:\/\/www.o3zone.ro\/hu\/aktiv-turizmus\/\"},{\"@type\":\"ListItem\",\"position\":3,\"name\":\"Cs\u00edki s\u00f6r manufakt\u00fara l\u00e1togat\u00e1s\"}]},{\"@type\":\"WebSite\",\"@id\":\"https:\/\/www.o3zone.ro\/hu\/#website\",\"url\":\"https:\/\/www.o3zone.ro\/hu\/\",\"name\":\"O3zone Hotel\",\"description\":\"\",\"potentialAction\":[{\"@type\":\"SearchAction\",\"target\":{\"@type\":\"EntryPoint\",\"urlTemplate\":\"https:\/\/www.o3zone.ro\/hu\/?s={search_term_string}\"},\"query-input\":\"required name=search_term_string\"}],\"inLanguage\":\"hu\"}]}<\/script>\n<!-- \/ Yoast SEO plugin. -->","yoast_head_json":{"title":"Cs\u00edki s\u00f6r manufakt\u00fara l\u00e1togat\u00e1s - O3zone Hotel -","description":"A Cs\u00edki S\u00f6r Manufakt\u00fara megl\u00e1togat\u00e1sa igazi \u00e9lm\u00e9nyt ny\u00fajt a k\u00e9zm\u0171ves s\u00f6r\u00f6k vil\u00e1g\u00e1ban. A gy\u00e1rl\u00e1togat\u00e1s sor\u00e1n megismerhetj\u00fck a s\u00f6rf\u0151z\u00e9s folyamat\u00e1t, a m\u00e1rka t\u00f6rt\u00e9net\u00e9t, \u00e9s megk\u00f3stolhatjuk a frissen csapolt s\u00f6rt helyi finoms\u00e1gokkal","robots":{"index":"index","follow":"follow","max-snippet":"max-snippet:-1","max-image-preview":"max-image-preview:large","max-video-preview":"max-video-preview:-1"},"canonical":"https:\/\/www.o3zone.ro\/hu\/aktiv-turizmus\/csiki-sor-manufaktura-latogatas\/","og_locale":"hu_HU","og_type":"article","og_title":"Cs\u00edki s\u00f6r manufakt\u00fara l\u00e1togat\u00e1s - O3zone Hotel -","og_description":"A Cs\u00edki S\u00f6r Manufakt\u00fara megl\u00e1togat\u00e1sa igazi \u00e9lm\u00e9nyt ny\u00fajt a k\u00e9zm\u0171ves s\u00f6r\u00f6k vil\u00e1g\u00e1ban. A gy\u00e1rl\u00e1togat\u00e1s sor\u00e1n megismerhetj\u00fck a s\u00f6rf\u0151z\u00e9s folyamat\u00e1t, a m\u00e1rka t\u00f6rt\u00e9net\u00e9t, \u00e9s megk\u00f3stolhatjuk a frissen csapolt s\u00f6rt helyi finoms\u00e1gokkal","og_url":"https:\/\/www.o3zone.ro\/hu\/aktiv-turizmus\/csiki-sor-manufaktura-latogatas\/","og_site_name":"O3zone Hotel","article_publisher":"https:\/\/www.facebook.com\/HotelO3zone\/","article_modified_time":"2025-10-29T12:45:36+00:00","og_image":[{"width":1293,"height":1200,"url":"https:\/\/www.o3zone.ro\/wp-content\/uploads\/sites\/97\/2024\/03\/01-45-e1711368229192.jpg","type":"image\/jpeg"}],"twitter_card":"summary_large_image","twitter_misc":{"Becs\u00fclt olvas\u00e1si id\u0151":"1 perc"},"schema":{"@context":"https:\/\/schema.org","@graph":[{"@type":"WebPage","@id":"https:\/\/www.o3zone.ro\/hu\/aktiv-turizmus\/csiki-sor-manufaktura-latogatas\/","url":"https:\/\/www.o3zone.ro\/hu\/aktiv-turizmus\/csiki-sor-manufaktura-latogatas\/","name":"Cs\u00edki s\u00f6r manufakt\u00fara l\u00e1togat\u00e1s - O3zone Hotel -","isPartOf":{"@id":"https:\/\/www.o3zone.ro\/hu\/#website"},"datePublished":"2025-10-29T12:45:24+00:00","dateModified":"2025-10-29T12:45:36+00:00","description":"A Cs\u00edki S\u00f6r Manufakt\u00fara megl\u00e1togat\u00e1sa igazi \u00e9lm\u00e9nyt ny\u00fajt a k\u00e9zm\u0171ves s\u00f6r\u00f6k vil\u00e1g\u00e1ban. A gy\u00e1rl\u00e1togat\u00e1s sor\u00e1n megismerhetj\u00fck a s\u00f6rf\u0151z\u00e9s folyamat\u00e1t, a m\u00e1rka t\u00f6rt\u00e9net\u00e9t, \u00e9s megk\u00f3stolhatjuk a frissen csapolt s\u00f6rt helyi finoms\u00e1gokkal","breadcrumb":{"@id":"https:\/\/www.o3zone.ro\/hu\/aktiv-turizmus\/csiki-sor-manufaktura-latogatas\/#breadcrumb"},"inLanguage":"hu","potentialAction":[{"@type":"ReadAction","target":["https:\/\/www.o3zone.ro\/hu\/aktiv-turizmus\/csiki-sor-manufaktura-latogatas\/"]}]},{"@type":"BreadcrumbList","@id":"https:\/\/www.o3zone.ro\/hu\/aktiv-turizmus\/csiki-sor-manufaktura-latogatas\/#breadcrumb","itemListElement":[{"@type":"ListItem","position":1,"name":"Home","item":"https:\/\/www.o3zone.ro\/hu\/"},{"@type":"ListItem","position":2,"name":"Akt\u00edv turizmus","item":"https:\/\/www.o3zone.ro\/hu\/aktiv-turizmus\/"},{"@type":"ListItem","position":3,"name":"Cs\u00edki s\u00f6r manufakt\u00fara l\u00e1togat\u00e1s"}]},{"@type":"WebSite","@id":"https:\/\/www.o3zone.ro\/hu\/#website","url":"https:\/\/www.o3zone.ro\/hu\/","name":"O3zone Hotel","description":"","potentialAction":[{"@type":"SearchAction","target":{"@type":"EntryPoint","urlTemplate":"https:\/\/www.o3zone.ro\/hu\/?s={search_term_string}"},"query-input":"required name=search_term_string"}],"inLanguage":"hu"}]}},"acf":[],"_links":{"self":[{"href":"https:\/\/www.o3zone.ro\/hu\/wp-json\/wp\/v2\/pages\/1030"}],"collection":[{"href":"https:\/\/www.o3zone.ro\/hu\/wp-json\/wp\/v2\/pages"}],"about":[{"href":"https:\/\/www.o3zone.ro\/hu\/wp-json\/wp\/v2\/types\/page"}],"author":[{"embeddable":true,"href":"https:\/\/www.o3zone.ro\/hu\/wp-json\/wp\/v2\/users\/119"}],"replies":[{"embeddable":true,"href":"https:\/\/www.o3zone.ro\/hu\/wp-json\/wp\/v2\/comments?post=1030"}],"version-history":[{"count":0,"href":"https:\/\/www.o3zone.ro\/hu\/wp-json\/wp\/v2\/pages\/1030\/revisions"}],"up":[{"embeddable":true,"href":"https:\/\/www.o3zone.ro\/hu\/wp-json\/wp\/v2\/pages\/171"}],"wp:attachment":[{"href":"https:\/\/www.o3zone.ro\/hu\/wp-json\/wp\/v2\/media?parent=1030"}],"curies":[{"name":"wp","href":"https:\/\/api.w.org\/{rel}","templated":true}]}}