{"id":370,"date":"2024-01-19T14:41:01","date_gmt":"2024-01-19T14:41:01","guid":{"rendered":"https:\/\/o3zone-hotel.ms2.decms.eu\/?page_id=370"},"modified":"2024-03-06T15:05:32","modified_gmt":"2024-03-06T15:05:32","slug":"contact-us","status":"publish","type":"page","link":"https:\/\/www.o3zone.ro\/en\/contact-us\/","title":{"rendered":"Contact us"},"content":{"rendered":"<p style=\"text-align: center\">Aleea Sf\u00e2nta Ana, Nr. 2<br \/>\nB\u0103ile Tu\u015fnad, 535100 Rom\u00e2nia<\/p>\n<p style=\"text-align: center\"><strong>CONTACTS<\/strong><\/p>\n<p style=\"text-align: center\"><strong>Telephone<\/strong><br \/>\n<a href=\"tel:0040 - 266 - 335 397\">0040 &#8211; 266 &#8211; 335 397<\/a><br \/>\n<a href=\"tel:0040 - 266 \u2013 335 406\">0040 &#8211; 266 \u2013 335 406<\/a><br \/>\n<a href=\"tel:0040 - 266 \u2013 335 382\">0040 &#8211; 266 \u2013 335 382<\/a><\/p>\n<p style=\"text-align: center\"><strong>Email<\/strong><\/p>\n<p style=\"text-align: center\"><a href=\"mailto:rezervari@o3zone.ro\">rezervari@o3zone.ro<\/a><\/p>\n<p style=\"text-align: center\"><strong>Mobile<\/strong><\/p>\n<p style=\"text-align: center\"><a href=\"tel:0040 - 755 \u2013 086 411\">0040 &#8211; 755 \u2013 086 411<\/a><\/p>\n<p style=\"text-align: center\">\n","protected":false},"excerpt":{"rendered":"<p>Aleea Sf\u00e2nta Ana, Nr. 2 B\u0103ile Tu\u015fnad, 535100 Rom\u00e2nia CONTACTS Telephone 0040 &#8211; 266 &#8211; 335 397 0040 &#8211; 266 \u2013 335 406 0040 &#8211; 266 \u2013 335 382 Email rezervari@o3zone.ro Mobile 0040 &#8211; 755 \u2013 086 411<\/p>\n","protected":false},"author":13,"featured_media":0,"parent":0,"menu_order":90,"comment_status":"closed","ping_status":"closed","template":"template-contacts.php","meta":{"footnotes":""},"yoast_head":"<!-- This site is optimized with the Yoast SEO plugin v22.3 - https:\/\/yoast.com\/wordpress\/plugins\/seo\/ -->\n<title>Contact us - O3zone Hotel -<\/title>\n<meta name=\"description\" content=\"Aleea Sf\u00e2nta Ana, Nr. 2 B\u0103ile Tu\u015fnad, 535100 Rom\u00e2nia CONTACTS Telephone 0040 - 266 - 335 397 0040 - 266 \u2013 335 406 0040 - 266 \u2013 335 382 Email rezervari@o3zone.ro Mobile 0040 - 755 \u2013 086 411\" \/>\n<meta name=\"robots\" content=\"index, follow, max-snippet:-1, max-image-preview:large, max-video-preview:-1\" \/>\n<link rel=\"canonical\" href=\"https:\/\/www.o3zone.ro\/en\/contact-us\/\" \/>\n<meta property=\"og:locale\" content=\"en_US\" \/>\n<meta property=\"og:type\" content=\"article\" \/>\n<meta property=\"og:title\" content=\"Contact us - O3zone Hotel -\" \/>\n<meta property=\"og:description\" content=\"Aleea Sf\u00e2nta Ana, Nr. 2 B\u0103ile Tu\u015fnad, 535100 Rom\u00e2nia CONTACTS Telephone 0040 - 266 - 335 397 0040 - 266 \u2013 335 406 0040 - 266 \u2013 335 382 Email rezervari@o3zone.ro Mobile 0040 - 755 \u2013 086 411\" \/>\n<meta property=\"og:url\" content=\"https:\/\/www.o3zone.ro\/en\/contact-us\/\" \/>\n<meta property=\"og:site_name\" content=\"O3zone Hotel\" \/>\n<meta property=\"article:publisher\" content=\"https:\/\/www.facebook.com\/HotelO3zone\/\" \/>\n<meta property=\"article:modified_time\" content=\"2024-03-06T15:05:32+00:00\" \/>\n<meta property=\"og:image\" content=\"https:\/\/www.o3zone.ro\/wp-content\/uploads\/sites\/97\/2024\/03\/01-45-e1711368229192.jpg\" \/>\n\t<meta property=\"og:image:width\" content=\"1293\" \/>\n\t<meta property=\"og:image:height\" content=\"1200\" \/>\n\t<meta property=\"og:image:type\" content=\"image\/jpeg\" \/>\n<meta name=\"twitter:card\" content=\"summary_large_image\" \/>\n<script type=\"application\/ld+json\" class=\"yoast-schema-graph\">{\"@context\":\"https:\/\/schema.org\",\"@graph\":[{\"@type\":\"WebPage\",\"@id\":\"https:\/\/www.o3zone.ro\/en\/contact-us\/\",\"url\":\"https:\/\/www.o3zone.ro\/en\/contact-us\/\",\"name\":\"Contact us - O3zone Hotel -\",\"isPartOf\":{\"@id\":\"https:\/\/www.o3zone.ro\/en\/#website\"},\"datePublished\":\"2024-01-19T14:41:01+00:00\",\"dateModified\":\"2024-03-06T15:05:32+00:00\",\"description\":\"Aleea Sf\u00e2nta Ana, Nr. 2 B\u0103ile Tu\u015fnad, 535100 Rom\u00e2nia CONTACTS Telephone 0040 - 266 - 335 397 0040 - 266 \u2013 335 406 0040 - 266 \u2013 335 382 Email rezervari@o3zone.ro Mobile 0040 - 755 \u2013 086 411\",\"breadcrumb\":{\"@id\":\"https:\/\/www.o3zone.ro\/en\/contact-us\/#breadcrumb\"},\"inLanguage\":\"en-US\",\"potentialAction\":[{\"@type\":\"ReadAction\",\"target\":[\"https:\/\/www.o3zone.ro\/en\/contact-us\/\"]}]},{\"@type\":\"BreadcrumbList\",\"@id\":\"https:\/\/www.o3zone.ro\/en\/contact-us\/#breadcrumb\",\"itemListElement\":[{\"@type\":\"ListItem\",\"position\":1,\"name\":\"Home\",\"item\":\"https:\/\/www.o3zone.ro\/en\/\"},{\"@type\":\"ListItem\",\"position\":2,\"name\":\"Contact us\"}]},{\"@type\":\"WebSite\",\"@id\":\"https:\/\/www.o3zone.ro\/en\/#website\",\"url\":\"https:\/\/www.o3zone.ro\/en\/\",\"name\":\"O3zone Hotel\",\"description\":\"\",\"potentialAction\":[{\"@type\":\"SearchAction\",\"target\":{\"@type\":\"EntryPoint\",\"urlTemplate\":\"https:\/\/www.o3zone.ro\/en\/?s={search_term_string}\"},\"query-input\":\"required name=search_term_string\"}],\"inLanguage\":\"en-US\"}]}<\/script>\n<!-- \/ Yoast SEO plugin. -->","yoast_head_json":{"title":"Contact us - O3zone Hotel -","description":"Aleea Sf\u00e2nta Ana, Nr. 2 B\u0103ile Tu\u015fnad, 535100 Rom\u00e2nia CONTACTS Telephone 0040 - 266 - 335 397 0040 - 266 \u2013 335 406 0040 - 266 \u2013 335 382 Email rezervari@o3zone.ro Mobile 0040 - 755 \u2013 086 411","robots":{"index":"index","follow":"follow","max-snippet":"max-snippet:-1","max-image-preview":"max-image-preview:large","max-video-preview":"max-video-preview:-1"},"canonical":"https:\/\/www.o3zone.ro\/en\/contact-us\/","og_locale":"en_US","og_type":"article","og_title":"Contact us - O3zone Hotel -","og_description":"Aleea Sf\u00e2nta Ana, Nr. 2 B\u0103ile Tu\u015fnad, 535100 Rom\u00e2nia CONTACTS Telephone 0040 - 266 - 335 397 0040 - 266 \u2013 335 406 0040 - 266 \u2013 335 382 Email rezervari@o3zone.ro Mobile 0040 - 755 \u2013 086 411","og_url":"https:\/\/www.o3zone.ro\/en\/contact-us\/","og_site_name":"O3zone Hotel","article_publisher":"https:\/\/www.facebook.com\/HotelO3zone\/","article_modified_time":"2024-03-06T15:05:32+00:00","og_image":[{"width":1293,"height":1200,"url":"https:\/\/www.o3zone.ro\/wp-content\/uploads\/sites\/97\/2024\/03\/01-45-e1711368229192.jpg","type":"image\/jpeg"}],"twitter_card":"summary_large_image","schema":{"@context":"https:\/\/schema.org","@graph":[{"@type":"WebPage","@id":"https:\/\/www.o3zone.ro\/en\/contact-us\/","url":"https:\/\/www.o3zone.ro\/en\/contact-us\/","name":"Contact us - O3zone Hotel -","isPartOf":{"@id":"https:\/\/www.o3zone.ro\/en\/#website"},"datePublished":"2024-01-19T14:41:01+00:00","dateModified":"2024-03-06T15:05:32+00:00","description":"Aleea Sf\u00e2nta Ana, Nr. 2 B\u0103ile Tu\u015fnad, 535100 Rom\u00e2nia CONTACTS Telephone 0040 - 266 - 335 397 0040 - 266 \u2013 335 406 0040 - 266 \u2013 335 382 Email rezervari@o3zone.ro Mobile 0040 - 755 \u2013 086 411","breadcrumb":{"@id":"https:\/\/www.o3zone.ro\/en\/contact-us\/#breadcrumb"},"inLanguage":"en-US","potentialAction":[{"@type":"ReadAction","target":["https:\/\/www.o3zone.ro\/en\/contact-us\/"]}]},{"@type":"BreadcrumbList","@id":"https:\/\/www.o3zone.ro\/en\/contact-us\/#breadcrumb","itemListElement":[{"@type":"ListItem","position":1,"name":"Home","item":"https:\/\/www.o3zone.ro\/en\/"},{"@type":"ListItem","position":2,"name":"Contact us"}]},{"@type":"WebSite","@id":"https:\/\/www.o3zone.ro\/en\/#website","url":"https:\/\/www.o3zone.ro\/en\/","name":"O3zone Hotel","description":"","potentialAction":[{"@type":"SearchAction","target":{"@type":"EntryPoint","urlTemplate":"https:\/\/www.o3zone.ro\/en\/?s={search_term_string}"},"query-input":"required name=search_term_string"}],"inLanguage":"en-US"}]}},"acf":[],"_links":{"self":[{"href":"https:\/\/www.o3zone.ro\/en\/wp-json\/wp\/v2\/pages\/370"}],"collection":[{"href":"https:\/\/www.o3zone.ro\/en\/wp-json\/wp\/v2\/pages"}],"about":[{"href":"https:\/\/www.o3zone.ro\/en\/wp-json\/wp\/v2\/types\/page"}],"author":[{"embeddable":true,"href":"https:\/\/www.o3zone.ro\/en\/wp-json\/wp\/v2\/users\/13"}],"replies":[{"embeddable":true,"href":"https:\/\/www.o3zone.ro\/en\/wp-json\/wp\/v2\/comments?post=370"}],"version-history":[{"count":0,"href":"https:\/\/www.o3zone.ro\/en\/wp-json\/wp\/v2\/pages\/370\/revisions"}],"wp:attachment":[{"href":"https:\/\/www.o3zone.ro\/en\/wp-json\/wp\/v2\/media?parent=370"}],"curies":[{"name":"wp","href":"https:\/\/api.w.org\/{rel}","templated":true}]}}