{"id":195,"date":"2024-01-17T13:10:47","date_gmt":"2024-01-17T13:10:47","guid":{"rendered":"https:\/\/o3zone-hotel.ms2.decms.eu\/?page_id=195"},"modified":"2024-01-17T13:14:19","modified_gmt":"2024-01-17T13:14:19","slug":"tour-off-road-tusnad-traverse","status":"publish","type":"page","link":"https:\/\/www.o3zone.ro\/en\/active-tourism\/tour-off-road-tusnad-traverse\/","title":{"rendered":"Tour off-road Tusnad Traverse"},"content":{"rendered":"<p>Did you know that Szeklerland is the home of sleeping volcanoes, historical places, legends and treasures of nature? Explore it with us!<br \/>\nOur tours:<br \/>\n\u25cf Twin Volcano tour<br \/>\nRoute (4 hours): Accomodation &#8211; C\u00e2mpia lung\u0103 (sheepfold visit where &#038; cheese and curd tasting ) &#8211; Lake Sf\u00e2nta Ana Panorama Viewpoint &#8211; Muchia Lacului &#8211; B\u0103ile Tu\u0219nad \u2013 Accomodation<br \/>\nPrice: 150 RON\/person<br \/>\n\u25cf Saint Anna lake tour<br \/>\nRoute (4 hours): B\u0103ile Tu\u0219nad &#8211; Mohos Peat-Bog &#8211; Lake Sf\u00e2nta Ana &#8211; B\u0103ile Tu\u0219nad<br \/>\nPrice: 120 RON\/person<br \/>\n\u25cf Ciuc Mountains toure<br \/>\nRoute (4-5 hours): Accomodation &#8211; Ciucs\u00e2ngeorgiu &#8211; Arm\u0103\u0219eni &#8211; Potiond &#8211; Alexander&#8217;s Peak &#8211; Blizzard Peak<br \/>\nPrice: 200 RON\/person<br \/>\n\u25cf \u00daz Valley historical tour &#8211; Cemetery of \u00daz Valley Tour<br \/>\nRoute (12 hours): Nyergestet\u0151 historical coffee and guesthouse &#8211; Peak of the goat &#8211; Peak of the priest &#8211; Uz Pass &#8211; Cinod &#8211; Heroes Cemetery in Oclo\u0219i &#8211; Battlefield of Oclo\u0219i &#8211; Tulghe\u0219 Pass &#8211; The fountain of archduke Franz Joseph &#8211; Ca\u0219inului basin and mountains &#8211; Nyergestet\u0151 historical coffee and guesthouse<br \/>\nPrice: 220 RON\/person<br \/>\n\u25cf B\u00e1lv\u00e1nyos tour<br \/>\nRoute (4-5 hours): Accomodation &#8211; Nyerges Pass &#8211; Balaj Hill &#8211; Cecelea Peak &#8211; B\u00e1lv\u00e1nyos Castle &#8211; Apor Bath &#8211; Lake Sf. Ana &#8211; C\u00e2mpia lung\u0103 &#8211; B\u0103ile Tu\u0219nad<br \/>\nPrice: 200 RON\/person<br \/>\n\u25cf Sunrise Experience<br \/>\nYou think that waking up to see the sunrise is only worth it on the beach.<br \/>\nWe can guarantee you that it can be just as beautiful when it comes out of the mountains.<br \/>\nOur folk has a saying here: Who wakes up early, finds gold. This saying is true when the fog hits the Csiki cove, the rising sun warms our heart up, not to say the fog from above doesn&#8217;t look so melancholic after all.<br \/>\nBesides the adventure, our &#8220;Sunrise Experience&#8221; tours will recharge your spiritual batteries in this spectacular natural setting. We will also take care of your growling belly with a traditional breakfast served on the terraces of our wooden houses. From here, you can enjoy a beautiful panorama over the settlements of the lower part of the Ciuc Basin.<br \/>\nPrice: 120 RON\/person<br \/>\n\u25cf Tour Alm\u00e1si Cave<br \/>\nOur tour begins with an extraordinary history lesson in Nyergestet\u0151 Historical Cafe, introducing the memorial site of the Sz\u00e9kely Heroes who died in the Battle of Nyergestet\u0151. Our journey takes us through the southern course of Harghita Hill, stopping at the most important points, explaining their characteristics. We are heading towards Erd\u0151f\u00fcle, touching the smoky bath of Szentimrei, the Black Desert, the Kormos creek and Szelters. The Defile of Vargyas approached from Almas on the road called Wolf, where we will have lunch. This followed by a walk of about 1.5 kilometres along the mountain path that leads to the mouth of the Alm\u00e1si Cave. After the cave adventures, we go back to our off-road vehicles and head home, heading from Vargyas towards the Cs\u00edk Basin through the valley of the Kormos creek.<br \/>\nThe off-road hike is 140km back and forth in 8-10 hours.<br \/>\nRoute: Nyergestet\u0151 Historical Cafe &#8211; Szentimrei Stinky Bath &#8211; Black Dessert &#8211; Kormos Creek &#8211; Szeltersz &#8211; Wolf Trail &#8211; Alm\u00e1si Cave &#8211; Erd\u0151f\u00fcle &#8211; Kormos Creek \u2013 Nyergestet\u0151<br \/>\nPrice: 220 RON\/person<\/p>\n","protected":false},"excerpt":{"rendered":"<p>Did you know that Szeklerland is the home of sleeping volcanoes, historical places, legends and treasures of nature? Explore it with us! Our tours: \u25cf Twin Volcano tour Route (4 hours): Accomodation &#8211; C\u00e2mpia lung\u0103 (sheepfold visit where &#038; cheese and curd tasting ) &#8211; Lake Sf\u00e2nta Ana Panorama Viewpoint &#8211; Muchia Lacului &#8211; B\u0103ile [&hellip;]<\/p>\n","protected":false},"author":13,"featured_media":0,"parent":170,"menu_order":71,"comment_status":"closed","ping_status":"closed","template":"","meta":{"footnotes":""},"yoast_head":"<!-- This site is optimized with the Yoast SEO plugin v22.3 - https:\/\/yoast.com\/wordpress\/plugins\/seo\/ -->\n<title>Tour off-road Tusnad Traverse - O3zone Hotel -<\/title>\n<meta name=\"description\" content=\"Did you know that Szeklerland is the home of sleeping volcanoes, historical places, legends and treasures of nature? Explore it with us! Our tours: \u25cf Twin Volcano tour Route (4 hours): Accomodation - C\u00e2mpia lung\u0103 (sheepfold visit where &amp; cheese and curd tasting ) - Lake Sf\u00e2nta Ana Panorama Viewpoint - Muchia Lacului - B\u0103ile Tu\u0219nad \u2013 Accomodation Price: 150 RON\/person \u25cf Saint Anna lake tour Route (4 hours): B\u0103ile Tu\u0219nad - Mohos Peat-Bog - Lake Sf\u00e2nta Ana - B\u0103ile Tu\u0219nad Price: 120 RON\/person \u25cf Ciuc Mountains toure Route (4-5 hours): Accomodation - Ciucs\u00e2ngeorgiu - Arm\u0103\u0219eni - Potiond - Alexander&#039;s Peak - Blizzard Peak Price: 200 RON\/person \u25cf \u00daz Valley historical tour - Cemetery of \u00daz Valley Tour Route (12 hours): Nyergestet\u0151 historical coffee and guesthouse - Peak of the goat - Peak of the priest - Uz Pass - Cinod - Heroes Cemetery in Oclo\u0219i - Battlefield of Oclo\u0219i - Tulghe\u0219 Pass - The fountain of archduke Franz Joseph - Ca\u0219inului basin and mountains - Nyergestet\u0151 historical coffee and guesthouse Price: 220 RON\/person \u25cf B\u00e1lv\u00e1nyos tour Route (4-5 hours): Accomodation - Nyerges Pass - Balaj Hill - Cecelea Peak - B\u00e1lv\u00e1nyos Castle - Apor Bath - Lake Sf. Ana - C\u00e2mpia lung\u0103 - B\u0103ile Tu\u0219nad Price: 200 RON\/person \u25cf Sunrise Experience You think that waking up to see the sunrise is only worth it on the beach. We can guarantee you that it can be just as beautiful when it comes out of the mountains. Our folk has a saying here: Who wakes up early, finds gold\" \/>\n<meta name=\"robots\" content=\"index, follow, max-snippet:-1, max-image-preview:large, max-video-preview:-1\" \/>\n<link rel=\"canonical\" href=\"https:\/\/www.o3zone.ro\/en\/active-tourism\/tour-off-road-tusnad-traverse\/\" \/>\n<meta property=\"og:locale\" content=\"en_US\" \/>\n<meta property=\"og:type\" content=\"article\" \/>\n<meta property=\"og:title\" content=\"Tour off-road Tusnad Traverse - O3zone Hotel -\" \/>\n<meta property=\"og:description\" content=\"Did you know that Szeklerland is the home of sleeping volcanoes, historical places, legends and treasures of nature? Explore it with us! Our tours: \u25cf Twin Volcano tour Route (4 hours): Accomodation - C\u00e2mpia lung\u0103 (sheepfold visit where &amp; cheese and curd tasting ) - Lake Sf\u00e2nta Ana Panorama Viewpoint - Muchia Lacului - B\u0103ile Tu\u0219nad \u2013 Accomodation Price: 150 RON\/person \u25cf Saint Anna lake tour Route (4 hours): B\u0103ile Tu\u0219nad - Mohos Peat-Bog - Lake Sf\u00e2nta Ana - B\u0103ile Tu\u0219nad Price: 120 RON\/person \u25cf Ciuc Mountains toure Route (4-5 hours): Accomodation - Ciucs\u00e2ngeorgiu - Arm\u0103\u0219eni - Potiond - Alexander&#039;s Peak - Blizzard Peak Price: 200 RON\/person \u25cf \u00daz Valley historical tour - Cemetery of \u00daz Valley Tour Route (12 hours): Nyergestet\u0151 historical coffee and guesthouse - Peak of the goat - Peak of the priest - Uz Pass - Cinod - Heroes Cemetery in Oclo\u0219i - Battlefield of Oclo\u0219i - Tulghe\u0219 Pass - The fountain of archduke Franz Joseph - Ca\u0219inului basin and mountains - Nyergestet\u0151 historical coffee and guesthouse Price: 220 RON\/person \u25cf B\u00e1lv\u00e1nyos tour Route (4-5 hours): Accomodation - Nyerges Pass - Balaj Hill - Cecelea Peak - B\u00e1lv\u00e1nyos Castle - Apor Bath - Lake Sf. Ana - C\u00e2mpia lung\u0103 - B\u0103ile Tu\u0219nad Price: 200 RON\/person \u25cf Sunrise Experience You think that waking up to see the sunrise is only worth it on the beach. We can guarantee you that it can be just as beautiful when it comes out of the mountains. Our folk has a saying here: Who wakes up early, finds gold\" \/>\n<meta property=\"og:url\" content=\"https:\/\/www.o3zone.ro\/en\/active-tourism\/tour-off-road-tusnad-traverse\/\" \/>\n<meta property=\"og:site_name\" content=\"O3zone Hotel\" \/>\n<meta property=\"article:publisher\" content=\"https:\/\/www.facebook.com\/HotelO3zone\/\" \/>\n<meta property=\"article:modified_time\" content=\"2024-01-17T13:14:19+00:00\" \/>\n<meta property=\"og:image\" content=\"https:\/\/www.o3zone.ro\/wp-content\/uploads\/sites\/97\/2024\/03\/01-45-e1711368229192.jpg\" \/>\n\t<meta property=\"og:image:width\" content=\"1293\" \/>\n\t<meta property=\"og:image:height\" content=\"1200\" \/>\n\t<meta property=\"og:image:type\" content=\"image\/jpeg\" \/>\n<meta name=\"twitter:card\" content=\"summary_large_image\" \/>\n<meta name=\"twitter:label1\" content=\"Est. reading time\" \/>\n\t<meta name=\"twitter:data1\" content=\"3 minutes\" \/>\n<script type=\"application\/ld+json\" class=\"yoast-schema-graph\">{\"@context\":\"https:\/\/schema.org\",\"@graph\":[{\"@type\":\"WebPage\",\"@id\":\"https:\/\/www.o3zone.ro\/en\/active-tourism\/tour-off-road-tusnad-traverse\/\",\"url\":\"https:\/\/www.o3zone.ro\/en\/active-tourism\/tour-off-road-tusnad-traverse\/\",\"name\":\"Tour off-road Tusnad Traverse - O3zone Hotel -\",\"isPartOf\":{\"@id\":\"https:\/\/www.o3zone.ro\/en\/#website\"},\"datePublished\":\"2024-01-17T13:10:47+00:00\",\"dateModified\":\"2024-01-17T13:14:19+00:00\",\"description\":\"Did you know that Szeklerland is the home of sleeping volcanoes, historical places, legends and treasures of nature? Explore it with us! Our tours: \u25cf Twin Volcano tour Route (4 hours): Accomodation - C\u00e2mpia lung\u0103 (sheepfold visit where & cheese and curd tasting ) - Lake Sf\u00e2nta Ana Panorama Viewpoint - Muchia Lacului - B\u0103ile Tu\u0219nad \u2013 Accomodation Price: 150 RON\/person \u25cf Saint Anna lake tour Route (4 hours): B\u0103ile Tu\u0219nad - Mohos Peat-Bog - Lake Sf\u00e2nta Ana - B\u0103ile Tu\u0219nad Price: 120 RON\/person \u25cf Ciuc Mountains toure Route (4-5 hours): Accomodation - Ciucs\u00e2ngeorgiu - Arm\u0103\u0219eni - Potiond - Alexander's Peak - Blizzard Peak Price: 200 RON\/person \u25cf \u00daz Valley historical tour - Cemetery of \u00daz Valley Tour Route (12 hours): Nyergestet\u0151 historical coffee and guesthouse - Peak of the goat - Peak of the priest - Uz Pass - Cinod - Heroes Cemetery in Oclo\u0219i - Battlefield of Oclo\u0219i - Tulghe\u0219 Pass - The fountain of archduke Franz Joseph - Ca\u0219inului basin and mountains - Nyergestet\u0151 historical coffee and guesthouse Price: 220 RON\/person \u25cf B\u00e1lv\u00e1nyos tour Route (4-5 hours): Accomodation - Nyerges Pass - Balaj Hill - Cecelea Peak - B\u00e1lv\u00e1nyos Castle - Apor Bath - Lake Sf. Ana - C\u00e2mpia lung\u0103 - B\u0103ile Tu\u0219nad Price: 200 RON\/person \u25cf Sunrise Experience You think that waking up to see the sunrise is only worth it on the beach. We can guarantee you that it can be just as beautiful when it comes out of the mountains. Our folk has a saying here: Who wakes up early, finds gold\",\"breadcrumb\":{\"@id\":\"https:\/\/www.o3zone.ro\/en\/active-tourism\/tour-off-road-tusnad-traverse\/#breadcrumb\"},\"inLanguage\":\"en-US\",\"potentialAction\":[{\"@type\":\"ReadAction\",\"target\":[\"https:\/\/www.o3zone.ro\/en\/active-tourism\/tour-off-road-tusnad-traverse\/\"]}]},{\"@type\":\"BreadcrumbList\",\"@id\":\"https:\/\/www.o3zone.ro\/en\/active-tourism\/tour-off-road-tusnad-traverse\/#breadcrumb\",\"itemListElement\":[{\"@type\":\"ListItem\",\"position\":1,\"name\":\"Home\",\"item\":\"https:\/\/www.o3zone.ro\/en\/\"},{\"@type\":\"ListItem\",\"position\":2,\"name\":\"Active Tourism\",\"item\":\"https:\/\/www.o3zone.ro\/en\/active-tourism\/\"},{\"@type\":\"ListItem\",\"position\":3,\"name\":\"Tour off-road Tusnad Traverse\"}]},{\"@type\":\"WebSite\",\"@id\":\"https:\/\/www.o3zone.ro\/en\/#website\",\"url\":\"https:\/\/www.o3zone.ro\/en\/\",\"name\":\"O3zone Hotel\",\"description\":\"\",\"potentialAction\":[{\"@type\":\"SearchAction\",\"target\":{\"@type\":\"EntryPoint\",\"urlTemplate\":\"https:\/\/www.o3zone.ro\/en\/?s={search_term_string}\"},\"query-input\":\"required name=search_term_string\"}],\"inLanguage\":\"en-US\"}]}<\/script>\n<!-- \/ Yoast SEO plugin. -->","yoast_head_json":{"title":"Tour off-road Tusnad Traverse - O3zone Hotel -","description":"Did you know that Szeklerland is the home of sleeping volcanoes, historical places, legends and treasures of nature? Explore it with us! Our tours: \u25cf Twin Volcano tour Route (4 hours): Accomodation - C\u00e2mpia lung\u0103 (sheepfold visit where & cheese and curd tasting ) - Lake Sf\u00e2nta Ana Panorama Viewpoint - Muchia Lacului - B\u0103ile Tu\u0219nad \u2013 Accomodation Price: 150 RON\/person \u25cf Saint Anna lake tour Route (4 hours): B\u0103ile Tu\u0219nad - Mohos Peat-Bog - Lake Sf\u00e2nta Ana - B\u0103ile Tu\u0219nad Price: 120 RON\/person \u25cf Ciuc Mountains toure Route (4-5 hours): Accomodation - Ciucs\u00e2ngeorgiu - Arm\u0103\u0219eni - Potiond - Alexander's Peak - Blizzard Peak Price: 200 RON\/person \u25cf \u00daz Valley historical tour - Cemetery of \u00daz Valley Tour Route (12 hours): Nyergestet\u0151 historical coffee and guesthouse - Peak of the goat - Peak of the priest - Uz Pass - Cinod - Heroes Cemetery in Oclo\u0219i - Battlefield of Oclo\u0219i - Tulghe\u0219 Pass - The fountain of archduke Franz Joseph - Ca\u0219inului basin and mountains - Nyergestet\u0151 historical coffee and guesthouse Price: 220 RON\/person \u25cf B\u00e1lv\u00e1nyos tour Route (4-5 hours): Accomodation - Nyerges Pass - Balaj Hill - Cecelea Peak - B\u00e1lv\u00e1nyos Castle - Apor Bath - Lake Sf. Ana - C\u00e2mpia lung\u0103 - B\u0103ile Tu\u0219nad Price: 200 RON\/person \u25cf Sunrise Experience You think that waking up to see the sunrise is only worth it on the beach. We can guarantee you that it can be just as beautiful when it comes out of the mountains. Our folk has a saying here: Who wakes up early, finds gold","robots":{"index":"index","follow":"follow","max-snippet":"max-snippet:-1","max-image-preview":"max-image-preview:large","max-video-preview":"max-video-preview:-1"},"canonical":"https:\/\/www.o3zone.ro\/en\/active-tourism\/tour-off-road-tusnad-traverse\/","og_locale":"en_US","og_type":"article","og_title":"Tour off-road Tusnad Traverse - O3zone Hotel -","og_description":"Did you know that Szeklerland is the home of sleeping volcanoes, historical places, legends and treasures of nature? Explore it with us! Our tours: \u25cf Twin Volcano tour Route (4 hours): Accomodation - C\u00e2mpia lung\u0103 (sheepfold visit where & cheese and curd tasting ) - Lake Sf\u00e2nta Ana Panorama Viewpoint - Muchia Lacului - B\u0103ile Tu\u0219nad \u2013 Accomodation Price: 150 RON\/person \u25cf Saint Anna lake tour Route (4 hours): B\u0103ile Tu\u0219nad - Mohos Peat-Bog - Lake Sf\u00e2nta Ana - B\u0103ile Tu\u0219nad Price: 120 RON\/person \u25cf Ciuc Mountains toure Route (4-5 hours): Accomodation - Ciucs\u00e2ngeorgiu - Arm\u0103\u0219eni - Potiond - Alexander's Peak - Blizzard Peak Price: 200 RON\/person \u25cf \u00daz Valley historical tour - Cemetery of \u00daz Valley Tour Route (12 hours): Nyergestet\u0151 historical coffee and guesthouse - Peak of the goat - Peak of the priest - Uz Pass - Cinod - Heroes Cemetery in Oclo\u0219i - Battlefield of Oclo\u0219i - Tulghe\u0219 Pass - The fountain of archduke Franz Joseph - Ca\u0219inului basin and mountains - Nyergestet\u0151 historical coffee and guesthouse Price: 220 RON\/person \u25cf B\u00e1lv\u00e1nyos tour Route (4-5 hours): Accomodation - Nyerges Pass - Balaj Hill - Cecelea Peak - B\u00e1lv\u00e1nyos Castle - Apor Bath - Lake Sf. Ana - C\u00e2mpia lung\u0103 - B\u0103ile Tu\u0219nad Price: 200 RON\/person \u25cf Sunrise Experience You think that waking up to see the sunrise is only worth it on the beach. We can guarantee you that it can be just as beautiful when it comes out of the mountains. Our folk has a saying here: Who wakes up early, finds gold","og_url":"https:\/\/www.o3zone.ro\/en\/active-tourism\/tour-off-road-tusnad-traverse\/","og_site_name":"O3zone Hotel","article_publisher":"https:\/\/www.facebook.com\/HotelO3zone\/","article_modified_time":"2024-01-17T13:14:19+00:00","og_image":[{"width":1293,"height":1200,"url":"https:\/\/www.o3zone.ro\/wp-content\/uploads\/sites\/97\/2024\/03\/01-45-e1711368229192.jpg","type":"image\/jpeg"}],"twitter_card":"summary_large_image","twitter_misc":{"Est. reading time":"3 minutes"},"schema":{"@context":"https:\/\/schema.org","@graph":[{"@type":"WebPage","@id":"https:\/\/www.o3zone.ro\/en\/active-tourism\/tour-off-road-tusnad-traverse\/","url":"https:\/\/www.o3zone.ro\/en\/active-tourism\/tour-off-road-tusnad-traverse\/","name":"Tour off-road Tusnad Traverse - O3zone Hotel -","isPartOf":{"@id":"https:\/\/www.o3zone.ro\/en\/#website"},"datePublished":"2024-01-17T13:10:47+00:00","dateModified":"2024-01-17T13:14:19+00:00","description":"Did you know that Szeklerland is the home of sleeping volcanoes, historical places, legends and treasures of nature? Explore it with us! Our tours: \u25cf Twin Volcano tour Route (4 hours): Accomodation - C\u00e2mpia lung\u0103 (sheepfold visit where & cheese and curd tasting ) - Lake Sf\u00e2nta Ana Panorama Viewpoint - Muchia Lacului - B\u0103ile Tu\u0219nad \u2013 Accomodation Price: 150 RON\/person \u25cf Saint Anna lake tour Route (4 hours): B\u0103ile Tu\u0219nad - Mohos Peat-Bog - Lake Sf\u00e2nta Ana - B\u0103ile Tu\u0219nad Price: 120 RON\/person \u25cf Ciuc Mountains toure Route (4-5 hours): Accomodation - Ciucs\u00e2ngeorgiu - Arm\u0103\u0219eni - Potiond - Alexander's Peak - Blizzard Peak Price: 200 RON\/person \u25cf \u00daz Valley historical tour - Cemetery of \u00daz Valley Tour Route (12 hours): Nyergestet\u0151 historical coffee and guesthouse - Peak of the goat - Peak of the priest - Uz Pass - Cinod - Heroes Cemetery in Oclo\u0219i - Battlefield of Oclo\u0219i - Tulghe\u0219 Pass - The fountain of archduke Franz Joseph - Ca\u0219inului basin and mountains - Nyergestet\u0151 historical coffee and guesthouse Price: 220 RON\/person \u25cf B\u00e1lv\u00e1nyos tour Route (4-5 hours): Accomodation - Nyerges Pass - Balaj Hill - Cecelea Peak - B\u00e1lv\u00e1nyos Castle - Apor Bath - Lake Sf. Ana - C\u00e2mpia lung\u0103 - B\u0103ile Tu\u0219nad Price: 200 RON\/person \u25cf Sunrise Experience You think that waking up to see the sunrise is only worth it on the beach. We can guarantee you that it can be just as beautiful when it comes out of the mountains. Our folk has a saying here: Who wakes up early, finds gold","breadcrumb":{"@id":"https:\/\/www.o3zone.ro\/en\/active-tourism\/tour-off-road-tusnad-traverse\/#breadcrumb"},"inLanguage":"en-US","potentialAction":[{"@type":"ReadAction","target":["https:\/\/www.o3zone.ro\/en\/active-tourism\/tour-off-road-tusnad-traverse\/"]}]},{"@type":"BreadcrumbList","@id":"https:\/\/www.o3zone.ro\/en\/active-tourism\/tour-off-road-tusnad-traverse\/#breadcrumb","itemListElement":[{"@type":"ListItem","position":1,"name":"Home","item":"https:\/\/www.o3zone.ro\/en\/"},{"@type":"ListItem","position":2,"name":"Active Tourism","item":"https:\/\/www.o3zone.ro\/en\/active-tourism\/"},{"@type":"ListItem","position":3,"name":"Tour off-road Tusnad Traverse"}]},{"@type":"WebSite","@id":"https:\/\/www.o3zone.ro\/en\/#website","url":"https:\/\/www.o3zone.ro\/en\/","name":"O3zone Hotel","description":"","potentialAction":[{"@type":"SearchAction","target":{"@type":"EntryPoint","urlTemplate":"https:\/\/www.o3zone.ro\/en\/?s={search_term_string}"},"query-input":"required name=search_term_string"}],"inLanguage":"en-US"}]}},"acf":[],"_links":{"self":[{"href":"https:\/\/www.o3zone.ro\/en\/wp-json\/wp\/v2\/pages\/195"}],"collection":[{"href":"https:\/\/www.o3zone.ro\/en\/wp-json\/wp\/v2\/pages"}],"about":[{"href":"https:\/\/www.o3zone.ro\/en\/wp-json\/wp\/v2\/types\/page"}],"author":[{"embeddable":true,"href":"https:\/\/www.o3zone.ro\/en\/wp-json\/wp\/v2\/users\/13"}],"replies":[{"embeddable":true,"href":"https:\/\/www.o3zone.ro\/en\/wp-json\/wp\/v2\/comments?post=195"}],"version-history":[{"count":0,"href":"https:\/\/www.o3zone.ro\/en\/wp-json\/wp\/v2\/pages\/195\/revisions"}],"up":[{"embeddable":true,"href":"https:\/\/www.o3zone.ro\/en\/wp-json\/wp\/v2\/pages\/170"}],"wp:attachment":[{"href":"https:\/\/www.o3zone.ro\/en\/wp-json\/wp\/v2\/media?parent=195"}],"curies":[{"name":"wp","href":"https:\/\/api.w.org\/{rel}","templated":true}]}}